{"id":6743,"date":"2020-12-17T11:43:38","date_gmt":"2020-12-17T10:43:38","guid":{"rendered":"https:\/\/www.laboratoire-geosciences-ocean-ubs.fr\/?page_id=6743"},"modified":"2024-01-15T11:17:06","modified_gmt":"2024-01-15T10:17:06","slug":"ophelie-david-these","status":"publish","type":"page","link":"https:\/\/www.laboratoire-geosciences-ocean-ubs.fr\/en\/theses-post-docs\/ophelie-david-these\/","title":{"rendered":"Oph\u00e9lie David (Th\u00e8se)"},"content":{"rendered":"<div id=\"pl-6743\"  class=\"panel-layout\" ><div id=\"pg-6743-0\"  class=\"panel-grid panel-no-style\" ><div id=\"pgc-6743-0-0\"  class=\"panel-grid-cell\" ><div id=\"panel-6743-0-0-0\" class=\"so-panel widget widget_siteorigin-panels-builder panel-first-child panel-last-child\" data-index=\"0\" ><div class=\"panel-widget-style panel-widget-style-for-6743-0-0-0\" ><div id=\"pl-w65699cd321302\"  class=\"panel-layout\" ><div id=\"pg-w65699cd321302-0\"  class=\"panel-grid panel-no-style\" ><div id=\"pgc-w65699cd321302-0-0\"  class=\"panel-grid-cell\" ><div id=\"panel-w65699cd321302-0-0-0\" class=\"so-panel widget widget_sow-editor panel-first-child panel-last-child\" data-index=\"0\" ><div class=\"panel-widget-style panel-widget-style-for-w65699cd321302-0-0-0\" ><div\n\t\t\t\n\t\t\tclass=\"so-widget-sow-editor so-widget-sow-editor-base\"\n\t\t\t\n\t\t>\n<div class=\"siteorigin-widget-tinymce textwidget\">\n\t<h3 style=\"text-align: center;\"><span style=\"color: #ffffff;\"><img loading=\"lazy\" decoding=\"async\" class=\"alignleft wp-image-6752 size-medium\" src=\"https:\/\/www.laboratoire-geosciences-ocean-ubs.fr\/wp-content\/uploads\/2020\/12\/Profil_square-300x300.png\" alt=\"\" width=\"300\" height=\"300\" srcset=\"https:\/\/www.laboratoire-geosciences-ocean-ubs.fr\/wp-content\/uploads\/2020\/12\/Profil_square-300x300.png 300w, https:\/\/www.laboratoire-geosciences-ocean-ubs.fr\/wp-content\/uploads\/2020\/12\/Profil_square-1024x1023.png 1024w, https:\/\/www.laboratoire-geosciences-ocean-ubs.fr\/wp-content\/uploads\/2020\/12\/Profil_square-150x150.png 150w, https:\/\/www.laboratoire-geosciences-ocean-ubs.fr\/wp-content\/uploads\/2020\/12\/Profil_square-768x767.png 768w, https:\/\/www.laboratoire-geosciences-ocean-ubs.fr\/wp-content\/uploads\/2020\/12\/Profil_square-12x12.png 12w, https:\/\/www.laboratoire-geosciences-ocean-ubs.fr\/wp-content\/uploads\/2020\/12\/Profil_square.png 1077w\" sizes=\"auto, (max-width: 300px) 100vw, 300px\" \/>Oph\u00e9lie David<br \/>\nPhD student<\/span><\/h3>\n<p>University of West Brittany - Brest<\/p>\n<p>University of Southern Brittany - Tohannic Campus<br \/>\nYves Coppens Building<\/p>\n<p>ophelie.david@univ-ubs.fr<br \/>\nophelie.david@univ-brest.fr<\/p>\n<\/div>\n<\/div><\/div><\/div><\/div><\/div><\/div><\/div><\/div><\/div><\/div><div id=\"pg-6743-1\"  class=\"panel-grid panel-no-style\" ><div id=\"pgc-6743-1-0\"  class=\"panel-grid-cell\" ><div id=\"panel-6743-1-0-0\" class=\"so-panel widget widget_sow-editor panel-first-child panel-last-child\" data-index=\"1\" ><div\n\t\t\t\n\t\t\tclass=\"so-widget-sow-editor so-widget-sow-editor-base\"\n\t\t\t\n\t\t>\n<div class=\"siteorigin-widget-tinymce textwidget\">\n\t<h3 style=\"text-align: center;\" xml:lang=\"fr\">Reconstitution des pal\u00e9oenvironnements c\u00f4tiers bretons \u00e0 l\u2019Holoc\u00e8ne : interactions entre dynamiques s\u00e9dimentaires, climatiques et anthropiques<\/h3>\n<\/div>\n<\/div><\/div><\/div><\/div><div id=\"pg-6743-2\"  class=\"panel-grid panel-no-style\" ><div id=\"pgc-6743-2-0\"  class=\"panel-grid-cell\" ><div id=\"panel-6743-2-0-0\" class=\"so-panel widget widget_sow-editor panel-first-child panel-last-child\" data-index=\"2\" ><div class=\"panel-widget-style panel-widget-style-for-6743-2-0-0\" ><div\n\t\t\t\n\t\t\tclass=\"so-widget-sow-editor so-widget-sow-editor-base\"\n\t\t\t\n\t\t>\n<div class=\"siteorigin-widget-tinymce textwidget\">\n\t<h4><span style=\"color: #1269b0;\">Abstract<\/span><\/h4>\n<p style=\"text-align: justify;\"><span style=\"color: #4b4b4c;\">Le littoral breton a connu de profondes mutations tout au long de l\u2019Holoc\u00e8ne (i.e., notre interglaciaire ayant d\u00e9but\u00e9 \u00e0 11 700 ans BP) sous l\u2019effet conjugu\u00e9 de la transgression marine post-glaciaire et des changements climatiques, auxquels se superposent l\u2019impact anthropique croissant depuis 7 000 ans BP, associ\u00e9 \u00e0 l\u2019arriv\u00e9e des premiers agro-pasteurs du N\u00e9olithique.<\/span><\/p>\n<p>L\u2019objectif de la th\u00e8se men\u00e9e \u00e9tait de mieux appr\u00e9hender ces changements et d\u2019ainsi \u00e9tablir un canevas historique des dynamiques pal\u00e9oenvironnementales ayant affect\u00e9 les c\u00f4tes bretonnes au cours de l\u2019Holoc\u00e8ne. Pour cela, des \u00e9tudes multiproxies, couplant des analyses s\u00e9dimentologiques, palynologiques (\u00e9tude des grains de pollen et des kystes de dinoflagell\u00e9) et micropal\u00e9ontologiques (\u00e9tude des foraminif\u00e8res benthiques), ont \u00e9t\u00e9 men\u00e9es sur des archives s\u00e9dimentaires pr\u00e9lev\u00e9es le long des c\u00f4tes nord-finist\u00e9rienne (Plouescat) et morbihannaise (B\u00e9tahon et baie de Quiberon). <\/p>\n<p>Ces donn\u00e9es ont ainsi permis de discuter le mod\u00e8le de remplissage s\u00e9dimentaire des syst\u00e8mes littoraux face \u00e0 la transgression marine ainsi que l\u2019implication des for\u00e7ages climatiques et anthropiques sur l\u2019\u00e9volution des pal\u00e9oenvironnements bretons, et ce, \u00e0 des r\u00e9solutions infra-mill\u00e9naires \u00e0 s\u00e9culaires et sur des \u00e9chelles spatiales macro-r\u00e9gionales \u00e0 locales.<\/p>\n<\/div>\n<\/div><\/div><\/div><\/div><div id=\"pgc-6743-2-1\"  class=\"panel-grid-cell\" ><div id=\"panel-6743-2-1-0\" class=\"so-panel widget widget_sow-editor panel-first-child panel-last-child\" data-index=\"3\" ><div class=\"panel-widget-style panel-widget-style-for-6743-2-1-0\" ><div\n\t\t\t\n\t\t\tclass=\"so-widget-sow-editor so-widget-sow-editor-base\"\n\t\t\t\n\t\t>\n<div class=\"siteorigin-widget-tinymce textwidget\">\n\t<h4 style=\"padding-left: 40px;\"><span style=\"color: #1269b0;\">Supervisors<\/span><\/h4>\n<p style=\"padding-left: 40px;\"><span style=\"color: #4b4b4c;\">Evelyne Goubert<br \/>\nMuriel Vidal<br \/>\nAur\u00e9lie Penaud<\/span><\/p>\n<h4 style=\"padding-left: 40px;\"><span style=\"color: #1269b0;\">Keywords<\/span><\/h4>\n<p style=\"padding-left: 40px;\">\n<\/div>\n<\/div><\/div><\/div><\/div><\/div><\/div>","protected":false},"excerpt":{"rendered":"<p>Reconstitution des pal\u00e9oenvironnements c\u00f4tiers bretons \u00e0 l\u2019Holoc\u00e8ne : interactions entre dynamiques s\u00e9dimentaires, climatiques et anthropiques<\/p>","protected":false},"author":19,"featured_media":6744,"parent":3951,"menu_order":0,"comment_status":"closed","ping_status":"closed","template":"","meta":{"footnotes":""},"class_list":["post-6743","page","type-page","status-publish","has-post-thumbnail","hentry"],"yoast_head":"<!-- This site is optimized with the Yoast SEO plugin v27.4 - https:\/\/yoast.com\/product\/yoast-seo-wordpress\/ -->\n<title>Oph\u00e9lie David (Th\u00e8se) - LGO - P\u00f4le UBS<\/title>\n<meta name=\"description\" content=\"Retrouvez ici la th\u00e8se de Kalil Traor\u00e9 sur l&#039;architecture de couverture s\u00e9dimentaire et enregistrement des fluidations climatiques : Baie de St Brieuc\" \/>\n<meta name=\"robots\" content=\"index, follow, max-snippet:-1, max-image-preview:large, max-video-preview:-1\" \/>\n<link rel=\"canonical\" href=\"https:\/\/www.laboratoire-geosciences-ocean-ubs.fr\/en\/theses-post-docs\/ophelie-david-these\/\" \/>\n<meta property=\"og:locale\" content=\"en_GB\" \/>\n<meta property=\"og:type\" content=\"article\" \/>\n<meta property=\"og:title\" content=\"Oph\u00e9lie David (Th\u00e8se) - LGO - P\u00f4le UBS\" \/>\n<meta property=\"og:description\" content=\"Retrouvez ici la th\u00e8se de Kalil Traor\u00e9 sur l&#039;architecture de couverture s\u00e9dimentaire et enregistrement des fluidations climatiques : Baie de St Brieuc\" \/>\n<meta property=\"og:url\" content=\"https:\/\/www.laboratoire-geosciences-ocean-ubs.fr\/en\/theses-post-docs\/ophelie-david-these\/\" \/>\n<meta property=\"og:site_name\" content=\"LGO - P\u00f4le UBS\" \/>\n<meta property=\"article:publisher\" content=\"https:\/\/www.facebook.com\/search\/top\/?q=algobox%20%3aun%20outil%20%c3%a9cologique%20de%20r%c3%a9g%c3%a9n%c3%a9ration%20des%20dunes\" \/>\n<meta property=\"article:modified_time\" content=\"2024-01-15T10:17:06+00:00\" \/>\n<meta property=\"og:image\" content=\"https:\/\/www.laboratoire-geosciences-ocean-ubs.fr\/wp-content\/uploads\/2020\/12\/Photo-1.png\" \/>\n\t<meta property=\"og:image:width\" content=\"1600\" \/>\n\t<meta property=\"og:image:height\" content=\"1200\" \/>\n\t<meta property=\"og:image:type\" content=\"image\/png\" \/>\n<meta name=\"twitter:card\" content=\"summary_large_image\" \/>\n<meta name=\"twitter:label1\" content=\"Estimated reading time\" \/>\n\t<meta name=\"twitter:data1\" content=\"2 minutes\" \/>\n<script type=\"application\/ld+json\" class=\"yoast-schema-graph\">{\"@context\":\"https:\\\/\\\/schema.org\",\"@graph\":[{\"@type\":\"WebPage\",\"@id\":\"https:\\\/\\\/www.laboratoire-geosciences-ocean-ubs.fr\\\/theses-post-docs\\\/ophelie-david-these\\\/\",\"url\":\"https:\\\/\\\/www.laboratoire-geosciences-ocean-ubs.fr\\\/theses-post-docs\\\/ophelie-david-these\\\/\",\"name\":\"Oph\u00e9lie David (Th\u00e8se) - LGO - P\u00f4le UBS\",\"isPartOf\":{\"@id\":\"https:\\\/\\\/www.laboratoire-geosciences-ocean-ubs.fr\\\/#website\"},\"primaryImageOfPage\":{\"@id\":\"https:\\\/\\\/www.laboratoire-geosciences-ocean-ubs.fr\\\/theses-post-docs\\\/ophelie-david-these\\\/#primaryimage\"},\"image\":{\"@id\":\"https:\\\/\\\/www.laboratoire-geosciences-ocean-ubs.fr\\\/theses-post-docs\\\/ophelie-david-these\\\/#primaryimage\"},\"thumbnailUrl\":\"https:\\\/\\\/www.laboratoire-geosciences-ocean-ubs.fr\\\/wp-content\\\/uploads\\\/2020\\\/12\\\/Photo-1.png\",\"datePublished\":\"2020-12-17T10:43:38+00:00\",\"dateModified\":\"2024-01-15T10:17:06+00:00\",\"description\":\"Retrouvez ici la th\u00e8se de Kalil Traor\u00e9 sur l'architecture de couverture s\u00e9dimentaire et enregistrement des fluidations climatiques : Baie de St Brieuc\",\"breadcrumb\":{\"@id\":\"https:\\\/\\\/www.laboratoire-geosciences-ocean-ubs.fr\\\/theses-post-docs\\\/ophelie-david-these\\\/#breadcrumb\"},\"inLanguage\":\"en-GB\",\"potentialAction\":[{\"@type\":\"ReadAction\",\"target\":[\"https:\\\/\\\/www.laboratoire-geosciences-ocean-ubs.fr\\\/theses-post-docs\\\/ophelie-david-these\\\/\"]}]},{\"@type\":\"ImageObject\",\"inLanguage\":\"en-GB\",\"@id\":\"https:\\\/\\\/www.laboratoire-geosciences-ocean-ubs.fr\\\/theses-post-docs\\\/ophelie-david-these\\\/#primaryimage\",\"url\":\"https:\\\/\\\/www.laboratoire-geosciences-ocean-ubs.fr\\\/wp-content\\\/uploads\\\/2020\\\/12\\\/Photo-1.png\",\"contentUrl\":\"https:\\\/\\\/www.laboratoire-geosciences-ocean-ubs.fr\\\/wp-content\\\/uploads\\\/2020\\\/12\\\/Photo-1.png\",\"width\":1600,\"height\":1200},{\"@type\":\"BreadcrumbList\",\"@id\":\"https:\\\/\\\/www.laboratoire-geosciences-ocean-ubs.fr\\\/theses-post-docs\\\/ophelie-david-these\\\/#breadcrumb\",\"itemListElement\":[{\"@type\":\"ListItem\",\"position\":1,\"name\":\"Accueil\",\"item\":\"https:\\\/\\\/www.laboratoire-geosciences-ocean-ubs.fr\\\/\"},{\"@type\":\"ListItem\",\"position\":2,\"name\":\"Th\u00e8ses et Post-docs\",\"item\":\"https:\\\/\\\/www.laboratoire-geosciences-ocean-ubs.fr\\\/theses-post-docs\\\/\"},{\"@type\":\"ListItem\",\"position\":3,\"name\":\"Oph\u00e9lie David (Th\u00e8se)\"}]},{\"@type\":\"WebSite\",\"@id\":\"https:\\\/\\\/www.laboratoire-geosciences-ocean-ubs.fr\\\/#website\",\"url\":\"https:\\\/\\\/www.laboratoire-geosciences-ocean-ubs.fr\\\/\",\"name\":\"LGO - P\u00f4le UBS\",\"description\":\"Une expertise durable des milieux marins et c\u00f4tiers\",\"publisher\":{\"@id\":\"https:\\\/\\\/www.laboratoire-geosciences-ocean-ubs.fr\\\/#organization\"},\"potentialAction\":[{\"@type\":\"SearchAction\",\"target\":{\"@type\":\"EntryPoint\",\"urlTemplate\":\"https:\\\/\\\/www.laboratoire-geosciences-ocean-ubs.fr\\\/?s={search_term_string}\"},\"query-input\":{\"@type\":\"PropertyValueSpecification\",\"valueRequired\":true,\"valueName\":\"search_term_string\"}}],\"inLanguage\":\"en-GB\"},{\"@type\":\"Organization\",\"@id\":\"https:\\\/\\\/www.laboratoire-geosciences-ocean-ubs.fr\\\/#organization\",\"name\":\"OCLM\",\"url\":\"https:\\\/\\\/www.laboratoire-geosciences-ocean-ubs.fr\\\/\",\"logo\":{\"@type\":\"ImageObject\",\"inLanguage\":\"en-GB\",\"@id\":\"https:\\\/\\\/www.laboratoire-geosciences-ocean-ubs.fr\\\/#\\\/schema\\\/logo\\\/image\\\/\",\"url\":\"https:\\\/\\\/www.laboratoire-geosciences-ocean-ubs.fr\\\/wp-content\\\/uploads\\\/2021\\\/12\\\/cropped-cropped-goo-hd-geo-ocean-tutelles-noir.png\",\"contentUrl\":\"https:\\\/\\\/www.laboratoire-geosciences-ocean-ubs.fr\\\/wp-content\\\/uploads\\\/2021\\\/12\\\/cropped-cropped-goo-hd-geo-ocean-tutelles-noir.png\",\"width\":2887,\"height\":1485,\"caption\":\"OCLM\"},\"image\":{\"@id\":\"https:\\\/\\\/www.laboratoire-geosciences-ocean-ubs.fr\\\/#\\\/schema\\\/logo\\\/image\\\/\"},\"sameAs\":[\"https:\\\/\\\/www.facebook.com\\\/search\\\/top\\\/?q=algobox :un outil \u00e9cologique de r\u00e9g\u00e9n\u00e9ration des dunes\"]}]}<\/script>\n<!-- \/ Yoast SEO plugin. -->","yoast_head_json":{"title":"Oph\u00e9lie David (Th\u00e8se) - LGO - P\u00f4le UBS","description":"Retrouvez ici la th\u00e8se de Kalil Traor\u00e9 sur l'architecture de couverture s\u00e9dimentaire et enregistrement des fluidations climatiques : Baie de St Brieuc","robots":{"index":"index","follow":"follow","max-snippet":"max-snippet:-1","max-image-preview":"max-image-preview:large","max-video-preview":"max-video-preview:-1"},"canonical":"https:\/\/www.laboratoire-geosciences-ocean-ubs.fr\/en\/theses-post-docs\/ophelie-david-these\/","og_locale":"en_GB","og_type":"article","og_title":"Oph\u00e9lie David (Th\u00e8se) - LGO - P\u00f4le UBS","og_description":"Retrouvez ici la th\u00e8se de Kalil Traor\u00e9 sur l'architecture de couverture s\u00e9dimentaire et enregistrement des fluidations climatiques : Baie de St Brieuc","og_url":"https:\/\/www.laboratoire-geosciences-ocean-ubs.fr\/en\/theses-post-docs\/ophelie-david-these\/","og_site_name":"LGO - P\u00f4le UBS","article_publisher":"https:\/\/www.facebook.com\/search\/top\/?q=algobox%20%3aun%20outil%20%c3%a9cologique%20de%20r%c3%a9g%c3%a9n%c3%a9ration%20des%20dunes","article_modified_time":"2024-01-15T10:17:06+00:00","og_image":[{"width":1600,"height":1200,"url":"https:\/\/www.laboratoire-geosciences-ocean-ubs.fr\/wp-content\/uploads\/2020\/12\/Photo-1.png","type":"image\/png"}],"twitter_card":"summary_large_image","twitter_misc":{"Estimated reading time":"2 minutes"},"schema":{"@context":"https:\/\/schema.org","@graph":[{"@type":"WebPage","@id":"https:\/\/www.laboratoire-geosciences-ocean-ubs.fr\/theses-post-docs\/ophelie-david-these\/","url":"https:\/\/www.laboratoire-geosciences-ocean-ubs.fr\/theses-post-docs\/ophelie-david-these\/","name":"Oph\u00e9lie David (Th\u00e8se) - LGO - P\u00f4le UBS","isPartOf":{"@id":"https:\/\/www.laboratoire-geosciences-ocean-ubs.fr\/#website"},"primaryImageOfPage":{"@id":"https:\/\/www.laboratoire-geosciences-ocean-ubs.fr\/theses-post-docs\/ophelie-david-these\/#primaryimage"},"image":{"@id":"https:\/\/www.laboratoire-geosciences-ocean-ubs.fr\/theses-post-docs\/ophelie-david-these\/#primaryimage"},"thumbnailUrl":"https:\/\/www.laboratoire-geosciences-ocean-ubs.fr\/wp-content\/uploads\/2020\/12\/Photo-1.png","datePublished":"2020-12-17T10:43:38+00:00","dateModified":"2024-01-15T10:17:06+00:00","description":"Retrouvez ici la th\u00e8se de Kalil Traor\u00e9 sur l'architecture de couverture s\u00e9dimentaire et enregistrement des fluidations climatiques : Baie de St Brieuc","breadcrumb":{"@id":"https:\/\/www.laboratoire-geosciences-ocean-ubs.fr\/theses-post-docs\/ophelie-david-these\/#breadcrumb"},"inLanguage":"en-GB","potentialAction":[{"@type":"ReadAction","target":["https:\/\/www.laboratoire-geosciences-ocean-ubs.fr\/theses-post-docs\/ophelie-david-these\/"]}]},{"@type":"ImageObject","inLanguage":"en-GB","@id":"https:\/\/www.laboratoire-geosciences-ocean-ubs.fr\/theses-post-docs\/ophelie-david-these\/#primaryimage","url":"https:\/\/www.laboratoire-geosciences-ocean-ubs.fr\/wp-content\/uploads\/2020\/12\/Photo-1.png","contentUrl":"https:\/\/www.laboratoire-geosciences-ocean-ubs.fr\/wp-content\/uploads\/2020\/12\/Photo-1.png","width":1600,"height":1200},{"@type":"BreadcrumbList","@id":"https:\/\/www.laboratoire-geosciences-ocean-ubs.fr\/theses-post-docs\/ophelie-david-these\/#breadcrumb","itemListElement":[{"@type":"ListItem","position":1,"name":"Accueil","item":"https:\/\/www.laboratoire-geosciences-ocean-ubs.fr\/"},{"@type":"ListItem","position":2,"name":"Th\u00e8ses et Post-docs","item":"https:\/\/www.laboratoire-geosciences-ocean-ubs.fr\/theses-post-docs\/"},{"@type":"ListItem","position":3,"name":"Oph\u00e9lie David (Th\u00e8se)"}]},{"@type":"WebSite","@id":"https:\/\/www.laboratoire-geosciences-ocean-ubs.fr\/#website","url":"https:\/\/www.laboratoire-geosciences-ocean-ubs.fr\/","name":"LGO - P\u00f4le UBS","description":"Une expertise durable des milieux marins et c\u00f4tiers","publisher":{"@id":"https:\/\/www.laboratoire-geosciences-ocean-ubs.fr\/#organization"},"potentialAction":[{"@type":"SearchAction","target":{"@type":"EntryPoint","urlTemplate":"https:\/\/www.laboratoire-geosciences-ocean-ubs.fr\/?s={search_term_string}"},"query-input":{"@type":"PropertyValueSpecification","valueRequired":true,"valueName":"search_term_string"}}],"inLanguage":"en-GB"},{"@type":"Organization","@id":"https:\/\/www.laboratoire-geosciences-ocean-ubs.fr\/#organization","name":"OCLM","url":"https:\/\/www.laboratoire-geosciences-ocean-ubs.fr\/","logo":{"@type":"ImageObject","inLanguage":"en-GB","@id":"https:\/\/www.laboratoire-geosciences-ocean-ubs.fr\/#\/schema\/logo\/image\/","url":"https:\/\/www.laboratoire-geosciences-ocean-ubs.fr\/wp-content\/uploads\/2021\/12\/cropped-cropped-goo-hd-geo-ocean-tutelles-noir.png","contentUrl":"https:\/\/www.laboratoire-geosciences-ocean-ubs.fr\/wp-content\/uploads\/2021\/12\/cropped-cropped-goo-hd-geo-ocean-tutelles-noir.png","width":2887,"height":1485,"caption":"OCLM"},"image":{"@id":"https:\/\/www.laboratoire-geosciences-ocean-ubs.fr\/#\/schema\/logo\/image\/"},"sameAs":["https:\/\/www.facebook.com\/search\/top\/?q=algobox :un outil \u00e9cologique de r\u00e9g\u00e9n\u00e9ration des dunes"]}]}},"_links":{"self":[{"href":"https:\/\/www.laboratoire-geosciences-ocean-ubs.fr\/en\/wp-json\/wp\/v2\/pages\/6743","targetHints":{"allow":["GET"]}}],"collection":[{"href":"https:\/\/www.laboratoire-geosciences-ocean-ubs.fr\/en\/wp-json\/wp\/v2\/pages"}],"about":[{"href":"https:\/\/www.laboratoire-geosciences-ocean-ubs.fr\/en\/wp-json\/wp\/v2\/types\/page"}],"author":[{"embeddable":true,"href":"https:\/\/www.laboratoire-geosciences-ocean-ubs.fr\/en\/wp-json\/wp\/v2\/users\/19"}],"replies":[{"embeddable":true,"href":"https:\/\/www.laboratoire-geosciences-ocean-ubs.fr\/en\/wp-json\/wp\/v2\/comments?post=6743"}],"version-history":[{"count":0,"href":"https:\/\/www.laboratoire-geosciences-ocean-ubs.fr\/en\/wp-json\/wp\/v2\/pages\/6743\/revisions"}],"up":[{"embeddable":true,"href":"https:\/\/www.laboratoire-geosciences-ocean-ubs.fr\/en\/wp-json\/wp\/v2\/pages\/3951"}],"wp:featuredmedia":[{"embeddable":true,"href":"https:\/\/www.laboratoire-geosciences-ocean-ubs.fr\/en\/wp-json\/wp\/v2\/media\/6744"}],"wp:attachment":[{"href":"https:\/\/www.laboratoire-geosciences-ocean-ubs.fr\/en\/wp-json\/wp\/v2\/media?parent=6743"}],"curies":[{"name":"wp","href":"https:\/\/api.w.org\/{rel}","templated":true}]}}