{"id":5689,"date":"2020-04-27T08:38:06","date_gmt":"2020-04-27T06:38:06","guid":{"rendered":"http:\/\/www.laboratoire-geosciences-ocean-ubs.fr\/?page_id=5689"},"modified":"2024-01-25T15:39:04","modified_gmt":"2024-01-25T14:39:04","slug":"reportages-interviews","status":"publish","type":"page","link":"https:\/\/www.laboratoire-geosciences-ocean-ubs.fr\/en\/reportages-interviews\/","title":{"rendered":"Reports and interviews"},"content":{"rendered":"<div id=\"pl-5689\"  class=\"panel-layout\" ><div id=\"pg-5689-0\"  class=\"panel-grid panel-no-style\" ><div id=\"pgc-5689-0-0\"  class=\"panel-grid-cell\" ><div id=\"panel-5689-0-0-0\" class=\"so-panel widget widget_sow-editor panel-first-child panel-last-child\" data-index=\"0\" ><div\n\t\t\t\n\t\t\tclass=\"so-widget-sow-editor so-widget-sow-editor-base\"\n\t\t\t\n\t\t>\n<div class=\"siteorigin-widget-tinymce textwidget\">\n\t<h3 style=\"text-align: left;\"><span style=\"color: #1269b0;\"><strong>Reports and interviews<\/strong><\/span><\/h3>\n<\/div>\n<\/div><\/div><\/div><\/div><div id=\"pg-5689-1\"  class=\"panel-grid panel-no-style\" ><div id=\"pgc-5689-1-0\"  class=\"panel-grid-cell\" ><div id=\"panel-5689-1-0-0\" class=\"so-panel widget widget_sow-editor panel-first-child panel-last-child\" data-index=\"1\" ><div\n\t\t\t\n\t\t\tclass=\"so-widget-sow-editor so-widget-sow-editor-base\"\n\t\t\t\n\t\t>\n<div class=\"siteorigin-widget-tinymce textwidget\">\n\t<p><div class='embed-container'><iframe loading=\"lazy\" title=\"Protocole Microplastiques Participatif RP MP\" width=\"1920\" height=\"1080\" src=\"https:\/\/www.youtube.com\/embed\/NmTw-MsyyBw?feature=oembed\" frameborder=\"0\" allow=\"accelerometer; autoplay; clipboard-write; encrypted-media; gyroscope; picture-in-picture; web-share\" referrerpolicy=\"strict-origin-when-cross-origin\" allowfullscreen><\/iframe><\/div><\/p>\n<\/div>\n<\/div><\/div><\/div><div id=\"pgc-5689-1-1\"  class=\"panel-grid-cell\" ><div id=\"panel-5689-1-1-0\" class=\"so-panel widget widget_sow-editor panel-first-child panel-last-child\" data-index=\"2\" ><div\n\t\t\t\n\t\t\tclass=\"so-widget-sow-editor so-widget-sow-editor-base\"\n\t\t\t\n\t\t>\n<div class=\"siteorigin-widget-tinymce textwidget\">\n\t<p style=\"text-align: left;\"><span style=\"color: #1269b0;\"><strong>Janvier 2024<br \/>\n<\/strong><strong>Communication manager<\/strong><\/span><br \/>\n<span style=\"color: #4b4b4c;\"><strong>\u00ab Protocole Microplastiques Participatif RP MP <\/strong><\/span><strong style=\"background-color: transparent; color: #4b4b4c;\">\u00bb<\/strong><strong style=\"color: #4b4b4c; background-color: transparent;\"> Geo-ocean UBS<\/strong><\/p>\n<\/div>\n<\/div><\/div><\/div><\/div><div id=\"pg-5689-2\"  class=\"panel-grid panel-no-style\" ><div id=\"pgc-5689-2-0\"  class=\"panel-grid-cell\" ><div id=\"panel-5689-2-0-0\" class=\"so-panel widget widget_sow-editor panel-first-child panel-last-child\" data-index=\"3\" ><div\n\t\t\t\n\t\t\tclass=\"so-widget-sow-editor so-widget-sow-editor-base\"\n\t\t\t\n\t\t>\n<div class=\"siteorigin-widget-tinymce textwidget\">\n\t<p><div class='embed-container'><iframe loading=\"lazy\" title=\"L&#039;\u00eele de Bailleron\" width=\"1920\" height=\"1080\" src=\"https:\/\/www.youtube.com\/embed\/3DcWS0N9WYs?feature=oembed\" frameborder=\"0\" allow=\"accelerometer; autoplay; clipboard-write; encrypted-media; gyroscope; picture-in-picture; web-share\" referrerpolicy=\"strict-origin-when-cross-origin\" allowfullscreen><\/iframe><\/div>\n<\/p>\n<p>&nbsp;<\/p>\n<\/div>\n<\/div><\/div><\/div><div id=\"pgc-5689-2-1\"  class=\"panel-grid-cell\" ><div id=\"panel-5689-2-1-0\" class=\"so-panel widget widget_sow-editor panel-first-child panel-last-child\" data-index=\"4\" ><div\n\t\t\t\n\t\t\tclass=\"so-widget-sow-editor so-widget-sow-editor-base\"\n\t\t\t\n\t\t>\n<div class=\"siteorigin-widget-tinymce textwidget\">\n\t<p style=\"text-align: left;\"><span style=\"color: #1269b0;\"><strong>D\u00e9cembre 2023<br \/>\n<\/strong><strong>Communication manager<\/strong><\/span><br \/>\n<span style=\"color: #4b4b4c;\"><strong>\u00ab L'\u00eele de Bailleron <\/strong><\/span><strong style=\"background-color: transparent; color: #4b4b4c;\">\u00bb<\/strong><strong style=\"color: #4b4b4c; background-color: transparent;\"> Geo-ocean UBS<\/strong><\/p>\n<\/div>\n<\/div><\/div><\/div><\/div><div id=\"pg-5689-3\"  class=\"panel-grid panel-no-style\" ><div id=\"pgc-5689-3-0\"  class=\"panel-grid-cell\" ><div id=\"panel-5689-3-0-0\" class=\"so-panel widget widget_sow-editor panel-first-child panel-last-child\" data-index=\"5\" ><div\n\t\t\t\n\t\t\tclass=\"so-widget-sow-editor so-widget-sow-editor-base\"\n\t\t\t\n\t\t>\n<div class=\"siteorigin-widget-tinymce textwidget\">\n\t<p><div class='embed-container'><iframe loading=\"lazy\" title=\"4e rencontre des Sciences Participatives du Littoral - OCLM 2019\" width=\"1920\" height=\"1080\" src=\"https:\/\/www.youtube.com\/embed\/0PWwrOQ5zPI?feature=oembed\" frameborder=\"0\" allow=\"accelerometer; autoplay; clipboard-write; encrypted-media; gyroscope; picture-in-picture; web-share\" referrerpolicy=\"strict-origin-when-cross-origin\" allowfullscreen><\/iframe><\/div><\/p>\n<\/div>\n<\/div><\/div><\/div><div id=\"pgc-5689-3-1\"  class=\"panel-grid-cell\" ><div id=\"panel-5689-3-1-0\" class=\"so-panel widget widget_sow-editor panel-first-child panel-last-child\" data-index=\"6\" ><div\n\t\t\t\n\t\t\tclass=\"so-widget-sow-editor so-widget-sow-editor-base\"\n\t\t\t\n\t\t>\n<div class=\"siteorigin-widget-tinymce textwidget\">\n\t<p style=\"text-align: left;\"><span style=\"color: #1269b0;\"><strong>January 2020<br \/>\n<\/strong><strong>Communication manager<\/strong><\/span><br \/>\n<span style=\"color: #4b4b4c;\"><strong>\u00ab 4\u00e8me rencontre des sciences participatives du Littoral <\/strong><\/span><strong style=\"background-color: transparent; color: #4b4b4c;\">\u00bb<\/strong><strong style=\"color: #4b4b4c; background-color: transparent;\">\u00a0UBS Vannes<\/strong><\/p>\n<\/div>\n<\/div><\/div><\/div><\/div><div id=\"pg-5689-4\"  class=\"panel-grid panel-no-style\" ><div id=\"pgc-5689-4-0\"  class=\"panel-grid-cell\" ><div id=\"panel-5689-4-0-0\" class=\"so-panel widget widget_sow-editor panel-first-child panel-last-child\" data-index=\"7\" ><div\n\t\t\t\n\t\t\tclass=\"so-widget-sow-editor so-widget-sow-editor-base\"\n\t\t\t\n\t\t>\n<div class=\"siteorigin-widget-tinymce textwidget\">\n\t<p><div class='embed-container'><iframe loading=\"lazy\" title=\"Les vigies du littoral et de la mer du Morbihan font leur bilan\" width=\"1920\" height=\"1080\" src=\"https:\/\/www.youtube.com\/embed\/n86qs7yxgKw?feature=oembed\" frameborder=\"0\" allow=\"accelerometer; autoplay; clipboard-write; encrypted-media; gyroscope; picture-in-picture; web-share\" referrerpolicy=\"strict-origin-when-cross-origin\" allowfullscreen><\/iframe><\/div><\/p>\n<\/div>\n<\/div><\/div><\/div><div id=\"pgc-5689-4-1\"  class=\"panel-grid-cell\" ><div id=\"panel-5689-4-1-0\" class=\"so-panel widget widget_sow-editor panel-first-child panel-last-child\" data-index=\"8\" ><div\n\t\t\t\n\t\t\tclass=\"so-widget-sow-editor so-widget-sow-editor-base\"\n\t\t\t\n\t\t>\n<div class=\"siteorigin-widget-tinymce textwidget\">\n\t<p style=\"text-align: left;\"><span style=\"color: #1269b0;\"><strong>December 2019<br \/>\n<\/strong><strong>TV Quiberon La Baie<\/strong><\/span><br \/>\n<span style=\"color: #4b4b4c;\"><strong>\u00ab <\/strong><strong>Les vigies du littoral font leur bilan\u00a0\u00bb<\/strong><\/span><\/p>\n<\/div>\n<\/div><\/div><\/div><\/div><div id=\"pg-5689-5\"  class=\"panel-grid panel-no-style\" ><div id=\"pgc-5689-5-0\"  class=\"panel-grid-cell\" ><div id=\"panel-5689-5-0-0\" class=\"so-panel widget widget_sow-editor panel-first-child panel-last-child\" data-index=\"9\" ><div\n\t\t\t\n\t\t\tclass=\"so-widget-sow-editor so-widget-sow-editor-base\"\n\t\t\t\n\t\t>\n<div class=\"siteorigin-widget-tinymce textwidget\">\n\t<p>https:\/\/www.facebook.com\/lgo.ubs\/videos\/376911842903475\/<\/p>\n<\/div>\n<\/div><\/div><\/div><div id=\"pgc-5689-5-1\"  class=\"panel-grid-cell\" ><div id=\"panel-5689-5-1-0\" class=\"so-panel widget widget_sow-editor panel-first-child panel-last-child\" data-index=\"10\" ><div\n\t\t\t\n\t\t\tclass=\"so-widget-sow-editor so-widget-sow-editor-base\"\n\t\t\t\n\t\t>\n<div class=\"siteorigin-widget-tinymce textwidget\">\n\t<p style=\"text-align: left;\"><span style=\"color: #1269b0;\"><strong>April 08th 2019<\/strong><\/span><br \/>\n<span style=\"color: #4b4b4c;\"><strong><span style=\"color: #1269b0;\">Thalassa documentary<\/span><br \/>\n<\/strong><strong>\u00ab <\/strong><strong>Morbihan, un archipel en Bretagne\u00a0\u00bb<\/strong><\/span><\/p>\n<\/div>\n<\/div><\/div><\/div><\/div><div id=\"pg-5689-6\"  class=\"panel-grid panel-no-style\" ><div id=\"pgc-5689-6-0\"  class=\"panel-grid-cell\" ><div id=\"panel-5689-6-0-0\" class=\"so-panel widget widget_sow-editor panel-first-child panel-last-child\" data-index=\"11\" ><div\n\t\t\t\n\t\t\tclass=\"so-widget-sow-editor so-widget-sow-editor-base\"\n\t\t\t\n\t\t>\n<div class=\"siteorigin-widget-tinymce textwidget\">\n\t<p><a href=\"https:\/\/www.tebesud.bzh\/video\/176149\" target=\"_blank\" rel=\"noopener\"><img loading=\"lazy\" decoding=\"async\" class=\"aligncenter wp-image-4805\" src=\"http:\/\/www.laboratoire-geosciences-ocean-ubs.fr\/wp-content\/uploads\/2020\/04\/icons8-document-500_blue-1-150x150.png\" alt=\"\" width=\"100\" height=\"100\" srcset=\"https:\/\/www.laboratoire-geosciences-ocean-ubs.fr\/wp-content\/uploads\/2020\/04\/icons8-document-500_blue-1-150x150.png 150w, https:\/\/www.laboratoire-geosciences-ocean-ubs.fr\/wp-content\/uploads\/2020\/04\/icons8-document-500_blue-1-300x300.png 300w, https:\/\/www.laboratoire-geosciences-ocean-ubs.fr\/wp-content\/uploads\/2020\/04\/icons8-document-500_blue-1.png 500w\" sizes=\"auto, (max-width: 100px) 100vw, 100px\" \/><\/a><\/p>\n<\/div>\n<\/div><\/div><\/div><div id=\"pgc-5689-6-1\"  class=\"panel-grid-cell\" ><div id=\"panel-5689-6-1-0\" class=\"so-panel widget widget_sow-editor panel-first-child panel-last-child\" data-index=\"12\" ><div\n\t\t\t\n\t\t\tclass=\"so-widget-sow-editor so-widget-sow-editor-base\"\n\t\t\t\n\t\t>\n<div class=\"siteorigin-widget-tinymce textwidget\">\n\t<p style=\"text-align: left;\"><span style=\"color: #1269b0;\"><strong>2019<br \/>\n<\/strong><strong>T\u00e9b\u00e9 Sud<\/strong><\/span><br \/>\n<span style=\"color: #4b4b4c;\"><strong>Reportage sur le projet CoastSnap<\/strong><\/span><\/p>\n<\/div>\n<\/div><\/div><\/div><\/div><div id=\"pg-5689-7\"  class=\"panel-grid panel-no-style\" ><div id=\"pgc-5689-7-0\"  class=\"panel-grid-cell\" ><div id=\"panel-5689-7-0-0\" class=\"so-panel widget widget_sow-editor panel-first-child panel-last-child\" data-index=\"13\" ><div\n\t\t\t\n\t\t\tclass=\"so-widget-sow-editor so-widget-sow-editor-base\"\n\t\t\t\n\t\t>\n<div class=\"siteorigin-widget-tinymce textwidget\">\n\t<div class='embed-container'><iframe loading=\"lazy\" title=\"OCLM - Jt T\u00e9b\u00e9Sud  17 janvier 2019\" width=\"1920\" height=\"1080\" src=\"https:\/\/www.youtube.com\/embed\/UEMX6PRvP8I?feature=oembed\" frameborder=\"0\" allow=\"accelerometer; autoplay; clipboard-write; encrypted-media; gyroscope; picture-in-picture; web-share\" referrerpolicy=\"strict-origin-when-cross-origin\" allowfullscreen><\/iframe><\/div>\n<\/div>\n<\/div><\/div><\/div><div id=\"pgc-5689-7-1\"  class=\"panel-grid-cell\" ><div id=\"panel-5689-7-1-0\" class=\"so-panel widget widget_sow-editor panel-first-child panel-last-child\" data-index=\"14\" ><div\n\t\t\t\n\t\t\tclass=\"so-widget-sow-editor so-widget-sow-editor-base\"\n\t\t\t\n\t\t>\n<div class=\"siteorigin-widget-tinymce textwidget\">\n\t<p style=\"text-align: left;\"><span style=\"color: #1269b0;\"><strong>January 17th 2019<br \/>\nT\u00e9b\u00e9 Sud<\/strong><\/span><br \/>\n<span style=\"color: #4b4b4c;\"><strong>Report on the OCLM<\/strong><\/span><\/p>\n<\/div>\n<\/div><\/div><\/div><\/div><div id=\"pg-5689-8\"  class=\"panel-grid panel-no-style\" ><div id=\"pgc-5689-8-0\"  class=\"panel-grid-cell\" ><div id=\"panel-5689-8-0-0\" class=\"so-panel widget widget_sow-editor panel-first-child panel-last-child\" data-index=\"15\" ><div\n\t\t\t\n\t\t\tclass=\"so-widget-sow-editor so-widget-sow-editor-base\"\n\t\t\t\n\t\t>\n<div class=\"siteorigin-widget-tinymce textwidget\">\n\t<p><a href=\"https:\/\/www.facebook.com\/univUBS\/posts\/10154388986304649\/\" target=\"_blank\" rel=\"noopener\"><img loading=\"lazy\" decoding=\"async\" class=\"aligncenter wp-image-4805\" src=\"http:\/\/www.laboratoire-geosciences-ocean-ubs.fr\/wp-content\/uploads\/2020\/04\/icons8-document-500_blue-1-150x150.png\" alt=\"\" width=\"100\" height=\"100\" srcset=\"https:\/\/www.laboratoire-geosciences-ocean-ubs.fr\/wp-content\/uploads\/2020\/04\/icons8-document-500_blue-1-150x150.png 150w, https:\/\/www.laboratoire-geosciences-ocean-ubs.fr\/wp-content\/uploads\/2020\/04\/icons8-document-500_blue-1-300x300.png 300w, https:\/\/www.laboratoire-geosciences-ocean-ubs.fr\/wp-content\/uploads\/2020\/04\/icons8-document-500_blue-1.png 500w\" sizes=\"auto, (max-width: 100px) 100vw, 100px\" \/><\/a><\/p>\n<\/div>\n<\/div><\/div><\/div><div id=\"pgc-5689-8-1\"  class=\"panel-grid-cell\" ><div id=\"panel-5689-8-1-0\" class=\"so-panel widget widget_sow-editor panel-first-child panel-last-child\" data-index=\"16\" ><div\n\t\t\t\n\t\t\tclass=\"so-widget-sow-editor so-widget-sow-editor-base\"\n\t\t\t\n\t\t>\n<div class=\"siteorigin-widget-tinymce textwidget\">\n\t<p style=\"text-align: left;\"><strong><span style=\"color: #1269b0;\">October 14th 2017<br \/>\nFrance 3 TV<\/span><\/strong><br \/>\n<span style=\"color: #4b4b4c;\"><strong>\u00ab <\/strong><strong>L'ouragan de 1987...30 ans plus tard et le climat aujourd'hui ?\u00a0\u00bb<\/strong><\/span><\/p>\n<\/div>\n<\/div><\/div><\/div><\/div><div id=\"pg-5689-9\"  class=\"panel-grid panel-no-style\" ><div id=\"pgc-5689-9-0\"  class=\"panel-grid-cell\" ><div id=\"panel-5689-9-0-0\" class=\"so-panel widget widget_sow-editor panel-first-child panel-last-child\" data-index=\"17\" ><div\n\t\t\t\n\t\t\tclass=\"so-widget-sow-editor so-widget-sow-editor-base\"\n\t\t\t\n\t\t>\n<div class=\"siteorigin-widget-tinymce textwidget\">\n\t<p>https:\/\/www.facebook.com\/1111254175595006\/videos\/1289398354447253\/<\/p>\n<\/div>\n<\/div><\/div><\/div><div id=\"pgc-5689-9-1\"  class=\"panel-grid-cell\" ><div id=\"panel-5689-9-1-0\" class=\"so-panel widget widget_sow-editor panel-first-child panel-last-child\" data-index=\"18\" ><div\n\t\t\t\n\t\t\tclass=\"so-widget-sow-editor so-widget-sow-editor-base\"\n\t\t\t\n\t\t>\n<div class=\"siteorigin-widget-tinymce textwidget\">\n\t<p style=\"text-align: left;\"><span style=\"color: #1269b0;\"><strong>2016<\/strong><\/span><br \/>\n<span style=\"color: #4b4b4c;\"><strong>Interview de Julia Cochet sur les AlgoBox r\u00e9alis\u00e9s par l\u2019UBS (Sarzeau)<\/strong><\/span><\/p>\n<\/div>\n<\/div><\/div><\/div><\/div><\/div>","protected":false},"excerpt":{"rendered":"<p>Reportages et interviews https:\/\/youtu.be\/NmTw-MsyyBw Janvier 2024 LGO UBS \u00ab Protocole Microplastiques Participatif RP MP \u00bb Geo-ocean UBS<\/p>","protected":false},"author":9,"featured_media":5690,"parent":0,"menu_order":0,"comment_status":"closed","ping_status":"closed","template":"","meta":{"footnotes":""},"class_list":["post-5689","page","type-page","status-publish","has-post-thumbnail","hentry"],"yoast_head":"<!-- This site is optimized with the Yoast SEO plugin v27.4 - https:\/\/yoast.com\/product\/yoast-seo-wordpress\/ -->\n<title>Reportages et interviews - LGO - P\u00f4le UBS<\/title>\n<meta name=\"description\" content=\"Retrouvez ici tous les reportages et interviews vid\u00e9os dans lesquels est intervenu le LGO UBS !\" \/>\n<meta name=\"robots\" content=\"index, follow, max-snippet:-1, max-image-preview:large, max-video-preview:-1\" \/>\n<link rel=\"canonical\" href=\"https:\/\/www.laboratoire-geosciences-ocean-ubs.fr\/en\/reportages-interviews\/\" \/>\n<meta property=\"og:locale\" content=\"en_GB\" \/>\n<meta property=\"og:type\" content=\"article\" \/>\n<meta property=\"og:title\" content=\"Reportages et interviews - LGO - P\u00f4le UBS\" \/>\n<meta property=\"og:description\" content=\"Retrouvez ici tous les reportages et interviews vid\u00e9os dans lesquels est intervenu le LGO UBS !\" \/>\n<meta property=\"og:url\" content=\"https:\/\/www.laboratoire-geosciences-ocean-ubs.fr\/en\/reportages-interviews\/\" \/>\n<meta property=\"og:site_name\" content=\"LGO - P\u00f4le UBS\" \/>\n<meta property=\"article:publisher\" content=\"https:\/\/www.facebook.com\/search\/top\/?q=algobox%20%3aun%20outil%20%c3%a9cologique%20de%20r%c3%a9g%c3%a9n%c3%a9ration%20des%20dunes\" \/>\n<meta property=\"article:modified_time\" content=\"2024-01-25T14:39:04+00:00\" \/>\n<meta property=\"og:image\" content=\"https:\/\/www.laboratoire-geosciences-ocean-ubs.fr\/wp-content\/uploads\/2020\/04\/P\u00e9nestin_7-scaled.jpg\" \/>\n\t<meta property=\"og:image:width\" content=\"2560\" \/>\n\t<meta property=\"og:image:height\" content=\"1920\" \/>\n\t<meta property=\"og:image:type\" content=\"image\/jpeg\" \/>\n<meta name=\"twitter:card\" content=\"summary_large_image\" \/>\n<meta name=\"twitter:label1\" content=\"Estimated reading time\" \/>\n\t<meta name=\"twitter:data1\" content=\"2 minutes\" \/>\n<script type=\"application\/ld+json\" class=\"yoast-schema-graph\">{\"@context\":\"https:\\\/\\\/schema.org\",\"@graph\":[{\"@type\":\"WebPage\",\"@id\":\"https:\\\/\\\/www.laboratoire-geosciences-ocean-ubs.fr\\\/reportages-interviews\\\/\",\"url\":\"https:\\\/\\\/www.laboratoire-geosciences-ocean-ubs.fr\\\/reportages-interviews\\\/\",\"name\":\"Reportages et interviews - LGO - P\u00f4le UBS\",\"isPartOf\":{\"@id\":\"https:\\\/\\\/www.laboratoire-geosciences-ocean-ubs.fr\\\/#website\"},\"primaryImageOfPage\":{\"@id\":\"https:\\\/\\\/www.laboratoire-geosciences-ocean-ubs.fr\\\/reportages-interviews\\\/#primaryimage\"},\"image\":{\"@id\":\"https:\\\/\\\/www.laboratoire-geosciences-ocean-ubs.fr\\\/reportages-interviews\\\/#primaryimage\"},\"thumbnailUrl\":\"https:\\\/\\\/www.laboratoire-geosciences-ocean-ubs.fr\\\/wp-content\\\/uploads\\\/2020\\\/04\\\/P\u00e9nestin_7-scaled.jpg\",\"datePublished\":\"2020-04-27T06:38:06+00:00\",\"dateModified\":\"2024-01-25T14:39:04+00:00\",\"description\":\"Retrouvez ici tous les reportages et interviews vid\u00e9os dans lesquels est intervenu le LGO UBS !\",\"breadcrumb\":{\"@id\":\"https:\\\/\\\/www.laboratoire-geosciences-ocean-ubs.fr\\\/reportages-interviews\\\/#breadcrumb\"},\"inLanguage\":\"en-GB\",\"potentialAction\":[{\"@type\":\"ReadAction\",\"target\":[\"https:\\\/\\\/www.laboratoire-geosciences-ocean-ubs.fr\\\/reportages-interviews\\\/\"]}]},{\"@type\":\"ImageObject\",\"inLanguage\":\"en-GB\",\"@id\":\"https:\\\/\\\/www.laboratoire-geosciences-ocean-ubs.fr\\\/reportages-interviews\\\/#primaryimage\",\"url\":\"https:\\\/\\\/www.laboratoire-geosciences-ocean-ubs.fr\\\/wp-content\\\/uploads\\\/2020\\\/04\\\/P\u00e9nestin_7-scaled.jpg\",\"contentUrl\":\"https:\\\/\\\/www.laboratoire-geosciences-ocean-ubs.fr\\\/wp-content\\\/uploads\\\/2020\\\/04\\\/P\u00e9nestin_7-scaled.jpg\",\"width\":2560,\"height\":1920,\"caption\":\"DCIM100MEDIADJI_0243.JPG\"},{\"@type\":\"BreadcrumbList\",\"@id\":\"https:\\\/\\\/www.laboratoire-geosciences-ocean-ubs.fr\\\/reportages-interviews\\\/#breadcrumb\",\"itemListElement\":[{\"@type\":\"ListItem\",\"position\":1,\"name\":\"Accueil\",\"item\":\"https:\\\/\\\/www.laboratoire-geosciences-ocean-ubs.fr\\\/\"},{\"@type\":\"ListItem\",\"position\":2,\"name\":\"Reportages et interviews\"}]},{\"@type\":\"WebSite\",\"@id\":\"https:\\\/\\\/www.laboratoire-geosciences-ocean-ubs.fr\\\/#website\",\"url\":\"https:\\\/\\\/www.laboratoire-geosciences-ocean-ubs.fr\\\/\",\"name\":\"LGO - P\u00f4le UBS\",\"description\":\"Une expertise durable des milieux marins et c\u00f4tiers\",\"publisher\":{\"@id\":\"https:\\\/\\\/www.laboratoire-geosciences-ocean-ubs.fr\\\/#organization\"},\"potentialAction\":[{\"@type\":\"SearchAction\",\"target\":{\"@type\":\"EntryPoint\",\"urlTemplate\":\"https:\\\/\\\/www.laboratoire-geosciences-ocean-ubs.fr\\\/?s={search_term_string}\"},\"query-input\":{\"@type\":\"PropertyValueSpecification\",\"valueRequired\":true,\"valueName\":\"search_term_string\"}}],\"inLanguage\":\"en-GB\"},{\"@type\":\"Organization\",\"@id\":\"https:\\\/\\\/www.laboratoire-geosciences-ocean-ubs.fr\\\/#organization\",\"name\":\"OCLM\",\"url\":\"https:\\\/\\\/www.laboratoire-geosciences-ocean-ubs.fr\\\/\",\"logo\":{\"@type\":\"ImageObject\",\"inLanguage\":\"en-GB\",\"@id\":\"https:\\\/\\\/www.laboratoire-geosciences-ocean-ubs.fr\\\/#\\\/schema\\\/logo\\\/image\\\/\",\"url\":\"https:\\\/\\\/www.laboratoire-geosciences-ocean-ubs.fr\\\/wp-content\\\/uploads\\\/2021\\\/12\\\/cropped-cropped-goo-hd-geo-ocean-tutelles-noir.png\",\"contentUrl\":\"https:\\\/\\\/www.laboratoire-geosciences-ocean-ubs.fr\\\/wp-content\\\/uploads\\\/2021\\\/12\\\/cropped-cropped-goo-hd-geo-ocean-tutelles-noir.png\",\"width\":2887,\"height\":1485,\"caption\":\"OCLM\"},\"image\":{\"@id\":\"https:\\\/\\\/www.laboratoire-geosciences-ocean-ubs.fr\\\/#\\\/schema\\\/logo\\\/image\\\/\"},\"sameAs\":[\"https:\\\/\\\/www.facebook.com\\\/search\\\/top\\\/?q=algobox :un outil \u00e9cologique de r\u00e9g\u00e9n\u00e9ration des dunes\"]}]}<\/script>\n<!-- \/ Yoast SEO plugin. -->","yoast_head_json":{"title":"Reportages et interviews - LGO - P\u00f4le UBS","description":"Retrouvez ici tous les reportages et interviews vid\u00e9os dans lesquels est intervenu le LGO UBS !","robots":{"index":"index","follow":"follow","max-snippet":"max-snippet:-1","max-image-preview":"max-image-preview:large","max-video-preview":"max-video-preview:-1"},"canonical":"https:\/\/www.laboratoire-geosciences-ocean-ubs.fr\/en\/reportages-interviews\/","og_locale":"en_GB","og_type":"article","og_title":"Reportages et interviews - LGO - P\u00f4le UBS","og_description":"Retrouvez ici tous les reportages et interviews vid\u00e9os dans lesquels est intervenu le LGO UBS !","og_url":"https:\/\/www.laboratoire-geosciences-ocean-ubs.fr\/en\/reportages-interviews\/","og_site_name":"LGO - P\u00f4le UBS","article_publisher":"https:\/\/www.facebook.com\/search\/top\/?q=algobox%20%3aun%20outil%20%c3%a9cologique%20de%20r%c3%a9g%c3%a9n%c3%a9ration%20des%20dunes","article_modified_time":"2024-01-25T14:39:04+00:00","og_image":[{"width":2560,"height":1920,"url":"https:\/\/www.laboratoire-geosciences-ocean-ubs.fr\/wp-content\/uploads\/2020\/04\/P\u00e9nestin_7-scaled.jpg","type":"image\/jpeg"}],"twitter_card":"summary_large_image","twitter_misc":{"Estimated reading time":"2 minutes"},"schema":{"@context":"https:\/\/schema.org","@graph":[{"@type":"WebPage","@id":"https:\/\/www.laboratoire-geosciences-ocean-ubs.fr\/reportages-interviews\/","url":"https:\/\/www.laboratoire-geosciences-ocean-ubs.fr\/reportages-interviews\/","name":"Reportages et interviews - LGO - P\u00f4le UBS","isPartOf":{"@id":"https:\/\/www.laboratoire-geosciences-ocean-ubs.fr\/#website"},"primaryImageOfPage":{"@id":"https:\/\/www.laboratoire-geosciences-ocean-ubs.fr\/reportages-interviews\/#primaryimage"},"image":{"@id":"https:\/\/www.laboratoire-geosciences-ocean-ubs.fr\/reportages-interviews\/#primaryimage"},"thumbnailUrl":"https:\/\/www.laboratoire-geosciences-ocean-ubs.fr\/wp-content\/uploads\/2020\/04\/P\u00e9nestin_7-scaled.jpg","datePublished":"2020-04-27T06:38:06+00:00","dateModified":"2024-01-25T14:39:04+00:00","description":"Retrouvez ici tous les reportages et interviews vid\u00e9os dans lesquels est intervenu le LGO UBS !","breadcrumb":{"@id":"https:\/\/www.laboratoire-geosciences-ocean-ubs.fr\/reportages-interviews\/#breadcrumb"},"inLanguage":"en-GB","potentialAction":[{"@type":"ReadAction","target":["https:\/\/www.laboratoire-geosciences-ocean-ubs.fr\/reportages-interviews\/"]}]},{"@type":"ImageObject","inLanguage":"en-GB","@id":"https:\/\/www.laboratoire-geosciences-ocean-ubs.fr\/reportages-interviews\/#primaryimage","url":"https:\/\/www.laboratoire-geosciences-ocean-ubs.fr\/wp-content\/uploads\/2020\/04\/P\u00e9nestin_7-scaled.jpg","contentUrl":"https:\/\/www.laboratoire-geosciences-ocean-ubs.fr\/wp-content\/uploads\/2020\/04\/P\u00e9nestin_7-scaled.jpg","width":2560,"height":1920,"caption":"DCIM100MEDIADJI_0243.JPG"},{"@type":"BreadcrumbList","@id":"https:\/\/www.laboratoire-geosciences-ocean-ubs.fr\/reportages-interviews\/#breadcrumb","itemListElement":[{"@type":"ListItem","position":1,"name":"Accueil","item":"https:\/\/www.laboratoire-geosciences-ocean-ubs.fr\/"},{"@type":"ListItem","position":2,"name":"Reportages et interviews"}]},{"@type":"WebSite","@id":"https:\/\/www.laboratoire-geosciences-ocean-ubs.fr\/#website","url":"https:\/\/www.laboratoire-geosciences-ocean-ubs.fr\/","name":"LGO - P\u00f4le UBS","description":"Une expertise durable des milieux marins et c\u00f4tiers","publisher":{"@id":"https:\/\/www.laboratoire-geosciences-ocean-ubs.fr\/#organization"},"potentialAction":[{"@type":"SearchAction","target":{"@type":"EntryPoint","urlTemplate":"https:\/\/www.laboratoire-geosciences-ocean-ubs.fr\/?s={search_term_string}"},"query-input":{"@type":"PropertyValueSpecification","valueRequired":true,"valueName":"search_term_string"}}],"inLanguage":"en-GB"},{"@type":"Organization","@id":"https:\/\/www.laboratoire-geosciences-ocean-ubs.fr\/#organization","name":"OCLM","url":"https:\/\/www.laboratoire-geosciences-ocean-ubs.fr\/","logo":{"@type":"ImageObject","inLanguage":"en-GB","@id":"https:\/\/www.laboratoire-geosciences-ocean-ubs.fr\/#\/schema\/logo\/image\/","url":"https:\/\/www.laboratoire-geosciences-ocean-ubs.fr\/wp-content\/uploads\/2021\/12\/cropped-cropped-goo-hd-geo-ocean-tutelles-noir.png","contentUrl":"https:\/\/www.laboratoire-geosciences-ocean-ubs.fr\/wp-content\/uploads\/2021\/12\/cropped-cropped-goo-hd-geo-ocean-tutelles-noir.png","width":2887,"height":1485,"caption":"OCLM"},"image":{"@id":"https:\/\/www.laboratoire-geosciences-ocean-ubs.fr\/#\/schema\/logo\/image\/"},"sameAs":["https:\/\/www.facebook.com\/search\/top\/?q=algobox :un outil \u00e9cologique de r\u00e9g\u00e9n\u00e9ration des dunes"]}]}},"_links":{"self":[{"href":"https:\/\/www.laboratoire-geosciences-ocean-ubs.fr\/en\/wp-json\/wp\/v2\/pages\/5689","targetHints":{"allow":["GET"]}}],"collection":[{"href":"https:\/\/www.laboratoire-geosciences-ocean-ubs.fr\/en\/wp-json\/wp\/v2\/pages"}],"about":[{"href":"https:\/\/www.laboratoire-geosciences-ocean-ubs.fr\/en\/wp-json\/wp\/v2\/types\/page"}],"author":[{"embeddable":true,"href":"https:\/\/www.laboratoire-geosciences-ocean-ubs.fr\/en\/wp-json\/wp\/v2\/users\/9"}],"replies":[{"embeddable":true,"href":"https:\/\/www.laboratoire-geosciences-ocean-ubs.fr\/en\/wp-json\/wp\/v2\/comments?post=5689"}],"version-history":[{"count":0,"href":"https:\/\/www.laboratoire-geosciences-ocean-ubs.fr\/en\/wp-json\/wp\/v2\/pages\/5689\/revisions"}],"wp:featuredmedia":[{"embeddable":true,"href":"https:\/\/www.laboratoire-geosciences-ocean-ubs.fr\/en\/wp-json\/wp\/v2\/media\/5690"}],"wp:attachment":[{"href":"https:\/\/www.laboratoire-geosciences-ocean-ubs.fr\/en\/wp-json\/wp\/v2\/media?parent=5689"}],"curies":[{"name":"wp","href":"https:\/\/api.w.org\/{rel}","templated":true}]}}