{"id":5501,"date":"2020-04-26T12:18:03","date_gmt":"2020-04-26T10:18:03","guid":{"rendered":"http:\/\/www.laboratoire-geosciences-ocean-ubs.fr\/?page_id=5501"},"modified":"2023-08-22T16:06:09","modified_gmt":"2023-08-22T14:06:09","slug":"altus-2","status":"publish","type":"page","link":"https:\/\/www.laboratoire-geosciences-ocean-ubs.fr\/en\/materiel-de-recherche\/altus-2\/","title":{"rendered":"Altus"},"content":{"rendered":"<div id=\"pl-5501\"  class=\"panel-layout\" ><div id=\"pg-5501-0\"  class=\"panel-grid panel-no-style\" ><div id=\"pgc-5501-0-0\"  class=\"panel-grid-cell\" ><div id=\"panel-5501-0-0-0\" class=\"so-panel widget widget_sow-editor panel-first-child panel-last-child\" data-index=\"0\" ><div\n\t\t\t\n\t\t\tclass=\"so-widget-sow-editor so-widget-sow-editor-base\"\n\t\t\t\n\t\t>\n<div class=\"siteorigin-widget-tinymce textwidget\">\n\t<h3 style=\"text-align: left;\"><strong><span style=\"color: #1269b0;\">Altus<br \/>\n<\/span><\/strong><\/h3>\n<p style=\"font-size: 18px; color: #1269b0; text-align: justify;\">The Altus is a submersible device deployed on mudflats and beaches in bays, harbours and estuaries to measure the variation of sediment level and wave height. This tool makes it possible to monitor sediment transport (erosion, accretion) and to evaluate any necessary dredging measures.<\/p>\n<p>&nbsp;<\/p>\n<\/div>\n<\/div><\/div><\/div><\/div><div id=\"pg-5501-1\"  class=\"panel-grid panel-no-style\" ><div id=\"pgc-5501-1-0\"  class=\"panel-grid-cell\" ><div id=\"panel-5501-1-0-0\" class=\"so-panel widget widget_sow-image panel-first-child panel-last-child\" data-index=\"1\" ><div\n\t\t\t\n\t\t\tclass=\"so-widget-sow-image so-widget-sow-image-default-c67d20f9f743-5501\"\n\t\t\t\n\t\t>\n<div class=\"sow-image-container\">\n\t\t<img \n\tsrc=\"https:\/\/www.laboratoire-geosciences-ocean-ubs.fr\/wp-content\/uploads\/2020\/04\/Altus-300x300.jpg\" width=\"300\" height=\"300\" srcset=\"https:\/\/www.laboratoire-geosciences-ocean-ubs.fr\/wp-content\/uploads\/2020\/04\/Altus-300x300.jpg 300w, https:\/\/www.laboratoire-geosciences-ocean-ubs.fr\/wp-content\/uploads\/2020\/04\/Altus-150x150.jpg 150w, https:\/\/www.laboratoire-geosciences-ocean-ubs.fr\/wp-content\/uploads\/2020\/04\/Altus.jpg 739w\" sizes=\"(max-width: 300px) 100vw, 300px\" alt=\"\" \t\tclass=\"so-widget-image\"\/>\n\t<\/div>\n\n<\/div><\/div><\/div><\/div><div id=\"pg-5501-2\"  class=\"panel-grid panel-no-style\" ><div id=\"pgc-5501-2-0\"  class=\"panel-grid-cell\" ><div id=\"panel-5501-2-0-0\" class=\"so-panel widget widget_sow-button panel-first-child panel-last-child\" data-index=\"2\" ><div\n\t\t\t\n\t\t\tclass=\"so-widget-sow-button so-widget-sow-button-wire-45097e811c06-5501\"\n\t\t\t\n\t\t><div class=\"ow-button-base ow-button-align-center\"\n>\n\t\t\t<a\n\t\t\t\t\thref=\"https:\/\/nke-instrumentation.fr\/produit\/altus-sedimentation\/\"\n\t\t\t\t\tclass=\"sowb-button ow-icon-placement-left ow-button-hover\" target=\"_blank\" rel=\"noopener noreferrer\" \t>\n\t\t<span>\n\t\t\t\n\t\t\tTechnical information\t\t<\/span>\n\t\t\t<\/a>\n\t<\/div>\n<\/div><\/div><\/div><\/div><\/div>","protected":false},"excerpt":{"rendered":"<p>Altus L&rsquo;Altus est un dispositif immergeable d\u00e9ploy\u00e9 sur les vasi\u00e8res et plages dans les baies, ports et estuaires pour mesurer la variation du niveau des s\u00e9diments et la hauteur de la houle. Cet outil permet de surveiller le transport s\u00e9dimentaire (\u00e9rosion, accr\u00e9tion) et d&rsquo;\u00e9valuer d&rsquo;\u00e9ventuelles mesures de draguage n\u00e9cessaires. &nbsp;<\/p>","protected":false},"author":9,"featured_media":5343,"parent":4341,"menu_order":0,"comment_status":"closed","ping_status":"closed","template":"","meta":{"footnotes":""},"class_list":["post-5501","page","type-page","status-publish","has-post-thumbnail","hentry"],"yoast_head":"<!-- This site is optimized with the Yoast SEO plugin v27.4 - https:\/\/yoast.com\/product\/yoast-seo-wordpress\/ -->\n<title>Altus - LGO - P\u00f4le UBS<\/title>\n<meta name=\"description\" content=\"L&#039;Altus est un dispositif immergeable d\u00e9ploy\u00e9 sur les vasi\u00e8res et plages dans les baies, ports et estuaires pour mesurer la variation du niveau des s\u00e9diments et la hauteur de la houle...\" \/>\n<meta name=\"robots\" content=\"index, follow, max-snippet:-1, max-image-preview:large, max-video-preview:-1\" \/>\n<link rel=\"canonical\" href=\"https:\/\/www.laboratoire-geosciences-ocean-ubs.fr\/en\/materiel-de-recherche\/altus-2\/\" \/>\n<meta property=\"og:locale\" content=\"en_GB\" \/>\n<meta property=\"og:type\" content=\"article\" \/>\n<meta property=\"og:title\" content=\"Altus - LGO - P\u00f4le UBS\" \/>\n<meta property=\"og:description\" content=\"L&#039;Altus est un dispositif immergeable d\u00e9ploy\u00e9 sur les vasi\u00e8res et plages dans les baies, ports et estuaires pour mesurer la variation du niveau des s\u00e9diments et la hauteur de la houle...\" \/>\n<meta property=\"og:url\" content=\"https:\/\/www.laboratoire-geosciences-ocean-ubs.fr\/en\/materiel-de-recherche\/altus-2\/\" \/>\n<meta property=\"og:site_name\" content=\"LGO - P\u00f4le UBS\" \/>\n<meta property=\"article:publisher\" content=\"https:\/\/www.facebook.com\/search\/top\/?q=algobox%20%3aun%20outil%20%c3%a9cologique%20de%20r%c3%a9g%c3%a9n%c3%a9ration%20des%20dunes\" \/>\n<meta property=\"article:modified_time\" content=\"2023-08-22T14:06:09+00:00\" \/>\n<meta property=\"og:image\" content=\"https:\/\/www.laboratoire-geosciences-ocean-ubs.fr\/wp-content\/uploads\/2020\/04\/57597640_2416895148343782_1476505298465193984_o.jpg\" \/>\n\t<meta property=\"og:image:width\" content=\"2016\" \/>\n\t<meta property=\"og:image:height\" content=\"980\" \/>\n\t<meta property=\"og:image:type\" content=\"image\/jpeg\" \/>\n<meta name=\"twitter:card\" content=\"summary_large_image\" \/>\n<meta name=\"twitter:label1\" content=\"Estimated reading time\" \/>\n\t<meta name=\"twitter:data1\" content=\"1 minute\" \/>\n<script type=\"application\/ld+json\" class=\"yoast-schema-graph\">{\"@context\":\"https:\\\/\\\/schema.org\",\"@graph\":[{\"@type\":\"WebPage\",\"@id\":\"https:\\\/\\\/www.laboratoire-geosciences-ocean-ubs.fr\\\/materiel-de-recherche\\\/altus-2\\\/\",\"url\":\"https:\\\/\\\/www.laboratoire-geosciences-ocean-ubs.fr\\\/materiel-de-recherche\\\/altus-2\\\/\",\"name\":\"Altus - LGO - P\u00f4le UBS\",\"isPartOf\":{\"@id\":\"https:\\\/\\\/www.laboratoire-geosciences-ocean-ubs.fr\\\/#website\"},\"primaryImageOfPage\":{\"@id\":\"https:\\\/\\\/www.laboratoire-geosciences-ocean-ubs.fr\\\/materiel-de-recherche\\\/altus-2\\\/#primaryimage\"},\"image\":{\"@id\":\"https:\\\/\\\/www.laboratoire-geosciences-ocean-ubs.fr\\\/materiel-de-recherche\\\/altus-2\\\/#primaryimage\"},\"thumbnailUrl\":\"https:\\\/\\\/www.laboratoire-geosciences-ocean-ubs.fr\\\/wp-content\\\/uploads\\\/2020\\\/04\\\/57597640_2416895148343782_1476505298465193984_o.jpg\",\"datePublished\":\"2020-04-26T10:18:03+00:00\",\"dateModified\":\"2023-08-22T14:06:09+00:00\",\"description\":\"L'Altus est un dispositif immergeable d\u00e9ploy\u00e9 sur les vasi\u00e8res et plages dans les baies, ports et estuaires pour mesurer la variation du niveau des s\u00e9diments et la hauteur de la houle...\",\"breadcrumb\":{\"@id\":\"https:\\\/\\\/www.laboratoire-geosciences-ocean-ubs.fr\\\/materiel-de-recherche\\\/altus-2\\\/#breadcrumb\"},\"inLanguage\":\"en-GB\",\"potentialAction\":[{\"@type\":\"ReadAction\",\"target\":[\"https:\\\/\\\/www.laboratoire-geosciences-ocean-ubs.fr\\\/materiel-de-recherche\\\/altus-2\\\/\"]}]},{\"@type\":\"ImageObject\",\"inLanguage\":\"en-GB\",\"@id\":\"https:\\\/\\\/www.laboratoire-geosciences-ocean-ubs.fr\\\/materiel-de-recherche\\\/altus-2\\\/#primaryimage\",\"url\":\"https:\\\/\\\/www.laboratoire-geosciences-ocean-ubs.fr\\\/wp-content\\\/uploads\\\/2020\\\/04\\\/57597640_2416895148343782_1476505298465193984_o.jpg\",\"contentUrl\":\"https:\\\/\\\/www.laboratoire-geosciences-ocean-ubs.fr\\\/wp-content\\\/uploads\\\/2020\\\/04\\\/57597640_2416895148343782_1476505298465193984_o.jpg\",\"width\":2016,\"height\":980},{\"@type\":\"BreadcrumbList\",\"@id\":\"https:\\\/\\\/www.laboratoire-geosciences-ocean-ubs.fr\\\/materiel-de-recherche\\\/altus-2\\\/#breadcrumb\",\"itemListElement\":[{\"@type\":\"ListItem\",\"position\":1,\"name\":\"Accueil\",\"item\":\"https:\\\/\\\/www.laboratoire-geosciences-ocean-ubs.fr\\\/\"},{\"@type\":\"ListItem\",\"position\":2,\"name\":\"Mat\u00e9riel de recherche\",\"item\":\"https:\\\/\\\/www.laboratoire-geosciences-ocean-ubs.fr\\\/materiel-de-recherche\\\/\"},{\"@type\":\"ListItem\",\"position\":3,\"name\":\"Altus\"}]},{\"@type\":\"WebSite\",\"@id\":\"https:\\\/\\\/www.laboratoire-geosciences-ocean-ubs.fr\\\/#website\",\"url\":\"https:\\\/\\\/www.laboratoire-geosciences-ocean-ubs.fr\\\/\",\"name\":\"LGO - P\u00f4le UBS\",\"description\":\"Une expertise durable des milieux marins et c\u00f4tiers\",\"publisher\":{\"@id\":\"https:\\\/\\\/www.laboratoire-geosciences-ocean-ubs.fr\\\/#organization\"},\"potentialAction\":[{\"@type\":\"SearchAction\",\"target\":{\"@type\":\"EntryPoint\",\"urlTemplate\":\"https:\\\/\\\/www.laboratoire-geosciences-ocean-ubs.fr\\\/?s={search_term_string}\"},\"query-input\":{\"@type\":\"PropertyValueSpecification\",\"valueRequired\":true,\"valueName\":\"search_term_string\"}}],\"inLanguage\":\"en-GB\"},{\"@type\":\"Organization\",\"@id\":\"https:\\\/\\\/www.laboratoire-geosciences-ocean-ubs.fr\\\/#organization\",\"name\":\"OCLM\",\"url\":\"https:\\\/\\\/www.laboratoire-geosciences-ocean-ubs.fr\\\/\",\"logo\":{\"@type\":\"ImageObject\",\"inLanguage\":\"en-GB\",\"@id\":\"https:\\\/\\\/www.laboratoire-geosciences-ocean-ubs.fr\\\/#\\\/schema\\\/logo\\\/image\\\/\",\"url\":\"https:\\\/\\\/www.laboratoire-geosciences-ocean-ubs.fr\\\/wp-content\\\/uploads\\\/2021\\\/12\\\/cropped-cropped-goo-hd-geo-ocean-tutelles-noir.png\",\"contentUrl\":\"https:\\\/\\\/www.laboratoire-geosciences-ocean-ubs.fr\\\/wp-content\\\/uploads\\\/2021\\\/12\\\/cropped-cropped-goo-hd-geo-ocean-tutelles-noir.png\",\"width\":2887,\"height\":1485,\"caption\":\"OCLM\"},\"image\":{\"@id\":\"https:\\\/\\\/www.laboratoire-geosciences-ocean-ubs.fr\\\/#\\\/schema\\\/logo\\\/image\\\/\"},\"sameAs\":[\"https:\\\/\\\/www.facebook.com\\\/search\\\/top\\\/?q=algobox :un outil \u00e9cologique de r\u00e9g\u00e9n\u00e9ration des dunes\"]}]}<\/script>\n<!-- \/ Yoast SEO plugin. -->","yoast_head_json":{"title":"Altus - LGO - P\u00f4le UBS","description":"L'Altus est un dispositif immergeable d\u00e9ploy\u00e9 sur les vasi\u00e8res et plages dans les baies, ports et estuaires pour mesurer la variation du niveau des s\u00e9diments et la hauteur de la houle...","robots":{"index":"index","follow":"follow","max-snippet":"max-snippet:-1","max-image-preview":"max-image-preview:large","max-video-preview":"max-video-preview:-1"},"canonical":"https:\/\/www.laboratoire-geosciences-ocean-ubs.fr\/en\/materiel-de-recherche\/altus-2\/","og_locale":"en_GB","og_type":"article","og_title":"Altus - LGO - P\u00f4le UBS","og_description":"L'Altus est un dispositif immergeable d\u00e9ploy\u00e9 sur les vasi\u00e8res et plages dans les baies, ports et estuaires pour mesurer la variation du niveau des s\u00e9diments et la hauteur de la houle...","og_url":"https:\/\/www.laboratoire-geosciences-ocean-ubs.fr\/en\/materiel-de-recherche\/altus-2\/","og_site_name":"LGO - P\u00f4le UBS","article_publisher":"https:\/\/www.facebook.com\/search\/top\/?q=algobox%20%3aun%20outil%20%c3%a9cologique%20de%20r%c3%a9g%c3%a9n%c3%a9ration%20des%20dunes","article_modified_time":"2023-08-22T14:06:09+00:00","og_image":[{"width":2016,"height":980,"url":"https:\/\/www.laboratoire-geosciences-ocean-ubs.fr\/wp-content\/uploads\/2020\/04\/57597640_2416895148343782_1476505298465193984_o.jpg","type":"image\/jpeg"}],"twitter_card":"summary_large_image","twitter_misc":{"Estimated reading time":"1 minute"},"schema":{"@context":"https:\/\/schema.org","@graph":[{"@type":"WebPage","@id":"https:\/\/www.laboratoire-geosciences-ocean-ubs.fr\/materiel-de-recherche\/altus-2\/","url":"https:\/\/www.laboratoire-geosciences-ocean-ubs.fr\/materiel-de-recherche\/altus-2\/","name":"Altus - LGO - P\u00f4le UBS","isPartOf":{"@id":"https:\/\/www.laboratoire-geosciences-ocean-ubs.fr\/#website"},"primaryImageOfPage":{"@id":"https:\/\/www.laboratoire-geosciences-ocean-ubs.fr\/materiel-de-recherche\/altus-2\/#primaryimage"},"image":{"@id":"https:\/\/www.laboratoire-geosciences-ocean-ubs.fr\/materiel-de-recherche\/altus-2\/#primaryimage"},"thumbnailUrl":"https:\/\/www.laboratoire-geosciences-ocean-ubs.fr\/wp-content\/uploads\/2020\/04\/57597640_2416895148343782_1476505298465193984_o.jpg","datePublished":"2020-04-26T10:18:03+00:00","dateModified":"2023-08-22T14:06:09+00:00","description":"L'Altus est un dispositif immergeable d\u00e9ploy\u00e9 sur les vasi\u00e8res et plages dans les baies, ports et estuaires pour mesurer la variation du niveau des s\u00e9diments et la hauteur de la houle...","breadcrumb":{"@id":"https:\/\/www.laboratoire-geosciences-ocean-ubs.fr\/materiel-de-recherche\/altus-2\/#breadcrumb"},"inLanguage":"en-GB","potentialAction":[{"@type":"ReadAction","target":["https:\/\/www.laboratoire-geosciences-ocean-ubs.fr\/materiel-de-recherche\/altus-2\/"]}]},{"@type":"ImageObject","inLanguage":"en-GB","@id":"https:\/\/www.laboratoire-geosciences-ocean-ubs.fr\/materiel-de-recherche\/altus-2\/#primaryimage","url":"https:\/\/www.laboratoire-geosciences-ocean-ubs.fr\/wp-content\/uploads\/2020\/04\/57597640_2416895148343782_1476505298465193984_o.jpg","contentUrl":"https:\/\/www.laboratoire-geosciences-ocean-ubs.fr\/wp-content\/uploads\/2020\/04\/57597640_2416895148343782_1476505298465193984_o.jpg","width":2016,"height":980},{"@type":"BreadcrumbList","@id":"https:\/\/www.laboratoire-geosciences-ocean-ubs.fr\/materiel-de-recherche\/altus-2\/#breadcrumb","itemListElement":[{"@type":"ListItem","position":1,"name":"Accueil","item":"https:\/\/www.laboratoire-geosciences-ocean-ubs.fr\/"},{"@type":"ListItem","position":2,"name":"Mat\u00e9riel de recherche","item":"https:\/\/www.laboratoire-geosciences-ocean-ubs.fr\/materiel-de-recherche\/"},{"@type":"ListItem","position":3,"name":"Altus"}]},{"@type":"WebSite","@id":"https:\/\/www.laboratoire-geosciences-ocean-ubs.fr\/#website","url":"https:\/\/www.laboratoire-geosciences-ocean-ubs.fr\/","name":"LGO - P\u00f4le UBS","description":"Une expertise durable des milieux marins et c\u00f4tiers","publisher":{"@id":"https:\/\/www.laboratoire-geosciences-ocean-ubs.fr\/#organization"},"potentialAction":[{"@type":"SearchAction","target":{"@type":"EntryPoint","urlTemplate":"https:\/\/www.laboratoire-geosciences-ocean-ubs.fr\/?s={search_term_string}"},"query-input":{"@type":"PropertyValueSpecification","valueRequired":true,"valueName":"search_term_string"}}],"inLanguage":"en-GB"},{"@type":"Organization","@id":"https:\/\/www.laboratoire-geosciences-ocean-ubs.fr\/#organization","name":"OCLM","url":"https:\/\/www.laboratoire-geosciences-ocean-ubs.fr\/","logo":{"@type":"ImageObject","inLanguage":"en-GB","@id":"https:\/\/www.laboratoire-geosciences-ocean-ubs.fr\/#\/schema\/logo\/image\/","url":"https:\/\/www.laboratoire-geosciences-ocean-ubs.fr\/wp-content\/uploads\/2021\/12\/cropped-cropped-goo-hd-geo-ocean-tutelles-noir.png","contentUrl":"https:\/\/www.laboratoire-geosciences-ocean-ubs.fr\/wp-content\/uploads\/2021\/12\/cropped-cropped-goo-hd-geo-ocean-tutelles-noir.png","width":2887,"height":1485,"caption":"OCLM"},"image":{"@id":"https:\/\/www.laboratoire-geosciences-ocean-ubs.fr\/#\/schema\/logo\/image\/"},"sameAs":["https:\/\/www.facebook.com\/search\/top\/?q=algobox :un outil \u00e9cologique de r\u00e9g\u00e9n\u00e9ration des dunes"]}]}},"_links":{"self":[{"href":"https:\/\/www.laboratoire-geosciences-ocean-ubs.fr\/en\/wp-json\/wp\/v2\/pages\/5501","targetHints":{"allow":["GET"]}}],"collection":[{"href":"https:\/\/www.laboratoire-geosciences-ocean-ubs.fr\/en\/wp-json\/wp\/v2\/pages"}],"about":[{"href":"https:\/\/www.laboratoire-geosciences-ocean-ubs.fr\/en\/wp-json\/wp\/v2\/types\/page"}],"author":[{"embeddable":true,"href":"https:\/\/www.laboratoire-geosciences-ocean-ubs.fr\/en\/wp-json\/wp\/v2\/users\/9"}],"replies":[{"embeddable":true,"href":"https:\/\/www.laboratoire-geosciences-ocean-ubs.fr\/en\/wp-json\/wp\/v2\/comments?post=5501"}],"version-history":[{"count":0,"href":"https:\/\/www.laboratoire-geosciences-ocean-ubs.fr\/en\/wp-json\/wp\/v2\/pages\/5501\/revisions"}],"up":[{"embeddable":true,"href":"https:\/\/www.laboratoire-geosciences-ocean-ubs.fr\/en\/wp-json\/wp\/v2\/pages\/4341"}],"wp:featuredmedia":[{"embeddable":true,"href":"https:\/\/www.laboratoire-geosciences-ocean-ubs.fr\/en\/wp-json\/wp\/v2\/media\/5343"}],"wp:attachment":[{"href":"https:\/\/www.laboratoire-geosciences-ocean-ubs.fr\/en\/wp-json\/wp\/v2\/media?parent=5501"}],"curies":[{"name":"wp","href":"https:\/\/api.w.org\/{rel}","templated":true}]}}