{"id":5396,"date":"2020-04-24T10:54:42","date_gmt":"2020-04-24T08:54:42","guid":{"rendered":"http:\/\/www.laboratoire-geosciences-ocean-ubs.fr\/?page_id=5396"},"modified":"2023-08-23T14:48:17","modified_gmt":"2023-08-23T12:48:17","slug":"tacheometre-station-totale","status":"publish","type":"page","link":"https:\/\/www.laboratoire-geosciences-ocean-ubs.fr\/en\/materiel-de-recherche\/tacheometre-station-totale\/","title":{"rendered":"Tacheometer - total station"},"content":{"rendered":"<div id=\"pl-5396\"  class=\"panel-layout\" ><div id=\"pg-5396-0\"  class=\"panel-grid panel-no-style\" ><div id=\"pgc-5396-0-0\"  class=\"panel-grid-cell\" ><div id=\"panel-5396-0-0-0\" class=\"so-panel widget widget_sow-editor panel-first-child panel-last-child\" data-index=\"0\" ><div class=\"panel-widget-style panel-widget-style-for-5396-0-0-0\" ><div\n\t\t\t\n\t\t\tclass=\"so-widget-sow-editor so-widget-sow-editor-base\"\n\t\t\t\n\t\t>\n<div class=\"siteorigin-widget-tinymce textwidget\">\n\t<h3 style=\"text-align: left;\"><strong><span style=\"color: #1269b0;\">Tacheometer - total station<\/span><\/strong><\/h3>\n<p style=\"font-size: 18px; color: #1269b0; text-align: justify;\"><em>Tach\u00e9om\u00e8tre TS02 Ultra - Leica<\/em><\/p>\n<p style=\"font-size: 18px; color: #1269b0; text-align: justify;\">The tacheometer, now called a total station, measures the angle and distance between the station and a reflecting prism in order to alculte the height and position of a specific object. The total station is used for topographic profiles surveys.<\/p>\n<\/div>\n<\/div><\/div><\/div><\/div><\/div><div id=\"pg-5396-1\"  class=\"panel-grid panel-no-style\" ><div id=\"pgc-5396-1-0\"  class=\"panel-grid-cell\" ><div id=\"panel-5396-1-0-0\" class=\"so-panel widget widget_sow-editor panel-first-child panel-last-child\" data-index=\"1\" ><div\n\t\t\t\n\t\t\tclass=\"so-widget-sow-editor so-widget-sow-editor-base\"\n\t\t\t\n\t\t>\n<div class=\"siteorigin-widget-tinymce textwidget\">\n\t<p style=\"text-align: center;\"><img loading=\"lazy\" decoding=\"async\" class=\"aligncenter wp-image-5397\" src=\"http:\/\/www.laboratoire-geosciences-ocean-ubs.fr\/wp-content\/uploads\/2020\/04\/10256553_876583012375011_8025536813694683171_o.jpg\" alt=\"\" width=\"200\" height=\"300\" srcset=\"https:\/\/www.laboratoire-geosciences-ocean-ubs.fr\/wp-content\/uploads\/2020\/04\/10256553_876583012375011_8025536813694683171_o.jpg 640w, https:\/\/www.laboratoire-geosciences-ocean-ubs.fr\/wp-content\/uploads\/2020\/04\/10256553_876583012375011_8025536813694683171_o-200x300.jpg 200w\" sizes=\"auto, (max-width: 200px) 100vw, 200px\" \/><\/p>\n<p style=\"font-size: 18px; color: #1269b0; text-align: center;\"><strong>Total station<\/strong><\/p>\n<\/div>\n<\/div><\/div><\/div><div id=\"pgc-5396-1-1\"  class=\"panel-grid-cell\" ><div id=\"panel-5396-1-1-0\" class=\"so-panel widget widget_sow-editor panel-first-child panel-last-child\" data-index=\"2\" ><div\n\t\t\t\n\t\t\tclass=\"so-widget-sow-editor so-widget-sow-editor-base\"\n\t\t\t\n\t\t>\n<div class=\"siteorigin-widget-tinymce textwidget\">\n\t<p style=\"text-align: center;\"><img loading=\"lazy\" decoding=\"async\" class=\"aligncenter wp-image-5398\" src=\"http:\/\/www.laboratoire-geosciences-ocean-ubs.fr\/wp-content\/uploads\/2020\/04\/72652781_2780235325343094_4963085888805404672_o.jpg\" alt=\"\" width=\"154\" height=\"300\" srcset=\"https:\/\/www.laboratoire-geosciences-ocean-ubs.fr\/wp-content\/uploads\/2020\/04\/72652781_2780235325343094_4963085888805404672_o.jpg 294w, https:\/\/www.laboratoire-geosciences-ocean-ubs.fr\/wp-content\/uploads\/2020\/04\/72652781_2780235325343094_4963085888805404672_o-154x300.jpg 154w\" sizes=\"auto, (max-width: 154px) 100vw, 154px\" \/><\/p>\n<p style=\"font-size: 18px; color: #1269b0; text-align: center;\"><strong>Reflecting prism<\/strong><\/p>\n<\/div>\n<\/div><\/div><\/div><\/div><div id=\"pg-5396-2\"  class=\"panel-grid panel-no-style\" ><div id=\"pgc-5396-2-0\"  class=\"panel-grid-cell panel-grid-cell-empty\" ><\/div><\/div><div id=\"pg-5396-3\"  class=\"panel-grid panel-no-style\" ><div id=\"pgc-5396-3-0\"  class=\"panel-grid-cell\" ><div id=\"panel-5396-3-0-0\" class=\"so-panel widget widget_sow-editor panel-first-child panel-last-child\" data-index=\"3\" ><div\n\t\t\t\n\t\t\tclass=\"so-widget-sow-editor so-widget-sow-editor-base\"\n\t\t\t\n\t\t>\n<div class=\"siteorigin-widget-tinymce textwidget\">\n\t<h3 style=\"text-align: left;\"><strong><span style=\"color: #1269b0;\">Examples of possible products<\/span><\/strong><\/h3>\n<\/div>\n<\/div><\/div><\/div><\/div><div id=\"pg-5396-4\"  class=\"panel-grid panel-no-style\" ><div id=\"pgc-5396-4-0\"  class=\"panel-grid-cell\" ><div id=\"panel-5396-4-0-0\" class=\"so-panel widget widget_sow-editor panel-first-child panel-last-child\" data-index=\"4\" ><div\n\t\t\t\n\t\t\tclass=\"so-widget-sow-editor so-widget-sow-editor-base\"\n\t\t\t\n\t\t>\n<div class=\"siteorigin-widget-tinymce textwidget\">\n\t<p style=\"font-size: 16px; color: #1269b0; text-align: justify;\"><strong>Topographic profiles of a beach of the isle of Arz - February 2011<\/strong><\/p>\n<p><img loading=\"lazy\" decoding=\"async\" class=\"aligncenter wp-image-5799\" src=\"http:\/\/www.laboratoire-geosciences-ocean-ubs.fr\/wp-content\/uploads\/2020\/05\/synthe_profils-tacheo_ile-Arz_fev2011.png\" alt=\"\" width=\"318\" height=\"300\" srcset=\"https:\/\/www.laboratoire-geosciences-ocean-ubs.fr\/wp-content\/uploads\/2020\/05\/synthe_profils-tacheo_ile-Arz_fev2011.png 552w, https:\/\/www.laboratoire-geosciences-ocean-ubs.fr\/wp-content\/uploads\/2020\/05\/synthe_profils-tacheo_ile-Arz_fev2011-300x283.png 300w\" sizes=\"auto, (max-width: 318px) 100vw, 318px\" \/><\/p>\n<\/div>\n<\/div><\/div><\/div><div id=\"pgc-5396-4-1\"  class=\"panel-grid-cell\" ><div id=\"panel-5396-4-1-0\" class=\"so-panel widget widget_sow-editor panel-first-child panel-last-child\" data-index=\"5\" ><div\n\t\t\t\n\t\t\tclass=\"so-widget-sow-editor so-widget-sow-editor-base\"\n\t\t\t\n\t\t>\n<div class=\"siteorigin-widget-tinymce textwidget\">\n\t<p style=\"font-size: 16px; color: #1269b0; text-align: justify;\"><strong>Digital Terrain Model (DTM) - February 2011<\/strong><\/p>\n<p><img loading=\"lazy\" decoding=\"async\" class=\"aligncenter wp-image-5798\" src=\"http:\/\/www.laboratoire-geosciences-ocean-ubs.fr\/wp-content\/uploads\/2020\/05\/mnt-pr\u00e9sentation-Ile-arz-tacheo-fev2011.png\" alt=\"\" width=\"324\" height=\"300\" srcset=\"https:\/\/www.laboratoire-geosciences-ocean-ubs.fr\/wp-content\/uploads\/2020\/05\/mnt-pr\u00e9sentation-Ile-arz-tacheo-fev2011.png 958w, https:\/\/www.laboratoire-geosciences-ocean-ubs.fr\/wp-content\/uploads\/2020\/05\/mnt-pr\u00e9sentation-Ile-arz-tacheo-fev2011-300x278.png 300w, https:\/\/www.laboratoire-geosciences-ocean-ubs.fr\/wp-content\/uploads\/2020\/05\/mnt-pr\u00e9sentation-Ile-arz-tacheo-fev2011-768x712.png 768w\" sizes=\"auto, (max-width: 324px) 100vw, 324px\" \/><\/p>\n<\/div>\n<\/div><\/div><\/div><\/div><div id=\"pg-5396-5\"  class=\"panel-grid panel-no-style\" ><div id=\"pgc-5396-5-0\"  class=\"panel-grid-cell panel-grid-cell-empty\" ><\/div><\/div><div id=\"pg-5396-6\"  class=\"panel-grid panel-no-style\" ><div id=\"pgc-5396-6-0\"  class=\"panel-grid-cell\" ><div id=\"panel-5396-6-0-0\" class=\"so-panel widget widget_sow-button panel-first-child panel-last-child\" data-index=\"6\" ><div\n\t\t\t\n\t\t\tclass=\"so-widget-sow-button so-widget-sow-button-wire-45097e811c06-5396\"\n\t\t\t\n\t\t><div class=\"ow-button-base ow-button-align-center\"\n>\n\t\t\t<a\n\t\t\t\t\thref=\"https:\/\/www.topographie-laser.eu\/station-totale-leica-flexline-ts02-1.html\"\n\t\t\t\t\tclass=\"sowb-button ow-icon-placement-left ow-button-hover\" target=\"_blank\" rel=\"noopener noreferrer\" \t>\n\t\t<span>\n\t\t\t\n\t\t\tTechnical information\t\t<\/span>\n\t\t\t<\/a>\n\t<\/div>\n<\/div><\/div><\/div><\/div><\/div>","protected":false},"excerpt":{"rendered":"<p>Tach\u00e9om\u00e8tre &#8211; Station Totale Tach\u00e9om\u00e8tre TS02 Ultra &#8211; Leica Le tach\u00e9om\u00e8tre permet d&rsquo;effectuer des lev\u00e9s topographiques par mesure de l&rsquo;angle et de la distance s\u00e9parant la station et un prisme r\u00e9flecteur. Station totale Prisme r\u00e9flecteur<\/p>","protected":false},"author":9,"featured_media":5795,"parent":4341,"menu_order":0,"comment_status":"closed","ping_status":"closed","template":"","meta":{"footnotes":""},"class_list":["post-5396","page","type-page","status-publish","has-post-thumbnail","hentry"],"yoast_head":"<!-- This site is optimized with the Yoast SEO plugin v27.5 - https:\/\/yoast.com\/product\/yoast-seo-wordpress\/ -->\n<title>Tach\u00e9om\u00e8tre - LGO - P\u00f4le UBS<\/title>\n<meta name=\"description\" content=\"Le tach\u00e9om\u00e8tre permet d&#039;effectuer des lev\u00e9s topographiques par mesure de l&#039;angle et de la distance s\u00e9parant la station et un prisme r\u00e9flecteur...\" \/>\n<meta name=\"robots\" content=\"index, follow, max-snippet:-1, max-image-preview:large, max-video-preview:-1\" \/>\n<link rel=\"canonical\" href=\"https:\/\/www.laboratoire-geosciences-ocean-ubs.fr\/en\/materiel-de-recherche\/tacheometre-station-totale\/\" \/>\n<meta property=\"og:locale\" content=\"en_GB\" \/>\n<meta property=\"og:type\" content=\"article\" \/>\n<meta property=\"og:title\" content=\"Tach\u00e9om\u00e8tre - LGO - P\u00f4le UBS\" \/>\n<meta property=\"og:description\" content=\"Le tach\u00e9om\u00e8tre permet d&#039;effectuer des lev\u00e9s topographiques par mesure de l&#039;angle et de la distance s\u00e9parant la station et un prisme r\u00e9flecteur...\" \/>\n<meta property=\"og:url\" content=\"https:\/\/www.laboratoire-geosciences-ocean-ubs.fr\/en\/materiel-de-recherche\/tacheometre-station-totale\/\" \/>\n<meta property=\"og:site_name\" content=\"LGO - P\u00f4le UBS\" \/>\n<meta property=\"article:publisher\" content=\"https:\/\/www.facebook.com\/search\/top\/?q=algobox%20%3aun%20outil%20%c3%a9cologique%20de%20r%c3%a9g%c3%a9n%c3%a9ration%20des%20dunes\" \/>\n<meta property=\"article:modified_time\" content=\"2023-08-23T12:48:17+00:00\" \/>\n<meta property=\"og:image\" content=\"https:\/\/www.laboratoire-geosciences-ocean-ubs.fr\/wp-content\/uploads\/2020\/05\/tacheo.jpg\" \/>\n\t<meta property=\"og:image:width\" content=\"1772\" \/>\n\t<meta property=\"og:image:height\" content=\"1329\" \/>\n\t<meta property=\"og:image:type\" content=\"image\/jpeg\" \/>\n<meta name=\"twitter:card\" content=\"summary_large_image\" \/>\n<meta name=\"twitter:label1\" content=\"Estimated reading time\" \/>\n\t<meta name=\"twitter:data1\" content=\"2 minutes\" \/>\n<script type=\"application\/ld+json\" class=\"yoast-schema-graph\">{\"@context\":\"https:\\\/\\\/schema.org\",\"@graph\":[{\"@type\":\"WebPage\",\"@id\":\"https:\\\/\\\/www.laboratoire-geosciences-ocean-ubs.fr\\\/materiel-de-recherche\\\/tacheometre-station-totale\\\/\",\"url\":\"https:\\\/\\\/www.laboratoire-geosciences-ocean-ubs.fr\\\/materiel-de-recherche\\\/tacheometre-station-totale\\\/\",\"name\":\"Tach\u00e9om\u00e8tre - LGO - P\u00f4le UBS\",\"isPartOf\":{\"@id\":\"https:\\\/\\\/www.laboratoire-geosciences-ocean-ubs.fr\\\/#website\"},\"primaryImageOfPage\":{\"@id\":\"https:\\\/\\\/www.laboratoire-geosciences-ocean-ubs.fr\\\/materiel-de-recherche\\\/tacheometre-station-totale\\\/#primaryimage\"},\"image\":{\"@id\":\"https:\\\/\\\/www.laboratoire-geosciences-ocean-ubs.fr\\\/materiel-de-recherche\\\/tacheometre-station-totale\\\/#primaryimage\"},\"thumbnailUrl\":\"https:\\\/\\\/www.laboratoire-geosciences-ocean-ubs.fr\\\/wp-content\\\/uploads\\\/2020\\\/05\\\/tacheo.jpg\",\"datePublished\":\"2020-04-24T08:54:42+00:00\",\"dateModified\":\"2023-08-23T12:48:17+00:00\",\"description\":\"Le tach\u00e9om\u00e8tre permet d'effectuer des lev\u00e9s topographiques par mesure de l'angle et de la distance s\u00e9parant la station et un prisme r\u00e9flecteur...\",\"breadcrumb\":{\"@id\":\"https:\\\/\\\/www.laboratoire-geosciences-ocean-ubs.fr\\\/materiel-de-recherche\\\/tacheometre-station-totale\\\/#breadcrumb\"},\"inLanguage\":\"en-GB\",\"potentialAction\":[{\"@type\":\"ReadAction\",\"target\":[\"https:\\\/\\\/www.laboratoire-geosciences-ocean-ubs.fr\\\/materiel-de-recherche\\\/tacheometre-station-totale\\\/\"]}]},{\"@type\":\"ImageObject\",\"inLanguage\":\"en-GB\",\"@id\":\"https:\\\/\\\/www.laboratoire-geosciences-ocean-ubs.fr\\\/materiel-de-recherche\\\/tacheometre-station-totale\\\/#primaryimage\",\"url\":\"https:\\\/\\\/www.laboratoire-geosciences-ocean-ubs.fr\\\/wp-content\\\/uploads\\\/2020\\\/05\\\/tacheo.jpg\",\"contentUrl\":\"https:\\\/\\\/www.laboratoire-geosciences-ocean-ubs.fr\\\/wp-content\\\/uploads\\\/2020\\\/05\\\/tacheo.jpg\",\"width\":1772,\"height\":1329},{\"@type\":\"BreadcrumbList\",\"@id\":\"https:\\\/\\\/www.laboratoire-geosciences-ocean-ubs.fr\\\/materiel-de-recherche\\\/tacheometre-station-totale\\\/#breadcrumb\",\"itemListElement\":[{\"@type\":\"ListItem\",\"position\":1,\"name\":\"Accueil\",\"item\":\"https:\\\/\\\/www.laboratoire-geosciences-ocean-ubs.fr\\\/\"},{\"@type\":\"ListItem\",\"position\":2,\"name\":\"Mat\u00e9riel de recherche\",\"item\":\"https:\\\/\\\/www.laboratoire-geosciences-ocean-ubs.fr\\\/materiel-de-recherche\\\/\"},{\"@type\":\"ListItem\",\"position\":3,\"name\":\"Tach\u00e9om\u00e8tre\"}]},{\"@type\":\"WebSite\",\"@id\":\"https:\\\/\\\/www.laboratoire-geosciences-ocean-ubs.fr\\\/#website\",\"url\":\"https:\\\/\\\/www.laboratoire-geosciences-ocean-ubs.fr\\\/\",\"name\":\"LGO - P\u00f4le UBS\",\"description\":\"Une expertise durable des milieux marins et c\u00f4tiers\",\"publisher\":{\"@id\":\"https:\\\/\\\/www.laboratoire-geosciences-ocean-ubs.fr\\\/#organization\"},\"potentialAction\":[{\"@type\":\"SearchAction\",\"target\":{\"@type\":\"EntryPoint\",\"urlTemplate\":\"https:\\\/\\\/www.laboratoire-geosciences-ocean-ubs.fr\\\/?s={search_term_string}\"},\"query-input\":{\"@type\":\"PropertyValueSpecification\",\"valueRequired\":true,\"valueName\":\"search_term_string\"}}],\"inLanguage\":\"en-GB\"},{\"@type\":\"Organization\",\"@id\":\"https:\\\/\\\/www.laboratoire-geosciences-ocean-ubs.fr\\\/#organization\",\"name\":\"OCLM\",\"url\":\"https:\\\/\\\/www.laboratoire-geosciences-ocean-ubs.fr\\\/\",\"logo\":{\"@type\":\"ImageObject\",\"inLanguage\":\"en-GB\",\"@id\":\"https:\\\/\\\/www.laboratoire-geosciences-ocean-ubs.fr\\\/#\\\/schema\\\/logo\\\/image\\\/\",\"url\":\"https:\\\/\\\/www.laboratoire-geosciences-ocean-ubs.fr\\\/wp-content\\\/uploads\\\/2021\\\/12\\\/cropped-cropped-goo-hd-geo-ocean-tutelles-noir.png\",\"contentUrl\":\"https:\\\/\\\/www.laboratoire-geosciences-ocean-ubs.fr\\\/wp-content\\\/uploads\\\/2021\\\/12\\\/cropped-cropped-goo-hd-geo-ocean-tutelles-noir.png\",\"width\":2887,\"height\":1485,\"caption\":\"OCLM\"},\"image\":{\"@id\":\"https:\\\/\\\/www.laboratoire-geosciences-ocean-ubs.fr\\\/#\\\/schema\\\/logo\\\/image\\\/\"},\"sameAs\":[\"https:\\\/\\\/www.facebook.com\\\/search\\\/top\\\/?q=algobox :un outil \u00e9cologique de r\u00e9g\u00e9n\u00e9ration des dunes\"]}]}<\/script>\n<!-- \/ Yoast SEO plugin. -->","yoast_head_json":{"title":"Tach\u00e9om\u00e8tre - LGO - P\u00f4le UBS","description":"Le tach\u00e9om\u00e8tre permet d'effectuer des lev\u00e9s topographiques par mesure de l'angle et de la distance s\u00e9parant la station et un prisme r\u00e9flecteur...","robots":{"index":"index","follow":"follow","max-snippet":"max-snippet:-1","max-image-preview":"max-image-preview:large","max-video-preview":"max-video-preview:-1"},"canonical":"https:\/\/www.laboratoire-geosciences-ocean-ubs.fr\/en\/materiel-de-recherche\/tacheometre-station-totale\/","og_locale":"en_GB","og_type":"article","og_title":"Tach\u00e9om\u00e8tre - LGO - P\u00f4le UBS","og_description":"Le tach\u00e9om\u00e8tre permet d'effectuer des lev\u00e9s topographiques par mesure de l'angle et de la distance s\u00e9parant la station et un prisme r\u00e9flecteur...","og_url":"https:\/\/www.laboratoire-geosciences-ocean-ubs.fr\/en\/materiel-de-recherche\/tacheometre-station-totale\/","og_site_name":"LGO - P\u00f4le UBS","article_publisher":"https:\/\/www.facebook.com\/search\/top\/?q=algobox%20%3aun%20outil%20%c3%a9cologique%20de%20r%c3%a9g%c3%a9n%c3%a9ration%20des%20dunes","article_modified_time":"2023-08-23T12:48:17+00:00","og_image":[{"width":1772,"height":1329,"url":"https:\/\/www.laboratoire-geosciences-ocean-ubs.fr\/wp-content\/uploads\/2020\/05\/tacheo.jpg","type":"image\/jpeg"}],"twitter_card":"summary_large_image","twitter_misc":{"Estimated reading time":"2 minutes"},"schema":{"@context":"https:\/\/schema.org","@graph":[{"@type":"WebPage","@id":"https:\/\/www.laboratoire-geosciences-ocean-ubs.fr\/materiel-de-recherche\/tacheometre-station-totale\/","url":"https:\/\/www.laboratoire-geosciences-ocean-ubs.fr\/materiel-de-recherche\/tacheometre-station-totale\/","name":"Tach\u00e9om\u00e8tre - LGO - P\u00f4le UBS","isPartOf":{"@id":"https:\/\/www.laboratoire-geosciences-ocean-ubs.fr\/#website"},"primaryImageOfPage":{"@id":"https:\/\/www.laboratoire-geosciences-ocean-ubs.fr\/materiel-de-recherche\/tacheometre-station-totale\/#primaryimage"},"image":{"@id":"https:\/\/www.laboratoire-geosciences-ocean-ubs.fr\/materiel-de-recherche\/tacheometre-station-totale\/#primaryimage"},"thumbnailUrl":"https:\/\/www.laboratoire-geosciences-ocean-ubs.fr\/wp-content\/uploads\/2020\/05\/tacheo.jpg","datePublished":"2020-04-24T08:54:42+00:00","dateModified":"2023-08-23T12:48:17+00:00","description":"Le tach\u00e9om\u00e8tre permet d'effectuer des lev\u00e9s topographiques par mesure de l'angle et de la distance s\u00e9parant la station et un prisme r\u00e9flecteur...","breadcrumb":{"@id":"https:\/\/www.laboratoire-geosciences-ocean-ubs.fr\/materiel-de-recherche\/tacheometre-station-totale\/#breadcrumb"},"inLanguage":"en-GB","potentialAction":[{"@type":"ReadAction","target":["https:\/\/www.laboratoire-geosciences-ocean-ubs.fr\/materiel-de-recherche\/tacheometre-station-totale\/"]}]},{"@type":"ImageObject","inLanguage":"en-GB","@id":"https:\/\/www.laboratoire-geosciences-ocean-ubs.fr\/materiel-de-recherche\/tacheometre-station-totale\/#primaryimage","url":"https:\/\/www.laboratoire-geosciences-ocean-ubs.fr\/wp-content\/uploads\/2020\/05\/tacheo.jpg","contentUrl":"https:\/\/www.laboratoire-geosciences-ocean-ubs.fr\/wp-content\/uploads\/2020\/05\/tacheo.jpg","width":1772,"height":1329},{"@type":"BreadcrumbList","@id":"https:\/\/www.laboratoire-geosciences-ocean-ubs.fr\/materiel-de-recherche\/tacheometre-station-totale\/#breadcrumb","itemListElement":[{"@type":"ListItem","position":1,"name":"Accueil","item":"https:\/\/www.laboratoire-geosciences-ocean-ubs.fr\/"},{"@type":"ListItem","position":2,"name":"Mat\u00e9riel de recherche","item":"https:\/\/www.laboratoire-geosciences-ocean-ubs.fr\/materiel-de-recherche\/"},{"@type":"ListItem","position":3,"name":"Tach\u00e9om\u00e8tre"}]},{"@type":"WebSite","@id":"https:\/\/www.laboratoire-geosciences-ocean-ubs.fr\/#website","url":"https:\/\/www.laboratoire-geosciences-ocean-ubs.fr\/","name":"LGO - P\u00f4le UBS","description":"Une expertise durable des milieux marins et c\u00f4tiers","publisher":{"@id":"https:\/\/www.laboratoire-geosciences-ocean-ubs.fr\/#organization"},"potentialAction":[{"@type":"SearchAction","target":{"@type":"EntryPoint","urlTemplate":"https:\/\/www.laboratoire-geosciences-ocean-ubs.fr\/?s={search_term_string}"},"query-input":{"@type":"PropertyValueSpecification","valueRequired":true,"valueName":"search_term_string"}}],"inLanguage":"en-GB"},{"@type":"Organization","@id":"https:\/\/www.laboratoire-geosciences-ocean-ubs.fr\/#organization","name":"OCLM","url":"https:\/\/www.laboratoire-geosciences-ocean-ubs.fr\/","logo":{"@type":"ImageObject","inLanguage":"en-GB","@id":"https:\/\/www.laboratoire-geosciences-ocean-ubs.fr\/#\/schema\/logo\/image\/","url":"https:\/\/www.laboratoire-geosciences-ocean-ubs.fr\/wp-content\/uploads\/2021\/12\/cropped-cropped-goo-hd-geo-ocean-tutelles-noir.png","contentUrl":"https:\/\/www.laboratoire-geosciences-ocean-ubs.fr\/wp-content\/uploads\/2021\/12\/cropped-cropped-goo-hd-geo-ocean-tutelles-noir.png","width":2887,"height":1485,"caption":"OCLM"},"image":{"@id":"https:\/\/www.laboratoire-geosciences-ocean-ubs.fr\/#\/schema\/logo\/image\/"},"sameAs":["https:\/\/www.facebook.com\/search\/top\/?q=algobox :un outil \u00e9cologique de r\u00e9g\u00e9n\u00e9ration des dunes"]}]}},"_links":{"self":[{"href":"https:\/\/www.laboratoire-geosciences-ocean-ubs.fr\/en\/wp-json\/wp\/v2\/pages\/5396","targetHints":{"allow":["GET"]}}],"collection":[{"href":"https:\/\/www.laboratoire-geosciences-ocean-ubs.fr\/en\/wp-json\/wp\/v2\/pages"}],"about":[{"href":"https:\/\/www.laboratoire-geosciences-ocean-ubs.fr\/en\/wp-json\/wp\/v2\/types\/page"}],"author":[{"embeddable":true,"href":"https:\/\/www.laboratoire-geosciences-ocean-ubs.fr\/en\/wp-json\/wp\/v2\/users\/9"}],"replies":[{"embeddable":true,"href":"https:\/\/www.laboratoire-geosciences-ocean-ubs.fr\/en\/wp-json\/wp\/v2\/comments?post=5396"}],"version-history":[{"count":0,"href":"https:\/\/www.laboratoire-geosciences-ocean-ubs.fr\/en\/wp-json\/wp\/v2\/pages\/5396\/revisions"}],"up":[{"embeddable":true,"href":"https:\/\/www.laboratoire-geosciences-ocean-ubs.fr\/en\/wp-json\/wp\/v2\/pages\/4341"}],"wp:featuredmedia":[{"embeddable":true,"href":"https:\/\/www.laboratoire-geosciences-ocean-ubs.fr\/en\/wp-json\/wp\/v2\/media\/5795"}],"wp:attachment":[{"href":"https:\/\/www.laboratoire-geosciences-ocean-ubs.fr\/en\/wp-json\/wp\/v2\/media?parent=5396"}],"curies":[{"name":"wp","href":"https:\/\/api.w.org\/{rel}","templated":true}]}}