{"id":4841,"date":"2020-04-12T18:43:40","date_gmt":"2020-04-12T16:43:40","guid":{"rendered":"http:\/\/www.laboratoire-geosciences-ocean-ubs.fr\/?page_id=4841"},"modified":"2020-12-05T00:54:27","modified_gmt":"2020-12-04T23:54:27","slug":"camille-traini-these","status":"publish","type":"page","link":"https:\/\/www.laboratoire-geosciences-ocean-ubs.fr\/en\/theses-post-docs\/camille-traini-these\/","title":{"rendered":"Camille Traini (PhD)"},"content":{"rendered":"<div id=\"pl-4841\"  class=\"panel-layout\" ><div id=\"pg-4841-0\"  class=\"panel-grid panel-no-style\" ><div id=\"pgc-4841-0-0\"  class=\"panel-grid-cell\" ><div id=\"panel-4841-0-0-0\" class=\"so-panel widget widget_sow-editor panel-first-child panel-last-child\" data-index=\"0\" ><div class=\"panel-widget-style panel-widget-style-for-4841-0-0-0\" ><div\n\t\t\t\n\t\t\tclass=\"so-widget-sow-editor so-widget-sow-editor-base\"\n\t\t\t\n\t\t>\n<div class=\"siteorigin-widget-tinymce textwidget\">\n\t<p style=\"text-align: left;\"><span style=\"color: #ffffff;\"><img loading=\"lazy\" decoding=\"async\" class=\"alignleft wp-image-5153\" src=\"http:\/\/www.laboratoire-geosciences-ocean-ubs.fr\/wp-content\/uploads\/2020\/04\/Camille_Traini-2-300x300.jpg\" alt=\"\" width=\"300\" height=\"300\" srcset=\"https:\/\/www.laboratoire-geosciences-ocean-ubs.fr\/wp-content\/uploads\/2020\/04\/Camille_Traini-2-300x300.jpg 300w, https:\/\/www.laboratoire-geosciences-ocean-ubs.fr\/wp-content\/uploads\/2020\/04\/Camille_Traini-2-1024x1024.jpg 1024w, https:\/\/www.laboratoire-geosciences-ocean-ubs.fr\/wp-content\/uploads\/2020\/04\/Camille_Traini-2-150x150.jpg 150w, https:\/\/www.laboratoire-geosciences-ocean-ubs.fr\/wp-content\/uploads\/2020\/04\/Camille_Traini-2-768x768.jpg 768w, https:\/\/www.laboratoire-geosciences-ocean-ubs.fr\/wp-content\/uploads\/2020\/04\/Camille_Traini-2.jpg 1536w, https:\/\/www.laboratoire-geosciences-ocean-ubs.fr\/wp-content\/uploads\/2020\/04\/Camille_Traini-2-1080x1080.jpg 1080w\" sizes=\"auto, (max-width: 300px) 100vw, 300px\" \/><\/span><\/p>\n<h3 style=\"text-align: center;\"><span style=\"color: #ffffff;\">Camille Traini<\/span><\/h3>\n<p>&nbsp;<\/p>\n<p style=\"text-align: left;\">Thesis defendef in 2009<br \/>\nin Lorient<br \/>\nSpatial planning and Geography<\/p>\n<\/div>\n<\/div><\/div><\/div><\/div><\/div><div id=\"pg-4841-1\"  class=\"panel-grid panel-no-style\" ><div id=\"pgc-4841-1-0\"  class=\"panel-grid-cell\" ><div id=\"panel-4841-1-0-0\" class=\"so-panel widget widget_sow-editor panel-first-child panel-last-child\" data-index=\"1\" ><div\n\t\t\t\n\t\t\tclass=\"so-widget-sow-editor so-widget-sow-editor-base\"\n\t\t\t\n\t\t>\n<div class=\"siteorigin-widget-tinymce textwidget\">\n\t<h3 style=\"text-align: center;\">The Vilaine estuary : natural evolution and anthropisation<\/h3>\n<\/div>\n<\/div><\/div><\/div><\/div><div id=\"pg-4841-2\"  class=\"panel-grid panel-no-style\" ><div id=\"pgc-4841-2-0\"  class=\"panel-grid-cell\" ><div id=\"panel-4841-2-0-0\" class=\"so-panel widget widget_sow-editor panel-first-child panel-last-child\" data-index=\"2\" ><div\n\t\t\t\n\t\t\tclass=\"so-widget-sow-editor so-widget-sow-editor-base\"\n\t\t\t\n\t\t>\n<div class=\"siteorigin-widget-tinymce textwidget\">\n\t<h4 style=\"text-align: left;\"><span style=\"color: #1269b0;\">Abstract<\/span><\/h4>\n<p style=\"text-align: justify;\"><span style=\"color: #4b4b4c;\">The Vilaine estuary is located on the Atlantic coast in Southern Brittany. Since 1970, the Arzal dam has been protecting the Redon marshes from flooding. It constitutes an important reserve of fresh water and a main road. The presence of this structure has disrupted the hydro-sedimentary dynamics of the estuary ; this is mainly reflected in a pronounced silting of the estuary portion downstream of the dam. It took about twenty years for this structure to be integrated into the estuarine landscape and for the natural hydrodynamic parameters to take effect. Anthropic impacts must therefore be taken into account in the morpho-sedimentary functioning in order to predict their evolution and test curative and preventive solutions. The geomorphological heritage through hydrodynamic parameters (wind swell and tidal dynamics) has governed the sedimentary deposits and the estuary valley flooded about 10,000 to 9,000 years ago BP. The power of these deposits is important : locally it reaches about 40 meters. The five sequences of transgressive marine deposits recognized in the Vilaine Bay are also present within the estuary valley and up to about 40 km inland. The morphological control as well as the architecture of the deposits are indicating a ria-type sedimentary environment. The estuarine space of the Vilaine has therefore recorded the combination of natural and anthropic factors and will undergo further modifications in connection with the sea level rise over the next few years.<\/span><\/p>\n<\/div>\n<\/div><\/div><\/div><div id=\"pgc-4841-2-1\"  class=\"panel-grid-cell\" ><div id=\"panel-4841-2-1-0\" class=\"so-panel widget widget_sow-editor panel-first-child panel-last-child\" data-index=\"3\" ><div\n\t\t\t\n\t\t\tclass=\"so-widget-sow-editor so-widget-sow-editor-base\"\n\t\t\t\n\t\t>\n<div class=\"siteorigin-widget-tinymce textwidget\">\n\t<p style=\"text-align: left; padding-left: 40px;\"><span style=\"color: #1269b0;\"><strong>Supervisors<\/strong><\/span><span style=\"color: #4b4b4c;\"><br \/>\nDavid Menier<\/span><\/p>\n<p style=\"text-align: left; padding-left: 40px;\"><strong><span style=\"color: #1269b0;\">Keywords<br \/>\n<\/span><\/strong><span style=\"color: #4b4b4c;\">X-Ray fluorescence<br \/>\nHR sparker seismic system<br \/>\nArzal dam<br \/>\nBathymetric evolution<br \/>\nEstuarian sediments<br \/>\nLongshore drift<br \/>\nTransgression (Geology)<br \/>\nHolocene<br \/>\nFrance<br \/>\nVilaine estuary<\/span><\/p>\n<\/div>\n<\/div><\/div><\/div><\/div><\/div>","protected":false},"excerpt":{"rendered":"<p>Camille Traini &nbsp; Th\u00e8se soutenue en 2009 \u00e0 Lorient Domaine de la G\u00e9ographie et Am\u00e9nagement L&rsquo; estuaire de la Vilaine : \u00e9volution naturelle et anthropisation<\/p>","protected":false},"author":9,"featured_media":5156,"parent":3951,"menu_order":0,"comment_status":"closed","ping_status":"closed","template":"","meta":{"footnotes":""},"class_list":["post-4841","page","type-page","status-publish","has-post-thumbnail","hentry"],"yoast_head":"<!-- This site is optimized with the Yoast SEO plugin v27.4 - https:\/\/yoast.com\/product\/yoast-seo-wordpress\/ -->\n<title>Camille Traini (Th\u00e8se) - LGO - P\u00f4le UBS<\/title>\n<meta name=\"description\" content=\"Retrouvez ici la th\u00e8se de Camille Traini sur L&#039; estuaire de la Vilaine : \u00e9volution naturelle et anthropisation...\" \/>\n<meta name=\"robots\" content=\"index, follow, max-snippet:-1, max-image-preview:large, max-video-preview:-1\" \/>\n<link rel=\"canonical\" href=\"https:\/\/www.laboratoire-geosciences-ocean-ubs.fr\/en\/theses-post-docs\/camille-traini-these\/\" \/>\n<meta property=\"og:locale\" content=\"en_GB\" \/>\n<meta property=\"og:type\" content=\"article\" \/>\n<meta property=\"og:title\" content=\"Camille Traini (Th\u00e8se) - LGO - P\u00f4le UBS\" \/>\n<meta property=\"og:description\" content=\"Retrouvez ici la th\u00e8se de Camille Traini sur L&#039; estuaire de la Vilaine : \u00e9volution naturelle et anthropisation...\" \/>\n<meta property=\"og:url\" content=\"https:\/\/www.laboratoire-geosciences-ocean-ubs.fr\/en\/theses-post-docs\/camille-traini-these\/\" \/>\n<meta property=\"og:site_name\" content=\"LGO - P\u00f4le UBS\" \/>\n<meta property=\"article:publisher\" content=\"https:\/\/www.facebook.com\/search\/top\/?q=algobox%20%3aun%20outil%20%c3%a9cologique%20de%20r%c3%a9g%c3%a9n%c3%a9ration%20des%20dunes\" \/>\n<meta property=\"article:modified_time\" content=\"2020-12-04T23:54:27+00:00\" \/>\n<meta property=\"og:image\" content=\"https:\/\/www.laboratoire-geosciences-ocean-ubs.fr\/wp-content\/uploads\/2020\/04\/Camille_Traini-Background.jpg\" \/>\n\t<meta property=\"og:image:width\" content=\"2043\" \/>\n\t<meta property=\"og:image:height\" content=\"1355\" \/>\n\t<meta property=\"og:image:type\" content=\"image\/jpeg\" \/>\n<meta name=\"twitter:card\" content=\"summary_large_image\" \/>\n<meta name=\"twitter:label1\" content=\"Estimated reading time\" \/>\n\t<meta name=\"twitter:data1\" content=\"2 minutes\" \/>\n<script type=\"application\/ld+json\" class=\"yoast-schema-graph\">{\"@context\":\"https:\\\/\\\/schema.org\",\"@graph\":[{\"@type\":\"WebPage\",\"@id\":\"https:\\\/\\\/www.laboratoire-geosciences-ocean-ubs.fr\\\/theses-post-docs\\\/camille-traini-these\\\/\",\"url\":\"https:\\\/\\\/www.laboratoire-geosciences-ocean-ubs.fr\\\/theses-post-docs\\\/camille-traini-these\\\/\",\"name\":\"Camille Traini (Th\u00e8se) - LGO - P\u00f4le UBS\",\"isPartOf\":{\"@id\":\"https:\\\/\\\/www.laboratoire-geosciences-ocean-ubs.fr\\\/#website\"},\"primaryImageOfPage\":{\"@id\":\"https:\\\/\\\/www.laboratoire-geosciences-ocean-ubs.fr\\\/theses-post-docs\\\/camille-traini-these\\\/#primaryimage\"},\"image\":{\"@id\":\"https:\\\/\\\/www.laboratoire-geosciences-ocean-ubs.fr\\\/theses-post-docs\\\/camille-traini-these\\\/#primaryimage\"},\"thumbnailUrl\":\"https:\\\/\\\/www.laboratoire-geosciences-ocean-ubs.fr\\\/wp-content\\\/uploads\\\/2020\\\/04\\\/Camille_Traini-Background.jpg\",\"datePublished\":\"2020-04-12T16:43:40+00:00\",\"dateModified\":\"2020-12-04T23:54:27+00:00\",\"description\":\"Retrouvez ici la th\u00e8se de Camille Traini sur L' estuaire de la Vilaine : \u00e9volution naturelle et anthropisation...\",\"breadcrumb\":{\"@id\":\"https:\\\/\\\/www.laboratoire-geosciences-ocean-ubs.fr\\\/theses-post-docs\\\/camille-traini-these\\\/#breadcrumb\"},\"inLanguage\":\"en-GB\",\"potentialAction\":[{\"@type\":\"ReadAction\",\"target\":[\"https:\\\/\\\/www.laboratoire-geosciences-ocean-ubs.fr\\\/theses-post-docs\\\/camille-traini-these\\\/\"]}]},{\"@type\":\"ImageObject\",\"inLanguage\":\"en-GB\",\"@id\":\"https:\\\/\\\/www.laboratoire-geosciences-ocean-ubs.fr\\\/theses-post-docs\\\/camille-traini-these\\\/#primaryimage\",\"url\":\"https:\\\/\\\/www.laboratoire-geosciences-ocean-ubs.fr\\\/wp-content\\\/uploads\\\/2020\\\/04\\\/Camille_Traini-Background.jpg\",\"contentUrl\":\"https:\\\/\\\/www.laboratoire-geosciences-ocean-ubs.fr\\\/wp-content\\\/uploads\\\/2020\\\/04\\\/Camille_Traini-Background.jpg\",\"width\":2043,\"height\":1355},{\"@type\":\"BreadcrumbList\",\"@id\":\"https:\\\/\\\/www.laboratoire-geosciences-ocean-ubs.fr\\\/theses-post-docs\\\/camille-traini-these\\\/#breadcrumb\",\"itemListElement\":[{\"@type\":\"ListItem\",\"position\":1,\"name\":\"Accueil\",\"item\":\"https:\\\/\\\/www.laboratoire-geosciences-ocean-ubs.fr\\\/\"},{\"@type\":\"ListItem\",\"position\":2,\"name\":\"Th\u00e8ses et Post-docs\",\"item\":\"https:\\\/\\\/www.laboratoire-geosciences-ocean-ubs.fr\\\/theses-post-docs\\\/\"},{\"@type\":\"ListItem\",\"position\":3,\"name\":\"Camille Traini (Th\u00e8se)\"}]},{\"@type\":\"WebSite\",\"@id\":\"https:\\\/\\\/www.laboratoire-geosciences-ocean-ubs.fr\\\/#website\",\"url\":\"https:\\\/\\\/www.laboratoire-geosciences-ocean-ubs.fr\\\/\",\"name\":\"LGO - P\u00f4le UBS\",\"description\":\"Une expertise durable des milieux marins et c\u00f4tiers\",\"publisher\":{\"@id\":\"https:\\\/\\\/www.laboratoire-geosciences-ocean-ubs.fr\\\/#organization\"},\"potentialAction\":[{\"@type\":\"SearchAction\",\"target\":{\"@type\":\"EntryPoint\",\"urlTemplate\":\"https:\\\/\\\/www.laboratoire-geosciences-ocean-ubs.fr\\\/?s={search_term_string}\"},\"query-input\":{\"@type\":\"PropertyValueSpecification\",\"valueRequired\":true,\"valueName\":\"search_term_string\"}}],\"inLanguage\":\"en-GB\"},{\"@type\":\"Organization\",\"@id\":\"https:\\\/\\\/www.laboratoire-geosciences-ocean-ubs.fr\\\/#organization\",\"name\":\"OCLM\",\"url\":\"https:\\\/\\\/www.laboratoire-geosciences-ocean-ubs.fr\\\/\",\"logo\":{\"@type\":\"ImageObject\",\"inLanguage\":\"en-GB\",\"@id\":\"https:\\\/\\\/www.laboratoire-geosciences-ocean-ubs.fr\\\/#\\\/schema\\\/logo\\\/image\\\/\",\"url\":\"https:\\\/\\\/www.laboratoire-geosciences-ocean-ubs.fr\\\/wp-content\\\/uploads\\\/2021\\\/12\\\/cropped-cropped-goo-hd-geo-ocean-tutelles-noir.png\",\"contentUrl\":\"https:\\\/\\\/www.laboratoire-geosciences-ocean-ubs.fr\\\/wp-content\\\/uploads\\\/2021\\\/12\\\/cropped-cropped-goo-hd-geo-ocean-tutelles-noir.png\",\"width\":2887,\"height\":1485,\"caption\":\"OCLM\"},\"image\":{\"@id\":\"https:\\\/\\\/www.laboratoire-geosciences-ocean-ubs.fr\\\/#\\\/schema\\\/logo\\\/image\\\/\"},\"sameAs\":[\"https:\\\/\\\/www.facebook.com\\\/search\\\/top\\\/?q=algobox :un outil \u00e9cologique de r\u00e9g\u00e9n\u00e9ration des dunes\"]}]}<\/script>\n<!-- \/ Yoast SEO plugin. -->","yoast_head_json":{"title":"Camille Traini (Th\u00e8se) - LGO - P\u00f4le UBS","description":"Retrouvez ici la th\u00e8se de Camille Traini sur L' estuaire de la Vilaine : \u00e9volution naturelle et anthropisation...","robots":{"index":"index","follow":"follow","max-snippet":"max-snippet:-1","max-image-preview":"max-image-preview:large","max-video-preview":"max-video-preview:-1"},"canonical":"https:\/\/www.laboratoire-geosciences-ocean-ubs.fr\/en\/theses-post-docs\/camille-traini-these\/","og_locale":"en_GB","og_type":"article","og_title":"Camille Traini (Th\u00e8se) - LGO - P\u00f4le UBS","og_description":"Retrouvez ici la th\u00e8se de Camille Traini sur L' estuaire de la Vilaine : \u00e9volution naturelle et anthropisation...","og_url":"https:\/\/www.laboratoire-geosciences-ocean-ubs.fr\/en\/theses-post-docs\/camille-traini-these\/","og_site_name":"LGO - P\u00f4le UBS","article_publisher":"https:\/\/www.facebook.com\/search\/top\/?q=algobox%20%3aun%20outil%20%c3%a9cologique%20de%20r%c3%a9g%c3%a9n%c3%a9ration%20des%20dunes","article_modified_time":"2020-12-04T23:54:27+00:00","og_image":[{"width":2043,"height":1355,"url":"https:\/\/www.laboratoire-geosciences-ocean-ubs.fr\/wp-content\/uploads\/2020\/04\/Camille_Traini-Background.jpg","type":"image\/jpeg"}],"twitter_card":"summary_large_image","twitter_misc":{"Estimated reading time":"2 minutes"},"schema":{"@context":"https:\/\/schema.org","@graph":[{"@type":"WebPage","@id":"https:\/\/www.laboratoire-geosciences-ocean-ubs.fr\/theses-post-docs\/camille-traini-these\/","url":"https:\/\/www.laboratoire-geosciences-ocean-ubs.fr\/theses-post-docs\/camille-traini-these\/","name":"Camille Traini (Th\u00e8se) - LGO - P\u00f4le UBS","isPartOf":{"@id":"https:\/\/www.laboratoire-geosciences-ocean-ubs.fr\/#website"},"primaryImageOfPage":{"@id":"https:\/\/www.laboratoire-geosciences-ocean-ubs.fr\/theses-post-docs\/camille-traini-these\/#primaryimage"},"image":{"@id":"https:\/\/www.laboratoire-geosciences-ocean-ubs.fr\/theses-post-docs\/camille-traini-these\/#primaryimage"},"thumbnailUrl":"https:\/\/www.laboratoire-geosciences-ocean-ubs.fr\/wp-content\/uploads\/2020\/04\/Camille_Traini-Background.jpg","datePublished":"2020-04-12T16:43:40+00:00","dateModified":"2020-12-04T23:54:27+00:00","description":"Retrouvez ici la th\u00e8se de Camille Traini sur L' estuaire de la Vilaine : \u00e9volution naturelle et anthropisation...","breadcrumb":{"@id":"https:\/\/www.laboratoire-geosciences-ocean-ubs.fr\/theses-post-docs\/camille-traini-these\/#breadcrumb"},"inLanguage":"en-GB","potentialAction":[{"@type":"ReadAction","target":["https:\/\/www.laboratoire-geosciences-ocean-ubs.fr\/theses-post-docs\/camille-traini-these\/"]}]},{"@type":"ImageObject","inLanguage":"en-GB","@id":"https:\/\/www.laboratoire-geosciences-ocean-ubs.fr\/theses-post-docs\/camille-traini-these\/#primaryimage","url":"https:\/\/www.laboratoire-geosciences-ocean-ubs.fr\/wp-content\/uploads\/2020\/04\/Camille_Traini-Background.jpg","contentUrl":"https:\/\/www.laboratoire-geosciences-ocean-ubs.fr\/wp-content\/uploads\/2020\/04\/Camille_Traini-Background.jpg","width":2043,"height":1355},{"@type":"BreadcrumbList","@id":"https:\/\/www.laboratoire-geosciences-ocean-ubs.fr\/theses-post-docs\/camille-traini-these\/#breadcrumb","itemListElement":[{"@type":"ListItem","position":1,"name":"Accueil","item":"https:\/\/www.laboratoire-geosciences-ocean-ubs.fr\/"},{"@type":"ListItem","position":2,"name":"Th\u00e8ses et Post-docs","item":"https:\/\/www.laboratoire-geosciences-ocean-ubs.fr\/theses-post-docs\/"},{"@type":"ListItem","position":3,"name":"Camille Traini (Th\u00e8se)"}]},{"@type":"WebSite","@id":"https:\/\/www.laboratoire-geosciences-ocean-ubs.fr\/#website","url":"https:\/\/www.laboratoire-geosciences-ocean-ubs.fr\/","name":"LGO - P\u00f4le UBS","description":"Une expertise durable des milieux marins et c\u00f4tiers","publisher":{"@id":"https:\/\/www.laboratoire-geosciences-ocean-ubs.fr\/#organization"},"potentialAction":[{"@type":"SearchAction","target":{"@type":"EntryPoint","urlTemplate":"https:\/\/www.laboratoire-geosciences-ocean-ubs.fr\/?s={search_term_string}"},"query-input":{"@type":"PropertyValueSpecification","valueRequired":true,"valueName":"search_term_string"}}],"inLanguage":"en-GB"},{"@type":"Organization","@id":"https:\/\/www.laboratoire-geosciences-ocean-ubs.fr\/#organization","name":"OCLM","url":"https:\/\/www.laboratoire-geosciences-ocean-ubs.fr\/","logo":{"@type":"ImageObject","inLanguage":"en-GB","@id":"https:\/\/www.laboratoire-geosciences-ocean-ubs.fr\/#\/schema\/logo\/image\/","url":"https:\/\/www.laboratoire-geosciences-ocean-ubs.fr\/wp-content\/uploads\/2021\/12\/cropped-cropped-goo-hd-geo-ocean-tutelles-noir.png","contentUrl":"https:\/\/www.laboratoire-geosciences-ocean-ubs.fr\/wp-content\/uploads\/2021\/12\/cropped-cropped-goo-hd-geo-ocean-tutelles-noir.png","width":2887,"height":1485,"caption":"OCLM"},"image":{"@id":"https:\/\/www.laboratoire-geosciences-ocean-ubs.fr\/#\/schema\/logo\/image\/"},"sameAs":["https:\/\/www.facebook.com\/search\/top\/?q=algobox :un outil \u00e9cologique de r\u00e9g\u00e9n\u00e9ration des dunes"]}]}},"_links":{"self":[{"href":"https:\/\/www.laboratoire-geosciences-ocean-ubs.fr\/en\/wp-json\/wp\/v2\/pages\/4841","targetHints":{"allow":["GET"]}}],"collection":[{"href":"https:\/\/www.laboratoire-geosciences-ocean-ubs.fr\/en\/wp-json\/wp\/v2\/pages"}],"about":[{"href":"https:\/\/www.laboratoire-geosciences-ocean-ubs.fr\/en\/wp-json\/wp\/v2\/types\/page"}],"author":[{"embeddable":true,"href":"https:\/\/www.laboratoire-geosciences-ocean-ubs.fr\/en\/wp-json\/wp\/v2\/users\/9"}],"replies":[{"embeddable":true,"href":"https:\/\/www.laboratoire-geosciences-ocean-ubs.fr\/en\/wp-json\/wp\/v2\/comments?post=4841"}],"version-history":[{"count":0,"href":"https:\/\/www.laboratoire-geosciences-ocean-ubs.fr\/en\/wp-json\/wp\/v2\/pages\/4841\/revisions"}],"up":[{"embeddable":true,"href":"https:\/\/www.laboratoire-geosciences-ocean-ubs.fr\/en\/wp-json\/wp\/v2\/pages\/3951"}],"wp:featuredmedia":[{"embeddable":true,"href":"https:\/\/www.laboratoire-geosciences-ocean-ubs.fr\/en\/wp-json\/wp\/v2\/media\/5156"}],"wp:attachment":[{"href":"https:\/\/www.laboratoire-geosciences-ocean-ubs.fr\/en\/wp-json\/wp\/v2\/media?parent=4841"}],"curies":[{"name":"wp","href":"https:\/\/api.w.org\/{rel}","templated":true}]}}