{"id":4817,"date":"2020-04-12T00:08:18","date_gmt":"2020-04-11T22:08:18","guid":{"rendered":"http:\/\/www.laboratoire-geosciences-ocean-ubs.fr\/?page_id=4817"},"modified":"2020-12-05T00:52:33","modified_gmt":"2020-12-04T23:52:33","slug":"joselyn-jimenez-these","status":"publish","type":"page","link":"https:\/\/www.laboratoire-geosciences-ocean-ubs.fr\/en\/theses-post-docs\/joselyn-jimenez-these\/","title":{"rendered":"Joselyn Jimenez (PhD)"},"content":{"rendered":"<div id=\"pl-4817\"  class=\"panel-layout\" ><div id=\"pg-4817-0\"  class=\"panel-grid panel-no-style\" ><div id=\"pgc-4817-0-0\"  class=\"panel-grid-cell\" ><div id=\"panel-4817-0-0-0\" class=\"so-panel widget widget_sow-editor panel-first-child panel-last-child\" data-index=\"0\" ><div class=\"panel-widget-style panel-widget-style-for-4817-0-0-0\" ><div\n\t\t\t\n\t\t\tclass=\"so-widget-sow-editor so-widget-sow-editor-base\"\n\t\t\t\n\t\t>\n<div class=\"siteorigin-widget-tinymce textwidget\">\n\t<p style=\"text-align: left;\"><span style=\"color: #ffffff;\"><img loading=\"lazy\" decoding=\"async\" class=\"alignleft wp-image-5125\" src=\"https:\/\/www.laboratoire-geosciences-ocean-ubs.fr\/wp-content\/uploads\/2020\/04\/Joselyn_Jimenez-300x290.jpg\" alt=\"\" width=\"310\" height=\"300\" srcset=\"https:\/\/www.laboratoire-geosciences-ocean-ubs.fr\/wp-content\/uploads\/2020\/04\/Joselyn_Jimenez-300x290.jpg 300w, https:\/\/www.laboratoire-geosciences-ocean-ubs.fr\/wp-content\/uploads\/2020\/04\/Joselyn_Jimenez-1024x990.jpg 1024w, https:\/\/www.laboratoire-geosciences-ocean-ubs.fr\/wp-content\/uploads\/2020\/04\/Joselyn_Jimenez-768x742.jpg 768w, https:\/\/www.laboratoire-geosciences-ocean-ubs.fr\/wp-content\/uploads\/2020\/04\/Joselyn_Jimenez.jpg 1046w\" sizes=\"auto, (max-width: 310px) 100vw, 310px\" \/><\/span><\/p>\n<h3 style=\"text-align: center;\"><span style=\"color: #ffffff;\">Joselyn Jimenez<\/span><\/h3>\n<p>&nbsp;<\/p>\n<p style=\"text-align: left;\">Thesis defended on July 07th 2016<br \/>\nin Lorient<br \/>\nMarine Geosciences<\/p>\n<\/div>\n<\/div><\/div><\/div><\/div><\/div><div id=\"pg-4817-1\"  class=\"panel-grid panel-no-style\" ><div id=\"pgc-4817-1-0\"  class=\"panel-grid-cell\" ><div id=\"panel-4817-1-0-0\" class=\"so-panel widget widget_sow-editor panel-first-child panel-last-child\" data-index=\"1\" ><div\n\t\t\t\n\t\t\tclass=\"so-widget-sow-editor so-widget-sow-editor-base\"\n\t\t\t\n\t\t>\n<div class=\"siteorigin-widget-tinymce textwidget\">\n\t<h3 style=\"text-align: center;\">Behavior of ETMs in the surface sediments of the Gulf of Morbihan and the Bay of Quiberon : Spatial distribution, speciation, bioavailability and relation to sediments of ports and rivers.<\/h3>\n<\/div>\n<\/div><\/div><\/div><\/div><div id=\"pg-4817-2\"  class=\"panel-grid panel-no-style\" ><div id=\"pgc-4817-2-0\"  class=\"panel-grid-cell\" ><div id=\"panel-4817-2-0-0\" class=\"so-panel widget widget_sow-editor panel-first-child panel-last-child\" data-index=\"2\" ><div\n\t\t\t\n\t\t\tclass=\"so-widget-sow-editor so-widget-sow-editor-base\"\n\t\t\t\n\t\t>\n<div class=\"siteorigin-widget-tinymce textwidget\">\n\t<h4 style=\"text-align: left;\"><span style=\"color: #1269b0;\">Abstract<\/span><\/h4>\n<p style=\"text-align: justify;\"><span style=\"color: #4b4b4c;\">Surface sediments in the Gulf of Morbihan and the Bay of Quiberon were analyzed in order to characterize the trace metals elements, their behavior, the processes that control their spatial distribution, their speciation, reactivity and bioavailability. Potential sources of metals were looked for, based on the analysis of nearby harbors and river basin\u2019s sediments. The analyses were done on the fraction below 63 \u00b5m of the sediments collected in April 2013. MTEs total concentration and speciation were obtained from total and selective attacks, respectively.The enrichment of Zn, Cu, Cd et Pb was identified in the surface sediments of the Gulf of Morbihan. Pb lability and bioavailability were shown in the sediments of the Bay of Quiberon. The MTEs behavior of the Morbihan\u2019s coast is mostly controlled by the land-sea gradient. However, harbors and rivers form sources of ETMs, principally of Cu and Zn.<\/span><\/p>\n<\/div>\n<\/div><\/div><\/div><div id=\"pgc-4817-2-1\"  class=\"panel-grid-cell\" ><div id=\"panel-4817-2-1-0\" class=\"so-panel widget widget_sow-editor panel-first-child panel-last-child\" data-index=\"3\" ><div\n\t\t\t\n\t\t\tclass=\"so-widget-sow-editor so-widget-sow-editor-base\"\n\t\t\t\n\t\t>\n<div class=\"siteorigin-widget-tinymce textwidget\">\n\t<p style=\"padding-left: 40px;\"><a href=\"https:\/\/tel.archives-ouvertes.fr\/tel-01529571\/document\" target=\"_blank\" rel=\"noopener\"><img loading=\"lazy\" decoding=\"async\" class=\"alignnone wp-image-4805\" src=\"https:\/\/www.laboratoire-geosciences-ocean-ubs.fr\/wp-content\/uploads\/2020\/04\/icons8-document-500_blue-1-300x300.png\" alt=\"\" width=\"100\" height=\"100\" srcset=\"https:\/\/www.laboratoire-geosciences-ocean-ubs.fr\/wp-content\/uploads\/2020\/04\/icons8-document-500_blue-1-300x300.png 300w, https:\/\/www.laboratoire-geosciences-ocean-ubs.fr\/wp-content\/uploads\/2020\/04\/icons8-document-500_blue-1-150x150.png 150w, https:\/\/www.laboratoire-geosciences-ocean-ubs.fr\/wp-content\/uploads\/2020\/04\/icons8-document-500_blue-1.png 500w\" sizes=\"auto, (max-width: 100px) 100vw, 100px\" \/><\/a><\/p>\n<p style=\"text-align: left; padding-left: 40px;\"><span style=\"color: #1269b0;\"><strong>Supervisors<\/strong><br \/>\n<\/span><span style=\"color: #4b4b4c;\">David Menier<\/span><\/p>\n<p style=\"padding-left: 40px;\"><strong><span style=\"color: #1269b0;\">Members of the jury<br \/>\n<\/span><\/strong><span style=\"color: #4b4b4c;\">\u00c9velyne Goubert<\/span><br \/>\n<span style=\"color: #4b4b4c;\">Fran\u00e7ois Chabaux<\/span><br \/>\n<span style=\"color: #4b4b4c;\">Alexandra Coynel<\/span><br \/>\n<span style=\"color: #4b4b4c;\">Jose\u0301 Borrego Flores<\/span><\/p>\n<p style=\"padding-left: 40px;\"><strong><span style=\"color: #1269b0;\">Rapporteurs<\/span><\/strong><br \/>\n<span style=\"color: #4b4b4c;\">Christophe H\u00e9mond<\/span><\/p>\n<p style=\"text-align: left; padding-left: 40px;\"><strong><span style=\"color: #1269b0;\">Keywords<br \/>\n<\/span><\/strong><span style=\"color: #4b4b4c;\">TMEs (Trace Metallic Elements)<br \/>\nSpeciation<br \/>\nBiodisponibility<br \/>\nEstuarian sediments<br \/>\nMetal content<br \/>\nSea<br \/>\nMetal pollution<br \/>\nFrance<br \/>\nBay of Quiberon<\/span><\/p>\n<\/div>\n<\/div><\/div><\/div><\/div><\/div>","protected":false},"excerpt":{"rendered":"<p>Joselyn Jimenez &nbsp; Th\u00e8se soutenue le\u00a020-07-2016 \u00e0 Lorient Domaine des G\u00e9osciences marines Comportement des ETMs dans les s\u00e9diments de surface du Golfe du Morbihan et la Baie de Quiberon : distribution spatiale, sp\u00e9ciation, biodisponibilit\u00e9 et relation avec les s\u00e9diments des ports et rivi\u00e8res<\/p>","protected":false},"author":9,"featured_media":5559,"parent":3951,"menu_order":0,"comment_status":"closed","ping_status":"closed","template":"","meta":{"footnotes":""},"class_list":["post-4817","page","type-page","status-publish","has-post-thumbnail","hentry"],"yoast_head":"<!-- This site is optimized with the Yoast SEO plugin v27.4 - https:\/\/yoast.com\/product\/yoast-seo-wordpress\/ -->\n<title>Joselyn Jimenez (Th\u00e8se) - LGO - P\u00f4le UBS<\/title>\n<meta name=\"description\" content=\"Retrouvez ici la th\u00e8se de Joselyn Jimenez sur le comportement des ETMs dans les s\u00e9diments de surface du Golfe du Morbihan et la Baie de Quiberon : distribution spatiale, sp\u00e9ciation, biodisponibilit\u00e9 et relation avec les s\u00e9diments des ports et rivi\u00e8res\" \/>\n<meta name=\"robots\" content=\"index, follow, max-snippet:-1, max-image-preview:large, max-video-preview:-1\" \/>\n<link rel=\"canonical\" href=\"https:\/\/www.laboratoire-geosciences-ocean-ubs.fr\/en\/theses-post-docs\/joselyn-jimenez-these\/\" \/>\n<meta property=\"og:locale\" content=\"en_GB\" \/>\n<meta property=\"og:type\" content=\"article\" \/>\n<meta property=\"og:title\" content=\"Joselyn Jimenez (Th\u00e8se) - LGO - P\u00f4le UBS\" \/>\n<meta property=\"og:description\" content=\"Retrouvez ici la th\u00e8se de Joselyn Jimenez sur le comportement des ETMs dans les s\u00e9diments de surface du Golfe du Morbihan et la Baie de Quiberon : distribution spatiale, sp\u00e9ciation, biodisponibilit\u00e9 et relation avec les s\u00e9diments des ports et rivi\u00e8res\" \/>\n<meta property=\"og:url\" content=\"https:\/\/www.laboratoire-geosciences-ocean-ubs.fr\/en\/theses-post-docs\/joselyn-jimenez-these\/\" \/>\n<meta property=\"og:site_name\" content=\"LGO - P\u00f4le UBS\" \/>\n<meta property=\"article:publisher\" content=\"https:\/\/www.facebook.com\/search\/top\/?q=algobox%20%3aun%20outil%20%c3%a9cologique%20de%20r%c3%a9g%c3%a9n%c3%a9ration%20des%20dunes\" \/>\n<meta property=\"article:modified_time\" content=\"2020-12-04T23:52:33+00:00\" \/>\n<meta property=\"og:image\" content=\"https:\/\/www.laboratoire-geosciences-ocean-ubs.fr\/wp-content\/uploads\/2020\/04\/Fort-Bloqu\u00e9_1-1-scaled.jpg\" \/>\n\t<meta property=\"og:image:width\" content=\"2560\" \/>\n\t<meta property=\"og:image:height\" content=\"1617\" \/>\n\t<meta property=\"og:image:type\" content=\"image\/jpeg\" \/>\n<meta name=\"twitter:card\" content=\"summary_large_image\" \/>\n<meta name=\"twitter:label1\" content=\"Estimated reading time\" \/>\n\t<meta name=\"twitter:data1\" content=\"1 minute\" \/>\n<script type=\"application\/ld+json\" class=\"yoast-schema-graph\">{\"@context\":\"https:\\\/\\\/schema.org\",\"@graph\":[{\"@type\":\"WebPage\",\"@id\":\"https:\\\/\\\/www.laboratoire-geosciences-ocean-ubs.fr\\\/theses-post-docs\\\/joselyn-jimenez-these\\\/\",\"url\":\"https:\\\/\\\/www.laboratoire-geosciences-ocean-ubs.fr\\\/theses-post-docs\\\/joselyn-jimenez-these\\\/\",\"name\":\"Joselyn Jimenez (Th\u00e8se) - LGO - P\u00f4le UBS\",\"isPartOf\":{\"@id\":\"https:\\\/\\\/www.laboratoire-geosciences-ocean-ubs.fr\\\/#website\"},\"primaryImageOfPage\":{\"@id\":\"https:\\\/\\\/www.laboratoire-geosciences-ocean-ubs.fr\\\/theses-post-docs\\\/joselyn-jimenez-these\\\/#primaryimage\"},\"image\":{\"@id\":\"https:\\\/\\\/www.laboratoire-geosciences-ocean-ubs.fr\\\/theses-post-docs\\\/joselyn-jimenez-these\\\/#primaryimage\"},\"thumbnailUrl\":\"https:\\\/\\\/www.laboratoire-geosciences-ocean-ubs.fr\\\/wp-content\\\/uploads\\\/2020\\\/04\\\/Fort-Bloqu\u00e9_1-1-scaled.jpg\",\"datePublished\":\"2020-04-11T22:08:18+00:00\",\"dateModified\":\"2020-12-04T23:52:33+00:00\",\"description\":\"Retrouvez ici la th\u00e8se de Joselyn Jimenez sur le comportement des ETMs dans les s\u00e9diments de surface du Golfe du Morbihan et la Baie de Quiberon : distribution spatiale, sp\u00e9ciation, biodisponibilit\u00e9 et relation avec les s\u00e9diments des ports et rivi\u00e8res\",\"breadcrumb\":{\"@id\":\"https:\\\/\\\/www.laboratoire-geosciences-ocean-ubs.fr\\\/theses-post-docs\\\/joselyn-jimenez-these\\\/#breadcrumb\"},\"inLanguage\":\"en-GB\",\"potentialAction\":[{\"@type\":\"ReadAction\",\"target\":[\"https:\\\/\\\/www.laboratoire-geosciences-ocean-ubs.fr\\\/theses-post-docs\\\/joselyn-jimenez-these\\\/\"]}]},{\"@type\":\"ImageObject\",\"inLanguage\":\"en-GB\",\"@id\":\"https:\\\/\\\/www.laboratoire-geosciences-ocean-ubs.fr\\\/theses-post-docs\\\/joselyn-jimenez-these\\\/#primaryimage\",\"url\":\"https:\\\/\\\/www.laboratoire-geosciences-ocean-ubs.fr\\\/wp-content\\\/uploads\\\/2020\\\/04\\\/Fort-Bloqu\u00e9_1-1-scaled.jpg\",\"contentUrl\":\"https:\\\/\\\/www.laboratoire-geosciences-ocean-ubs.fr\\\/wp-content\\\/uploads\\\/2020\\\/04\\\/Fort-Bloqu\u00e9_1-1-scaled.jpg\",\"width\":2560,\"height\":1617,\"caption\":\"DCIM100MEDIADJI_0108.JPG\"},{\"@type\":\"BreadcrumbList\",\"@id\":\"https:\\\/\\\/www.laboratoire-geosciences-ocean-ubs.fr\\\/theses-post-docs\\\/joselyn-jimenez-these\\\/#breadcrumb\",\"itemListElement\":[{\"@type\":\"ListItem\",\"position\":1,\"name\":\"Accueil\",\"item\":\"https:\\\/\\\/www.laboratoire-geosciences-ocean-ubs.fr\\\/\"},{\"@type\":\"ListItem\",\"position\":2,\"name\":\"Th\u00e8ses et Post-docs\",\"item\":\"https:\\\/\\\/www.laboratoire-geosciences-ocean-ubs.fr\\\/theses-post-docs\\\/\"},{\"@type\":\"ListItem\",\"position\":3,\"name\":\"Joselyn Jimenez (Th\u00e8se)\"}]},{\"@type\":\"WebSite\",\"@id\":\"https:\\\/\\\/www.laboratoire-geosciences-ocean-ubs.fr\\\/#website\",\"url\":\"https:\\\/\\\/www.laboratoire-geosciences-ocean-ubs.fr\\\/\",\"name\":\"LGO - P\u00f4le UBS\",\"description\":\"Une expertise durable des milieux marins et c\u00f4tiers\",\"publisher\":{\"@id\":\"https:\\\/\\\/www.laboratoire-geosciences-ocean-ubs.fr\\\/#organization\"},\"potentialAction\":[{\"@type\":\"SearchAction\",\"target\":{\"@type\":\"EntryPoint\",\"urlTemplate\":\"https:\\\/\\\/www.laboratoire-geosciences-ocean-ubs.fr\\\/?s={search_term_string}\"},\"query-input\":{\"@type\":\"PropertyValueSpecification\",\"valueRequired\":true,\"valueName\":\"search_term_string\"}}],\"inLanguage\":\"en-GB\"},{\"@type\":\"Organization\",\"@id\":\"https:\\\/\\\/www.laboratoire-geosciences-ocean-ubs.fr\\\/#organization\",\"name\":\"OCLM\",\"url\":\"https:\\\/\\\/www.laboratoire-geosciences-ocean-ubs.fr\\\/\",\"logo\":{\"@type\":\"ImageObject\",\"inLanguage\":\"en-GB\",\"@id\":\"https:\\\/\\\/www.laboratoire-geosciences-ocean-ubs.fr\\\/#\\\/schema\\\/logo\\\/image\\\/\",\"url\":\"https:\\\/\\\/www.laboratoire-geosciences-ocean-ubs.fr\\\/wp-content\\\/uploads\\\/2021\\\/12\\\/cropped-cropped-goo-hd-geo-ocean-tutelles-noir.png\",\"contentUrl\":\"https:\\\/\\\/www.laboratoire-geosciences-ocean-ubs.fr\\\/wp-content\\\/uploads\\\/2021\\\/12\\\/cropped-cropped-goo-hd-geo-ocean-tutelles-noir.png\",\"width\":2887,\"height\":1485,\"caption\":\"OCLM\"},\"image\":{\"@id\":\"https:\\\/\\\/www.laboratoire-geosciences-ocean-ubs.fr\\\/#\\\/schema\\\/logo\\\/image\\\/\"},\"sameAs\":[\"https:\\\/\\\/www.facebook.com\\\/search\\\/top\\\/?q=algobox :un outil \u00e9cologique de r\u00e9g\u00e9n\u00e9ration des dunes\"]}]}<\/script>\n<!-- \/ Yoast SEO plugin. -->","yoast_head_json":{"title":"Joselyn Jimenez (Th\u00e8se) - LGO - P\u00f4le UBS","description":"Retrouvez ici la th\u00e8se de Joselyn Jimenez sur le comportement des ETMs dans les s\u00e9diments de surface du Golfe du Morbihan et la Baie de Quiberon : distribution spatiale, sp\u00e9ciation, biodisponibilit\u00e9 et relation avec les s\u00e9diments des ports et rivi\u00e8res","robots":{"index":"index","follow":"follow","max-snippet":"max-snippet:-1","max-image-preview":"max-image-preview:large","max-video-preview":"max-video-preview:-1"},"canonical":"https:\/\/www.laboratoire-geosciences-ocean-ubs.fr\/en\/theses-post-docs\/joselyn-jimenez-these\/","og_locale":"en_GB","og_type":"article","og_title":"Joselyn Jimenez (Th\u00e8se) - LGO - P\u00f4le UBS","og_description":"Retrouvez ici la th\u00e8se de Joselyn Jimenez sur le comportement des ETMs dans les s\u00e9diments de surface du Golfe du Morbihan et la Baie de Quiberon : distribution spatiale, sp\u00e9ciation, biodisponibilit\u00e9 et relation avec les s\u00e9diments des ports et rivi\u00e8res","og_url":"https:\/\/www.laboratoire-geosciences-ocean-ubs.fr\/en\/theses-post-docs\/joselyn-jimenez-these\/","og_site_name":"LGO - P\u00f4le UBS","article_publisher":"https:\/\/www.facebook.com\/search\/top\/?q=algobox%20%3aun%20outil%20%c3%a9cologique%20de%20r%c3%a9g%c3%a9n%c3%a9ration%20des%20dunes","article_modified_time":"2020-12-04T23:52:33+00:00","og_image":[{"width":2560,"height":1617,"url":"https:\/\/www.laboratoire-geosciences-ocean-ubs.fr\/wp-content\/uploads\/2020\/04\/Fort-Bloqu\u00e9_1-1-scaled.jpg","type":"image\/jpeg"}],"twitter_card":"summary_large_image","twitter_misc":{"Estimated reading time":"1 minute"},"schema":{"@context":"https:\/\/schema.org","@graph":[{"@type":"WebPage","@id":"https:\/\/www.laboratoire-geosciences-ocean-ubs.fr\/theses-post-docs\/joselyn-jimenez-these\/","url":"https:\/\/www.laboratoire-geosciences-ocean-ubs.fr\/theses-post-docs\/joselyn-jimenez-these\/","name":"Joselyn Jimenez (Th\u00e8se) - LGO - P\u00f4le UBS","isPartOf":{"@id":"https:\/\/www.laboratoire-geosciences-ocean-ubs.fr\/#website"},"primaryImageOfPage":{"@id":"https:\/\/www.laboratoire-geosciences-ocean-ubs.fr\/theses-post-docs\/joselyn-jimenez-these\/#primaryimage"},"image":{"@id":"https:\/\/www.laboratoire-geosciences-ocean-ubs.fr\/theses-post-docs\/joselyn-jimenez-these\/#primaryimage"},"thumbnailUrl":"https:\/\/www.laboratoire-geosciences-ocean-ubs.fr\/wp-content\/uploads\/2020\/04\/Fort-Bloqu\u00e9_1-1-scaled.jpg","datePublished":"2020-04-11T22:08:18+00:00","dateModified":"2020-12-04T23:52:33+00:00","description":"Retrouvez ici la th\u00e8se de Joselyn Jimenez sur le comportement des ETMs dans les s\u00e9diments de surface du Golfe du Morbihan et la Baie de Quiberon : distribution spatiale, sp\u00e9ciation, biodisponibilit\u00e9 et relation avec les s\u00e9diments des ports et rivi\u00e8res","breadcrumb":{"@id":"https:\/\/www.laboratoire-geosciences-ocean-ubs.fr\/theses-post-docs\/joselyn-jimenez-these\/#breadcrumb"},"inLanguage":"en-GB","potentialAction":[{"@type":"ReadAction","target":["https:\/\/www.laboratoire-geosciences-ocean-ubs.fr\/theses-post-docs\/joselyn-jimenez-these\/"]}]},{"@type":"ImageObject","inLanguage":"en-GB","@id":"https:\/\/www.laboratoire-geosciences-ocean-ubs.fr\/theses-post-docs\/joselyn-jimenez-these\/#primaryimage","url":"https:\/\/www.laboratoire-geosciences-ocean-ubs.fr\/wp-content\/uploads\/2020\/04\/Fort-Bloqu\u00e9_1-1-scaled.jpg","contentUrl":"https:\/\/www.laboratoire-geosciences-ocean-ubs.fr\/wp-content\/uploads\/2020\/04\/Fort-Bloqu\u00e9_1-1-scaled.jpg","width":2560,"height":1617,"caption":"DCIM100MEDIADJI_0108.JPG"},{"@type":"BreadcrumbList","@id":"https:\/\/www.laboratoire-geosciences-ocean-ubs.fr\/theses-post-docs\/joselyn-jimenez-these\/#breadcrumb","itemListElement":[{"@type":"ListItem","position":1,"name":"Accueil","item":"https:\/\/www.laboratoire-geosciences-ocean-ubs.fr\/"},{"@type":"ListItem","position":2,"name":"Th\u00e8ses et Post-docs","item":"https:\/\/www.laboratoire-geosciences-ocean-ubs.fr\/theses-post-docs\/"},{"@type":"ListItem","position":3,"name":"Joselyn Jimenez (Th\u00e8se)"}]},{"@type":"WebSite","@id":"https:\/\/www.laboratoire-geosciences-ocean-ubs.fr\/#website","url":"https:\/\/www.laboratoire-geosciences-ocean-ubs.fr\/","name":"LGO - P\u00f4le UBS","description":"Une expertise durable des milieux marins et c\u00f4tiers","publisher":{"@id":"https:\/\/www.laboratoire-geosciences-ocean-ubs.fr\/#organization"},"potentialAction":[{"@type":"SearchAction","target":{"@type":"EntryPoint","urlTemplate":"https:\/\/www.laboratoire-geosciences-ocean-ubs.fr\/?s={search_term_string}"},"query-input":{"@type":"PropertyValueSpecification","valueRequired":true,"valueName":"search_term_string"}}],"inLanguage":"en-GB"},{"@type":"Organization","@id":"https:\/\/www.laboratoire-geosciences-ocean-ubs.fr\/#organization","name":"OCLM","url":"https:\/\/www.laboratoire-geosciences-ocean-ubs.fr\/","logo":{"@type":"ImageObject","inLanguage":"en-GB","@id":"https:\/\/www.laboratoire-geosciences-ocean-ubs.fr\/#\/schema\/logo\/image\/","url":"https:\/\/www.laboratoire-geosciences-ocean-ubs.fr\/wp-content\/uploads\/2021\/12\/cropped-cropped-goo-hd-geo-ocean-tutelles-noir.png","contentUrl":"https:\/\/www.laboratoire-geosciences-ocean-ubs.fr\/wp-content\/uploads\/2021\/12\/cropped-cropped-goo-hd-geo-ocean-tutelles-noir.png","width":2887,"height":1485,"caption":"OCLM"},"image":{"@id":"https:\/\/www.laboratoire-geosciences-ocean-ubs.fr\/#\/schema\/logo\/image\/"},"sameAs":["https:\/\/www.facebook.com\/search\/top\/?q=algobox :un outil \u00e9cologique de r\u00e9g\u00e9n\u00e9ration des dunes"]}]}},"_links":{"self":[{"href":"https:\/\/www.laboratoire-geosciences-ocean-ubs.fr\/en\/wp-json\/wp\/v2\/pages\/4817","targetHints":{"allow":["GET"]}}],"collection":[{"href":"https:\/\/www.laboratoire-geosciences-ocean-ubs.fr\/en\/wp-json\/wp\/v2\/pages"}],"about":[{"href":"https:\/\/www.laboratoire-geosciences-ocean-ubs.fr\/en\/wp-json\/wp\/v2\/types\/page"}],"author":[{"embeddable":true,"href":"https:\/\/www.laboratoire-geosciences-ocean-ubs.fr\/en\/wp-json\/wp\/v2\/users\/9"}],"replies":[{"embeddable":true,"href":"https:\/\/www.laboratoire-geosciences-ocean-ubs.fr\/en\/wp-json\/wp\/v2\/comments?post=4817"}],"version-history":[{"count":0,"href":"https:\/\/www.laboratoire-geosciences-ocean-ubs.fr\/en\/wp-json\/wp\/v2\/pages\/4817\/revisions"}],"up":[{"embeddable":true,"href":"https:\/\/www.laboratoire-geosciences-ocean-ubs.fr\/en\/wp-json\/wp\/v2\/pages\/3951"}],"wp:featuredmedia":[{"embeddable":true,"href":"https:\/\/www.laboratoire-geosciences-ocean-ubs.fr\/en\/wp-json\/wp\/v2\/media\/5559"}],"wp:attachment":[{"href":"https:\/\/www.laboratoire-geosciences-ocean-ubs.fr\/en\/wp-json\/wp\/v2\/media?parent=4817"}],"curies":[{"name":"wp","href":"https:\/\/api.w.org\/{rel}","templated":true}]}}