{"id":4107,"date":"2020-03-17T14:43:21","date_gmt":"2020-03-17T13:43:21","guid":{"rendered":"http:\/\/www.laboratoire-geosciences-ocean-ubs.fr\/?page_id=4107"},"modified":"2025-04-14T16:09:43","modified_gmt":"2025-04-14T14:09:43","slug":"contact","status":"publish","type":"page","link":"https:\/\/www.laboratoire-geosciences-ocean-ubs.fr\/en\/contact\/","title":{"rendered":"Contact us"},"content":{"rendered":"<div id=\"pl-4107\"  class=\"panel-layout\" ><div id=\"pg-4107-0\"  class=\"panel-grid panel-has-style\" ><div class=\"panel-row-style panel-row-style-for-4107-0\" ><div id=\"pgc-4107-0-0\"  class=\"panel-grid-cell\" ><div class=\"panel-cell-style panel-cell-style-for-4107-0-0\" ><div id=\"panel-4107-0-0-0\" class=\"so-panel widget widget_sow-editor panel-first-child panel-last-child\" data-index=\"0\" ><div\n\t\t\t\n\t\t\tclass=\"so-widget-sow-editor so-widget-sow-editor-base\"\n\t\t\t\n\t\t>\n<div class=\"siteorigin-widget-tinymce textwidget\">\n\t<p><style type=\"text\/css\" id=\"gmpMapStyles_1_74377\">\n\t#google_map_easy_1_74377 {\n        width: 100%;\n        height: 250px;\n\t\t\t\t\t\t    }\n\t#gmapControlsNum_1_74377 {\n\t\twidth:100%\t}\n\t.gmpMapDetailsContainer#gmpMapDetailsContainer_1_74377 {\n\t\theight:250px;\n\t}\n\t.gmp_MapPreview#google_map_easy_1_74377 {\n\t\t\/*position:absolute;*\/\n\t\twidth: 100%;\n\t}\n\t#mapConElem_1_74377{\n\t\twidth: 100%\t}\n    .gm-style .gm-style-iw-c{\n        padding: 12px!important;\n    }\n\t    <\/style>\n<div class=\"gmp_map_opts\" id=\"mapConElem_1_74377\" data-id=\"1\" data-view-id=\"1_74377\" >\n<div class=\"gmpMapDetailsContainer\" id=\"gmpMapDetailsContainer_1_74377\"> <i class=\"gmpKMLLayersPreloader fa fa-spinner fa-spin\" aria-hidden=\"true\" style=\"display: none;\"><\/i> <\/p>\n<div class=\"gmp_MapPreview\" id=\"google_map_easy_1_74377\"><\/div>\n<\/p><\/div>\n<div class=\"gmpMapMarkerFilters\" id=\"gmpMapMarkerFilters_1_74377\"> <\/div>\n<div class=\"gmpMapProControlsCon\" id=\"gmpMapProControlsCon_1_74377\"> <a title=\"WordPress Google Maps Plugin\" style=\"display:none;\" href=\"https:\/\/supsystic.com\/plugins\/google-maps-plugin\/?utm_medium=love_link_hide\" target=\"_blank\">WordPress Google Maps Plugin<\/a><\/p>\n<div style=\"clear: both;\"><\/div>\n<\/p><\/div>\n<div class=\"gmpMapProDirectionsCon\" id=\"gmpMapProDirectionsCon_1_74377\" > <\/div>\n<div class=\"gmpMapProKmlFilterCon\" id=\"gmpMapProKmlFilterCon_1_74377\" > <\/div>\n<div class=\"gmpSocialSharingShell gmpSocialSharingShell_1_74377\"> <\/div>\n<div style=\"clear: both;\"><\/div>\n<\/p><\/div><\/p>\n<\/div>\n<\/div><\/div><\/div><\/div><\/div><\/div><div id=\"pg-4107-1\"  class=\"panel-grid panel-no-style\" ><div id=\"pgc-4107-1-0\"  class=\"panel-grid-cell\" ><div id=\"panel-4107-1-0-0\" class=\"so-panel widget widget_sow-editor panel-first-child\" data-index=\"1\" ><div class=\"panel-widget-style panel-widget-style-for-4107-1-0-0\" ><div\n\t\t\t\n\t\t\tclass=\"so-widget-sow-editor so-widget-sow-editor-base\"\n\t\t\t\n\t\t>\n<div class=\"siteorigin-widget-tinymce textwidget\">\n\t<p style=\"text-align: center;\"><span style=\"color: #ffffff;\"><strong>LOCATION<\/strong><\/span><\/p>\n<\/div>\n<\/div><\/div><\/div><div id=\"panel-4107-1-0-1\" class=\"so-panel widget widget_sow-editor panel-last-child\" data-index=\"2\" ><div class=\"panel-widget-style panel-widget-style-for-4107-1-0-1\" ><div\n\t\t\t\n\t\t\tclass=\"so-widget-sow-editor so-widget-sow-editor-base\"\n\t\t\t\n\t\t>\n<div class=\"siteorigin-widget-tinymce textwidget\">\n\t<p><a href=\"https:\/\/www.univ-ubs.fr\/fr\/index.html\" target=\"_blank\" rel=\"noopener\">University of Southern Brittany<\/a><br \/>\nTohannic Campus<br \/>\n56000 - VANNES<br \/>\nFRANCE<\/p>\n<p>Yves Coppens Building<br \/>\nSciences and Engineer sciences Faculty<br \/>\nWing C - Ground floor<\/p>\n<\/div>\n<\/div><\/div><\/div><\/div><div id=\"pgc-4107-1-1\"  class=\"panel-grid-cell\" ><div id=\"panel-4107-1-1-0\" class=\"so-panel widget widget_sow-editor panel-first-child\" data-index=\"3\" ><div class=\"panel-widget-style panel-widget-style-for-4107-1-1-0\" ><div\n\t\t\t\n\t\t\tclass=\"so-widget-sow-editor so-widget-sow-editor-base\"\n\t\t\t\n\t\t>\n<div class=\"siteorigin-widget-tinymce textwidget\">\n\t<p style=\"text-align: center;\"><span style=\"color: #ffffff;\"><strong>CONTACT<\/strong><\/span><\/p>\n<\/div>\n<\/div><\/div><\/div><div id=\"panel-4107-1-1-1\" class=\"so-panel widget widget_sow-editor panel-last-child\" data-index=\"4\" ><div class=\"panel-widget-style panel-widget-style-for-4107-1-1-1\" ><div\n\t\t\t\n\t\t\tclass=\"so-widget-sow-editor so-widget-sow-editor-base\"\n\t\t\t\n\t\t>\n<div class=\"siteorigin-widget-tinymce textwidget\">\n\t<p><img loading=\"lazy\" decoding=\"async\" class=\"alignnone wp-image-4271\" src=\"http:\/\/www.laboratoire-geosciences-ocean-ubs.fr\/wp-content\/uploads\/2020\/03\/icons8-mail-96.png\" alt=\"\" width=\"30\" height=\"30\" \/>\u00a0<a data-user=\"lgo.dir\" data-domain=\"listes.univ-ubs.fr\"><\/a><\/p>\n<p><img loading=\"lazy\" decoding=\"async\" class=\"alignnone wp-image-4270\" style=\"background-color: transparent;\" src=\"http:\/\/www.laboratoire-geosciences-ocean-ubs.fr\/wp-content\/uploads\/2020\/03\/icons8-t\u00e9l\u00e9phone-96.png\" alt=\"\" width=\"30\" height=\"30\" \/>+33 (0)2 97 01 71 58<\/p>\n<\/div>\n<\/div><\/div><\/div><\/div><div id=\"pgc-4107-1-2\"  class=\"panel-grid-cell\" ><div id=\"panel-4107-1-2-0\" class=\"so-panel widget widget_siteorigin-panels-builder panel-first-child panel-last-child\" data-index=\"5\" ><div id=\"pl-w60229498b9429\"  class=\"panel-layout\" ><div id=\"pg-w60229498b9429-0\"  class=\"panel-grid panel-no-style\" ><div id=\"pgc-w60229498b9429-0-0\"  class=\"panel-grid-cell\" ><div id=\"panel-w60229498b9429-0-0-0\" class=\"so-panel widget widget_sow-editor panel-first-child panel-last-child\" data-index=\"0\" ><div class=\"panel-widget-style panel-widget-style-for-w60229498b9429-0-0-0\" ><div\n\t\t\t\n\t\t\tclass=\"so-widget-sow-editor so-widget-sow-editor-base\"\n\t\t\t\n\t\t>\n<div class=\"siteorigin-widget-tinymce textwidget\">\n\t<p style=\"text-align: center;\"><span style=\"color: #ffffff;\"><strong>OPENING HOURS<\/strong><\/span><\/p>\n<\/div>\n<\/div><\/div><\/div><\/div><\/div><div id=\"pg-w60229498b9429-1\"  class=\"panel-grid panel-no-style\" ><div id=\"pgc-w60229498b9429-1-0\"  class=\"panel-grid-cell\" ><div id=\"panel-w60229498b9429-1-0-0\" class=\"so-panel widget widget_sow-editor panel-first-child panel-last-child\" data-index=\"1\" ><div class=\"panel-widget-style panel-widget-style-for-w60229498b9429-1-0-0\" ><div\n\t\t\t\n\t\t\tclass=\"so-widget-sow-editor so-widget-sow-editor-base\"\n\t\t\t\n\t\t>\n<div class=\"siteorigin-widget-tinymce textwidget\">\n\t<p><strong><span style=\"color: #1269b0;\">Monday\u00a0<\/span><\/strong><br \/>\n<strong><span style=\"color: #1269b0;\">Tuesday<\/span><\/strong><br \/>\n<strong><span style=\"color: #1269b0;\">Wednesday<\/span><\/strong><br \/>\n<strong><span style=\"color: #1269b0;\">Thursday<\/span><\/strong><br \/>\n<span style=\"color: #1269b0;\"><strong>Friday<\/strong><\/span><\/p>\n<\/div>\n<\/div><\/div><\/div><\/div><div id=\"pgc-w60229498b9429-1-1\"  class=\"panel-grid-cell\" ><div id=\"panel-w60229498b9429-1-1-0\" class=\"so-panel widget widget_sow-editor panel-first-child panel-last-child\" data-index=\"2\" ><div class=\"panel-widget-style panel-widget-style-for-w60229498b9429-1-1-0\" ><div\n\t\t\t\n\t\t\tclass=\"so-widget-sow-editor so-widget-sow-editor-base\"\n\t\t\t\n\t\t>\n<div class=\"siteorigin-widget-tinymce textwidget\">\n\t<p><span style=\"color: #4b4b4c;\">09:00 - 17:00<\/span><br \/>\n<span style=\"color: #4b4b4c;\">09:00 - 17:00<\/span><br \/>\n<span style=\"color: #4b4b4c;\">09:00 - 17:00<\/span><br \/>\n<span style=\"color: #4b4b4c;\">09:00 - 17:00<\/span><br \/>\n<span style=\"color: #4b4b4c;\">09:00 - 17:00<\/span><\/p>\n<\/div>\n<\/div><\/div><\/div><\/div><\/div><\/div><\/div><\/div><\/div><div id=\"pg-4107-2\"  class=\"panel-grid panel-has-style\" ><div class=\"panel-row-style panel-row-style-for-4107-2\" ><div id=\"pgc-4107-2-0\"  class=\"panel-grid-cell panel-grid-cell-empty\" ><div class=\"panel-cell-style panel-cell-style-for-4107-2-0\" ><\/div><\/div><\/div><\/div><div id=\"pg-4107-3\"  class=\"panel-grid panel-no-style\" ><div id=\"pgc-4107-3-0\"  class=\"panel-grid-cell\" ><div id=\"panel-4107-3-0-0\" class=\"so-panel widget widget_sow-editor panel-first-child panel-last-child\" data-index=\"6\" ><div\n\t\t\t\n\t\t\tclass=\"so-widget-sow-editor so-widget-sow-editor-base\"\n\t\t\t\n\t\t>\n<div class=\"siteorigin-widget-tinymce textwidget\">\n\t<h3><span style=\"color: #1269b0;\">Contact form<\/span><\/h3>\n<p><span style=\"color: #333333;\">*Required fields<\/span><\/p>\n<\/div>\n<\/div><\/div><\/div><\/div><div id=\"pg-4107-4\"  class=\"panel-grid panel-no-style\" ><div id=\"pgc-4107-4-0\"  class=\"panel-grid-cell\" ><div id=\"panel-4107-4-0-0\" class=\"so-panel widget widget_sow-contact-form panel-first-child panel-last-child\" data-index=\"7\" ><div\n\t\t\t\n\t\t\tclass=\"so-widget-sow-contact-form so-widget-sow-contact-form-default-34d96a66ab13-4107\"\n\t\t\t\n\t\t>\t<form\n\t\taction=\"\/en\/wp-json\/wp\/v2\/pages\/4107\"\n\t\tmethod=\"POST\"\n\t\tclass=\"sow-contact-form\"\n\t\tid=\"contact-form-1b5e\" data-trp-original-action=\"\/en\/wp-json\/wp\/v2\/pages\/4107\"\n\t>\n\n\t\t\n\t\t            <p><em>Fields marked with * are required<\/em><\/p>\n\t\t\t\t\t\t<div class=\"sow-form-field sow-form-field-name\">\n\t\t\t\t\t\t\t\t<div class=\"sow-field-container\">\n\t\t\t\t\t\t\t<input\n\t\t\ttype=\"text\"\n\t\t\tname=\"nom-1\"\n\t\t\tid=\"sow-contact-form-field-nom-1\"\n\t\t\tvalue=\"\"\n\t\t\tclass=\"sow-text-field\"\n\t\t\tplaceholder=\"Name*\"\t\t\t\t\t\/>\n\t\t\t\t\t\t<\/div>\n\t\t\t\t\t\t\t<\/div>\n\t\t\t\t\t\t<div class=\"sow-form-field sow-form-field-name\">\n\t\t\t\t\t\t\t\t<div class=\"sow-field-container\">\n\t\t\t\t\t\t\t<input\n\t\t\ttype=\"text\"\n\t\t\tname=\"prenom-1\"\n\t\t\tid=\"sow-contact-form-field-prenom-1\"\n\t\t\tvalue=\"\"\n\t\t\tclass=\"sow-text-field\"\n\t\t\tplaceholder=\"First Name*\"\t\t\t\t\t\/>\n\t\t\t\t\t\t<\/div>\n\t\t\t\t\t\t\t<\/div>\n\t\t\t\t\t\t<div class=\"sow-form-field sow-form-field-email\">\n\t\t\t\t\t\t\t\t<div class=\"sow-field-container\">\n\t\t\t\t\t\t\t<input\n\t\t\ttype=\"email\"\n\t\t\tname=\"email-1\"\n\t\t\tid=\"sow-contact-form-field-email-1\"\n\t\t\tvalue=\"\"\n\t\t\tclass=\"sow-text-field\"placeholder=\"Email*\"\t\t\t\t\t\t\t\t\/>\n\t\t\t\t\t\t<\/div>\n\t\t\t\t\t\t\t<\/div>\n\t\t\t\t\t\t<div class=\"sow-form-field sow-form-field-tel\">\n\t\t\t\t\t\t\t\t<div class=\"sow-field-container\">\n\t\t\t\t\t\t\t<input\n\t\t\ttype=\"tel\"\n\t\t\tname=\"numero-de-telephone-1\"\n\t\t\tid=\"sow-contact-form-field-numero-de-telephone-1\"\n\t\t\tvalue=\"\"\n\t\t\tclass=\"sow-text-field\"placeholder=\"Phone number\"\t\t\t\t\t\t\t\t\/>\n\t\t\t\t\t\t<\/div>\n\t\t\t\t\t\t\t<\/div>\n\t\t\t\t\t\t<div class=\"sow-form-field sow-form-field-subject\">\n\t\t\t\t\t\t\t\t<div class=\"sow-field-container\">\n\t\t\t\t\t\t\t<input\n\t\t\ttype=\"text\"\n\t\t\tname=\"objet-1\"\n\t\t\tid=\"sow-contact-form-field-objet-1\"\n\t\t\tvalue=\"\"\n\t\t\tclass=\"sow-text-field\"\n\t\t\tplaceholder=\"Objet\"\t\t\t\t\t\/>\n\t\t\t\t\t\t<\/div>\n\t\t\t\t\t\t\t<\/div>\n\t\t\t\t\t\t<div class=\"sow-form-field sow-form-field-textarea\">\n\t\t\t\t\t\t\t\t<div class=\"sow-field-container\">\n\t\t\t\t\t\t\t<textarea\n\t\t\tname=\"message-1\"\n\t\t\tid=\"sow-contact-form-field-message-1\"\n\t\t\trows=\"10\"\n\t\t\tplaceholder=\"Message*\"\t\t\t\t\t><\/textarea>\n\t\t\t\t\t\t<\/div>\n\t\t\t\t\t\t\t<\/div>\n\t\t\t\t\t\t<input\n\t\t\t\ttype=\"text\"\n\t\t\t\tname=\"sow-name\"\n\t\t\t\tclass=\"sow-text-field\"\n\t\t\t\tstyle=\"display: none !important; visibility: hidden !important;\"\n\t\t\t\tautocomplete=\"off\"\n\t\t\t\taria-hidden=\"true\"\n\t\t\t>\n\t\t\n\t\t\t\t\t<div class=\"sow-recaptcha\"\n\t\t\t\t\t\t\t\t\tdata-config=\"{&quot;sitekey&quot;:&quot;6LcpXAUrAAAAAKROwcGLhRwqodGEynwVWiaQYG7n&quot;,&quot;theme&quot;:&quot;light&quot;,&quot;type&quot;:&quot;image&quot;,&quot;size&quot;:&quot;normal&quot;}\"\n\t\t\t\t\t\t\t><\/div>\n\t\t\t\n\t\t<div class=\"sow-submit-wrapper \t\tsow-submit-styled\">\n\n\t\t\t<button\n\t\t\t\ttype=\"submit\"\n\t\t\t\tclass=\"sow-submit\"\n\t\t\t\tdata-js-key=\"c4ca4238a0b923820dcc509a6f75849b\" \t\t\t>\n\t\t\t\tSend\t\t\t<\/button>\n\t\t<\/div>\n\t\t\t\t<input\n\t\t\ttype=\"hidden\"\n\t\t\tname=\"instance_hash-1\"\n\t\t\tvalue=\"1b5e49f0\"\n\t\t\/>\n\n\t\t<input type=\"hidden\" id=\"_wpnonce\" name=\"_wpnonce\" value=\"085ea05855\" \/><input type=\"hidden\" name=\"_wp_http_referer\" value=\"\/en\/wp-json\/wp\/v2\/pages\/4107\" \/>\t<input type=\"hidden\" name=\"trp-form-language\" value=\"en\"\/><\/form>\n\t<\/div><\/div><\/div><\/div><\/div>","protected":false},"excerpt":{"rendered":"<p>ADRESSE Universit\u00e9 Bretagne Sud de Vannes Campus de Tohannic 56000 &#8211; VANNES FRANCE B\u00e2timent Yves Coppens Facult\u00e9 des Sciences et Sciences de l&rsquo;Ing\u00e9nieur Aile C &#8211; Rez-de-chauss\u00e9e CONTACT \u00a0 +33 (0)2 97 01 71 58<\/p>","protected":false},"author":9,"featured_media":5783,"parent":0,"menu_order":0,"comment_status":"closed","ping_status":"closed","template":"","meta":{"footnotes":""},"class_list":["post-4107","page","type-page","status-publish","has-post-thumbnail","hentry"],"yoast_head":"<!-- This site is optimized with the Yoast SEO plugin v27.4 - https:\/\/yoast.com\/product\/yoast-seo-wordpress\/ -->\n<title>Contact - LGO - P\u00f4le UBS<\/title>\n<meta name=\"description\" content=\"Retrouvez sur cette page nos coordonn\u00e9es ainsi qu&#039;un formulaire de contact pour nous joindre si vous avez la moindre interrogation !\" \/>\n<meta name=\"robots\" content=\"index, follow, max-snippet:-1, max-image-preview:large, max-video-preview:-1\" \/>\n<link rel=\"canonical\" href=\"https:\/\/www.laboratoire-geosciences-ocean-ubs.fr\/en\/contact\/\" \/>\n<meta property=\"og:locale\" content=\"en_GB\" \/>\n<meta property=\"og:type\" content=\"article\" \/>\n<meta property=\"og:title\" content=\"Contact - LGO - P\u00f4le UBS\" \/>\n<meta property=\"og:description\" content=\"Retrouvez sur cette page nos coordonn\u00e9es ainsi qu&#039;un formulaire de contact pour nous joindre si vous avez la moindre interrogation !\" \/>\n<meta property=\"og:url\" content=\"https:\/\/www.laboratoire-geosciences-ocean-ubs.fr\/en\/contact\/\" \/>\n<meta property=\"og:site_name\" content=\"LGO - P\u00f4le UBS\" \/>\n<meta property=\"article:publisher\" content=\"https:\/\/www.facebook.com\/search\/top\/?q=algobox%20%3aun%20outil%20%c3%a9cologique%20de%20r%c3%a9g%c3%a9n%c3%a9ration%20des%20dunes\" \/>\n<meta property=\"article:modified_time\" content=\"2025-04-14T14:09:43+00:00\" \/>\n<meta property=\"og:image\" content=\"https:\/\/www.laboratoire-geosciences-ocean-ubs.fr\/wp-content\/uploads\/2020\/05\/G\u00e2vres_5-1-scaled.jpg\" \/>\n\t<meta property=\"og:image:width\" content=\"2560\" \/>\n\t<meta property=\"og:image:height\" content=\"1206\" \/>\n\t<meta property=\"og:image:type\" content=\"image\/jpeg\" \/>\n<meta name=\"twitter:card\" content=\"summary_large_image\" \/>\n<meta name=\"twitter:label1\" content=\"Estimated reading time\" \/>\n\t<meta name=\"twitter:data1\" content=\"1 minute\" \/>\n<script type=\"application\/ld+json\" class=\"yoast-schema-graph\">{\"@context\":\"https:\\\/\\\/schema.org\",\"@graph\":[{\"@type\":\"WebPage\",\"@id\":\"https:\\\/\\\/www.laboratoire-geosciences-ocean-ubs.fr\\\/contact\\\/\",\"url\":\"https:\\\/\\\/www.laboratoire-geosciences-ocean-ubs.fr\\\/contact\\\/\",\"name\":\"Contact - LGO - P\u00f4le UBS\",\"isPartOf\":{\"@id\":\"https:\\\/\\\/www.laboratoire-geosciences-ocean-ubs.fr\\\/#website\"},\"primaryImageOfPage\":{\"@id\":\"https:\\\/\\\/www.laboratoire-geosciences-ocean-ubs.fr\\\/contact\\\/#primaryimage\"},\"image\":{\"@id\":\"https:\\\/\\\/www.laboratoire-geosciences-ocean-ubs.fr\\\/contact\\\/#primaryimage\"},\"thumbnailUrl\":\"https:\\\/\\\/www.laboratoire-geosciences-ocean-ubs.fr\\\/wp-content\\\/uploads\\\/2020\\\/05\\\/G\u00e2vres_5-1-scaled.jpg\",\"datePublished\":\"2020-03-17T13:43:21+00:00\",\"dateModified\":\"2025-04-14T14:09:43+00:00\",\"description\":\"Retrouvez sur cette page nos coordonn\u00e9es ainsi qu'un formulaire de contact pour nous joindre si vous avez la moindre interrogation !\",\"breadcrumb\":{\"@id\":\"https:\\\/\\\/www.laboratoire-geosciences-ocean-ubs.fr\\\/contact\\\/#breadcrumb\"},\"inLanguage\":\"en-GB\",\"potentialAction\":[{\"@type\":\"ReadAction\",\"target\":[\"https:\\\/\\\/www.laboratoire-geosciences-ocean-ubs.fr\\\/contact\\\/\"]}]},{\"@type\":\"ImageObject\",\"inLanguage\":\"en-GB\",\"@id\":\"https:\\\/\\\/www.laboratoire-geosciences-ocean-ubs.fr\\\/contact\\\/#primaryimage\",\"url\":\"https:\\\/\\\/www.laboratoire-geosciences-ocean-ubs.fr\\\/wp-content\\\/uploads\\\/2020\\\/05\\\/G\u00e2vres_5-1-scaled.jpg\",\"contentUrl\":\"https:\\\/\\\/www.laboratoire-geosciences-ocean-ubs.fr\\\/wp-content\\\/uploads\\\/2020\\\/05\\\/G\u00e2vres_5-1-scaled.jpg\",\"width\":2560,\"height\":1206},{\"@type\":\"BreadcrumbList\",\"@id\":\"https:\\\/\\\/www.laboratoire-geosciences-ocean-ubs.fr\\\/contact\\\/#breadcrumb\",\"itemListElement\":[{\"@type\":\"ListItem\",\"position\":1,\"name\":\"Accueil\",\"item\":\"https:\\\/\\\/www.laboratoire-geosciences-ocean-ubs.fr\\\/\"},{\"@type\":\"ListItem\",\"position\":2,\"name\":\"Contact\"}]},{\"@type\":\"WebSite\",\"@id\":\"https:\\\/\\\/www.laboratoire-geosciences-ocean-ubs.fr\\\/#website\",\"url\":\"https:\\\/\\\/www.laboratoire-geosciences-ocean-ubs.fr\\\/\",\"name\":\"LGO - P\u00f4le UBS\",\"description\":\"Une expertise durable des milieux marins et c\u00f4tiers\",\"publisher\":{\"@id\":\"https:\\\/\\\/www.laboratoire-geosciences-ocean-ubs.fr\\\/#organization\"},\"potentialAction\":[{\"@type\":\"SearchAction\",\"target\":{\"@type\":\"EntryPoint\",\"urlTemplate\":\"https:\\\/\\\/www.laboratoire-geosciences-ocean-ubs.fr\\\/?s={search_term_string}\"},\"query-input\":{\"@type\":\"PropertyValueSpecification\",\"valueRequired\":true,\"valueName\":\"search_term_string\"}}],\"inLanguage\":\"en-GB\"},{\"@type\":\"Organization\",\"@id\":\"https:\\\/\\\/www.laboratoire-geosciences-ocean-ubs.fr\\\/#organization\",\"name\":\"OCLM\",\"url\":\"https:\\\/\\\/www.laboratoire-geosciences-ocean-ubs.fr\\\/\",\"logo\":{\"@type\":\"ImageObject\",\"inLanguage\":\"en-GB\",\"@id\":\"https:\\\/\\\/www.laboratoire-geosciences-ocean-ubs.fr\\\/#\\\/schema\\\/logo\\\/image\\\/\",\"url\":\"https:\\\/\\\/www.laboratoire-geosciences-ocean-ubs.fr\\\/wp-content\\\/uploads\\\/2021\\\/12\\\/cropped-cropped-goo-hd-geo-ocean-tutelles-noir.png\",\"contentUrl\":\"https:\\\/\\\/www.laboratoire-geosciences-ocean-ubs.fr\\\/wp-content\\\/uploads\\\/2021\\\/12\\\/cropped-cropped-goo-hd-geo-ocean-tutelles-noir.png\",\"width\":2887,\"height\":1485,\"caption\":\"OCLM\"},\"image\":{\"@id\":\"https:\\\/\\\/www.laboratoire-geosciences-ocean-ubs.fr\\\/#\\\/schema\\\/logo\\\/image\\\/\"},\"sameAs\":[\"https:\\\/\\\/www.facebook.com\\\/search\\\/top\\\/?q=algobox :un outil \u00e9cologique de r\u00e9g\u00e9n\u00e9ration des dunes\"]}]}<\/script>\n<!-- \/ Yoast SEO plugin. -->","yoast_head_json":{"title":"Contact - LGO - P\u00f4le UBS","description":"Retrouvez sur cette page nos coordonn\u00e9es ainsi qu'un formulaire de contact pour nous joindre si vous avez la moindre interrogation !","robots":{"index":"index","follow":"follow","max-snippet":"max-snippet:-1","max-image-preview":"max-image-preview:large","max-video-preview":"max-video-preview:-1"},"canonical":"https:\/\/www.laboratoire-geosciences-ocean-ubs.fr\/en\/contact\/","og_locale":"en_GB","og_type":"article","og_title":"Contact - LGO - P\u00f4le UBS","og_description":"Retrouvez sur cette page nos coordonn\u00e9es ainsi qu'un formulaire de contact pour nous joindre si vous avez la moindre interrogation !","og_url":"https:\/\/www.laboratoire-geosciences-ocean-ubs.fr\/en\/contact\/","og_site_name":"LGO - P\u00f4le UBS","article_publisher":"https:\/\/www.facebook.com\/search\/top\/?q=algobox%20%3aun%20outil%20%c3%a9cologique%20de%20r%c3%a9g%c3%a9n%c3%a9ration%20des%20dunes","article_modified_time":"2025-04-14T14:09:43+00:00","og_image":[{"width":2560,"height":1206,"url":"https:\/\/www.laboratoire-geosciences-ocean-ubs.fr\/wp-content\/uploads\/2020\/05\/G\u00e2vres_5-1-scaled.jpg","type":"image\/jpeg"}],"twitter_card":"summary_large_image","twitter_misc":{"Estimated reading time":"1 minute"},"schema":{"@context":"https:\/\/schema.org","@graph":[{"@type":"WebPage","@id":"https:\/\/www.laboratoire-geosciences-ocean-ubs.fr\/contact\/","url":"https:\/\/www.laboratoire-geosciences-ocean-ubs.fr\/contact\/","name":"Contact - LGO - P\u00f4le UBS","isPartOf":{"@id":"https:\/\/www.laboratoire-geosciences-ocean-ubs.fr\/#website"},"primaryImageOfPage":{"@id":"https:\/\/www.laboratoire-geosciences-ocean-ubs.fr\/contact\/#primaryimage"},"image":{"@id":"https:\/\/www.laboratoire-geosciences-ocean-ubs.fr\/contact\/#primaryimage"},"thumbnailUrl":"https:\/\/www.laboratoire-geosciences-ocean-ubs.fr\/wp-content\/uploads\/2020\/05\/G\u00e2vres_5-1-scaled.jpg","datePublished":"2020-03-17T13:43:21+00:00","dateModified":"2025-04-14T14:09:43+00:00","description":"Retrouvez sur cette page nos coordonn\u00e9es ainsi qu'un formulaire de contact pour nous joindre si vous avez la moindre interrogation !","breadcrumb":{"@id":"https:\/\/www.laboratoire-geosciences-ocean-ubs.fr\/contact\/#breadcrumb"},"inLanguage":"en-GB","potentialAction":[{"@type":"ReadAction","target":["https:\/\/www.laboratoire-geosciences-ocean-ubs.fr\/contact\/"]}]},{"@type":"ImageObject","inLanguage":"en-GB","@id":"https:\/\/www.laboratoire-geosciences-ocean-ubs.fr\/contact\/#primaryimage","url":"https:\/\/www.laboratoire-geosciences-ocean-ubs.fr\/wp-content\/uploads\/2020\/05\/G\u00e2vres_5-1-scaled.jpg","contentUrl":"https:\/\/www.laboratoire-geosciences-ocean-ubs.fr\/wp-content\/uploads\/2020\/05\/G\u00e2vres_5-1-scaled.jpg","width":2560,"height":1206},{"@type":"BreadcrumbList","@id":"https:\/\/www.laboratoire-geosciences-ocean-ubs.fr\/contact\/#breadcrumb","itemListElement":[{"@type":"ListItem","position":1,"name":"Accueil","item":"https:\/\/www.laboratoire-geosciences-ocean-ubs.fr\/"},{"@type":"ListItem","position":2,"name":"Contact"}]},{"@type":"WebSite","@id":"https:\/\/www.laboratoire-geosciences-ocean-ubs.fr\/#website","url":"https:\/\/www.laboratoire-geosciences-ocean-ubs.fr\/","name":"LGO - P\u00f4le UBS","description":"Une expertise durable des milieux marins et c\u00f4tiers","publisher":{"@id":"https:\/\/www.laboratoire-geosciences-ocean-ubs.fr\/#organization"},"potentialAction":[{"@type":"SearchAction","target":{"@type":"EntryPoint","urlTemplate":"https:\/\/www.laboratoire-geosciences-ocean-ubs.fr\/?s={search_term_string}"},"query-input":{"@type":"PropertyValueSpecification","valueRequired":true,"valueName":"search_term_string"}}],"inLanguage":"en-GB"},{"@type":"Organization","@id":"https:\/\/www.laboratoire-geosciences-ocean-ubs.fr\/#organization","name":"OCLM","url":"https:\/\/www.laboratoire-geosciences-ocean-ubs.fr\/","logo":{"@type":"ImageObject","inLanguage":"en-GB","@id":"https:\/\/www.laboratoire-geosciences-ocean-ubs.fr\/#\/schema\/logo\/image\/","url":"https:\/\/www.laboratoire-geosciences-ocean-ubs.fr\/wp-content\/uploads\/2021\/12\/cropped-cropped-goo-hd-geo-ocean-tutelles-noir.png","contentUrl":"https:\/\/www.laboratoire-geosciences-ocean-ubs.fr\/wp-content\/uploads\/2021\/12\/cropped-cropped-goo-hd-geo-ocean-tutelles-noir.png","width":2887,"height":1485,"caption":"OCLM"},"image":{"@id":"https:\/\/www.laboratoire-geosciences-ocean-ubs.fr\/#\/schema\/logo\/image\/"},"sameAs":["https:\/\/www.facebook.com\/search\/top\/?q=algobox :un outil \u00e9cologique de r\u00e9g\u00e9n\u00e9ration des dunes"]}]}},"_links":{"self":[{"href":"https:\/\/www.laboratoire-geosciences-ocean-ubs.fr\/en\/wp-json\/wp\/v2\/pages\/4107","targetHints":{"allow":["GET"]}}],"collection":[{"href":"https:\/\/www.laboratoire-geosciences-ocean-ubs.fr\/en\/wp-json\/wp\/v2\/pages"}],"about":[{"href":"https:\/\/www.laboratoire-geosciences-ocean-ubs.fr\/en\/wp-json\/wp\/v2\/types\/page"}],"author":[{"embeddable":true,"href":"https:\/\/www.laboratoire-geosciences-ocean-ubs.fr\/en\/wp-json\/wp\/v2\/users\/9"}],"replies":[{"embeddable":true,"href":"https:\/\/www.laboratoire-geosciences-ocean-ubs.fr\/en\/wp-json\/wp\/v2\/comments?post=4107"}],"version-history":[{"count":5,"href":"https:\/\/www.laboratoire-geosciences-ocean-ubs.fr\/en\/wp-json\/wp\/v2\/pages\/4107\/revisions"}],"predecessor-version":[{"id":61112,"href":"https:\/\/www.laboratoire-geosciences-ocean-ubs.fr\/en\/wp-json\/wp\/v2\/pages\/4107\/revisions\/61112"}],"wp:featuredmedia":[{"embeddable":true,"href":"https:\/\/www.laboratoire-geosciences-ocean-ubs.fr\/en\/wp-json\/wp\/v2\/media\/5783"}],"wp:attachment":[{"href":"https:\/\/www.laboratoire-geosciences-ocean-ubs.fr\/en\/wp-json\/wp\/v2\/media?parent=4107"}],"curies":[{"name":"wp","href":"https:\/\/api.w.org\/{rel}","templated":true}]}}