{"id":38531,"date":"2023-10-26T15:52:36","date_gmt":"2023-10-26T13:52:36","guid":{"rendered":"https:\/\/www.laboratoire-geosciences-ocean-ubs.fr\/?page_id=38531"},"modified":"2023-10-27T14:15:05","modified_gmt":"2023-10-27T12:15:05","slug":"projet-celtic","status":"publish","type":"page","link":"https:\/\/www.laboratoire-geosciences-ocean-ubs.fr\/en\/projet-celtic\/","title":{"rendered":"Celtic Project"},"content":{"rendered":"<div id=\"pl-38531\"  class=\"panel-layout\" ><div id=\"pg-38531-0\"  class=\"panel-grid panel-no-style\" ><div id=\"pgc-38531-0-0\"  class=\"panel-grid-cell\" ><div id=\"panel-38531-0-0-0\" class=\"so-panel widget widget_sow-editor panel-first-child\" data-index=\"0\" ><div\n\t\t\t\n\t\t\tclass=\"so-widget-sow-editor so-widget-sow-editor-base\"\n\t\t\t\n\t\t>\n<div class=\"siteorigin-widget-tinymce textwidget\">\n\t<h1 class=\"col-xs bottom-xs flexbox image-group-bottom-3-img space-bottom-xs center-xs\"><img loading=\"lazy\" decoding=\"async\" class=\"wp-image-4511\" style=\"color: #1269b0; font-size: 30px;\" src=\"http:\/\/www.laboratoire-geosciences-ocean-ubs.fr\/wp-content\/uploads\/2020\/04\/trait-1-300x34.png\" alt=\"\" width=\"150\" height=\"17\" srcset=\"https:\/\/www.laboratoire-geosciences-ocean-ubs.fr\/wp-content\/uploads\/2020\/04\/trait-1-300x34.png 300w, https:\/\/www.laboratoire-geosciences-ocean-ubs.fr\/wp-content\/uploads\/2020\/04\/trait-1.png 331w\" sizes=\"auto, (max-width: 150px) 100vw, 150px\" \/><br \/>\n<span style=\"color: #1269b0; font-size: 2.2rem; background-color: #e6e9ed;\">Celtic Project<\/span><img loading=\"lazy\" decoding=\"async\" class=\"wp-image-4511\" style=\"color: #1269b0; font-size: 30px;\" src=\"http:\/\/www.laboratoire-geosciences-ocean-ubs.fr\/wp-content\/uploads\/2020\/04\/trait-1-300x34.png\" alt=\"\" width=\"150\" height=\"17\" srcset=\"https:\/\/www.laboratoire-geosciences-ocean-ubs.fr\/wp-content\/uploads\/2020\/04\/trait-1-300x34.png 300w, https:\/\/www.laboratoire-geosciences-ocean-ubs.fr\/wp-content\/uploads\/2020\/04\/trait-1.png 331w\" sizes=\"auto, (max-width: 150px) 100vw, 150px\" \/><\/h1>\n<\/div>\n<\/div><\/div><div id=\"panel-38531-0-0-1\" class=\"so-panel widget widget_sow-image\" data-index=\"1\" ><div\n\t\t\t\n\t\t\tclass=\"so-widget-sow-image so-widget-sow-image-default-4e6925654b7a-38531\"\n\t\t\t\n\t\t>\n<div class=\"sow-image-container\">\n\t\t<img \n\tsrc=\"https:\/\/www.laboratoire-geosciences-ocean-ubs.fr\/wp-content\/uploads\/2023\/10\/celtic-projetv2-removebg-preview-1-220x300.png\" width=\"220\" height=\"300\" srcset=\"https:\/\/www.laboratoire-geosciences-ocean-ubs.fr\/wp-content\/uploads\/2023\/10\/celtic-projetv2-removebg-preview-1-220x300.png 220w, https:\/\/www.laboratoire-geosciences-ocean-ubs.fr\/wp-content\/uploads\/2023\/10\/celtic-projetv2-removebg-preview-1-9x12.png 9w, https:\/\/www.laboratoire-geosciences-ocean-ubs.fr\/wp-content\/uploads\/2023\/10\/celtic-projetv2-removebg-preview-1.png 358w\" sizes=\"(max-width: 220px) 100vw, 220px\" title=\"celtic-projetv2-removebg-preview (1)\" alt=\"\" \t\tclass=\"so-widget-image\"\/>\n\t<\/div>\n\n<\/div><\/div><div id=\"panel-38531-0-0-2\" class=\"so-panel widget widget_sow-editor panel-last-child\" data-index=\"2\" ><div\n\t\t\t\n\t\t\tclass=\"so-widget-sow-editor so-widget-sow-editor-base\"\n\t\t\t\n\t\t>\n<div class=\"siteorigin-widget-tinymce textwidget\">\n\t<p style=\"font-size: 22px; color: #1269b0; text-align: justify;\"><strong>Establishment of a shared data platform to prevent risks related to waste, resources, and GEMAPI.<\/strong><\/p>\n<p style=\"font-size: 18px; color: #1269b0; text-align: justify;\"><em>In the context of the \"SMART AND SUSTAINABLE TERRITORIES (SST)\" call for projects.<\/em><\/p>\n<p style=\"font-size: 18px; color: #1269b0; text-align: justify;\"><strong>Project managers :<\/strong> : Mouncef Sedrati<\/p>\n<p style=\"font-size: 18px; color: #1269b0; text-align: justify;\"><strong>Project leaders<\/strong> : \u00a0LGO UMR CNRS 6538 \u2013 UBS<\/p>\n<p style=\"font-size: 18px; color: #1269b0; text-align: justify;\"><strong>Funding<\/strong> : Lorient Agglom\u00e9ration &amp; UBS &amp; WATTECO<\/p>\n<p style=\"font-size: 18px; color: #1269b0; text-align: justify;\"><strong>Length of the project <\/strong>: June 2023 - Today<\/p>\n<\/div>\n<\/div><\/div><\/div><\/div><div id=\"pg-38531-1\"  class=\"panel-grid panel-no-style\" ><div id=\"pgc-38531-1-0\"  class=\"panel-grid-cell panel-grid-cell-empty\" ><\/div><\/div><div id=\"pg-38531-2\"  class=\"panel-grid panel-no-style\" ><div id=\"pgc-38531-2-0\"  class=\"panel-grid-cell\" ><div id=\"panel-38531-2-0-0\" class=\"so-panel widget widget_sow-editor panel-first-child panel-last-child\" data-index=\"3\" ><div\n\t\t\t\n\t\t\tclass=\"so-widget-sow-editor so-widget-sow-editor-base\"\n\t\t\t\n\t\t>\n<div class=\"siteorigin-widget-tinymce textwidget\">\n\t<h3><strong><span style=\"color: #1269b0;\"><strong>Presentation<\/strong><\/span><\/strong><\/h3>\n<p style=\"font-size: 18px; color: #1269b0; text-align: justify;\">The Celtic project aims to build data sampling systems adapted to the specific needs of coastal territories. These systems strive to improve the collection, analysis, and centralization of data, particularly regarding the management of aquatic environments, water and electricity consumption, as well as waste management. The project is part of a broader digital and ecological transition in the Brittany territory, with a focus on preventing the risks mentioned earlier.<\/p>\n<\/div>\n<\/div><\/div><\/div><\/div><div id=\"pg-38531-3\"  class=\"panel-grid panel-no-style\" ><div id=\"pgc-38531-3-0\"  class=\"panel-grid-cell panel-grid-cell-empty\" ><\/div><\/div><div id=\"pg-38531-4\"  class=\"panel-grid panel-no-style\" ><div id=\"pgc-38531-4-0\"  class=\"panel-grid-cell\" ><div id=\"panel-38531-4-0-0\" class=\"so-panel widget widget_sow-editor panel-first-child panel-last-child\" data-index=\"4\" ><div\n\t\t\t\n\t\t\tclass=\"so-widget-sow-editor so-widget-sow-editor-base\"\n\t\t\t\n\t\t>\n<div class=\"siteorigin-widget-tinymce textwidget\">\n\t<h3><\/h3>\n<h3><strong><span style=\"color: #1269b0;\">Objectives\u00a0<\/span><\/strong><\/h3>\n<ul>\n<li style=\"font-size: 18px; color: #1269b0; text-align: justify;\">Deploying new data capture systems, in the form of digital demonstrators adapted to the territorial specificities of Lorient Agglomeration (a coastal area requiring control of marine interfaces, a territory under strain regarding water and energy resources, with a significant natural environment to preserve).<\/li>\n<li style=\"font-size: 18px; color: #1269b0; text-align: justify;\">Enhancing the understanding, analysis, and sovereignty of the collected data and centralizing them on the big data platform of Lorient Agglomeration to contribute to better governance of public policies in the region.<\/li>\n<li style=\"font-size: 18px; color: #1269b0; text-align: justify;\">Opening up these data and their analysis to the users of the region, promoting shared access to develop sustainable individual and collective practices for moderation in the area.<\/li>\n<\/ul>\n<\/div>\n<\/div><\/div><\/div><\/div><div id=\"pg-38531-5\"  class=\"panel-grid panel-no-style\" ><div id=\"pgc-38531-5-0\"  class=\"panel-grid-cell panel-grid-cell-empty\" ><\/div><\/div><div id=\"pg-38531-6\"  class=\"panel-grid panel-no-style\" ><div id=\"pgc-38531-6-0\"  class=\"panel-grid-cell\" ><div id=\"panel-38531-6-0-0\" class=\"so-panel widget widget_sow-editor panel-first-child panel-last-child\" data-index=\"5\" ><div\n\t\t\t\n\t\t\tclass=\"so-widget-sow-editor so-widget-sow-editor-base\"\n\t\t\t\n\t\t>\n<div class=\"siteorigin-widget-tinymce textwidget\">\n\t<h3><\/h3>\n<h3><strong><span style=\"color: #1269b0;\"><strong>Partners of the Celtic project.<\/strong><\/span><\/strong><\/h3>\n<p>&nbsp;<\/p>\n<p>&nbsp;<\/p>\n<\/div>\n<\/div><\/div><\/div><\/div><div id=\"pg-38531-7\"  class=\"panel-grid panel-no-style\" ><div id=\"pgc-38531-7-0\"  class=\"panel-grid-cell\" ><div id=\"panel-38531-7-0-0\" class=\"so-panel widget widget_sow-image panel-first-child panel-last-child\" data-index=\"6\" ><div\n\t\t\t\n\t\t\tclass=\"so-widget-sow-image so-widget-sow-image-default-c67d20f9f743-38531\"\n\t\t\t\n\t\t>\n<div class=\"sow-image-container\">\n\t\t<img \n\tsrc=\"https:\/\/www.laboratoire-geosciences-ocean-ubs.fr\/wp-content\/uploads\/2023\/10\/WATTECO-300x95.png\" width=\"300\" height=\"95\" srcset=\"https:\/\/www.laboratoire-geosciences-ocean-ubs.fr\/wp-content\/uploads\/2023\/10\/WATTECO-300x95.png 300w, https:\/\/www.laboratoire-geosciences-ocean-ubs.fr\/wp-content\/uploads\/2023\/10\/WATTECO-18x6.png 18w, https:\/\/www.laboratoire-geosciences-ocean-ubs.fr\/wp-content\/uploads\/2023\/10\/WATTECO.png 330w\" sizes=\"(max-width: 300px) 100vw, 300px\" alt=\"\" \t\tclass=\"so-widget-image\"\/>\n\t<\/div>\n\n<\/div><\/div><\/div><div id=\"pgc-38531-7-1\"  class=\"panel-grid-cell\" ><div id=\"panel-38531-7-1-0\" class=\"so-panel widget widget_sow-image panel-first-child panel-last-child\" data-index=\"7\" ><div\n\t\t\t\n\t\t\tclass=\"so-widget-sow-image so-widget-sow-image-default-c67d20f9f743-38531\"\n\t\t\t\n\t\t>\n<div class=\"sow-image-container\">\n\t\t<img \n\tsrc=\"https:\/\/www.laboratoire-geosciences-ocean-ubs.fr\/wp-content\/uploads\/2023\/10\/universite-bretagne-sud-logo-300x161.png\" width=\"300\" height=\"161\" srcset=\"https:\/\/www.laboratoire-geosciences-ocean-ubs.fr\/wp-content\/uploads\/2023\/10\/universite-bretagne-sud-logo-300x161.png 300w, https:\/\/www.laboratoire-geosciences-ocean-ubs.fr\/wp-content\/uploads\/2023\/10\/universite-bretagne-sud-logo-1024x549.png 1024w, https:\/\/www.laboratoire-geosciences-ocean-ubs.fr\/wp-content\/uploads\/2023\/10\/universite-bretagne-sud-logo-768x412.png 768w, https:\/\/www.laboratoire-geosciences-ocean-ubs.fr\/wp-content\/uploads\/2023\/10\/universite-bretagne-sud-logo-1536x824.png 1536w, https:\/\/www.laboratoire-geosciences-ocean-ubs.fr\/wp-content\/uploads\/2023\/10\/universite-bretagne-sud-logo-2048x1099.png 2048w, https:\/\/www.laboratoire-geosciences-ocean-ubs.fr\/wp-content\/uploads\/2023\/10\/universite-bretagne-sud-logo-18x10.png 18w, https:\/\/www.laboratoire-geosciences-ocean-ubs.fr\/wp-content\/uploads\/2023\/10\/universite-bretagne-sud-logo-1920x1030.png 1920w\" sizes=\"(max-width: 300px) 100vw, 300px\" alt=\"\" \t\tclass=\"so-widget-image\"\/>\n\t<\/div>\n\n<\/div><\/div><\/div><div id=\"pgc-38531-7-2\"  class=\"panel-grid-cell\" ><div id=\"panel-38531-7-2-0\" class=\"so-panel widget widget_sow-image panel-first-child panel-last-child\" data-index=\"8\" ><div\n\t\t\t\n\t\t\tclass=\"so-widget-sow-image so-widget-sow-image-default-c67d20f9f743-38531\"\n\t\t\t\n\t\t>\n<div class=\"sow-image-container\">\n\t\t<img \n\tsrc=\"https:\/\/www.laboratoire-geosciences-ocean-ubs.fr\/wp-content\/uploads\/2023\/09\/Lorient_Agglomeration_logo_2012-300x101.png\" width=\"300\" height=\"101\" srcset=\"https:\/\/www.laboratoire-geosciences-ocean-ubs.fr\/wp-content\/uploads\/2023\/09\/Lorient_Agglomeration_logo_2012-300x101.png 300w, https:\/\/www.laboratoire-geosciences-ocean-ubs.fr\/wp-content\/uploads\/2023\/09\/Lorient_Agglomeration_logo_2012-768x259.png 768w, https:\/\/www.laboratoire-geosciences-ocean-ubs.fr\/wp-content\/uploads\/2023\/09\/Lorient_Agglomeration_logo_2012-18x6.png 18w, https:\/\/www.laboratoire-geosciences-ocean-ubs.fr\/wp-content\/uploads\/2023\/09\/Lorient_Agglomeration_logo_2012.png 860w\" sizes=\"(max-width: 300px) 100vw, 300px\" title=\"Lorient_Agglom\u00e9ration_logo_2012\" alt=\"\" \t\tclass=\"so-widget-image\"\/>\n\t<\/div>\n\n<\/div><\/div><\/div><\/div><\/div>","protected":false},"excerpt":{"rendered":"<p>Projet Celtic Mise en place d\u2019une plateforme partag\u00e9e de donn\u00e9es visant \u00e0 pr\u00e9venir les risques li\u00e9s aux d\u00e9chets, aux ressources et GEMAPI. Dans le cadre de l&rsquo;appel \u00e0 projets \u00ab TERRITOIRES INTELLIGENTS ET DURABLES (TID) \u00bb Responsable du projet : Mouncef Sedrati Porteurs du projet : \u00a0LGO UMR CNRS 6538 \u2013 UBS Financement : Lorient&hellip; <br \/> <a class=\"read-more\" href=\"https:\/\/www.laboratoire-geosciences-ocean-ubs.fr\/en\/projet-celtic\/\">Read more<\/a><\/p>","protected":false},"author":9,"featured_media":38542,"parent":0,"menu_order":0,"comment_status":"closed","ping_status":"closed","template":"","meta":{"footnotes":""},"class_list":["post-38531","page","type-page","status-publish","has-post-thumbnail","hentry"],"yoast_head":"<!-- This site is optimized with the Yoast SEO plugin v27.4 - https:\/\/yoast.com\/product\/yoast-seo-wordpress\/ -->\n<title>Projet Celtic - LGO - P\u00f4le UBS<\/title>\n<meta name=\"description\" content=\"Le projet redynamisera un secteur paralys\u00e9 en cr\u00e9ant des partenariats transfrontaliers pour d\u00e9velopper de nouvelles technologies, les...\" \/>\n<meta name=\"robots\" content=\"index, follow, max-snippet:-1, max-image-preview:large, max-video-preview:-1\" \/>\n<link rel=\"canonical\" href=\"https:\/\/www.laboratoire-geosciences-ocean-ubs.fr\/en\/projet-celtic\/\" \/>\n<meta property=\"og:locale\" content=\"en_GB\" \/>\n<meta property=\"og:type\" content=\"article\" \/>\n<meta property=\"og:title\" content=\"Projet Celtic - LGO - P\u00f4le UBS\" \/>\n<meta property=\"og:description\" content=\"Le projet redynamisera un secteur paralys\u00e9 en cr\u00e9ant des partenariats transfrontaliers pour d\u00e9velopper de nouvelles technologies, les...\" \/>\n<meta property=\"og:url\" content=\"https:\/\/www.laboratoire-geosciences-ocean-ubs.fr\/en\/projet-celtic\/\" \/>\n<meta property=\"og:site_name\" content=\"LGO - P\u00f4le UBS\" \/>\n<meta property=\"article:publisher\" content=\"https:\/\/www.facebook.com\/search\/top\/?q=algobox%20%3aun%20outil%20%c3%a9cologique%20de%20r%c3%a9g%c3%a9n%c3%a9ration%20des%20dunes\" \/>\n<meta property=\"article:modified_time\" content=\"2023-10-27T12:15:05+00:00\" \/>\n<meta property=\"og:image\" content=\"https:\/\/www.laboratoire-geosciences-ocean-ubs.fr\/wp-content\/uploads\/2023\/10\/DSC_0557-scaled.jpg\" \/>\n\t<meta property=\"og:image:width\" content=\"2560\" \/>\n\t<meta property=\"og:image:height\" content=\"1707\" \/>\n\t<meta property=\"og:image:type\" content=\"image\/jpeg\" \/>\n<meta name=\"twitter:card\" content=\"summary_large_image\" \/>\n<meta name=\"twitter:label1\" content=\"Estimated reading time\" \/>\n\t<meta name=\"twitter:data1\" content=\"2 minutes\" \/>\n<script type=\"application\/ld+json\" class=\"yoast-schema-graph\">{\"@context\":\"https:\\\/\\\/schema.org\",\"@graph\":[{\"@type\":\"WebPage\",\"@id\":\"https:\\\/\\\/www.laboratoire-geosciences-ocean-ubs.fr\\\/projet-celtic\\\/\",\"url\":\"https:\\\/\\\/www.laboratoire-geosciences-ocean-ubs.fr\\\/projet-celtic\\\/\",\"name\":\"Projet Celtic - LGO - P\u00f4le UBS\",\"isPartOf\":{\"@id\":\"https:\\\/\\\/www.laboratoire-geosciences-ocean-ubs.fr\\\/#website\"},\"primaryImageOfPage\":{\"@id\":\"https:\\\/\\\/www.laboratoire-geosciences-ocean-ubs.fr\\\/projet-celtic\\\/#primaryimage\"},\"image\":{\"@id\":\"https:\\\/\\\/www.laboratoire-geosciences-ocean-ubs.fr\\\/projet-celtic\\\/#primaryimage\"},\"thumbnailUrl\":\"https:\\\/\\\/www.laboratoire-geosciences-ocean-ubs.fr\\\/wp-content\\\/uploads\\\/2023\\\/10\\\/DSC_0557-scaled.jpg\",\"datePublished\":\"2023-10-26T13:52:36+00:00\",\"dateModified\":\"2023-10-27T12:15:05+00:00\",\"description\":\"Le projet redynamisera un secteur paralys\u00e9 en cr\u00e9ant des partenariats transfrontaliers pour d\u00e9velopper de nouvelles technologies, les...\",\"breadcrumb\":{\"@id\":\"https:\\\/\\\/www.laboratoire-geosciences-ocean-ubs.fr\\\/projet-celtic\\\/#breadcrumb\"},\"inLanguage\":\"en-GB\",\"potentialAction\":[{\"@type\":\"ReadAction\",\"target\":[\"https:\\\/\\\/www.laboratoire-geosciences-ocean-ubs.fr\\\/projet-celtic\\\/\"]}]},{\"@type\":\"ImageObject\",\"inLanguage\":\"en-GB\",\"@id\":\"https:\\\/\\\/www.laboratoire-geosciences-ocean-ubs.fr\\\/projet-celtic\\\/#primaryimage\",\"url\":\"https:\\\/\\\/www.laboratoire-geosciences-ocean-ubs.fr\\\/wp-content\\\/uploads\\\/2023\\\/10\\\/DSC_0557-scaled.jpg\",\"contentUrl\":\"https:\\\/\\\/www.laboratoire-geosciences-ocean-ubs.fr\\\/wp-content\\\/uploads\\\/2023\\\/10\\\/DSC_0557-scaled.jpg\",\"width\":2560,\"height\":1707},{\"@type\":\"BreadcrumbList\",\"@id\":\"https:\\\/\\\/www.laboratoire-geosciences-ocean-ubs.fr\\\/projet-celtic\\\/#breadcrumb\",\"itemListElement\":[{\"@type\":\"ListItem\",\"position\":1,\"name\":\"Accueil\",\"item\":\"https:\\\/\\\/www.laboratoire-geosciences-ocean-ubs.fr\\\/\"},{\"@type\":\"ListItem\",\"position\":2,\"name\":\"Projet Celtic\"}]},{\"@type\":\"WebSite\",\"@id\":\"https:\\\/\\\/www.laboratoire-geosciences-ocean-ubs.fr\\\/#website\",\"url\":\"https:\\\/\\\/www.laboratoire-geosciences-ocean-ubs.fr\\\/\",\"name\":\"LGO - P\u00f4le UBS\",\"description\":\"Une expertise durable des milieux marins et c\u00f4tiers\",\"publisher\":{\"@id\":\"https:\\\/\\\/www.laboratoire-geosciences-ocean-ubs.fr\\\/#organization\"},\"potentialAction\":[{\"@type\":\"SearchAction\",\"target\":{\"@type\":\"EntryPoint\",\"urlTemplate\":\"https:\\\/\\\/www.laboratoire-geosciences-ocean-ubs.fr\\\/?s={search_term_string}\"},\"query-input\":{\"@type\":\"PropertyValueSpecification\",\"valueRequired\":true,\"valueName\":\"search_term_string\"}}],\"inLanguage\":\"en-GB\"},{\"@type\":\"Organization\",\"@id\":\"https:\\\/\\\/www.laboratoire-geosciences-ocean-ubs.fr\\\/#organization\",\"name\":\"OCLM\",\"url\":\"https:\\\/\\\/www.laboratoire-geosciences-ocean-ubs.fr\\\/\",\"logo\":{\"@type\":\"ImageObject\",\"inLanguage\":\"en-GB\",\"@id\":\"https:\\\/\\\/www.laboratoire-geosciences-ocean-ubs.fr\\\/#\\\/schema\\\/logo\\\/image\\\/\",\"url\":\"https:\\\/\\\/www.laboratoire-geosciences-ocean-ubs.fr\\\/wp-content\\\/uploads\\\/2021\\\/12\\\/cropped-cropped-goo-hd-geo-ocean-tutelles-noir.png\",\"contentUrl\":\"https:\\\/\\\/www.laboratoire-geosciences-ocean-ubs.fr\\\/wp-content\\\/uploads\\\/2021\\\/12\\\/cropped-cropped-goo-hd-geo-ocean-tutelles-noir.png\",\"width\":2887,\"height\":1485,\"caption\":\"OCLM\"},\"image\":{\"@id\":\"https:\\\/\\\/www.laboratoire-geosciences-ocean-ubs.fr\\\/#\\\/schema\\\/logo\\\/image\\\/\"},\"sameAs\":[\"https:\\\/\\\/www.facebook.com\\\/search\\\/top\\\/?q=algobox :un outil \u00e9cologique de r\u00e9g\u00e9n\u00e9ration des dunes\"]}]}<\/script>\n<!-- \/ Yoast SEO plugin. -->","yoast_head_json":{"title":"Projet Celtic - LGO - P\u00f4le UBS","description":"Le projet redynamisera un secteur paralys\u00e9 en cr\u00e9ant des partenariats transfrontaliers pour d\u00e9velopper de nouvelles technologies, les...","robots":{"index":"index","follow":"follow","max-snippet":"max-snippet:-1","max-image-preview":"max-image-preview:large","max-video-preview":"max-video-preview:-1"},"canonical":"https:\/\/www.laboratoire-geosciences-ocean-ubs.fr\/en\/projet-celtic\/","og_locale":"en_GB","og_type":"article","og_title":"Projet Celtic - LGO - P\u00f4le UBS","og_description":"Le projet redynamisera un secteur paralys\u00e9 en cr\u00e9ant des partenariats transfrontaliers pour d\u00e9velopper de nouvelles technologies, les...","og_url":"https:\/\/www.laboratoire-geosciences-ocean-ubs.fr\/en\/projet-celtic\/","og_site_name":"LGO - P\u00f4le UBS","article_publisher":"https:\/\/www.facebook.com\/search\/top\/?q=algobox%20%3aun%20outil%20%c3%a9cologique%20de%20r%c3%a9g%c3%a9n%c3%a9ration%20des%20dunes","article_modified_time":"2023-10-27T12:15:05+00:00","og_image":[{"width":2560,"height":1707,"url":"https:\/\/www.laboratoire-geosciences-ocean-ubs.fr\/wp-content\/uploads\/2023\/10\/DSC_0557-scaled.jpg","type":"image\/jpeg"}],"twitter_card":"summary_large_image","twitter_misc":{"Estimated reading time":"2 minutes"},"schema":{"@context":"https:\/\/schema.org","@graph":[{"@type":"WebPage","@id":"https:\/\/www.laboratoire-geosciences-ocean-ubs.fr\/projet-celtic\/","url":"https:\/\/www.laboratoire-geosciences-ocean-ubs.fr\/projet-celtic\/","name":"Projet Celtic - LGO - P\u00f4le UBS","isPartOf":{"@id":"https:\/\/www.laboratoire-geosciences-ocean-ubs.fr\/#website"},"primaryImageOfPage":{"@id":"https:\/\/www.laboratoire-geosciences-ocean-ubs.fr\/projet-celtic\/#primaryimage"},"image":{"@id":"https:\/\/www.laboratoire-geosciences-ocean-ubs.fr\/projet-celtic\/#primaryimage"},"thumbnailUrl":"https:\/\/www.laboratoire-geosciences-ocean-ubs.fr\/wp-content\/uploads\/2023\/10\/DSC_0557-scaled.jpg","datePublished":"2023-10-26T13:52:36+00:00","dateModified":"2023-10-27T12:15:05+00:00","description":"Le projet redynamisera un secteur paralys\u00e9 en cr\u00e9ant des partenariats transfrontaliers pour d\u00e9velopper de nouvelles technologies, les...","breadcrumb":{"@id":"https:\/\/www.laboratoire-geosciences-ocean-ubs.fr\/projet-celtic\/#breadcrumb"},"inLanguage":"en-GB","potentialAction":[{"@type":"ReadAction","target":["https:\/\/www.laboratoire-geosciences-ocean-ubs.fr\/projet-celtic\/"]}]},{"@type":"ImageObject","inLanguage":"en-GB","@id":"https:\/\/www.laboratoire-geosciences-ocean-ubs.fr\/projet-celtic\/#primaryimage","url":"https:\/\/www.laboratoire-geosciences-ocean-ubs.fr\/wp-content\/uploads\/2023\/10\/DSC_0557-scaled.jpg","contentUrl":"https:\/\/www.laboratoire-geosciences-ocean-ubs.fr\/wp-content\/uploads\/2023\/10\/DSC_0557-scaled.jpg","width":2560,"height":1707},{"@type":"BreadcrumbList","@id":"https:\/\/www.laboratoire-geosciences-ocean-ubs.fr\/projet-celtic\/#breadcrumb","itemListElement":[{"@type":"ListItem","position":1,"name":"Accueil","item":"https:\/\/www.laboratoire-geosciences-ocean-ubs.fr\/"},{"@type":"ListItem","position":2,"name":"Projet Celtic"}]},{"@type":"WebSite","@id":"https:\/\/www.laboratoire-geosciences-ocean-ubs.fr\/#website","url":"https:\/\/www.laboratoire-geosciences-ocean-ubs.fr\/","name":"LGO - P\u00f4le UBS","description":"Une expertise durable des milieux marins et c\u00f4tiers","publisher":{"@id":"https:\/\/www.laboratoire-geosciences-ocean-ubs.fr\/#organization"},"potentialAction":[{"@type":"SearchAction","target":{"@type":"EntryPoint","urlTemplate":"https:\/\/www.laboratoire-geosciences-ocean-ubs.fr\/?s={search_term_string}"},"query-input":{"@type":"PropertyValueSpecification","valueRequired":true,"valueName":"search_term_string"}}],"inLanguage":"en-GB"},{"@type":"Organization","@id":"https:\/\/www.laboratoire-geosciences-ocean-ubs.fr\/#organization","name":"OCLM","url":"https:\/\/www.laboratoire-geosciences-ocean-ubs.fr\/","logo":{"@type":"ImageObject","inLanguage":"en-GB","@id":"https:\/\/www.laboratoire-geosciences-ocean-ubs.fr\/#\/schema\/logo\/image\/","url":"https:\/\/www.laboratoire-geosciences-ocean-ubs.fr\/wp-content\/uploads\/2021\/12\/cropped-cropped-goo-hd-geo-ocean-tutelles-noir.png","contentUrl":"https:\/\/www.laboratoire-geosciences-ocean-ubs.fr\/wp-content\/uploads\/2021\/12\/cropped-cropped-goo-hd-geo-ocean-tutelles-noir.png","width":2887,"height":1485,"caption":"OCLM"},"image":{"@id":"https:\/\/www.laboratoire-geosciences-ocean-ubs.fr\/#\/schema\/logo\/image\/"},"sameAs":["https:\/\/www.facebook.com\/search\/top\/?q=algobox :un outil \u00e9cologique de r\u00e9g\u00e9n\u00e9ration des dunes"]}]}},"_links":{"self":[{"href":"https:\/\/www.laboratoire-geosciences-ocean-ubs.fr\/en\/wp-json\/wp\/v2\/pages\/38531","targetHints":{"allow":["GET"]}}],"collection":[{"href":"https:\/\/www.laboratoire-geosciences-ocean-ubs.fr\/en\/wp-json\/wp\/v2\/pages"}],"about":[{"href":"https:\/\/www.laboratoire-geosciences-ocean-ubs.fr\/en\/wp-json\/wp\/v2\/types\/page"}],"author":[{"embeddable":true,"href":"https:\/\/www.laboratoire-geosciences-ocean-ubs.fr\/en\/wp-json\/wp\/v2\/users\/9"}],"replies":[{"embeddable":true,"href":"https:\/\/www.laboratoire-geosciences-ocean-ubs.fr\/en\/wp-json\/wp\/v2\/comments?post=38531"}],"version-history":[{"count":0,"href":"https:\/\/www.laboratoire-geosciences-ocean-ubs.fr\/en\/wp-json\/wp\/v2\/pages\/38531\/revisions"}],"wp:featuredmedia":[{"embeddable":true,"href":"https:\/\/www.laboratoire-geosciences-ocean-ubs.fr\/en\/wp-json\/wp\/v2\/media\/38542"}],"wp:attachment":[{"href":"https:\/\/www.laboratoire-geosciences-ocean-ubs.fr\/en\/wp-json\/wp\/v2\/media?parent=38531"}],"curies":[{"name":"wp","href":"https:\/\/api.w.org\/{rel}","templated":true}]}}