{"id":38499,"date":"2023-10-18T11:16:43","date_gmt":"2023-10-18T09:16:43","guid":{"rendered":"https:\/\/www.laboratoire-geosciences-ocean-ubs.fr\/?page_id=38499"},"modified":"2023-10-18T12:10:13","modified_gmt":"2023-10-18T10:10:13","slug":"projet-dour-glaz","status":"publish","type":"page","link":"https:\/\/www.laboratoire-geosciences-ocean-ubs.fr\/en\/projet-dour-glaz\/","title":{"rendered":"Dour-Glaz Project"},"content":{"rendered":"<div id=\"pl-38499\"  class=\"panel-layout\" ><div id=\"pg-38499-0\"  class=\"panel-grid panel-no-style\" ><div id=\"pgc-38499-0-0\"  class=\"panel-grid-cell\" ><div id=\"panel-38499-0-0-0\" class=\"so-panel widget widget_sow-editor panel-first-child\" data-index=\"0\" ><div\n\t\t\t\n\t\t\tclass=\"so-widget-sow-editor so-widget-sow-editor-base\"\n\t\t\t\n\t\t>\n<div class=\"siteorigin-widget-tinymce textwidget\">\n\t<h1 class=\"col-xs bottom-xs flexbox image-group-bottom-3-img space-bottom-xs center-xs\"><img loading=\"lazy\" decoding=\"async\" class=\"wp-image-4511\" style=\"color: #1269b0; font-size: 30px;\" src=\"http:\/\/www.laboratoire-geosciences-ocean-ubs.fr\/wp-content\/uploads\/2020\/04\/trait-1-300x34.png\" alt=\"\" width=\"150\" height=\"17\" srcset=\"https:\/\/www.laboratoire-geosciences-ocean-ubs.fr\/wp-content\/uploads\/2020\/04\/trait-1-300x34.png 300w, https:\/\/www.laboratoire-geosciences-ocean-ubs.fr\/wp-content\/uploads\/2020\/04\/trait-1.png 331w\" sizes=\"auto, (max-width: 150px) 100vw, 150px\" \/><br \/>\n<span style=\"color: #1269b0; font-size: 2.2rem; background-color: #e6e9ed;\">Dour-Glaz Project<\/span><img loading=\"lazy\" decoding=\"async\" class=\"wp-image-4511\" style=\"color: #1269b0; font-size: 30px;\" src=\"http:\/\/www.laboratoire-geosciences-ocean-ubs.fr\/wp-content\/uploads\/2020\/04\/trait-1-300x34.png\" alt=\"\" width=\"150\" height=\"17\" srcset=\"https:\/\/www.laboratoire-geosciences-ocean-ubs.fr\/wp-content\/uploads\/2020\/04\/trait-1-300x34.png 300w, https:\/\/www.laboratoire-geosciences-ocean-ubs.fr\/wp-content\/uploads\/2020\/04\/trait-1.png 331w\" sizes=\"auto, (max-width: 150px) 100vw, 150px\" \/><\/h1>\n<\/div>\n<\/div><\/div><div id=\"panel-38499-0-0-1\" class=\"so-panel widget widget_sow-editor panel-last-child\" data-index=\"1\" ><div\n\t\t\t\n\t\t\tclass=\"so-widget-sow-editor so-widget-sow-editor-base\"\n\t\t\t\n\t\t>\n<div class=\"siteorigin-widget-tinymce textwidget\">\n\t<p style=\"font-size: 22px; color: #1269b0; text-align: justify;\"><strong>Study of turbid plumes and sediment deposits from dredging operations during their immersion at sea.\u00a0<\/strong><\/p>\n<p style=\"font-size: 18px; color: #1269b0; text-align: justify;\"><strong>Project managers :<\/strong> : Mouncef Sedrati<\/p>\n<p style=\"font-size: 18px; color: #1269b0; text-align: justify;\"><strong>Project leaders<\/strong> : \u00a0LGO UMR CNRS 6538 \u2013 UBS<\/p>\n<p style=\"font-size: 18px; color: #1269b0; text-align: justify;\"><strong>Funding<\/strong> : Lorient Agglom\u00e9ration &amp; UBS<\/p>\n<p style=\"font-size: 18px; color: #1269b0; text-align: justify;\"><strong>Length of the project <\/strong>: November 2022 - Today<\/p>\n<\/div>\n<\/div><\/div><\/div><\/div><div id=\"pg-38499-1\"  class=\"panel-grid panel-no-style\" ><div id=\"pgc-38499-1-0\"  class=\"panel-grid-cell panel-grid-cell-empty\" ><\/div><\/div><div id=\"pg-38499-2\"  class=\"panel-grid panel-no-style\" ><div id=\"pgc-38499-2-0\"  class=\"panel-grid-cell\" ><div id=\"panel-38499-2-0-0\" class=\"so-panel widget widget_sow-editor panel-first-child panel-last-child\" data-index=\"2\" ><div\n\t\t\t\n\t\t\tclass=\"so-widget-sow-editor so-widget-sow-editor-base\"\n\t\t\t\n\t\t>\n<div class=\"siteorigin-widget-tinymce textwidget\">\n\t<h3><strong><span style=\"color: #1269b0;\"><strong>Presentation<\/strong><\/span><\/strong><\/h3>\n<p style=\"font-size: 18px; color: #1269b0; text-align: justify;\">In order to better understand sedimentary movements and limit the impact of human activities on the marine environment, Lorient Agglom\u00e9ration asked the LGO at the University of Southern Brittany (UBS) to conduct an in-depth study of turbid plumes and sediment deposits from dredging activities during their immersion at sea, off the coast of Groix. This study is part of a more ambitious program led by the Agglom\u00e9ration, the Dour Glaz project, which aims to enhance our knowledge of the overall natural functioning of coastal water masses and thus contribute to improving their quality. The cost of the study entrusted to UBS is estimated at \u20ac54,000 excluding taxes, with 80% funded by Lorient Agglom\u00e9ration and 20% by UBS.<\/p>\n<\/div>\n<\/div><\/div><\/div><\/div><div id=\"pg-38499-3\"  class=\"panel-grid panel-no-style\" ><div id=\"pgc-38499-3-0\"  class=\"panel-grid-cell panel-grid-cell-empty\" ><\/div><\/div><div id=\"pg-38499-4\"  class=\"panel-grid panel-no-style\" ><div id=\"pgc-38499-4-0\"  class=\"panel-grid-cell\" ><div id=\"panel-38499-4-0-0\" class=\"so-panel widget widget_sow-editor panel-first-child panel-last-child\" data-index=\"3\" ><div\n\t\t\t\n\t\t\tclass=\"so-widget-sow-editor so-widget-sow-editor-base\"\n\t\t\t\n\t\t>\n<div class=\"siteorigin-widget-tinymce textwidget\">\n\t<h3><\/h3>\n<h3><strong><span style=\"color: #1269b0;\">Objectives\u00a0<\/span><\/strong><\/h3>\n<ul>\n<li style=\"font-size: 18px; color: #1269b0; text-align: justify;\">Understanding sedimentary movements at sea and the impact of dredged sediment deposits.<\/li>\n<li style=\"font-size: 18px; color: #1269b0; text-align: justify;\">Limiting the impact of human activities on the marine environment.<\/li>\n<li style=\"font-size: 18px; color: #1269b0; text-align: justify;\">Enhancing the quality of coastal water masses.<\/li>\n<\/ul>\n<\/div>\n<\/div><\/div><\/div><\/div><div id=\"pg-38499-5\"  class=\"panel-grid panel-no-style\" ><div id=\"pgc-38499-5-0\"  class=\"panel-grid-cell\" ><div id=\"panel-38499-5-0-0\" class=\"so-panel widget widget_sow-image panel-first-child panel-last-child\" data-index=\"4\" ><div\n\t\t\t\n\t\t\tclass=\"so-widget-sow-image so-widget-sow-image-default-c67d20f9f743-38499\"\n\t\t\t\n\t\t>\n<div class=\"sow-image-container\">\n\t\t<img \n\tsrc=\"https:\/\/www.laboratoire-geosciences-ocean-ubs.fr\/wp-content\/uploads\/2023\/10\/DJI_20230522103436_0012_D-scaled-e1697623708489-768x503.jpg\" width=\"768\" height=\"503\" srcset=\"https:\/\/www.laboratoire-geosciences-ocean-ubs.fr\/wp-content\/uploads\/2023\/10\/DJI_20230522103436_0012_D-scaled-e1697623708489-768x503.jpg 768w, https:\/\/www.laboratoire-geosciences-ocean-ubs.fr\/wp-content\/uploads\/2023\/10\/DJI_20230522103436_0012_D-scaled-e1697623708489-300x196.jpg 300w, https:\/\/www.laboratoire-geosciences-ocean-ubs.fr\/wp-content\/uploads\/2023\/10\/DJI_20230522103436_0012_D-scaled-e1697623708489-1024x670.jpg 1024w, https:\/\/www.laboratoire-geosciences-ocean-ubs.fr\/wp-content\/uploads\/2023\/10\/DJI_20230522103436_0012_D-scaled-e1697623708489-1536x1006.jpg 1536w, https:\/\/www.laboratoire-geosciences-ocean-ubs.fr\/wp-content\/uploads\/2023\/10\/DJI_20230522103436_0012_D-scaled-e1697623708489-2048x1341.jpg 2048w, https:\/\/www.laboratoire-geosciences-ocean-ubs.fr\/wp-content\/uploads\/2023\/10\/DJI_20230522103436_0012_D-scaled-e1697623708489-18x12.jpg 18w, https:\/\/www.laboratoire-geosciences-ocean-ubs.fr\/wp-content\/uploads\/2023\/10\/DJI_20230522103436_0012_D-scaled-e1697623708489-1650x1080.jpg 1650w\" sizes=\"(max-width: 768px) 100vw, 768px\" title=\"default\" alt=\"\" \t\tclass=\"so-widget-image\"\/>\n\t<\/div>\n\n<\/div><\/div><\/div><div id=\"pgc-38499-5-1\"  class=\"panel-grid-cell\" ><div id=\"panel-38499-5-1-0\" class=\"so-panel widget widget_sow-image panel-first-child panel-last-child\" data-index=\"5\" ><div\n\t\t\t\n\t\t\tclass=\"so-widget-sow-image so-widget-sow-image-default-c67d20f9f743-38499\"\n\t\t\t\n\t\t>\n<div class=\"sow-image-container\">\n\t\t<img \n\tsrc=\"https:\/\/www.laboratoire-geosciences-ocean-ubs.fr\/wp-content\/uploads\/2023\/10\/MjAyMjEwZGM1OGU0MzgwZWY3ZGI0NWI4YjAyZGNiYTNjMzgzZWQ-768x510.jpg\" width=\"768\" height=\"510\" srcset=\"https:\/\/www.laboratoire-geosciences-ocean-ubs.fr\/wp-content\/uploads\/2023\/10\/MjAyMjEwZGM1OGU0MzgwZWY3ZGI0NWI4YjAyZGNiYTNjMzgzZWQ-768x510.jpg 768w, https:\/\/www.laboratoire-geosciences-ocean-ubs.fr\/wp-content\/uploads\/2023\/10\/MjAyMjEwZGM1OGU0MzgwZWY3ZGI0NWI4YjAyZGNiYTNjMzgzZWQ-300x199.jpg 300w, https:\/\/www.laboratoire-geosciences-ocean-ubs.fr\/wp-content\/uploads\/2023\/10\/MjAyMjEwZGM1OGU0MzgwZWY3ZGI0NWI4YjAyZGNiYTNjMzgzZWQ-1024x680.jpg 1024w, https:\/\/www.laboratoire-geosciences-ocean-ubs.fr\/wp-content\/uploads\/2023\/10\/MjAyMjEwZGM1OGU0MzgwZWY3ZGI0NWI4YjAyZGNiYTNjMzgzZWQ-18x12.jpg 18w, https:\/\/www.laboratoire-geosciences-ocean-ubs.fr\/wp-content\/uploads\/2023\/10\/MjAyMjEwZGM1OGU0MzgwZWY3ZGI0NWI4YjAyZGNiYTNjMzgzZWQ-272x182.jpg 272w, https:\/\/www.laboratoire-geosciences-ocean-ubs.fr\/wp-content\/uploads\/2023\/10\/MjAyMjEwZGM1OGU0MzgwZWY3ZGI0NWI4YjAyZGNiYTNjMzgzZWQ.jpg 1260w\" sizes=\"(max-width: 768px) 100vw, 768px\" alt=\"\" \t\tclass=\"so-widget-image\"\/>\n\t<\/div>\n\n<\/div><\/div><\/div><\/div><div id=\"pg-38499-6\"  class=\"panel-grid panel-no-style\" ><div id=\"pgc-38499-6-0\"  class=\"panel-grid-cell panel-grid-cell-empty\" ><\/div><\/div><div id=\"pg-38499-7\"  class=\"panel-grid panel-no-style\" ><div id=\"pgc-38499-7-0\"  class=\"panel-grid-cell\" ><div id=\"panel-38499-7-0-0\" class=\"so-panel widget widget_sow-editor panel-first-child panel-last-child\" data-index=\"6\" ><div\n\t\t\t\n\t\t\tclass=\"so-widget-sow-editor so-widget-sow-editor-base\"\n\t\t\t\n\t\t>\n<div class=\"siteorigin-widget-tinymce textwidget\">\n\t<h3><\/h3>\n<h3><strong><span style=\"color: #1269b0;\"><strong>Partners of the Dour-Glaz project.<\/strong><\/span><\/strong><\/h3>\n<p>&nbsp;<\/p>\n<p>&nbsp;<\/p>\n<\/div>\n<\/div><\/div><\/div><\/div><div id=\"pg-38499-8\"  class=\"panel-grid panel-no-style\" ><div id=\"pgc-38499-8-0\"  class=\"panel-grid-cell panel-grid-cell-empty\" ><\/div><\/div><\/div>","protected":false},"excerpt":{"rendered":"<p>Projet Dour-Glaz Une \u00e9tude pouss\u00e9e des panaches turbides et des d\u00e9p\u00f4ts de s\u00e9diments de dragages lors de leur immersion en mer.\u00a0 Responsable du projet : Mouncef Sedrati Porteurs du projet : \u00a0LGO UMR CNRS 6538 \u2013 UBS Financement : Lorient Agglom\u00e9ration &amp; UBS Dur\u00e9e du projet : Novembre 2022 &#8211; Aujourd&rsquo;hui<\/p>","protected":false},"author":9,"featured_media":38507,"parent":0,"menu_order":0,"comment_status":"closed","ping_status":"closed","template":"","meta":{"footnotes":""},"class_list":["post-38499","page","type-page","status-publish","has-post-thumbnail","hentry"],"yoast_head":"<!-- This site is optimized with the Yoast SEO plugin v27.4 - https:\/\/yoast.com\/product\/yoast-seo-wordpress\/ -->\n<title>Projet Dour-Glaz - LGO - P\u00f4le UBS<\/title>\n<meta name=\"description\" content=\"Le projet redynamisera un secteur paralys\u00e9 en cr\u00e9ant des partenariats transfrontaliers pour d\u00e9velopper de nouvelles technologies, les...\" \/>\n<meta name=\"robots\" content=\"index, follow, max-snippet:-1, max-image-preview:large, max-video-preview:-1\" \/>\n<link rel=\"canonical\" href=\"https:\/\/www.laboratoire-geosciences-ocean-ubs.fr\/en\/projet-dour-glaz\/\" \/>\n<meta property=\"og:locale\" content=\"en_GB\" \/>\n<meta property=\"og:type\" content=\"article\" \/>\n<meta property=\"og:title\" content=\"Projet Dour-Glaz - LGO - P\u00f4le UBS\" \/>\n<meta property=\"og:description\" content=\"Le projet redynamisera un secteur paralys\u00e9 en cr\u00e9ant des partenariats transfrontaliers pour d\u00e9velopper de nouvelles technologies, les...\" \/>\n<meta property=\"og:url\" content=\"https:\/\/www.laboratoire-geosciences-ocean-ubs.fr\/en\/projet-dour-glaz\/\" \/>\n<meta property=\"og:site_name\" content=\"LGO - P\u00f4le UBS\" \/>\n<meta property=\"article:publisher\" content=\"https:\/\/www.facebook.com\/search\/top\/?q=algobox%20%3aun%20outil%20%c3%a9cologique%20de%20r%c3%a9g%c3%a9n%c3%a9ration%20des%20dunes\" \/>\n<meta property=\"article:modified_time\" content=\"2023-10-18T10:10:13+00:00\" \/>\n<meta property=\"og:image\" content=\"https:\/\/www.laboratoire-geosciences-ocean-ubs.fr\/wp-content\/uploads\/2023\/10\/DJI_20230526104417_0021_D-scaled.jpg\" \/>\n\t<meta property=\"og:image:width\" content=\"2560\" \/>\n\t<meta property=\"og:image:height\" content=\"1918\" \/>\n\t<meta property=\"og:image:type\" content=\"image\/jpeg\" \/>\n<meta name=\"twitter:card\" content=\"summary_large_image\" \/>\n<meta name=\"twitter:label1\" content=\"Estimated reading time\" \/>\n\t<meta name=\"twitter:data1\" content=\"2 minutes\" \/>\n<script type=\"application\/ld+json\" class=\"yoast-schema-graph\">{\"@context\":\"https:\\\/\\\/schema.org\",\"@graph\":[{\"@type\":\"WebPage\",\"@id\":\"https:\\\/\\\/www.laboratoire-geosciences-ocean-ubs.fr\\\/projet-dour-glaz\\\/\",\"url\":\"https:\\\/\\\/www.laboratoire-geosciences-ocean-ubs.fr\\\/projet-dour-glaz\\\/\",\"name\":\"Projet Dour-Glaz - LGO - P\u00f4le UBS\",\"isPartOf\":{\"@id\":\"https:\\\/\\\/www.laboratoire-geosciences-ocean-ubs.fr\\\/#website\"},\"primaryImageOfPage\":{\"@id\":\"https:\\\/\\\/www.laboratoire-geosciences-ocean-ubs.fr\\\/projet-dour-glaz\\\/#primaryimage\"},\"image\":{\"@id\":\"https:\\\/\\\/www.laboratoire-geosciences-ocean-ubs.fr\\\/projet-dour-glaz\\\/#primaryimage\"},\"thumbnailUrl\":\"https:\\\/\\\/www.laboratoire-geosciences-ocean-ubs.fr\\\/wp-content\\\/uploads\\\/2023\\\/10\\\/DJI_20230526104417_0021_D-scaled.jpg\",\"datePublished\":\"2023-10-18T09:16:43+00:00\",\"dateModified\":\"2023-10-18T10:10:13+00:00\",\"description\":\"Le projet redynamisera un secteur paralys\u00e9 en cr\u00e9ant des partenariats transfrontaliers pour d\u00e9velopper de nouvelles technologies, les...\",\"breadcrumb\":{\"@id\":\"https:\\\/\\\/www.laboratoire-geosciences-ocean-ubs.fr\\\/projet-dour-glaz\\\/#breadcrumb\"},\"inLanguage\":\"en-GB\",\"potentialAction\":[{\"@type\":\"ReadAction\",\"target\":[\"https:\\\/\\\/www.laboratoire-geosciences-ocean-ubs.fr\\\/projet-dour-glaz\\\/\"]}]},{\"@type\":\"ImageObject\",\"inLanguage\":\"en-GB\",\"@id\":\"https:\\\/\\\/www.laboratoire-geosciences-ocean-ubs.fr\\\/projet-dour-glaz\\\/#primaryimage\",\"url\":\"https:\\\/\\\/www.laboratoire-geosciences-ocean-ubs.fr\\\/wp-content\\\/uploads\\\/2023\\\/10\\\/DJI_20230526104417_0021_D-scaled.jpg\",\"contentUrl\":\"https:\\\/\\\/www.laboratoire-geosciences-ocean-ubs.fr\\\/wp-content\\\/uploads\\\/2023\\\/10\\\/DJI_20230526104417_0021_D-scaled.jpg\",\"width\":2560,\"height\":1918,\"caption\":\"default\"},{\"@type\":\"BreadcrumbList\",\"@id\":\"https:\\\/\\\/www.laboratoire-geosciences-ocean-ubs.fr\\\/projet-dour-glaz\\\/#breadcrumb\",\"itemListElement\":[{\"@type\":\"ListItem\",\"position\":1,\"name\":\"Accueil\",\"item\":\"https:\\\/\\\/www.laboratoire-geosciences-ocean-ubs.fr\\\/\"},{\"@type\":\"ListItem\",\"position\":2,\"name\":\"Projet Dour-Glaz\"}]},{\"@type\":\"WebSite\",\"@id\":\"https:\\\/\\\/www.laboratoire-geosciences-ocean-ubs.fr\\\/#website\",\"url\":\"https:\\\/\\\/www.laboratoire-geosciences-ocean-ubs.fr\\\/\",\"name\":\"LGO - P\u00f4le UBS\",\"description\":\"Une expertise durable des milieux marins et c\u00f4tiers\",\"publisher\":{\"@id\":\"https:\\\/\\\/www.laboratoire-geosciences-ocean-ubs.fr\\\/#organization\"},\"potentialAction\":[{\"@type\":\"SearchAction\",\"target\":{\"@type\":\"EntryPoint\",\"urlTemplate\":\"https:\\\/\\\/www.laboratoire-geosciences-ocean-ubs.fr\\\/?s={search_term_string}\"},\"query-input\":{\"@type\":\"PropertyValueSpecification\",\"valueRequired\":true,\"valueName\":\"search_term_string\"}}],\"inLanguage\":\"en-GB\"},{\"@type\":\"Organization\",\"@id\":\"https:\\\/\\\/www.laboratoire-geosciences-ocean-ubs.fr\\\/#organization\",\"name\":\"OCLM\",\"url\":\"https:\\\/\\\/www.laboratoire-geosciences-ocean-ubs.fr\\\/\",\"logo\":{\"@type\":\"ImageObject\",\"inLanguage\":\"en-GB\",\"@id\":\"https:\\\/\\\/www.laboratoire-geosciences-ocean-ubs.fr\\\/#\\\/schema\\\/logo\\\/image\\\/\",\"url\":\"https:\\\/\\\/www.laboratoire-geosciences-ocean-ubs.fr\\\/wp-content\\\/uploads\\\/2021\\\/12\\\/cropped-cropped-goo-hd-geo-ocean-tutelles-noir.png\",\"contentUrl\":\"https:\\\/\\\/www.laboratoire-geosciences-ocean-ubs.fr\\\/wp-content\\\/uploads\\\/2021\\\/12\\\/cropped-cropped-goo-hd-geo-ocean-tutelles-noir.png\",\"width\":2887,\"height\":1485,\"caption\":\"OCLM\"},\"image\":{\"@id\":\"https:\\\/\\\/www.laboratoire-geosciences-ocean-ubs.fr\\\/#\\\/schema\\\/logo\\\/image\\\/\"},\"sameAs\":[\"https:\\\/\\\/www.facebook.com\\\/search\\\/top\\\/?q=algobox :un outil \u00e9cologique de r\u00e9g\u00e9n\u00e9ration des dunes\"]}]}<\/script>\n<!-- \/ Yoast SEO plugin. -->","yoast_head_json":{"title":"Projet Dour-Glaz - LGO - P\u00f4le UBS","description":"Le projet redynamisera un secteur paralys\u00e9 en cr\u00e9ant des partenariats transfrontaliers pour d\u00e9velopper de nouvelles technologies, les...","robots":{"index":"index","follow":"follow","max-snippet":"max-snippet:-1","max-image-preview":"max-image-preview:large","max-video-preview":"max-video-preview:-1"},"canonical":"https:\/\/www.laboratoire-geosciences-ocean-ubs.fr\/en\/projet-dour-glaz\/","og_locale":"en_GB","og_type":"article","og_title":"Projet Dour-Glaz - LGO - P\u00f4le UBS","og_description":"Le projet redynamisera un secteur paralys\u00e9 en cr\u00e9ant des partenariats transfrontaliers pour d\u00e9velopper de nouvelles technologies, les...","og_url":"https:\/\/www.laboratoire-geosciences-ocean-ubs.fr\/en\/projet-dour-glaz\/","og_site_name":"LGO - P\u00f4le UBS","article_publisher":"https:\/\/www.facebook.com\/search\/top\/?q=algobox%20%3aun%20outil%20%c3%a9cologique%20de%20r%c3%a9g%c3%a9n%c3%a9ration%20des%20dunes","article_modified_time":"2023-10-18T10:10:13+00:00","og_image":[{"width":2560,"height":1918,"url":"https:\/\/www.laboratoire-geosciences-ocean-ubs.fr\/wp-content\/uploads\/2023\/10\/DJI_20230526104417_0021_D-scaled.jpg","type":"image\/jpeg"}],"twitter_card":"summary_large_image","twitter_misc":{"Estimated reading time":"2 minutes"},"schema":{"@context":"https:\/\/schema.org","@graph":[{"@type":"WebPage","@id":"https:\/\/www.laboratoire-geosciences-ocean-ubs.fr\/projet-dour-glaz\/","url":"https:\/\/www.laboratoire-geosciences-ocean-ubs.fr\/projet-dour-glaz\/","name":"Projet Dour-Glaz - LGO - P\u00f4le UBS","isPartOf":{"@id":"https:\/\/www.laboratoire-geosciences-ocean-ubs.fr\/#website"},"primaryImageOfPage":{"@id":"https:\/\/www.laboratoire-geosciences-ocean-ubs.fr\/projet-dour-glaz\/#primaryimage"},"image":{"@id":"https:\/\/www.laboratoire-geosciences-ocean-ubs.fr\/projet-dour-glaz\/#primaryimage"},"thumbnailUrl":"https:\/\/www.laboratoire-geosciences-ocean-ubs.fr\/wp-content\/uploads\/2023\/10\/DJI_20230526104417_0021_D-scaled.jpg","datePublished":"2023-10-18T09:16:43+00:00","dateModified":"2023-10-18T10:10:13+00:00","description":"Le projet redynamisera un secteur paralys\u00e9 en cr\u00e9ant des partenariats transfrontaliers pour d\u00e9velopper de nouvelles technologies, les...","breadcrumb":{"@id":"https:\/\/www.laboratoire-geosciences-ocean-ubs.fr\/projet-dour-glaz\/#breadcrumb"},"inLanguage":"en-GB","potentialAction":[{"@type":"ReadAction","target":["https:\/\/www.laboratoire-geosciences-ocean-ubs.fr\/projet-dour-glaz\/"]}]},{"@type":"ImageObject","inLanguage":"en-GB","@id":"https:\/\/www.laboratoire-geosciences-ocean-ubs.fr\/projet-dour-glaz\/#primaryimage","url":"https:\/\/www.laboratoire-geosciences-ocean-ubs.fr\/wp-content\/uploads\/2023\/10\/DJI_20230526104417_0021_D-scaled.jpg","contentUrl":"https:\/\/www.laboratoire-geosciences-ocean-ubs.fr\/wp-content\/uploads\/2023\/10\/DJI_20230526104417_0021_D-scaled.jpg","width":2560,"height":1918,"caption":"default"},{"@type":"BreadcrumbList","@id":"https:\/\/www.laboratoire-geosciences-ocean-ubs.fr\/projet-dour-glaz\/#breadcrumb","itemListElement":[{"@type":"ListItem","position":1,"name":"Accueil","item":"https:\/\/www.laboratoire-geosciences-ocean-ubs.fr\/"},{"@type":"ListItem","position":2,"name":"Projet Dour-Glaz"}]},{"@type":"WebSite","@id":"https:\/\/www.laboratoire-geosciences-ocean-ubs.fr\/#website","url":"https:\/\/www.laboratoire-geosciences-ocean-ubs.fr\/","name":"LGO - P\u00f4le UBS","description":"Une expertise durable des milieux marins et c\u00f4tiers","publisher":{"@id":"https:\/\/www.laboratoire-geosciences-ocean-ubs.fr\/#organization"},"potentialAction":[{"@type":"SearchAction","target":{"@type":"EntryPoint","urlTemplate":"https:\/\/www.laboratoire-geosciences-ocean-ubs.fr\/?s={search_term_string}"},"query-input":{"@type":"PropertyValueSpecification","valueRequired":true,"valueName":"search_term_string"}}],"inLanguage":"en-GB"},{"@type":"Organization","@id":"https:\/\/www.laboratoire-geosciences-ocean-ubs.fr\/#organization","name":"OCLM","url":"https:\/\/www.laboratoire-geosciences-ocean-ubs.fr\/","logo":{"@type":"ImageObject","inLanguage":"en-GB","@id":"https:\/\/www.laboratoire-geosciences-ocean-ubs.fr\/#\/schema\/logo\/image\/","url":"https:\/\/www.laboratoire-geosciences-ocean-ubs.fr\/wp-content\/uploads\/2021\/12\/cropped-cropped-goo-hd-geo-ocean-tutelles-noir.png","contentUrl":"https:\/\/www.laboratoire-geosciences-ocean-ubs.fr\/wp-content\/uploads\/2021\/12\/cropped-cropped-goo-hd-geo-ocean-tutelles-noir.png","width":2887,"height":1485,"caption":"OCLM"},"image":{"@id":"https:\/\/www.laboratoire-geosciences-ocean-ubs.fr\/#\/schema\/logo\/image\/"},"sameAs":["https:\/\/www.facebook.com\/search\/top\/?q=algobox :un outil \u00e9cologique de r\u00e9g\u00e9n\u00e9ration des dunes"]}]}},"_links":{"self":[{"href":"https:\/\/www.laboratoire-geosciences-ocean-ubs.fr\/en\/wp-json\/wp\/v2\/pages\/38499","targetHints":{"allow":["GET"]}}],"collection":[{"href":"https:\/\/www.laboratoire-geosciences-ocean-ubs.fr\/en\/wp-json\/wp\/v2\/pages"}],"about":[{"href":"https:\/\/www.laboratoire-geosciences-ocean-ubs.fr\/en\/wp-json\/wp\/v2\/types\/page"}],"author":[{"embeddable":true,"href":"https:\/\/www.laboratoire-geosciences-ocean-ubs.fr\/en\/wp-json\/wp\/v2\/users\/9"}],"replies":[{"embeddable":true,"href":"https:\/\/www.laboratoire-geosciences-ocean-ubs.fr\/en\/wp-json\/wp\/v2\/comments?post=38499"}],"version-history":[{"count":0,"href":"https:\/\/www.laboratoire-geosciences-ocean-ubs.fr\/en\/wp-json\/wp\/v2\/pages\/38499\/revisions"}],"wp:featuredmedia":[{"embeddable":true,"href":"https:\/\/www.laboratoire-geosciences-ocean-ubs.fr\/en\/wp-json\/wp\/v2\/media\/38507"}],"wp:attachment":[{"href":"https:\/\/www.laboratoire-geosciences-ocean-ubs.fr\/en\/wp-json\/wp\/v2\/media?parent=38499"}],"curies":[{"name":"wp","href":"https:\/\/api.w.org\/{rel}","templated":true}]}}