{"id":37759,"date":"2023-09-08T14:41:49","date_gmt":"2023-09-08T12:41:49","guid":{"rendered":"https:\/\/www.laboratoire-geosciences-ocean-ubs.fr\/?page_id=37759"},"modified":"2023-10-11T15:24:38","modified_gmt":"2023-10-11T13:24:38","slug":"noe-metge-v2","status":"publish","type":"page","link":"https:\/\/www.laboratoire-geosciences-ocean-ubs.fr\/en\/noe-metge-v2\/","title":{"rendered":"No\u00e9 Metge"},"content":{"rendered":"<div id=\"pl-37759\"  class=\"panel-layout\" ><div id=\"pg-37759-0\"  class=\"panel-grid panel-no-style\" ><div id=\"pgc-37759-0-0\"  class=\"panel-grid-cell\" ><div id=\"panel-37759-0-0-0\" class=\"so-panel widget widget_sow-image panel-first-child panel-last-child\" data-index=\"0\" ><div\n\t\t\t\n\t\t\tclass=\"so-widget-sow-image so-widget-sow-image-default-c67d20f9f743-37759\"\n\t\t\t\n\t\t><\/div><\/div><\/div><div id=\"pgc-37759-0-1\"  class=\"panel-grid-cell panel-grid-cell-empty\" ><\/div><div id=\"pgc-37759-0-2\"  class=\"panel-grid-cell\" ><div id=\"panel-37759-0-2-0\" class=\"so-panel widget widget_sow-editor panel-first-child\" data-index=\"1\" ><div\n\t\t\t\n\t\t\tclass=\"so-widget-sow-editor so-widget-sow-editor-base\"\n\t\t\t\n\t\t>\n<div class=\"siteorigin-widget-tinymce textwidget\">\n\t<h2 class=\"cvGsUA direction-ltr align-start para-style-body\"><strong><span class=\"OYPEnA text-decoration-none text-strikethrough-none\" style=\"font-size: 32px; color: #1269b0;\">No\u00e9 Metge<br \/>\n<\/span><\/strong><strong><span class=\"OYPEnA text-decoration-none text-strikethrough-none\" style=\"font-size: 28px; color: #1269b0;\">Charg\u00e9 de mission OCLM<br \/>\n<\/span><\/strong><\/h2>\n<\/div>\n<\/div><\/div><div id=\"panel-37759-0-2-1\" class=\"so-panel widget widget_sow-editor panel-last-child\" data-index=\"2\" ><div class=\"panel-widget-style panel-widget-style-for-37759-0-2-1\" ><div\n\t\t\t\n\t\t\tclass=\"so-widget-sow-editor so-widget-sow-editor-base\"\n\t\t\t\n\t\t>\n<div class=\"siteorigin-widget-tinymce textwidget\">\n\t<p>&nbsp;<\/p>\n<p style=\"font-size: 20px; color: #1269b0; text-align: justify; padding-left: 40px;\"><span style=\"color: #ffffff;\"><strong>Contact et r\u00e9seaux :<\/strong><\/span><\/p>\n<p>&nbsp;<\/p>\n<p style=\"font-size: 18px; color: #1269b0; text-align: justify; padding-left: 120px;\"><span style=\"color: #ffffff;\">noe.metge@univ-ubs.fr \u00a0 \u00a0 \u00a0 \u00a0<\/span><\/p>\n<p style=\"font-size: 18px; color: #1269b0; text-align: justify; padding-left: 120px;\"><span style=\"color: #ffffff;\"><a style=\"color: #ffffff;\" href=\"https:\/\/www.linkedin.com\/in\/no%C3%A9-metge-b199b7155?miniProfileUrn=urn%3Ali%3Afs_miniProfile%3AACoAACVYbIUBUvou8ZT12rsEWiFOtHviszL1LJY&amp;lipi=urn%3Ali%3Apage%3Ad_flagship3_search_srp_all%3BzVZL1cdMTCqUtUg%2F1FS%2BVQ%3D%3D\">Linkedin<\/a><\/span><\/p>\n<p>&nbsp;<\/p>\n<\/div>\n<\/div><\/div><\/div><\/div><\/div><div id=\"pg-37759-1\"  class=\"panel-grid panel-no-style\" ><div id=\"pgc-37759-1-0\"  class=\"panel-grid-cell panel-grid-cell-empty\" ><\/div><\/div><div id=\"pg-37759-2\"  class=\"panel-grid panel-no-style\" ><div id=\"pgc-37759-2-0\"  class=\"panel-grid-cell\" ><div id=\"panel-37759-2-0-0\" class=\"so-panel widget widget_sow-editor panel-first-child panel-last-child\" data-index=\"3\" ><div\n\t\t\t\n\t\t\tclass=\"so-widget-sow-editor so-widget-sow-editor-base\"\n\t\t\t\n\t\t>\n<div class=\"siteorigin-widget-tinymce textwidget\">\n\t<h3 class=\"font-size: 22px; color: #1269b0; text-align: justify;\"><strong><span style=\"color: #1269b0;\">Comp\u00e9tences<\/span><\/strong><\/h3>\n<\/div>\n<\/div><\/div><\/div><\/div><div id=\"pg-37759-3\"  class=\"panel-grid panel-no-style\" ><div id=\"pgc-37759-3-0\"  class=\"panel-grid-cell\" ><div id=\"panel-37759-3-0-0\" class=\"so-panel widget widget_sow-editor panel-first-child panel-last-child\" data-index=\"4\" ><div class=\"panel-widget-style panel-widget-style-for-37759-3-0-0\" ><div\n\t\t\t\n\t\t\tclass=\"so-widget-sow-editor so-widget-sow-editor-base\"\n\t\t\t\n\t\t>\n<div class=\"siteorigin-widget-tinymce textwidget\">\n\t<p style=\"font-size: 18px; color: #1269b0; text-align: left;\">Pr\u00e9vention des risques c\u00f4tiers<\/p>\n<\/div>\n<\/div><\/div><\/div><\/div><div id=\"pgc-37759-3-1\"  class=\"panel-grid-cell panel-grid-cell-empty\" ><\/div><div id=\"pgc-37759-3-2\"  class=\"panel-grid-cell\" ><div id=\"panel-37759-3-2-0\" class=\"so-panel widget widget_sow-editor panel-first-child panel-last-child\" data-index=\"5\" ><div class=\"panel-widget-style panel-widget-style-for-37759-3-2-0\" ><div\n\t\t\t\n\t\t\tclass=\"so-widget-sow-editor so-widget-sow-editor-base\"\n\t\t\t\n\t\t>\n<div class=\"siteorigin-widget-tinymce textwidget\">\n\t<p style=\"font-size: 18px; color: #1269b0; text-align: left;\">Gestion de l'application CoastSnap<\/p>\n<\/div>\n<\/div><\/div><\/div><\/div><div id=\"pgc-37759-3-3\"  class=\"panel-grid-cell panel-grid-cell-empty\" ><\/div><div id=\"pgc-37759-3-4\"  class=\"panel-grid-cell\" ><div id=\"panel-37759-3-4-0\" class=\"so-panel widget widget_sow-editor panel-first-child panel-last-child\" data-index=\"6\" ><div class=\"panel-widget-style panel-widget-style-for-37759-3-4-0\" ><div\n\t\t\t\n\t\t\tclass=\"so-widget-sow-editor so-widget-sow-editor-base\"\n\t\t\t\n\t\t>\n<div class=\"siteorigin-widget-tinymce textwidget\">\n\t<p style=\"font-size: 18px; color: #1269b0; text-align: left;\">G\u00e9omorphologie littorale<\/p>\n<\/div>\n<\/div><\/div><\/div><\/div><\/div><div id=\"pg-37759-4\"  class=\"panel-grid panel-no-style\" ><div id=\"pgc-37759-4-0\"  class=\"panel-grid-cell\" ><div id=\"panel-37759-4-0-0\" class=\"so-panel widget widget_sow-editor panel-first-child panel-last-child\" data-index=\"7\" ><div\n\t\t\t\n\t\t\tclass=\"so-widget-sow-editor so-widget-sow-editor-base\"\n\t\t\t\n\t\t>\n<div class=\"siteorigin-widget-tinymce textwidget\">\n\t<p style=\"font-size: 18px; color: #1269b0; text-align: left;\">Cartographie et SIG<\/p>\n<\/div>\n<\/div><\/div><\/div><div id=\"pgc-37759-4-1\"  class=\"panel-grid-cell panel-grid-cell-empty\" ><\/div><div id=\"pgc-37759-4-2\"  class=\"panel-grid-cell\" ><div id=\"panel-37759-4-2-0\" class=\"so-panel widget widget_sow-editor panel-first-child panel-last-child\" data-index=\"8\" ><div\n\t\t\t\n\t\t\tclass=\"so-widget-sow-editor so-widget-sow-editor-base\"\n\t\t\t\n\t\t>\n<div class=\"siteorigin-widget-tinymce textwidget\">\n\t<p style=\"font-size: 18px; color: #1269b0; text-align: left;\">M\u00e9diation scientifique<\/p>\n<\/div>\n<\/div><\/div><\/div><div id=\"pgc-37759-4-3\"  class=\"panel-grid-cell panel-grid-cell-empty\" ><\/div><div id=\"pgc-37759-4-4\"  class=\"panel-grid-cell\" ><div id=\"panel-37759-4-4-0\" class=\"so-panel widget widget_sow-editor panel-first-child panel-last-child\" data-index=\"9\" ><div\n\t\t\t\n\t\t\tclass=\"so-widget-sow-editor so-widget-sow-editor-base\"\n\t\t\t\n\t\t>\n<div class=\"siteorigin-widget-tinymce textwidget\">\n\t<p style=\"font-size: 18px; color: #1269b0; text-align: left;\">Suivi naturaliste<\/p>\n<\/div>\n<\/div><\/div><\/div><\/div><div id=\"pg-37759-5\"  class=\"panel-grid panel-no-style\" ><div id=\"pgc-37759-5-0\"  class=\"panel-grid-cell panel-grid-cell-empty\" ><\/div><\/div><div id=\"pg-37759-6\"  class=\"panel-grid panel-no-style\" ><div id=\"pgc-37759-6-0\"  class=\"panel-grid-cell\" ><div id=\"panel-37759-6-0-0\" class=\"so-panel widget widget_sow-editor panel-first-child\" data-index=\"10\" ><div\n\t\t\t\n\t\t\tclass=\"so-widget-sow-editor so-widget-sow-editor-base\"\n\t\t\t\n\t\t>\n<div class=\"siteorigin-widget-tinymce textwidget\">\n\t<h3><\/h3>\n<h3 class=\"font-size: 22px; color: #1269b0; text-align: justify;\"><strong><span style=\"color: #1269b0;\">A propos<\/span><\/strong><\/h3>\n<\/div>\n<\/div><\/div><div id=\"panel-37759-6-0-1\" class=\"so-panel widget widget_sow-editor panel-last-child\" data-index=\"11\" ><div\n\t\t\t\n\t\t\tclass=\"so-widget-sow-editor so-widget-sow-editor-base\"\n\t\t\t\n\t\t>\n<div class=\"siteorigin-widget-tinymce textwidget\">\n\t<p style=\"font-size: 18px; color: #1269b0; text-align: justify;\">No\u00e9 Metge, g\u00e9ographe de formation, est titulaire d\u2019un Master sp\u00e9cialis\u00e9 sur la gestion du littoral.\u00a0 Particuli\u00e8rement concern\u00e9 par les questions d\u2019adaptation aux changements globaux, il s\u2019int\u00e9resse notamment \u00e0 la pr\u00e9vention des risques c\u00f4tiers et \u00e0 l\u2019implication des citoyens au c\u0153ur des projets de gestion des territoires littoraux. Charg\u00e9 d\u2019appui aux actions de l\u2019OCLM, il participera aux campagnes terrain men\u00e9es par le laboratoire ainsi qu\u2019\u00e0 l\u2019animation des projets partenariaux en cours. Il est \u00e9galement charg\u00e9 de la gestion de l\u2019application Coastsnap et du traitement des donn\u00e9es issues des suivis participatifs.<\/p>\n<\/div>\n<\/div><\/div><\/div><\/div><div id=\"pg-37759-7\"  class=\"panel-grid panel-no-style\" ><div id=\"pgc-37759-7-0\"  class=\"panel-grid-cell panel-grid-cell-empty\" ><\/div><\/div><div id=\"pg-37759-8\"  class=\"panel-grid panel-no-style\" ><div id=\"pgc-37759-8-0\"  class=\"panel-grid-cell\" ><div id=\"panel-37759-8-0-0\" class=\"so-panel widget widget_sow-editor panel-first-child panel-last-child\" data-index=\"12\" ><div\n\t\t\t\n\t\t\tclass=\"so-widget-sow-editor so-widget-sow-editor-base\"\n\t\t\t\n\t\t>\n<div class=\"siteorigin-widget-tinymce textwidget\">\n\t<p style=\"text-align: center;\">\n<div class='white' style='border-radius:0px; padding:0px 0px 0px 0px;'>\n<div id='Slider_37765' class='owl-carousel sa_owl_theme owl-pagination-true' data-slider-id='Slider_37765' style='visibility:hidden;'>\n<div id='Slider_37765_slide01' class='sa_hover_container' style='padding:5px 5px; margin:0px 0%; background-image:url(&quot;https:\/\/www.laboratoire-geosciences-ocean-ubs.fr\/wp-content\/uploads\/2023\/09\/IMG_7242-scaled.jpg&quot;); background-position:center center; background-size:contain; background-repeat:no-repeat; background-color:rgba(0, 0, 0, 0); '>\n<style>.SliderButton1{background:rgba(0, 0, 0, 0) !important;color:rgba(0, 0, 0, 0) !important}.SliderButton1:hover{background:rgba(0, 0, 0, 0)!important;color:rgba(0, 0, 0, 0)!important}<\/style>\n<div class='textContainer'><\/div>\n<div><a href=' '  type='button'   target='_self' class='btn SliderButton1'><\/a><\/div>\n<\/div>\n<div id='Slider_37765_slide02' class='sa_hover_container' style='padding:5px 5px; margin:0px 0%; background-image:url(&quot;https:\/\/www.laboratoire-geosciences-ocean-ubs.fr\/wp-content\/uploads\/2023\/09\/DSC_0306-scaled.jpg&quot;); background-position:center center; background-size:contain; background-repeat:no-repeat; '>\n<style>.SliderButton2{background:rgba(0, 0, 0, 0) !important;color:rgba(0, 0, 0, 0) !important}.SliderButton2:hover{background:rgba(0, 0, 0, 0)!important;color:rgba(0, 0, 0, 0)!important}<\/style>\n<div class='textContainer'><\/div>\n<div><a href=' '  type='button'   target='_self' class='btn SliderButton2'><\/a><\/div>\n<\/div>\n<div id='Slider_37765_slide03' class='sa_hover_container' style='padding:5px 5px; margin:0px 0%; background-image:url(&quot;https:\/\/www.laboratoire-geosciences-ocean-ubs.fr\/wp-content\/uploads\/2023\/10\/DSC_5138-scaled.jpg&quot;); background-position:center center; background-size:contain; background-repeat:no-repeat; '>\n<style>.SliderButton3{background:rgba(0, 0, 0, 0) !important;color:rgba(0, 0, 0, 0) !important}.SliderButton3:hover{background:rgba(0, 0, 0, 0)!important;color:rgba(0, 0, 0, 0)!important}<\/style>\n<div class='textContainer'><\/div>\n<div><a href=' '  type='button'   target='_self' class='btn SliderButton3'><\/a><\/div>\n<\/div>\n<div id='Slider_37765_slide04' class='sa_hover_container' style='padding:5px 5px; margin:0px 0%; background-image:url(&quot;https:\/\/www.laboratoire-geosciences-ocean-ubs.fr\/wp-content\/uploads\/2023\/07\/DSC_0313-scaled.jpg&quot;); background-position:center center; background-size:contain; background-repeat:no-repeat; '>\n<style>.SliderButton4{background:rgba(0, 0, 0, 0) !important;color:rgba(0, 0, 0, 0) !important}.SliderButton4:hover{background:rgba(0, 0, 0, 0)!important;color:rgba(0, 0, 0, 0)!important}<\/style>\n<div class='textContainer'><\/div>\n<div><a href=' '  type='button'   target='_self' class='btn SliderButton4'><\/a><\/div>\n<\/div>\n<\/div>\n<\/div>\n<p><script type='text\/javascript'>\n\tjQuery(document).ready(function() {\n\t\tjQuery('#Slider_37765').owlCarousel({\n\t\t\titems : 1,\n\t\t\tsmartSpeed : 200,\n\t\t\tautoplay : true,\n\t\t\tautoplayTimeout : 10000,\n\t\t\tautoplayHoverPause : true,\n\t\t\tsmartSpeed : 200,\n\t\t\tfluidSpeed : 200,\n\t\t\tautoplaySpeed : 200,\n\t\t\tnavSpeed : 200,\n\t\t\tdotsSpeed : 200,\n\t\t\tdotsEach : 1,\n\t\t\tloop : true,\n\t\t\tnav : true,\n\t\t\tnavText : ['Previous','Next'],\n\t\t\tdots : true,\n\t\t\tresponsiveRefreshRate : 200,\n\t\t\tslideBy : 1,\n\t\t\tmergeFit : true,\n\t\t\tautoHeight : false,\n\t\t\tmouseDrag : true,\n\t\t\ttouchDrag : true\n\t\t});\n\t\tjQuery('#Slider_37765').css('visibility', 'visible');\n\t\tsa_resize_Slider_37765();\n\t\twindow.addEventListener('resize', sa_resize_Slider_37765);\n\t\tfunction sa_resize_Slider_37765() {\n\t\t\tvar min_height = '500';\n\t\t\tvar win_width = jQuery(window).width();\n\t\t\tvar slider_width = jQuery('#Slider_37765').width();\n\t\t\tif (win_width < 480) {\n\t\t\t\tvar slide_width = slider_width \/ 480;\n\t\t\t} else if (win_width < 768) {\n\t\t\t\tvar slide_width = slider_width \/ 768;\n\t\t\t} else if (win_width < 980) {\n\t\t\t\tvar slide_width = slider_width \/ 980;\n\t\t\t} else if (win_width < 1200) {\n\t\t\t\tvar slide_width = slider_width \/ 1200;\n\t\t\t} else if (win_width < 1500) {\n\t\t\t\tvar slide_width = slider_width \/ 1500;\n\t\t\t} else {\n\t\t\t\tvar slide_width = slider_width \/ 1800;\n\t\t\t}\n\t\t\tslide_width = Math.round(slide_width);\n\t\t\tvar slide_height = '500';\n\t\t\tif (min_height == 'aspect43') {\n\t\t\t\tslide_height = (slide_width \/ 4) * 3;\t\t\t\tslide_height = Math.round(slide_height)+'px';\n\t\t\t} else if (min_height == 'aspect169') {\n\t\t\t\tslide_height = (slide_width \/ 16) * 9;\t\t\t\tslide_height = Math.round(slide_height)+'px';\n\t\t\t} else {\n\t\t\t\tslide_height = slide_height;\t\t\t\tslide_height = Math.round(slide_height)+'px';\n\t\t\t}\n\t\t\tjQuery('#Slider_37765 .owl-item .sa_hover_container').css('min-height', slide_height);\n\t\t}\n\t\tvar owl_goto = jQuery('#Slider_37765');\n\t\tjQuery('.Slider_37765_goto1').click(function(event){\n\t\t\towl_goto.trigger('to.owl.carousel', 0);\n\t\t});\n\t\tjQuery('.Slider_37765_goto2').click(function(event){\n\t\t\towl_goto.trigger('to.owl.carousel', 1);\n\t\t});\n\t\tjQuery('.Slider_37765_goto3').click(function(event){\n\t\t\towl_goto.trigger('to.owl.carousel', 2);\n\t\t});\n\t\tjQuery('.Slider_37765_goto4').click(function(event){\n\t\t\towl_goto.trigger('to.owl.carousel', 3);\n\t\t});\n\t\tvar resize_37765 = jQuery('.owl-carousel');\n\t\tresize_37765.on('initialized.owl.carousel', function(e) {\n\t\t\tif (typeof(Event) === 'function') {\n\t\t\t\twindow.dispatchEvent(new Event('resize'));\n\t\t\t} else {\n\t\t\t\tvar evt = window.document.createEvent('UIEvents');\n\t\t\t\tevt.initUIEvent('resize', true, false, window, 0);\n\t\t\t\twindow.dispatchEvent(evt);\n\t\t\t}\n\t\t});\n\t});\n<\/script><\/p>\n<\/div>\n<\/div><\/div><\/div><\/div><div id=\"pg-37759-9\"  class=\"panel-grid panel-no-style\" ><div id=\"pgc-37759-9-0\"  class=\"panel-grid-cell panel-grid-cell-empty\" ><\/div><\/div><\/div>","protected":false},"excerpt":{"rendered":"<p>No\u00e9 Metge Charg\u00e9 de mission OCLM &nbsp; Contact et r\u00e9seaux : &nbsp; noe.metge@univ-ubs.fr \u00a0 \u00a0 \u00a0 \u00a0 Linkedin &nbsp;<\/p>","protected":false},"author":9,"featured_media":38327,"parent":0,"menu_order":0,"comment_status":"closed","ping_status":"closed","template":"","meta":{"footnotes":""},"class_list":["post-37759","page","type-page","status-publish","has-post-thumbnail","hentry"],"yoast_head":"<!-- This site is optimized with the Yoast SEO plugin v27.5 - https:\/\/yoast.com\/product\/yoast-seo-wordpress\/ -->\n<title>No\u00e9 Metge - LGO - P\u00f4le UBS<\/title>\n<meta name=\"description\" content=\"Membre permanent au sein de l&#039;Inrap et rattach\u00e9 du LGO UBS, Delphine Barbier-Pain m\u00e8ne des \u00e9tudes palynologiques en contexte arch\u00e9ologique...\" \/>\n<meta name=\"robots\" content=\"index, follow, max-snippet:-1, max-image-preview:large, max-video-preview:-1\" \/>\n<link rel=\"canonical\" href=\"https:\/\/www.laboratoire-geosciences-ocean-ubs.fr\/en\/noe-metge-v2\/\" \/>\n<meta property=\"og:locale\" content=\"en_GB\" \/>\n<meta property=\"og:type\" content=\"article\" \/>\n<meta property=\"og:title\" content=\"No\u00e9 Metge - LGO - P\u00f4le UBS\" \/>\n<meta property=\"og:description\" content=\"Membre permanent au sein de l&#039;Inrap et rattach\u00e9 du LGO UBS, Delphine Barbier-Pain m\u00e8ne des \u00e9tudes palynologiques en contexte arch\u00e9ologique...\" \/>\n<meta property=\"og:url\" content=\"https:\/\/www.laboratoire-geosciences-ocean-ubs.fr\/en\/noe-metge-v2\/\" \/>\n<meta property=\"og:site_name\" content=\"LGO - P\u00f4le UBS\" \/>\n<meta property=\"article:publisher\" content=\"https:\/\/www.facebook.com\/search\/top\/?q=algobox%20%3aun%20outil%20%c3%a9cologique%20de%20r%c3%a9g%c3%a9n%c3%a9ration%20des%20dunes\" \/>\n<meta property=\"article:modified_time\" content=\"2023-10-11T13:24:38+00:00\" \/>\n<meta property=\"og:image\" content=\"https:\/\/www.laboratoire-geosciences-ocean-ubs.fr\/wp-content\/uploads\/2023\/10\/DSC_5392-scaled.jpg\" \/>\n\t<meta property=\"og:image:width\" content=\"2560\" \/>\n\t<meta property=\"og:image:height\" content=\"1707\" \/>\n\t<meta property=\"og:image:type\" content=\"image\/jpeg\" \/>\n<meta name=\"twitter:card\" content=\"summary_large_image\" \/>\n<meta name=\"twitter:label1\" content=\"Estimated reading time\" \/>\n\t<meta name=\"twitter:data1\" content=\"1 minute\" \/>\n<script type=\"application\/ld+json\" class=\"yoast-schema-graph\">{\"@context\":\"https:\\\/\\\/schema.org\",\"@graph\":[{\"@type\":\"WebPage\",\"@id\":\"https:\\\/\\\/www.laboratoire-geosciences-ocean-ubs.fr\\\/noe-metge-v2\\\/\",\"url\":\"https:\\\/\\\/www.laboratoire-geosciences-ocean-ubs.fr\\\/noe-metge-v2\\\/\",\"name\":\"No\u00e9 Metge - LGO - P\u00f4le UBS\",\"isPartOf\":{\"@id\":\"https:\\\/\\\/www.laboratoire-geosciences-ocean-ubs.fr\\\/#website\"},\"primaryImageOfPage\":{\"@id\":\"https:\\\/\\\/www.laboratoire-geosciences-ocean-ubs.fr\\\/noe-metge-v2\\\/#primaryimage\"},\"image\":{\"@id\":\"https:\\\/\\\/www.laboratoire-geosciences-ocean-ubs.fr\\\/noe-metge-v2\\\/#primaryimage\"},\"thumbnailUrl\":\"https:\\\/\\\/www.laboratoire-geosciences-ocean-ubs.fr\\\/wp-content\\\/uploads\\\/2023\\\/10\\\/DSC_5392-scaled.jpg\",\"datePublished\":\"2023-09-08T12:41:49+00:00\",\"dateModified\":\"2023-10-11T13:24:38+00:00\",\"description\":\"Membre permanent au sein de l'Inrap et rattach\u00e9 du LGO UBS, Delphine Barbier-Pain m\u00e8ne des \u00e9tudes palynologiques en contexte arch\u00e9ologique...\",\"breadcrumb\":{\"@id\":\"https:\\\/\\\/www.laboratoire-geosciences-ocean-ubs.fr\\\/noe-metge-v2\\\/#breadcrumb\"},\"inLanguage\":\"en-GB\",\"potentialAction\":[{\"@type\":\"ReadAction\",\"target\":[\"https:\\\/\\\/www.laboratoire-geosciences-ocean-ubs.fr\\\/noe-metge-v2\\\/\"]}]},{\"@type\":\"ImageObject\",\"inLanguage\":\"en-GB\",\"@id\":\"https:\\\/\\\/www.laboratoire-geosciences-ocean-ubs.fr\\\/noe-metge-v2\\\/#primaryimage\",\"url\":\"https:\\\/\\\/www.laboratoire-geosciences-ocean-ubs.fr\\\/wp-content\\\/uploads\\\/2023\\\/10\\\/DSC_5392-scaled.jpg\",\"contentUrl\":\"https:\\\/\\\/www.laboratoire-geosciences-ocean-ubs.fr\\\/wp-content\\\/uploads\\\/2023\\\/10\\\/DSC_5392-scaled.jpg\",\"width\":2560,\"height\":1707},{\"@type\":\"BreadcrumbList\",\"@id\":\"https:\\\/\\\/www.laboratoire-geosciences-ocean-ubs.fr\\\/noe-metge-v2\\\/#breadcrumb\",\"itemListElement\":[{\"@type\":\"ListItem\",\"position\":1,\"name\":\"Accueil\",\"item\":\"https:\\\/\\\/www.laboratoire-geosciences-ocean-ubs.fr\\\/\"},{\"@type\":\"ListItem\",\"position\":2,\"name\":\"No\u00e9 Metge\"}]},{\"@type\":\"WebSite\",\"@id\":\"https:\\\/\\\/www.laboratoire-geosciences-ocean-ubs.fr\\\/#website\",\"url\":\"https:\\\/\\\/www.laboratoire-geosciences-ocean-ubs.fr\\\/\",\"name\":\"LGO - P\u00f4le UBS\",\"description\":\"Une expertise durable des milieux marins et c\u00f4tiers\",\"publisher\":{\"@id\":\"https:\\\/\\\/www.laboratoire-geosciences-ocean-ubs.fr\\\/#organization\"},\"potentialAction\":[{\"@type\":\"SearchAction\",\"target\":{\"@type\":\"EntryPoint\",\"urlTemplate\":\"https:\\\/\\\/www.laboratoire-geosciences-ocean-ubs.fr\\\/?s={search_term_string}\"},\"query-input\":{\"@type\":\"PropertyValueSpecification\",\"valueRequired\":true,\"valueName\":\"search_term_string\"}}],\"inLanguage\":\"en-GB\"},{\"@type\":\"Organization\",\"@id\":\"https:\\\/\\\/www.laboratoire-geosciences-ocean-ubs.fr\\\/#organization\",\"name\":\"OCLM\",\"url\":\"https:\\\/\\\/www.laboratoire-geosciences-ocean-ubs.fr\\\/\",\"logo\":{\"@type\":\"ImageObject\",\"inLanguage\":\"en-GB\",\"@id\":\"https:\\\/\\\/www.laboratoire-geosciences-ocean-ubs.fr\\\/#\\\/schema\\\/logo\\\/image\\\/\",\"url\":\"https:\\\/\\\/www.laboratoire-geosciences-ocean-ubs.fr\\\/wp-content\\\/uploads\\\/2021\\\/12\\\/cropped-cropped-goo-hd-geo-ocean-tutelles-noir.png\",\"contentUrl\":\"https:\\\/\\\/www.laboratoire-geosciences-ocean-ubs.fr\\\/wp-content\\\/uploads\\\/2021\\\/12\\\/cropped-cropped-goo-hd-geo-ocean-tutelles-noir.png\",\"width\":2887,\"height\":1485,\"caption\":\"OCLM\"},\"image\":{\"@id\":\"https:\\\/\\\/www.laboratoire-geosciences-ocean-ubs.fr\\\/#\\\/schema\\\/logo\\\/image\\\/\"},\"sameAs\":[\"https:\\\/\\\/www.facebook.com\\\/search\\\/top\\\/?q=algobox :un outil \u00e9cologique de r\u00e9g\u00e9n\u00e9ration des dunes\"]}]}<\/script>\n<!-- \/ Yoast SEO plugin. -->","yoast_head_json":{"title":"No\u00e9 Metge - LGO - P\u00f4le UBS","description":"Membre permanent au sein de l'Inrap et rattach\u00e9 du LGO UBS, Delphine Barbier-Pain m\u00e8ne des \u00e9tudes palynologiques en contexte arch\u00e9ologique...","robots":{"index":"index","follow":"follow","max-snippet":"max-snippet:-1","max-image-preview":"max-image-preview:large","max-video-preview":"max-video-preview:-1"},"canonical":"https:\/\/www.laboratoire-geosciences-ocean-ubs.fr\/en\/noe-metge-v2\/","og_locale":"en_GB","og_type":"article","og_title":"No\u00e9 Metge - LGO - P\u00f4le UBS","og_description":"Membre permanent au sein de l'Inrap et rattach\u00e9 du LGO UBS, Delphine Barbier-Pain m\u00e8ne des \u00e9tudes palynologiques en contexte arch\u00e9ologique...","og_url":"https:\/\/www.laboratoire-geosciences-ocean-ubs.fr\/en\/noe-metge-v2\/","og_site_name":"LGO - P\u00f4le UBS","article_publisher":"https:\/\/www.facebook.com\/search\/top\/?q=algobox%20%3aun%20outil%20%c3%a9cologique%20de%20r%c3%a9g%c3%a9n%c3%a9ration%20des%20dunes","article_modified_time":"2023-10-11T13:24:38+00:00","og_image":[{"width":2560,"height":1707,"url":"https:\/\/www.laboratoire-geosciences-ocean-ubs.fr\/wp-content\/uploads\/2023\/10\/DSC_5392-scaled.jpg","type":"image\/jpeg"}],"twitter_card":"summary_large_image","twitter_misc":{"Estimated reading time":"1 minute"},"schema":{"@context":"https:\/\/schema.org","@graph":[{"@type":"WebPage","@id":"https:\/\/www.laboratoire-geosciences-ocean-ubs.fr\/noe-metge-v2\/","url":"https:\/\/www.laboratoire-geosciences-ocean-ubs.fr\/noe-metge-v2\/","name":"No\u00e9 Metge - LGO - P\u00f4le UBS","isPartOf":{"@id":"https:\/\/www.laboratoire-geosciences-ocean-ubs.fr\/#website"},"primaryImageOfPage":{"@id":"https:\/\/www.laboratoire-geosciences-ocean-ubs.fr\/noe-metge-v2\/#primaryimage"},"image":{"@id":"https:\/\/www.laboratoire-geosciences-ocean-ubs.fr\/noe-metge-v2\/#primaryimage"},"thumbnailUrl":"https:\/\/www.laboratoire-geosciences-ocean-ubs.fr\/wp-content\/uploads\/2023\/10\/DSC_5392-scaled.jpg","datePublished":"2023-09-08T12:41:49+00:00","dateModified":"2023-10-11T13:24:38+00:00","description":"Membre permanent au sein de l'Inrap et rattach\u00e9 du LGO UBS, Delphine Barbier-Pain m\u00e8ne des \u00e9tudes palynologiques en contexte arch\u00e9ologique...","breadcrumb":{"@id":"https:\/\/www.laboratoire-geosciences-ocean-ubs.fr\/noe-metge-v2\/#breadcrumb"},"inLanguage":"en-GB","potentialAction":[{"@type":"ReadAction","target":["https:\/\/www.laboratoire-geosciences-ocean-ubs.fr\/noe-metge-v2\/"]}]},{"@type":"ImageObject","inLanguage":"en-GB","@id":"https:\/\/www.laboratoire-geosciences-ocean-ubs.fr\/noe-metge-v2\/#primaryimage","url":"https:\/\/www.laboratoire-geosciences-ocean-ubs.fr\/wp-content\/uploads\/2023\/10\/DSC_5392-scaled.jpg","contentUrl":"https:\/\/www.laboratoire-geosciences-ocean-ubs.fr\/wp-content\/uploads\/2023\/10\/DSC_5392-scaled.jpg","width":2560,"height":1707},{"@type":"BreadcrumbList","@id":"https:\/\/www.laboratoire-geosciences-ocean-ubs.fr\/noe-metge-v2\/#breadcrumb","itemListElement":[{"@type":"ListItem","position":1,"name":"Accueil","item":"https:\/\/www.laboratoire-geosciences-ocean-ubs.fr\/"},{"@type":"ListItem","position":2,"name":"No\u00e9 Metge"}]},{"@type":"WebSite","@id":"https:\/\/www.laboratoire-geosciences-ocean-ubs.fr\/#website","url":"https:\/\/www.laboratoire-geosciences-ocean-ubs.fr\/","name":"LGO - P\u00f4le UBS","description":"Une expertise durable des milieux marins et c\u00f4tiers","publisher":{"@id":"https:\/\/www.laboratoire-geosciences-ocean-ubs.fr\/#organization"},"potentialAction":[{"@type":"SearchAction","target":{"@type":"EntryPoint","urlTemplate":"https:\/\/www.laboratoire-geosciences-ocean-ubs.fr\/?s={search_term_string}"},"query-input":{"@type":"PropertyValueSpecification","valueRequired":true,"valueName":"search_term_string"}}],"inLanguage":"en-GB"},{"@type":"Organization","@id":"https:\/\/www.laboratoire-geosciences-ocean-ubs.fr\/#organization","name":"OCLM","url":"https:\/\/www.laboratoire-geosciences-ocean-ubs.fr\/","logo":{"@type":"ImageObject","inLanguage":"en-GB","@id":"https:\/\/www.laboratoire-geosciences-ocean-ubs.fr\/#\/schema\/logo\/image\/","url":"https:\/\/www.laboratoire-geosciences-ocean-ubs.fr\/wp-content\/uploads\/2021\/12\/cropped-cropped-goo-hd-geo-ocean-tutelles-noir.png","contentUrl":"https:\/\/www.laboratoire-geosciences-ocean-ubs.fr\/wp-content\/uploads\/2021\/12\/cropped-cropped-goo-hd-geo-ocean-tutelles-noir.png","width":2887,"height":1485,"caption":"OCLM"},"image":{"@id":"https:\/\/www.laboratoire-geosciences-ocean-ubs.fr\/#\/schema\/logo\/image\/"},"sameAs":["https:\/\/www.facebook.com\/search\/top\/?q=algobox :un outil \u00e9cologique de r\u00e9g\u00e9n\u00e9ration des dunes"]}]}},"_links":{"self":[{"href":"https:\/\/www.laboratoire-geosciences-ocean-ubs.fr\/en\/wp-json\/wp\/v2\/pages\/37759","targetHints":{"allow":["GET"]}}],"collection":[{"href":"https:\/\/www.laboratoire-geosciences-ocean-ubs.fr\/en\/wp-json\/wp\/v2\/pages"}],"about":[{"href":"https:\/\/www.laboratoire-geosciences-ocean-ubs.fr\/en\/wp-json\/wp\/v2\/types\/page"}],"author":[{"embeddable":true,"href":"https:\/\/www.laboratoire-geosciences-ocean-ubs.fr\/en\/wp-json\/wp\/v2\/users\/9"}],"replies":[{"embeddable":true,"href":"https:\/\/www.laboratoire-geosciences-ocean-ubs.fr\/en\/wp-json\/wp\/v2\/comments?post=37759"}],"version-history":[{"count":0,"href":"https:\/\/www.laboratoire-geosciences-ocean-ubs.fr\/en\/wp-json\/wp\/v2\/pages\/37759\/revisions"}],"wp:featuredmedia":[{"embeddable":true,"href":"https:\/\/www.laboratoire-geosciences-ocean-ubs.fr\/en\/wp-json\/wp\/v2\/media\/38327"}],"wp:attachment":[{"href":"https:\/\/www.laboratoire-geosciences-ocean-ubs.fr\/en\/wp-json\/wp\/v2\/media?parent=37759"}],"curies":[{"name":"wp","href":"https:\/\/api.w.org\/{rel}","templated":true}]}}