{"id":37751,"date":"2023-09-08T14:29:00","date_gmt":"2023-09-08T12:29:00","guid":{"rendered":"https:\/\/www.laboratoire-geosciences-ocean-ubs.fr\/?page_id=37751"},"modified":"2023-10-11T16:18:57","modified_gmt":"2023-10-11T14:18:57","slug":"david-menier-v2","status":"publish","type":"page","link":"https:\/\/www.laboratoire-geosciences-ocean-ubs.fr\/en\/david-menier-v2\/","title":{"rendered":"David Menier"},"content":{"rendered":"<div id=\"pl-37751\"  class=\"panel-layout\" ><div id=\"pg-37751-0\"  class=\"panel-grid panel-no-style\" ><div id=\"pgc-37751-0-0\"  class=\"panel-grid-cell\" ><div id=\"panel-37751-0-0-0\" class=\"so-panel widget widget_sow-image panel-first-child panel-last-child\" data-index=\"0\" ><div\n\t\t\t\n\t\t\tclass=\"so-widget-sow-image so-widget-sow-image-default-c67d20f9f743-37751\"\n\t\t\t\n\t\t>\n<div class=\"sow-image-container\">\n\t\t<img \n\tsrc=\"https:\/\/www.laboratoire-geosciences-ocean-ubs.fr\/wp-content\/uploads\/2023\/09\/Profil-David-1.png\" width=\"500\" height=\"500\" srcset=\"https:\/\/www.laboratoire-geosciences-ocean-ubs.fr\/wp-content\/uploads\/2023\/09\/Profil-David-1.png 500w, https:\/\/www.laboratoire-geosciences-ocean-ubs.fr\/wp-content\/uploads\/2023\/09\/Profil-David-1-300x300.png 300w, https:\/\/www.laboratoire-geosciences-ocean-ubs.fr\/wp-content\/uploads\/2023\/09\/Profil-David-1-150x150.png 150w, https:\/\/www.laboratoire-geosciences-ocean-ubs.fr\/wp-content\/uploads\/2023\/09\/Profil-David-1-12x12.png 12w\" sizes=\"(max-width: 500px) 100vw, 500px\" title=\"Profil David\" alt=\"\" \t\tclass=\"so-widget-image\"\/>\n\t<\/div>\n\n<\/div><\/div><\/div><div id=\"pgc-37751-0-1\"  class=\"panel-grid-cell panel-grid-cell-empty\" ><\/div><div id=\"pgc-37751-0-2\"  class=\"panel-grid-cell\" ><div id=\"panel-37751-0-2-0\" class=\"so-panel widget widget_sow-editor panel-first-child\" data-index=\"1\" ><div\n\t\t\t\n\t\t\tclass=\"so-widget-sow-editor so-widget-sow-editor-base\"\n\t\t\t\n\t\t>\n<div class=\"siteorigin-widget-tinymce textwidget\">\n\t<h2 class=\"cvGsUA direction-ltr align-start para-style-body\"><strong><span class=\"OYPEnA text-decoration-none text-strikethrough-none\" style=\"font-size: 32px; color: #1269b0;\">David Menier<br \/>\n<\/span><\/strong><strong><span class=\"OYPEnA text-decoration-none text-strikethrough-none\" style=\"font-size: 28px; color: #1269b0;\">University Professor - Geology <\/span><\/strong><\/h2>\n<\/div>\n<\/div><\/div><div id=\"panel-37751-0-2-1\" class=\"so-panel widget widget_sow-editor panel-last-child\" data-index=\"2\" ><div class=\"panel-widget-style panel-widget-style-for-37751-0-2-1\" ><div\n\t\t\t\n\t\t\tclass=\"so-widget-sow-editor so-widget-sow-editor-base\"\n\t\t\t\n\t\t>\n<div class=\"siteorigin-widget-tinymce textwidget\">\n\t<p>&nbsp;<\/p>\n<p style=\"font-size: 20px; color: #1269b0; text-align: justify; padding-left: 40px;\"><span style=\"color: #ffffff;\"><strong>Contact and Networks :<\/strong><\/span><\/p>\n<p>&nbsp;<\/p>\n<p style=\"font-size: 18px; color: #1269b0; text-align: justify; padding-left: 80px;\"><span style=\"color: #ffffff;\">david.menier@univ-ubs.fr\u00a0 \u00a0 \u00a0 \u00a0 \u00a0 <\/span><\/p>\n<p style=\"font-size: 18px; color: #1269b0; text-align: justify; padding-left: 80px;\"><span style=\"color: #ffffff;\">+33(0)2 97 01 71 45<\/span><\/p>\n<p style=\"font-size: 18px; color: #1269b0; text-align: justify; padding-left: 80px;\"><span style=\"color: #ffffff;\"><a style=\"color: #ffffff;\" href=\"https:\/\/www.linkedin.com\/in\/david-menier-947a2563?miniProfileUrn=urn%3Ali%3Afs_miniProfile%3AACoAAA1_8QcBbdZ-D4RT2ezoHpX-wHlKGzgT1bI&amp;lipi=urn%3Ali%3Apage%3Ad_flagship3_search_srp_all%3BMJ7s4VoQQkO3EiuStXFR9g%3D%3D\">Linkedin<\/a>\u00a0 \u00a0 \u00a0 \u00a0 \u00a0 \u00a0 \u00a0 <\/span><\/p>\n<p style=\"font-size: 18px; color: #1269b0; text-align: justify; padding-left: 80px;\"><span style=\"color: #ffffff;\"><a style=\"color: #ffffff;\" href=\"https:\/\/www.researchgate.net\/profile\/David-Menier?_sg=IfKSPRpCx811JF11G90-WWEEPV6qu3mvql1AGt86-pV82BpVKObriTLBFcm5a3zLu041dIMsQeaJMxQ&amp;_tp=eyJjb250ZXh0Ijp7ImZpcnN0UGFnZSI6Il9kaXJlY3QiLCJwYWdlIjoiX2RpcmVjdCJ9fQ\">Research Gate<\/a><\/span><\/p>\n<p>&nbsp;<\/p>\n<\/div>\n<\/div><\/div><\/div><\/div><\/div><div id=\"pg-37751-1\"  class=\"panel-grid panel-no-style\" ><div id=\"pgc-37751-1-0\"  class=\"panel-grid-cell panel-grid-cell-empty\" ><\/div><\/div><div id=\"pg-37751-2\"  class=\"panel-grid panel-no-style\" ><div id=\"pgc-37751-2-0\"  class=\"panel-grid-cell\" ><div id=\"panel-37751-2-0-0\" class=\"so-panel widget widget_sow-editor panel-first-child panel-last-child\" data-index=\"3\" ><div\n\t\t\t\n\t\t\tclass=\"so-widget-sow-editor so-widget-sow-editor-base\"\n\t\t\t\n\t\t>\n<div class=\"siteorigin-widget-tinymce textwidget\">\n\t<h3 class=\"font-size: 22px; color: #1269b0; text-align: justify;\"><strong><span style=\"color: #1269b0;\">Skills<\/span><\/strong><\/h3>\n<\/div>\n<\/div><\/div><\/div><\/div><div id=\"pg-37751-3\"  class=\"panel-grid panel-no-style\" ><div id=\"pgc-37751-3-0\"  class=\"panel-grid-cell\" ><div id=\"panel-37751-3-0-0\" class=\"so-panel widget widget_sow-editor panel-first-child panel-last-child\" data-index=\"4\" ><div class=\"panel-widget-style panel-widget-style-for-37751-3-0-0\" ><div\n\t\t\t\n\t\t\tclass=\"so-widget-sow-editor so-widget-sow-editor-base\"\n\t\t\t\n\t\t>\n<div class=\"siteorigin-widget-tinymce textwidget\">\n\t<p style=\"font-size: 18px; color: #1269b0; text-align: left;\">Geophysics<\/p>\n<\/div>\n<\/div><\/div><\/div><\/div><div id=\"pgc-37751-3-1\"  class=\"panel-grid-cell panel-grid-cell-empty\" ><\/div><div id=\"pgc-37751-3-2\"  class=\"panel-grid-cell\" ><div id=\"panel-37751-3-2-0\" class=\"so-panel widget widget_sow-editor panel-first-child panel-last-child\" data-index=\"5\" ><div class=\"panel-widget-style panel-widget-style-for-37751-3-2-0\" ><div\n\t\t\t\n\t\t\tclass=\"so-widget-sow-editor so-widget-sow-editor-base\"\n\t\t\t\n\t\t>\n<div class=\"siteorigin-widget-tinymce textwidget\">\n\t<p style=\"font-size: 18px; color: #1269b0; text-align: left;\">Sedimentology<\/p>\n<\/div>\n<\/div><\/div><\/div><\/div><div id=\"pgc-37751-3-3\"  class=\"panel-grid-cell panel-grid-cell-empty\" ><\/div><div id=\"pgc-37751-3-4\"  class=\"panel-grid-cell\" ><div id=\"panel-37751-3-4-0\" class=\"so-panel widget widget_sow-editor panel-first-child panel-last-child\" data-index=\"6\" ><div class=\"panel-widget-style panel-widget-style-for-37751-3-4-0\" ><div\n\t\t\t\n\t\t\tclass=\"so-widget-sow-editor so-widget-sow-editor-base\"\n\t\t\t\n\t\t>\n<div class=\"siteorigin-widget-tinymce textwidget\">\n\t<p style=\"font-size: 18px; color: #1269b0; text-align: left;\">Stratigraphy<\/p>\n<\/div>\n<\/div><\/div><\/div><\/div><\/div><div id=\"pg-37751-4\"  class=\"panel-grid panel-no-style\" ><div id=\"pgc-37751-4-0\"  class=\"panel-grid-cell\" ><div id=\"panel-37751-4-0-0\" class=\"so-panel widget widget_sow-editor panel-first-child panel-last-child\" data-index=\"7\" ><div\n\t\t\t\n\t\t\tclass=\"so-widget-sow-editor so-widget-sow-editor-base\"\n\t\t\t\n\t\t>\n<div class=\"siteorigin-widget-tinymce textwidget\">\n\t<p style=\"font-size: 18px; color: #1269b0; text-align: left;\">Geomorphology<\/p>\n<\/div>\n<\/div><\/div><\/div><div id=\"pgc-37751-4-1\"  class=\"panel-grid-cell panel-grid-cell-empty\" ><\/div><div id=\"pgc-37751-4-2\"  class=\"panel-grid-cell\" ><div id=\"panel-37751-4-2-0\" class=\"so-panel widget widget_sow-editor panel-first-child panel-last-child\" data-index=\"8\" ><div\n\t\t\t\n\t\t\tclass=\"so-widget-sow-editor so-widget-sow-editor-base\"\n\t\t\t\n\t\t>\n<div class=\"siteorigin-widget-tinymce textwidget\">\n\t<p style=\"font-size: 18px; color: #1269b0; text-align: left;\">Geological hazards<\/p>\n<\/div>\n<\/div><\/div><\/div><div id=\"pgc-37751-4-3\"  class=\"panel-grid-cell panel-grid-cell-empty\" ><\/div><div id=\"pgc-37751-4-4\"  class=\"panel-grid-cell\" ><div id=\"panel-37751-4-4-0\" class=\"so-panel widget widget_sow-editor panel-first-child panel-last-child\" data-index=\"9\" ><div\n\t\t\t\n\t\t\tclass=\"so-widget-sow-editor so-widget-sow-editor-base\"\n\t\t\t\n\t\t>\n<div class=\"siteorigin-widget-tinymce textwidget\">\n\t<p style=\"font-size: 18px; color: #1269b0; text-align: left;\">Climate change<\/p>\n<\/div>\n<\/div><\/div><\/div><\/div><div id=\"pg-37751-5\"  class=\"panel-grid panel-no-style\" ><div id=\"pgc-37751-5-0\"  class=\"panel-grid-cell panel-grid-cell-empty\" ><\/div><\/div><div id=\"pg-37751-6\"  class=\"panel-grid panel-no-style\" ><div id=\"pgc-37751-6-0\"  class=\"panel-grid-cell\" ><div id=\"panel-37751-6-0-0\" class=\"so-panel widget widget_sow-editor panel-first-child\" data-index=\"10\" ><div\n\t\t\t\n\t\t\tclass=\"so-widget-sow-editor so-widget-sow-editor-base\"\n\t\t\t\n\t\t>\n<div class=\"siteorigin-widget-tinymce textwidget\">\n\t<h3><\/h3>\n<h3 class=\"font-size: 22px; color: #1269b0; text-align: justify;\"><strong><span style=\"color: #1269b0;\">About<\/span><\/strong><\/h3>\n<\/div>\n<\/div><\/div><div id=\"panel-37751-6-0-1\" class=\"so-panel widget widget_sow-editor panel-last-child\" data-index=\"11\" ><div\n\t\t\t\n\t\t\tclass=\"so-widget-sow-editor so-widget-sow-editor-base\"\n\t\t\t\n\t\t>\n<div class=\"siteorigin-widget-tinymce textwidget\">\n\t<p style=\"font-size: 18px; color: #1269b0; text-align: justify;\">David Menier is a teacher and researcher (HDR) in Marine Geosciences and a teacher in natural sciences. His research activities focus on the evolution of coastal systems and silico-clastic and carbonate marine platform systems, through the analysis of subsurface and acoustic imaging data (Geophysics and drilling). In Southeast Asia, he is interested in the geological risks associated with recent climate and morpho-tectonic change (India, Malaysia, and Indonesia). The majority of the projects he works on involves multiple partners such as local authorities, the world of research and industry. His work has led to more than 80 publications. <a href=\"https:\/\/cv.archives-ouvertes.fr\/david-menier\">80 publications.<\/a><\/p>\n<\/div>\n<\/div><\/div><\/div><\/div><div id=\"pg-37751-7\"  class=\"panel-grid panel-no-style\" ><div id=\"pgc-37751-7-0\"  class=\"panel-grid-cell panel-grid-cell-empty\" ><\/div><\/div><div id=\"pg-37751-8\"  class=\"panel-grid panel-no-style\" ><div id=\"pgc-37751-8-0\"  class=\"panel-grid-cell\" ><div id=\"panel-37751-8-0-0\" class=\"so-panel widget widget_sow-image panel-first-child panel-last-child\" data-index=\"12\" ><div\n\t\t\t\n\t\t\tclass=\"so-widget-sow-image so-widget-sow-image-default-c67d20f9f743-37751\"\n\t\t\t\n\t\t>\n<div class=\"sow-image-container\">\n\t\t<img \n\tsrc=\"https:\/\/www.laboratoire-geosciences-ocean-ubs.fr\/wp-content\/uploads\/2023\/10\/P1060635-2-1-scaled-e1697033835397.jpg\" width=\"2560\" height=\"1625\" srcset=\"https:\/\/www.laboratoire-geosciences-ocean-ubs.fr\/wp-content\/uploads\/2023\/10\/P1060635-2-1-scaled-e1697033835397.jpg 2560w, https:\/\/www.laboratoire-geosciences-ocean-ubs.fr\/wp-content\/uploads\/2023\/10\/P1060635-2-1-scaled-e1697033835397-300x190.jpg 300w, https:\/\/www.laboratoire-geosciences-ocean-ubs.fr\/wp-content\/uploads\/2023\/10\/P1060635-2-1-scaled-e1697033835397-1024x650.jpg 1024w, https:\/\/www.laboratoire-geosciences-ocean-ubs.fr\/wp-content\/uploads\/2023\/10\/P1060635-2-1-scaled-e1697033835397-768x488.jpg 768w, https:\/\/www.laboratoire-geosciences-ocean-ubs.fr\/wp-content\/uploads\/2023\/10\/P1060635-2-1-scaled-e1697033835397-1536x975.jpg 1536w, https:\/\/www.laboratoire-geosciences-ocean-ubs.fr\/wp-content\/uploads\/2023\/10\/P1060635-2-1-scaled-e1697033835397-2048x1300.jpg 2048w, https:\/\/www.laboratoire-geosciences-ocean-ubs.fr\/wp-content\/uploads\/2023\/10\/P1060635-2-1-scaled-e1697033835397-18x12.jpg 18w, https:\/\/www.laboratoire-geosciences-ocean-ubs.fr\/wp-content\/uploads\/2023\/10\/P1060635-2-1-scaled-e1697033835397-1701x1080.jpg 1701w\" sizes=\"(max-width: 2560px) 100vw, 2560px\" title=\"P1060635 (2)\" alt=\"\" \t\tclass=\"so-widget-image\"\/>\n\t<\/div>\n\n<\/div><\/div><\/div><div id=\"pgc-37751-8-1\"  class=\"panel-grid-cell panel-grid-cell-empty\" ><\/div><div id=\"pgc-37751-8-2\"  class=\"panel-grid-cell\" ><div id=\"panel-37751-8-2-0\" class=\"so-panel widget widget_sow-image panel-first-child panel-last-child\" data-index=\"13\" ><div\n\t\t\t\n\t\t\tclass=\"so-widget-sow-image so-widget-sow-image-default-c67d20f9f743-37751\"\n\t\t\t\n\t\t>\n<div class=\"sow-image-container\">\n\t\t<img \n\tsrc=\"https:\/\/www.laboratoire-geosciences-ocean-ubs.fr\/wp-content\/uploads\/2023\/10\/P1060629-scaled.jpg\" width=\"2560\" height=\"1630\" srcset=\"https:\/\/www.laboratoire-geosciences-ocean-ubs.fr\/wp-content\/uploads\/2023\/10\/P1060629-scaled.jpg 2560w, https:\/\/www.laboratoire-geosciences-ocean-ubs.fr\/wp-content\/uploads\/2023\/10\/P1060629-300x191.jpg 300w, https:\/\/www.laboratoire-geosciences-ocean-ubs.fr\/wp-content\/uploads\/2023\/10\/P1060629-1024x652.jpg 1024w, https:\/\/www.laboratoire-geosciences-ocean-ubs.fr\/wp-content\/uploads\/2023\/10\/P1060629-768x489.jpg 768w, https:\/\/www.laboratoire-geosciences-ocean-ubs.fr\/wp-content\/uploads\/2023\/10\/P1060629-1536x978.jpg 1536w, https:\/\/www.laboratoire-geosciences-ocean-ubs.fr\/wp-content\/uploads\/2023\/10\/P1060629-2048x1304.jpg 2048w, https:\/\/www.laboratoire-geosciences-ocean-ubs.fr\/wp-content\/uploads\/2023\/10\/P1060629-18x12.jpg 18w, https:\/\/www.laboratoire-geosciences-ocean-ubs.fr\/wp-content\/uploads\/2023\/10\/P1060629-1696x1080.jpg 1696w\" sizes=\"(max-width: 2560px) 100vw, 2560px\" title=\"P1060629\" alt=\"\" \t\tclass=\"so-widget-image\"\/>\n\t<\/div>\n\n<\/div><\/div><\/div><\/div><div id=\"pg-37751-9\"  class=\"panel-grid panel-no-style\" ><div id=\"pgc-37751-9-0\"  class=\"panel-grid-cell panel-grid-cell-empty\" ><\/div><\/div><div id=\"pg-37751-10\"  class=\"panel-grid panel-no-style\" ><div id=\"pgc-37751-10-0\"  class=\"panel-grid-cell\" ><div id=\"panel-37751-10-0-0\" class=\"so-panel widget widget_sow-editor panel-first-child\" data-index=\"14\" ><div\n\t\t\t\n\t\t\tclass=\"so-widget-sow-editor so-widget-sow-editor-base\"\n\t\t\t\n\t\t>\n<div class=\"siteorigin-widget-tinymce textwidget\">\n\t<h3 style=\"text-align: center;\"><span style=\"color: #1269b0;\">\"Les grains de sable sont de grands voyageurs\"<\/span><br \/>\n<span style=\"color: #1269b0;\">David Menier conference - September 2017<\/span><\/h3>\n<\/div>\n<\/div><\/div><div id=\"panel-37751-10-0-1\" class=\"so-panel widget widget_sow-editor panel-last-child\" data-index=\"15\" ><div\n\t\t\t\n\t\t\tclass=\"so-widget-sow-editor so-widget-sow-editor-base\"\n\t\t\t\n\t\t>\n<div class=\"siteorigin-widget-tinymce textwidget\">\n\t<p><div class='embed-container'><iframe loading=\"lazy\" title=\"&quot;Les grains de sable sont de grands voyageurs&quot;\" width=\"1920\" height=\"1080\" src=\"https:\/\/www.youtube.com\/embed\/E9kAhq1ZN9o?feature=oembed\" frameborder=\"0\" allow=\"accelerometer; autoplay; clipboard-write; encrypted-media; gyroscope; picture-in-picture; web-share\" referrerpolicy=\"strict-origin-when-cross-origin\" allowfullscreen><\/iframe><\/div><\/p>\n<\/div>\n<\/div><\/div><\/div><\/div><\/div>","protected":false},"excerpt":{"rendered":"<p>David Menier Professeur des Universit\u00e9s &#8211; G\u00e9ologie &nbsp; Contact et r\u00e9seaux : &nbsp; david.menier@univ-ubs.fr\u00a0 \u00a0 \u00a0 \u00a0 \u00a0 +33(0)2 97 01 71 45 Linkedin\u00a0 \u00a0 \u00a0 \u00a0 \u00a0 \u00a0 \u00a0 Research Gate &nbsp;<\/p>","protected":false},"author":9,"featured_media":6303,"parent":0,"menu_order":0,"comment_status":"closed","ping_status":"closed","template":"","meta":{"footnotes":""},"class_list":["post-37751","page","type-page","status-publish","has-post-thumbnail","hentry"],"yoast_head":"<!-- This site is optimized with the Yoast SEO plugin v27.5 - https:\/\/yoast.com\/product\/yoast-seo-wordpress\/ -->\n<title>David Menier - LGO - P\u00f4le UBS<\/title>\n<meta name=\"description\" content=\"Membre permanent au sein de l&#039;Inrap et rattach\u00e9 du LGO UBS, Delphine Barbier-Pain m\u00e8ne des \u00e9tudes palynologiques en contexte arch\u00e9ologique...\" \/>\n<meta name=\"robots\" content=\"index, follow, max-snippet:-1, max-image-preview:large, max-video-preview:-1\" \/>\n<link rel=\"canonical\" href=\"https:\/\/www.laboratoire-geosciences-ocean-ubs.fr\/en\/david-menier-v2\/\" \/>\n<meta property=\"og:locale\" content=\"en_GB\" \/>\n<meta property=\"og:type\" content=\"article\" \/>\n<meta property=\"og:title\" content=\"David Menier - LGO - P\u00f4le UBS\" \/>\n<meta property=\"og:description\" content=\"Membre permanent au sein de l&#039;Inrap et rattach\u00e9 du LGO UBS, Delphine Barbier-Pain m\u00e8ne des \u00e9tudes palynologiques en contexte arch\u00e9ologique...\" \/>\n<meta property=\"og:url\" content=\"https:\/\/www.laboratoire-geosciences-ocean-ubs.fr\/en\/david-menier-v2\/\" \/>\n<meta property=\"og:site_name\" content=\"LGO - P\u00f4le UBS\" \/>\n<meta property=\"article:publisher\" content=\"https:\/\/www.facebook.com\/search\/top\/?q=algobox%20%3aun%20outil%20%c3%a9cologique%20de%20r%c3%a9g%c3%a9n%c3%a9ration%20des%20dunes\" \/>\n<meta property=\"article:modified_time\" content=\"2023-10-11T14:18:57+00:00\" \/>\n<meta property=\"og:image\" content=\"https:\/\/www.laboratoire-geosciences-ocean-ubs.fr\/wp-content\/uploads\/2020\/10\/Image_Cours_Amphitheatre.png\" \/>\n\t<meta property=\"og:image:width\" content=\"1600\" \/>\n\t<meta property=\"og:image:height\" content=\"900\" \/>\n\t<meta property=\"og:image:type\" content=\"image\/png\" \/>\n<meta name=\"twitter:card\" content=\"summary_large_image\" \/>\n<meta name=\"twitter:label1\" content=\"Estimated reading time\" \/>\n\t<meta name=\"twitter:data1\" content=\"1 minute\" \/>\n<script type=\"application\/ld+json\" class=\"yoast-schema-graph\">{\"@context\":\"https:\\\/\\\/schema.org\",\"@graph\":[{\"@type\":\"WebPage\",\"@id\":\"https:\\\/\\\/www.laboratoire-geosciences-ocean-ubs.fr\\\/david-menier-v2\\\/\",\"url\":\"https:\\\/\\\/www.laboratoire-geosciences-ocean-ubs.fr\\\/david-menier-v2\\\/\",\"name\":\"David Menier - LGO - P\u00f4le UBS\",\"isPartOf\":{\"@id\":\"https:\\\/\\\/www.laboratoire-geosciences-ocean-ubs.fr\\\/#website\"},\"primaryImageOfPage\":{\"@id\":\"https:\\\/\\\/www.laboratoire-geosciences-ocean-ubs.fr\\\/david-menier-v2\\\/#primaryimage\"},\"image\":{\"@id\":\"https:\\\/\\\/www.laboratoire-geosciences-ocean-ubs.fr\\\/david-menier-v2\\\/#primaryimage\"},\"thumbnailUrl\":\"https:\\\/\\\/www.laboratoire-geosciences-ocean-ubs.fr\\\/wp-content\\\/uploads\\\/2020\\\/10\\\/Image_Cours_Amphitheatre.png\",\"datePublished\":\"2023-09-08T12:29:00+00:00\",\"dateModified\":\"2023-10-11T14:18:57+00:00\",\"description\":\"Membre permanent au sein de l'Inrap et rattach\u00e9 du LGO UBS, Delphine Barbier-Pain m\u00e8ne des \u00e9tudes palynologiques en contexte arch\u00e9ologique...\",\"breadcrumb\":{\"@id\":\"https:\\\/\\\/www.laboratoire-geosciences-ocean-ubs.fr\\\/david-menier-v2\\\/#breadcrumb\"},\"inLanguage\":\"en-GB\",\"potentialAction\":[{\"@type\":\"ReadAction\",\"target\":[\"https:\\\/\\\/www.laboratoire-geosciences-ocean-ubs.fr\\\/david-menier-v2\\\/\"]}]},{\"@type\":\"ImageObject\",\"inLanguage\":\"en-GB\",\"@id\":\"https:\\\/\\\/www.laboratoire-geosciences-ocean-ubs.fr\\\/david-menier-v2\\\/#primaryimage\",\"url\":\"https:\\\/\\\/www.laboratoire-geosciences-ocean-ubs.fr\\\/wp-content\\\/uploads\\\/2020\\\/10\\\/Image_Cours_Amphitheatre.png\",\"contentUrl\":\"https:\\\/\\\/www.laboratoire-geosciences-ocean-ubs.fr\\\/wp-content\\\/uploads\\\/2020\\\/10\\\/Image_Cours_Amphitheatre.png\",\"width\":1600,\"height\":900},{\"@type\":\"BreadcrumbList\",\"@id\":\"https:\\\/\\\/www.laboratoire-geosciences-ocean-ubs.fr\\\/david-menier-v2\\\/#breadcrumb\",\"itemListElement\":[{\"@type\":\"ListItem\",\"position\":1,\"name\":\"Accueil\",\"item\":\"https:\\\/\\\/www.laboratoire-geosciences-ocean-ubs.fr\\\/\"},{\"@type\":\"ListItem\",\"position\":2,\"name\":\"David Menier\"}]},{\"@type\":\"WebSite\",\"@id\":\"https:\\\/\\\/www.laboratoire-geosciences-ocean-ubs.fr\\\/#website\",\"url\":\"https:\\\/\\\/www.laboratoire-geosciences-ocean-ubs.fr\\\/\",\"name\":\"LGO - P\u00f4le UBS\",\"description\":\"Une expertise durable des milieux marins et c\u00f4tiers\",\"publisher\":{\"@id\":\"https:\\\/\\\/www.laboratoire-geosciences-ocean-ubs.fr\\\/#organization\"},\"potentialAction\":[{\"@type\":\"SearchAction\",\"target\":{\"@type\":\"EntryPoint\",\"urlTemplate\":\"https:\\\/\\\/www.laboratoire-geosciences-ocean-ubs.fr\\\/?s={search_term_string}\"},\"query-input\":{\"@type\":\"PropertyValueSpecification\",\"valueRequired\":true,\"valueName\":\"search_term_string\"}}],\"inLanguage\":\"en-GB\"},{\"@type\":\"Organization\",\"@id\":\"https:\\\/\\\/www.laboratoire-geosciences-ocean-ubs.fr\\\/#organization\",\"name\":\"OCLM\",\"url\":\"https:\\\/\\\/www.laboratoire-geosciences-ocean-ubs.fr\\\/\",\"logo\":{\"@type\":\"ImageObject\",\"inLanguage\":\"en-GB\",\"@id\":\"https:\\\/\\\/www.laboratoire-geosciences-ocean-ubs.fr\\\/#\\\/schema\\\/logo\\\/image\\\/\",\"url\":\"https:\\\/\\\/www.laboratoire-geosciences-ocean-ubs.fr\\\/wp-content\\\/uploads\\\/2021\\\/12\\\/cropped-cropped-goo-hd-geo-ocean-tutelles-noir.png\",\"contentUrl\":\"https:\\\/\\\/www.laboratoire-geosciences-ocean-ubs.fr\\\/wp-content\\\/uploads\\\/2021\\\/12\\\/cropped-cropped-goo-hd-geo-ocean-tutelles-noir.png\",\"width\":2887,\"height\":1485,\"caption\":\"OCLM\"},\"image\":{\"@id\":\"https:\\\/\\\/www.laboratoire-geosciences-ocean-ubs.fr\\\/#\\\/schema\\\/logo\\\/image\\\/\"},\"sameAs\":[\"https:\\\/\\\/www.facebook.com\\\/search\\\/top\\\/?q=algobox :un outil \u00e9cologique de r\u00e9g\u00e9n\u00e9ration des dunes\"]}]}<\/script>\n<!-- \/ Yoast SEO plugin. -->","yoast_head_json":{"title":"David Menier - LGO - P\u00f4le UBS","description":"Membre permanent au sein de l'Inrap et rattach\u00e9 du LGO UBS, Delphine Barbier-Pain m\u00e8ne des \u00e9tudes palynologiques en contexte arch\u00e9ologique...","robots":{"index":"index","follow":"follow","max-snippet":"max-snippet:-1","max-image-preview":"max-image-preview:large","max-video-preview":"max-video-preview:-1"},"canonical":"https:\/\/www.laboratoire-geosciences-ocean-ubs.fr\/en\/david-menier-v2\/","og_locale":"en_GB","og_type":"article","og_title":"David Menier - LGO - P\u00f4le UBS","og_description":"Membre permanent au sein de l'Inrap et rattach\u00e9 du LGO UBS, Delphine Barbier-Pain m\u00e8ne des \u00e9tudes palynologiques en contexte arch\u00e9ologique...","og_url":"https:\/\/www.laboratoire-geosciences-ocean-ubs.fr\/en\/david-menier-v2\/","og_site_name":"LGO - P\u00f4le UBS","article_publisher":"https:\/\/www.facebook.com\/search\/top\/?q=algobox%20%3aun%20outil%20%c3%a9cologique%20de%20r%c3%a9g%c3%a9n%c3%a9ration%20des%20dunes","article_modified_time":"2023-10-11T14:18:57+00:00","og_image":[{"width":1600,"height":900,"url":"https:\/\/www.laboratoire-geosciences-ocean-ubs.fr\/wp-content\/uploads\/2020\/10\/Image_Cours_Amphitheatre.png","type":"image\/png"}],"twitter_card":"summary_large_image","twitter_misc":{"Estimated reading time":"1 minute"},"schema":{"@context":"https:\/\/schema.org","@graph":[{"@type":"WebPage","@id":"https:\/\/www.laboratoire-geosciences-ocean-ubs.fr\/david-menier-v2\/","url":"https:\/\/www.laboratoire-geosciences-ocean-ubs.fr\/david-menier-v2\/","name":"David Menier - LGO - P\u00f4le UBS","isPartOf":{"@id":"https:\/\/www.laboratoire-geosciences-ocean-ubs.fr\/#website"},"primaryImageOfPage":{"@id":"https:\/\/www.laboratoire-geosciences-ocean-ubs.fr\/david-menier-v2\/#primaryimage"},"image":{"@id":"https:\/\/www.laboratoire-geosciences-ocean-ubs.fr\/david-menier-v2\/#primaryimage"},"thumbnailUrl":"https:\/\/www.laboratoire-geosciences-ocean-ubs.fr\/wp-content\/uploads\/2020\/10\/Image_Cours_Amphitheatre.png","datePublished":"2023-09-08T12:29:00+00:00","dateModified":"2023-10-11T14:18:57+00:00","description":"Membre permanent au sein de l'Inrap et rattach\u00e9 du LGO UBS, Delphine Barbier-Pain m\u00e8ne des \u00e9tudes palynologiques en contexte arch\u00e9ologique...","breadcrumb":{"@id":"https:\/\/www.laboratoire-geosciences-ocean-ubs.fr\/david-menier-v2\/#breadcrumb"},"inLanguage":"en-GB","potentialAction":[{"@type":"ReadAction","target":["https:\/\/www.laboratoire-geosciences-ocean-ubs.fr\/david-menier-v2\/"]}]},{"@type":"ImageObject","inLanguage":"en-GB","@id":"https:\/\/www.laboratoire-geosciences-ocean-ubs.fr\/david-menier-v2\/#primaryimage","url":"https:\/\/www.laboratoire-geosciences-ocean-ubs.fr\/wp-content\/uploads\/2020\/10\/Image_Cours_Amphitheatre.png","contentUrl":"https:\/\/www.laboratoire-geosciences-ocean-ubs.fr\/wp-content\/uploads\/2020\/10\/Image_Cours_Amphitheatre.png","width":1600,"height":900},{"@type":"BreadcrumbList","@id":"https:\/\/www.laboratoire-geosciences-ocean-ubs.fr\/david-menier-v2\/#breadcrumb","itemListElement":[{"@type":"ListItem","position":1,"name":"Accueil","item":"https:\/\/www.laboratoire-geosciences-ocean-ubs.fr\/"},{"@type":"ListItem","position":2,"name":"David Menier"}]},{"@type":"WebSite","@id":"https:\/\/www.laboratoire-geosciences-ocean-ubs.fr\/#website","url":"https:\/\/www.laboratoire-geosciences-ocean-ubs.fr\/","name":"LGO - P\u00f4le UBS","description":"Une expertise durable des milieux marins et c\u00f4tiers","publisher":{"@id":"https:\/\/www.laboratoire-geosciences-ocean-ubs.fr\/#organization"},"potentialAction":[{"@type":"SearchAction","target":{"@type":"EntryPoint","urlTemplate":"https:\/\/www.laboratoire-geosciences-ocean-ubs.fr\/?s={search_term_string}"},"query-input":{"@type":"PropertyValueSpecification","valueRequired":true,"valueName":"search_term_string"}}],"inLanguage":"en-GB"},{"@type":"Organization","@id":"https:\/\/www.laboratoire-geosciences-ocean-ubs.fr\/#organization","name":"OCLM","url":"https:\/\/www.laboratoire-geosciences-ocean-ubs.fr\/","logo":{"@type":"ImageObject","inLanguage":"en-GB","@id":"https:\/\/www.laboratoire-geosciences-ocean-ubs.fr\/#\/schema\/logo\/image\/","url":"https:\/\/www.laboratoire-geosciences-ocean-ubs.fr\/wp-content\/uploads\/2021\/12\/cropped-cropped-goo-hd-geo-ocean-tutelles-noir.png","contentUrl":"https:\/\/www.laboratoire-geosciences-ocean-ubs.fr\/wp-content\/uploads\/2021\/12\/cropped-cropped-goo-hd-geo-ocean-tutelles-noir.png","width":2887,"height":1485,"caption":"OCLM"},"image":{"@id":"https:\/\/www.laboratoire-geosciences-ocean-ubs.fr\/#\/schema\/logo\/image\/"},"sameAs":["https:\/\/www.facebook.com\/search\/top\/?q=algobox :un outil \u00e9cologique de r\u00e9g\u00e9n\u00e9ration des dunes"]}]}},"_links":{"self":[{"href":"https:\/\/www.laboratoire-geosciences-ocean-ubs.fr\/en\/wp-json\/wp\/v2\/pages\/37751","targetHints":{"allow":["GET"]}}],"collection":[{"href":"https:\/\/www.laboratoire-geosciences-ocean-ubs.fr\/en\/wp-json\/wp\/v2\/pages"}],"about":[{"href":"https:\/\/www.laboratoire-geosciences-ocean-ubs.fr\/en\/wp-json\/wp\/v2\/types\/page"}],"author":[{"embeddable":true,"href":"https:\/\/www.laboratoire-geosciences-ocean-ubs.fr\/en\/wp-json\/wp\/v2\/users\/9"}],"replies":[{"embeddable":true,"href":"https:\/\/www.laboratoire-geosciences-ocean-ubs.fr\/en\/wp-json\/wp\/v2\/comments?post=37751"}],"version-history":[{"count":0,"href":"https:\/\/www.laboratoire-geosciences-ocean-ubs.fr\/en\/wp-json\/wp\/v2\/pages\/37751\/revisions"}],"wp:featuredmedia":[{"embeddable":true,"href":"https:\/\/www.laboratoire-geosciences-ocean-ubs.fr\/en\/wp-json\/wp\/v2\/media\/6303"}],"wp:attachment":[{"href":"https:\/\/www.laboratoire-geosciences-ocean-ubs.fr\/en\/wp-json\/wp\/v2\/media?parent=37751"}],"curies":[{"name":"wp","href":"https:\/\/api.w.org\/{rel}","templated":true}]}}