{"id":37706,"date":"2023-09-08T11:05:58","date_gmt":"2023-09-08T09:05:58","guid":{"rendered":"https:\/\/www.laboratoire-geosciences-ocean-ubs.fr\/?page_id=37706"},"modified":"2023-11-14T10:50:47","modified_gmt":"2023-11-14T09:50:47","slug":"laurent-labeyrie-v2","status":"publish","type":"page","link":"https:\/\/www.laboratoire-geosciences-ocean-ubs.fr\/en\/laurent-labeyrie-v2\/","title":{"rendered":"Laurent Labeyrie"},"content":{"rendered":"<div id=\"pl-37706\"  class=\"panel-layout\" ><div id=\"pg-37706-0\"  class=\"panel-grid panel-no-style\" ><div id=\"pgc-37706-0-0\"  class=\"panel-grid-cell\" ><div id=\"panel-37706-0-0-0\" class=\"so-panel widget widget_sow-image panel-first-child panel-last-child\" data-index=\"0\" ><div\n\t\t\t\n\t\t\tclass=\"so-widget-sow-image so-widget-sow-image-default-c67d20f9f743-37706\"\n\t\t\t\n\t\t>\n<div class=\"sow-image-container\">\n\t\t<img \n\tsrc=\"https:\/\/www.laboratoire-geosciences-ocean-ubs.fr\/wp-content\/uploads\/2023\/09\/LAURENT-PROFIL.png\" width=\"500\" height=\"500\" srcset=\"https:\/\/www.laboratoire-geosciences-ocean-ubs.fr\/wp-content\/uploads\/2023\/09\/LAURENT-PROFIL.png 500w, https:\/\/www.laboratoire-geosciences-ocean-ubs.fr\/wp-content\/uploads\/2023\/09\/LAURENT-PROFIL-300x300.png 300w, https:\/\/www.laboratoire-geosciences-ocean-ubs.fr\/wp-content\/uploads\/2023\/09\/LAURENT-PROFIL-150x150.png 150w, https:\/\/www.laboratoire-geosciences-ocean-ubs.fr\/wp-content\/uploads\/2023\/09\/LAURENT-PROFIL-12x12.png 12w\" sizes=\"(max-width: 500px) 100vw, 500px\" title=\"LAURENT PROFIL\" alt=\"\" \t\tclass=\"so-widget-image\"\/>\n\t<\/div>\n\n<\/div><\/div><\/div><div id=\"pgc-37706-0-1\"  class=\"panel-grid-cell panel-grid-cell-empty\" ><\/div><div id=\"pgc-37706-0-2\"  class=\"panel-grid-cell\" ><div id=\"panel-37706-0-2-0\" class=\"so-panel widget widget_sow-editor panel-first-child\" data-index=\"1\" ><div\n\t\t\t\n\t\t\tclass=\"so-widget-sow-editor so-widget-sow-editor-base\"\n\t\t\t\n\t\t>\n<div class=\"siteorigin-widget-tinymce textwidget\">\n\t<h2 class=\"cvGsUA direction-ltr align-start para-style-body\"><strong><span class=\"OYPEnA text-decoration-none text-strikethrough-none\" style=\"font-size: 32px; color: #1269b0;\">Laurent Labeyrie<\/span><\/strong><\/h2>\n<h2 class=\"cvGsUA direction-ltr align-start para-style-body\"><strong><span class=\"OYPEnA text-decoration-none text-strikethrough-none\" style=\"font-size: 28px; color: #1269b0;\">Honorary Professor Paleoclimatology<\/span><\/strong><\/h2>\n<\/div>\n<\/div><\/div><div id=\"panel-37706-0-2-1\" class=\"so-panel widget widget_sow-editor panel-last-child\" data-index=\"2\" ><div class=\"panel-widget-style panel-widget-style-for-37706-0-2-1\" ><div\n\t\t\t\n\t\t\tclass=\"so-widget-sow-editor so-widget-sow-editor-base\"\n\t\t\t\n\t\t>\n<div class=\"siteorigin-widget-tinymce textwidget\">\n\t<p>&nbsp;<\/p>\n<p style=\"font-size: 20px; color: #1269b0; text-align: justify; padding-left: 40px;\"><span style=\"color: #ffffff;\"><strong>Contact and Networks :<\/strong><\/span><\/p>\n<p>&nbsp;<\/p>\n<p style=\"font-size: 18px; color: #1269b0; text-align: justify; padding-left: 80px;\"><span style=\"color: #ffffff;\">laurent.labeyrie@univ-ubs.fr<\/span><\/p>\n<p style=\"font-size: 18px; color: #1269b0; text-align: justify; padding-left: 80px;\"><span style=\"color: #ffffff;\"><a style=\"color: #ffffff;\" href=\"https:\/\/www.linkedin.com\/in\/laurent-labeyrie-57317374\/\">Linkedin<\/a><\/span><\/p>\n<p style=\"font-size: 18px; color: #1269b0; text-align: justify; padding-left: 80px;\"><span style=\"color: #ffffff;\"><a style=\"color: #ffffff;\" href=\"https:\/\/www.researchgate.net\/profile\/Laurent-Labeyrie?_sg=ajKkMeIC3M6l0_w_w3zyt80JarTaROJKqjdqeiVtcGXng4GzXBlXcY5cY7loxNh58mnQOx_rFPrTamI&amp;_tp=eyJjb250ZXh0Ijp7ImZpcnN0UGFnZSI6Il9kaXJlY3QiLCJwYWdlIjoiX2RpcmVjdCJ9fQ\">Research Gate<\/a><\/span><\/p>\n<p>&nbsp;<\/p>\n<\/div>\n<\/div><\/div><\/div><\/div><\/div><div id=\"pg-37706-1\"  class=\"panel-grid panel-no-style\" ><div id=\"pgc-37706-1-0\"  class=\"panel-grid-cell panel-grid-cell-empty\" ><\/div><\/div><div id=\"pg-37706-2\"  class=\"panel-grid panel-no-style\" ><div id=\"pgc-37706-2-0\"  class=\"panel-grid-cell\" ><div id=\"panel-37706-2-0-0\" class=\"so-panel widget widget_sow-editor panel-first-child panel-last-child\" data-index=\"3\" ><div\n\t\t\t\n\t\t\tclass=\"so-widget-sow-editor so-widget-sow-editor-base\"\n\t\t\t\n\t\t>\n<div class=\"siteorigin-widget-tinymce textwidget\">\n\t<h3 class=\"font-size: 22px; color: #1269b0; text-align: justify;\"><strong><span style=\"color: #1269b0;\">Skills<\/span><\/strong><\/h3>\n<\/div>\n<\/div><\/div><\/div><\/div><div id=\"pg-37706-3\"  class=\"panel-grid panel-no-style\" ><div id=\"pgc-37706-3-0\"  class=\"panel-grid-cell\" ><div id=\"panel-37706-3-0-0\" class=\"so-panel widget widget_sow-editor panel-first-child panel-last-child\" data-index=\"4\" ><div class=\"panel-widget-style panel-widget-style-for-37706-3-0-0\" ><div\n\t\t\t\n\t\t\tclass=\"so-widget-sow-editor so-widget-sow-editor-base\"\n\t\t\t\n\t\t>\n<div class=\"siteorigin-widget-tinymce textwidget\">\n\t<p style=\"font-size: 18px; color: #1269b0; text-align: left;\">Oceanography<\/p>\n<\/div>\n<\/div><\/div><\/div><\/div><div id=\"pgc-37706-3-1\"  class=\"panel-grid-cell panel-grid-cell-empty\" ><\/div><div id=\"pgc-37706-3-2\"  class=\"panel-grid-cell\" ><div id=\"panel-37706-3-2-0\" class=\"so-panel widget widget_sow-editor panel-first-child panel-last-child\" data-index=\"5\" ><div class=\"panel-widget-style panel-widget-style-for-37706-3-2-0\" ><div\n\t\t\t\n\t\t\tclass=\"so-widget-sow-editor so-widget-sow-editor-base\"\n\t\t\t\n\t\t>\n<div class=\"siteorigin-widget-tinymce textwidget\">\n\t<p style=\"font-size: 18px; color: #1269b0; text-align: left;\">Climate study<\/p>\n<\/div>\n<\/div><\/div><\/div><\/div><div id=\"pgc-37706-3-3\"  class=\"panel-grid-cell panel-grid-cell-empty\" ><\/div><div id=\"pgc-37706-3-4\"  class=\"panel-grid-cell\" ><div id=\"panel-37706-3-4-0\" class=\"so-panel widget widget_sow-editor panel-first-child panel-last-child\" data-index=\"6\" ><div class=\"panel-widget-style panel-widget-style-for-37706-3-4-0\" ><div\n\t\t\t\n\t\t\tclass=\"so-widget-sow-editor so-widget-sow-editor-base\"\n\t\t\t\n\t\t>\n<div class=\"siteorigin-widget-tinymce textwidget\">\n\t<p style=\"font-size: 18px; color: #1269b0; text-align: left;\">Paleontology<\/p>\n<\/div>\n<\/div><\/div><\/div><\/div><\/div><div id=\"pg-37706-4\"  class=\"panel-grid panel-no-style\" ><div id=\"pgc-37706-4-0\"  class=\"panel-grid-cell\" ><div id=\"panel-37706-4-0-0\" class=\"so-panel widget widget_sow-editor panel-first-child panel-last-child\" data-index=\"7\" ><div\n\t\t\t\n\t\t\tclass=\"so-widget-sow-editor so-widget-sow-editor-base\"\n\t\t\t\n\t\t>\n<div class=\"siteorigin-widget-tinymce textwidget\">\n\t<p style=\"font-size: 18px; color: #1269b0; text-align: left;\">Shoreline Management<\/p>\n<\/div>\n<\/div><\/div><\/div><div id=\"pgc-37706-4-1\"  class=\"panel-grid-cell panel-grid-cell-empty\" ><\/div><div id=\"pgc-37706-4-2\"  class=\"panel-grid-cell\" ><div id=\"panel-37706-4-2-0\" class=\"so-panel widget widget_sow-editor panel-first-child panel-last-child\" data-index=\"8\" ><div\n\t\t\t\n\t\t\tclass=\"so-widget-sow-editor so-widget-sow-editor-base\"\n\t\t\t\n\t\t>\n<div class=\"siteorigin-widget-tinymce textwidget\">\n\t<p style=\"font-size: 18px; color: #1269b0; text-align: left;\">Spatial planning<\/p>\n<\/div>\n<\/div><\/div><\/div><div id=\"pgc-37706-4-3\"  class=\"panel-grid-cell panel-grid-cell-empty\" ><\/div><div id=\"pgc-37706-4-4\"  class=\"panel-grid-cell\" ><div id=\"panel-37706-4-4-0\" class=\"so-panel widget widget_sow-editor panel-first-child panel-last-child\" data-index=\"9\" ><div class=\"panel-widget-style panel-widget-style-for-37706-4-4-0\" ><div\n\t\t\t\n\t\t\tclass=\"so-widget-sow-editor so-widget-sow-editor-base\"\n\t\t\t\n\t\t>\n<div class=\"siteorigin-widget-tinymce textwidget\">\n\t<p style=\"font-size: 18px; color: #1269b0; text-align: left;\">Anthropology<\/p>\n<\/div>\n<\/div><\/div><\/div><\/div><\/div><div id=\"pg-37706-5\"  class=\"panel-grid panel-no-style\" ><div id=\"pgc-37706-5-0\"  class=\"panel-grid-cell panel-grid-cell-empty\" ><\/div><\/div><div id=\"pg-37706-6\"  class=\"panel-grid panel-no-style\" ><div id=\"pgc-37706-6-0\"  class=\"panel-grid-cell\" ><div id=\"panel-37706-6-0-0\" class=\"so-panel widget widget_sow-editor panel-first-child\" data-index=\"10\" ><div\n\t\t\t\n\t\t\tclass=\"so-widget-sow-editor so-widget-sow-editor-base\"\n\t\t\t\n\t\t>\n<div class=\"siteorigin-widget-tinymce textwidget\">\n\t<h3><\/h3>\n<h3 class=\"font-size: 22px; color: #1269b0; text-align: justify;\"><strong><span style=\"color: #1269b0;\">About<\/span><\/strong><\/h3>\n<\/div>\n<\/div><\/div><div id=\"panel-37706-6-0-1\" class=\"so-panel widget widget_sow-editor panel-last-child\" data-index=\"11\" ><div\n\t\t\t\n\t\t\tclass=\"so-widget-sow-editor so-widget-sow-editor-base\"\n\t\t\t\n\t\t>\n<div class=\"siteorigin-widget-tinymce textwidget\">\n\t<p style=\"font-size: 18px; color: #1269b0; text-align: justify;\">Actuellement administrateur de l'association Clim'actions, Professeur b\u00e9n\u00e9vole et membre rattach\u00e9 au LGO UBS, Laurent Labeyrie est sp\u00e9cialiste des changements climatiques pass\u00e9s, pr\u00e9sents et futurs. Ses travaux portent notamment sur les variabilit\u00e9s climatiques, l'environnement et les relations entre l'homme et ses activit\u00e9s. Durant sa carri\u00e8re, il a \u00e9t\u00e9 directeur de recherche au CNRS, \u00e9diteur associ\u00e9 en Oc\u00e9anographie pour le rapport 2007 du GIEC, professeur honoraire \u00e0 l'institut universitaire de France ainsi que professeur invit\u00e9 \u00e0 Woods Hole Oceanographic Institution.<\/p>\n<\/div>\n<\/div><\/div><\/div><\/div><div id=\"pg-37706-7\"  class=\"panel-grid panel-no-style\" ><div id=\"pgc-37706-7-0\"  class=\"panel-grid-cell panel-grid-cell-empty\" ><\/div><\/div><div id=\"pg-37706-8\"  class=\"panel-grid panel-no-style\" ><div id=\"pgc-37706-8-0\"  class=\"panel-grid-cell\" ><div id=\"panel-37706-8-0-0\" class=\"so-panel widget widget_sow-editor panel-first-child\" data-index=\"12\" ><div\n\t\t\t\n\t\t\tclass=\"so-widget-sow-editor so-widget-sow-editor-base\"\n\t\t\t\n\t\t>\n<div class=\"siteorigin-widget-tinymce textwidget\">\n\t<h3 style=\"font-size: 22px; color: #1269b0; text-align: center;\"><strong>Interview of Laurent Labeyrie - Plan\u00e8te Conf\u00e9rences<\/strong><\/h3>\n<\/div>\n<\/div><\/div><div id=\"panel-37706-8-0-1\" class=\"so-panel widget widget_sow-editor\" data-index=\"13\" ><div\n\t\t\t\n\t\t\tclass=\"so-widget-sow-editor so-widget-sow-editor-base\"\n\t\t\t\n\t\t>\n<div class=\"siteorigin-widget-tinymce textwidget\">\n\t<p><div class='embed-container'><iframe loading=\"lazy\" title=\"Plan\u00e8te Conf\u00e9rences Interview de Laurent Labeyrie\" width=\"1920\" height=\"1080\" src=\"https:\/\/www.youtube.com\/embed\/hUR4QAwswSA?feature=oembed\" frameborder=\"0\" allow=\"accelerometer; autoplay; clipboard-write; encrypted-media; gyroscope; picture-in-picture; web-share\" referrerpolicy=\"strict-origin-when-cross-origin\" allowfullscreen><\/iframe><\/div><\/p>\n<\/div>\n<\/div><\/div><div id=\"panel-37706-8-0-2\" class=\"so-panel widget widget_sow-editor panel-last-child\" data-index=\"14\" ><div\n\t\t\t\n\t\t\tclass=\"so-widget-sow-editor so-widget-sow-editor-base\"\n\t\t\t\n\t\t>\n<div class=\"siteorigin-widget-tinymce textwidget\">\n\t<div class=\"field field-name-field-duree-media field-type-text field-label-inline clearfix\">\n<div class=\"field-label\"><span style=\"color: #4b4b4c;\">Time : 00:01:52<\/span><\/div>\n<\/div>\n<div class=\"field field-name-field-realisateur field-type-text-long field-label-above\">\n<div class=\"field-label\"><span style=\"color: #4b4b4c;\">Director : UBS<\/span><\/div>\n<\/div>\n<div class=\"field field-name-field-credits field-type-text-long field-label-hidden\">\n<div class=\"field-items\">\n<div class=\"field-item even\"><span style=\"color: #4b4b4c;\">\u00a9 UBS<\/span><\/div>\n<\/div>\n<\/div>\n<div class=\"field field-name-field-annee field-type-datetime field-label-inline clearfix\">\n<div class=\"field-label\"><span style=\"color: #4b4b4c;\">Year : 2014<\/span><\/div>\n<\/div>\n<\/div>\n<\/div><\/div><\/div><\/div><div id=\"pg-37706-9\"  class=\"panel-grid panel-no-style\" ><div id=\"pgc-37706-9-0\"  class=\"panel-grid-cell panel-grid-cell-empty\" ><\/div><\/div><\/div>","protected":false},"excerpt":{"rendered":"<p>Laurent Labeyrie Professeur honoraire Pal\u00e9oclimatologie &nbsp; Contact et r\u00e9seaux : &nbsp; laurent.labeyrie@univ-ubs.fr Linkedin Research Gate &nbsp;<\/p>","protected":false},"author":9,"featured_media":5513,"parent":0,"menu_order":0,"comment_status":"closed","ping_status":"closed","template":"","meta":{"footnotes":""},"class_list":["post-37706","page","type-page","status-publish","has-post-thumbnail","hentry"],"yoast_head":"<!-- This site is optimized with the Yoast SEO plugin v27.5 - https:\/\/yoast.com\/product\/yoast-seo-wordpress\/ -->\n<title>Laurent Labeyrie - LGO - P\u00f4le UBS<\/title>\n<meta name=\"description\" content=\"Actuellement administrateur de l&#039;association Clim&#039;actions, Professeur b\u00e9n\u00e9vole et membre rattach\u00e9 au LGO UBS, Laurent Labeyrie est...\" \/>\n<meta name=\"robots\" content=\"index, follow, max-snippet:-1, max-image-preview:large, max-video-preview:-1\" \/>\n<link rel=\"canonical\" href=\"https:\/\/www.laboratoire-geosciences-ocean-ubs.fr\/en\/laurent-labeyrie-v2\/\" \/>\n<meta property=\"og:locale\" content=\"en_GB\" \/>\n<meta property=\"og:type\" content=\"article\" \/>\n<meta property=\"og:title\" content=\"Laurent Labeyrie - LGO - P\u00f4le UBS\" \/>\n<meta property=\"og:description\" content=\"Actuellement administrateur de l&#039;association Clim&#039;actions, Professeur b\u00e9n\u00e9vole et membre rattach\u00e9 au LGO UBS, Laurent Labeyrie est...\" \/>\n<meta property=\"og:url\" content=\"https:\/\/www.laboratoire-geosciences-ocean-ubs.fr\/en\/laurent-labeyrie-v2\/\" \/>\n<meta property=\"og:site_name\" content=\"LGO - P\u00f4le UBS\" \/>\n<meta property=\"article:publisher\" content=\"https:\/\/www.facebook.com\/search\/top\/?q=algobox%20%3aun%20outil%20%c3%a9cologique%20de%20r%c3%a9g%c3%a9n%c3%a9ration%20des%20dunes\" \/>\n<meta property=\"article:modified_time\" content=\"2023-11-14T09:50:47+00:00\" \/>\n<meta property=\"og:image\" content=\"https:\/\/www.laboratoire-geosciences-ocean-ubs.fr\/wp-content\/uploads\/2020\/04\/laurent-labeyrie.png\" \/>\n\t<meta property=\"og:image:width\" content=\"1000\" \/>\n\t<meta property=\"og:image:height\" content=\"500\" \/>\n\t<meta property=\"og:image:type\" content=\"image\/png\" \/>\n<meta name=\"twitter:card\" content=\"summary_large_image\" \/>\n<meta name=\"twitter:label1\" content=\"Estimated reading time\" \/>\n\t<meta name=\"twitter:data1\" content=\"1 minute\" \/>\n<script type=\"application\/ld+json\" class=\"yoast-schema-graph\">{\"@context\":\"https:\\\/\\\/schema.org\",\"@graph\":[{\"@type\":\"WebPage\",\"@id\":\"https:\\\/\\\/www.laboratoire-geosciences-ocean-ubs.fr\\\/laurent-labeyrie-v2\\\/\",\"url\":\"https:\\\/\\\/www.laboratoire-geosciences-ocean-ubs.fr\\\/laurent-labeyrie-v2\\\/\",\"name\":\"Laurent Labeyrie - LGO - P\u00f4le UBS\",\"isPartOf\":{\"@id\":\"https:\\\/\\\/www.laboratoire-geosciences-ocean-ubs.fr\\\/#website\"},\"primaryImageOfPage\":{\"@id\":\"https:\\\/\\\/www.laboratoire-geosciences-ocean-ubs.fr\\\/laurent-labeyrie-v2\\\/#primaryimage\"},\"image\":{\"@id\":\"https:\\\/\\\/www.laboratoire-geosciences-ocean-ubs.fr\\\/laurent-labeyrie-v2\\\/#primaryimage\"},\"thumbnailUrl\":\"https:\\\/\\\/www.laboratoire-geosciences-ocean-ubs.fr\\\/wp-content\\\/uploads\\\/2020\\\/04\\\/laurent-labeyrie.png\",\"datePublished\":\"2023-09-08T09:05:58+00:00\",\"dateModified\":\"2023-11-14T09:50:47+00:00\",\"description\":\"Actuellement administrateur de l'association Clim'actions, Professeur b\u00e9n\u00e9vole et membre rattach\u00e9 au LGO UBS, Laurent Labeyrie est...\",\"breadcrumb\":{\"@id\":\"https:\\\/\\\/www.laboratoire-geosciences-ocean-ubs.fr\\\/laurent-labeyrie-v2\\\/#breadcrumb\"},\"inLanguage\":\"en-GB\",\"potentialAction\":[{\"@type\":\"ReadAction\",\"target\":[\"https:\\\/\\\/www.laboratoire-geosciences-ocean-ubs.fr\\\/laurent-labeyrie-v2\\\/\"]}]},{\"@type\":\"ImageObject\",\"inLanguage\":\"en-GB\",\"@id\":\"https:\\\/\\\/www.laboratoire-geosciences-ocean-ubs.fr\\\/laurent-labeyrie-v2\\\/#primaryimage\",\"url\":\"https:\\\/\\\/www.laboratoire-geosciences-ocean-ubs.fr\\\/wp-content\\\/uploads\\\/2020\\\/04\\\/laurent-labeyrie.png\",\"contentUrl\":\"https:\\\/\\\/www.laboratoire-geosciences-ocean-ubs.fr\\\/wp-content\\\/uploads\\\/2020\\\/04\\\/laurent-labeyrie.png\",\"width\":1000,\"height\":500},{\"@type\":\"BreadcrumbList\",\"@id\":\"https:\\\/\\\/www.laboratoire-geosciences-ocean-ubs.fr\\\/laurent-labeyrie-v2\\\/#breadcrumb\",\"itemListElement\":[{\"@type\":\"ListItem\",\"position\":1,\"name\":\"Accueil\",\"item\":\"https:\\\/\\\/www.laboratoire-geosciences-ocean-ubs.fr\\\/\"},{\"@type\":\"ListItem\",\"position\":2,\"name\":\"Laurent Labeyrie\"}]},{\"@type\":\"WebSite\",\"@id\":\"https:\\\/\\\/www.laboratoire-geosciences-ocean-ubs.fr\\\/#website\",\"url\":\"https:\\\/\\\/www.laboratoire-geosciences-ocean-ubs.fr\\\/\",\"name\":\"LGO - P\u00f4le UBS\",\"description\":\"Une expertise durable des milieux marins et c\u00f4tiers\",\"publisher\":{\"@id\":\"https:\\\/\\\/www.laboratoire-geosciences-ocean-ubs.fr\\\/#organization\"},\"potentialAction\":[{\"@type\":\"SearchAction\",\"target\":{\"@type\":\"EntryPoint\",\"urlTemplate\":\"https:\\\/\\\/www.laboratoire-geosciences-ocean-ubs.fr\\\/?s={search_term_string}\"},\"query-input\":{\"@type\":\"PropertyValueSpecification\",\"valueRequired\":true,\"valueName\":\"search_term_string\"}}],\"inLanguage\":\"en-GB\"},{\"@type\":\"Organization\",\"@id\":\"https:\\\/\\\/www.laboratoire-geosciences-ocean-ubs.fr\\\/#organization\",\"name\":\"OCLM\",\"url\":\"https:\\\/\\\/www.laboratoire-geosciences-ocean-ubs.fr\\\/\",\"logo\":{\"@type\":\"ImageObject\",\"inLanguage\":\"en-GB\",\"@id\":\"https:\\\/\\\/www.laboratoire-geosciences-ocean-ubs.fr\\\/#\\\/schema\\\/logo\\\/image\\\/\",\"url\":\"https:\\\/\\\/www.laboratoire-geosciences-ocean-ubs.fr\\\/wp-content\\\/uploads\\\/2021\\\/12\\\/cropped-cropped-goo-hd-geo-ocean-tutelles-noir.png\",\"contentUrl\":\"https:\\\/\\\/www.laboratoire-geosciences-ocean-ubs.fr\\\/wp-content\\\/uploads\\\/2021\\\/12\\\/cropped-cropped-goo-hd-geo-ocean-tutelles-noir.png\",\"width\":2887,\"height\":1485,\"caption\":\"OCLM\"},\"image\":{\"@id\":\"https:\\\/\\\/www.laboratoire-geosciences-ocean-ubs.fr\\\/#\\\/schema\\\/logo\\\/image\\\/\"},\"sameAs\":[\"https:\\\/\\\/www.facebook.com\\\/search\\\/top\\\/?q=algobox :un outil \u00e9cologique de r\u00e9g\u00e9n\u00e9ration des dunes\"]}]}<\/script>\n<!-- \/ Yoast SEO plugin. -->","yoast_head_json":{"title":"Laurent Labeyrie - LGO - P\u00f4le UBS","description":"Actuellement administrateur de l'association Clim'actions, Professeur b\u00e9n\u00e9vole et membre rattach\u00e9 au LGO UBS, Laurent Labeyrie est...","robots":{"index":"index","follow":"follow","max-snippet":"max-snippet:-1","max-image-preview":"max-image-preview:large","max-video-preview":"max-video-preview:-1"},"canonical":"https:\/\/www.laboratoire-geosciences-ocean-ubs.fr\/en\/laurent-labeyrie-v2\/","og_locale":"en_GB","og_type":"article","og_title":"Laurent Labeyrie - LGO - P\u00f4le UBS","og_description":"Actuellement administrateur de l'association Clim'actions, Professeur b\u00e9n\u00e9vole et membre rattach\u00e9 au LGO UBS, Laurent Labeyrie est...","og_url":"https:\/\/www.laboratoire-geosciences-ocean-ubs.fr\/en\/laurent-labeyrie-v2\/","og_site_name":"LGO - P\u00f4le UBS","article_publisher":"https:\/\/www.facebook.com\/search\/top\/?q=algobox%20%3aun%20outil%20%c3%a9cologique%20de%20r%c3%a9g%c3%a9n%c3%a9ration%20des%20dunes","article_modified_time":"2023-11-14T09:50:47+00:00","og_image":[{"width":1000,"height":500,"url":"https:\/\/www.laboratoire-geosciences-ocean-ubs.fr\/wp-content\/uploads\/2020\/04\/laurent-labeyrie.png","type":"image\/png"}],"twitter_card":"summary_large_image","twitter_misc":{"Estimated reading time":"1 minute"},"schema":{"@context":"https:\/\/schema.org","@graph":[{"@type":"WebPage","@id":"https:\/\/www.laboratoire-geosciences-ocean-ubs.fr\/laurent-labeyrie-v2\/","url":"https:\/\/www.laboratoire-geosciences-ocean-ubs.fr\/laurent-labeyrie-v2\/","name":"Laurent Labeyrie - LGO - P\u00f4le UBS","isPartOf":{"@id":"https:\/\/www.laboratoire-geosciences-ocean-ubs.fr\/#website"},"primaryImageOfPage":{"@id":"https:\/\/www.laboratoire-geosciences-ocean-ubs.fr\/laurent-labeyrie-v2\/#primaryimage"},"image":{"@id":"https:\/\/www.laboratoire-geosciences-ocean-ubs.fr\/laurent-labeyrie-v2\/#primaryimage"},"thumbnailUrl":"https:\/\/www.laboratoire-geosciences-ocean-ubs.fr\/wp-content\/uploads\/2020\/04\/laurent-labeyrie.png","datePublished":"2023-09-08T09:05:58+00:00","dateModified":"2023-11-14T09:50:47+00:00","description":"Actuellement administrateur de l'association Clim'actions, Professeur b\u00e9n\u00e9vole et membre rattach\u00e9 au LGO UBS, Laurent Labeyrie est...","breadcrumb":{"@id":"https:\/\/www.laboratoire-geosciences-ocean-ubs.fr\/laurent-labeyrie-v2\/#breadcrumb"},"inLanguage":"en-GB","potentialAction":[{"@type":"ReadAction","target":["https:\/\/www.laboratoire-geosciences-ocean-ubs.fr\/laurent-labeyrie-v2\/"]}]},{"@type":"ImageObject","inLanguage":"en-GB","@id":"https:\/\/www.laboratoire-geosciences-ocean-ubs.fr\/laurent-labeyrie-v2\/#primaryimage","url":"https:\/\/www.laboratoire-geosciences-ocean-ubs.fr\/wp-content\/uploads\/2020\/04\/laurent-labeyrie.png","contentUrl":"https:\/\/www.laboratoire-geosciences-ocean-ubs.fr\/wp-content\/uploads\/2020\/04\/laurent-labeyrie.png","width":1000,"height":500},{"@type":"BreadcrumbList","@id":"https:\/\/www.laboratoire-geosciences-ocean-ubs.fr\/laurent-labeyrie-v2\/#breadcrumb","itemListElement":[{"@type":"ListItem","position":1,"name":"Accueil","item":"https:\/\/www.laboratoire-geosciences-ocean-ubs.fr\/"},{"@type":"ListItem","position":2,"name":"Laurent Labeyrie"}]},{"@type":"WebSite","@id":"https:\/\/www.laboratoire-geosciences-ocean-ubs.fr\/#website","url":"https:\/\/www.laboratoire-geosciences-ocean-ubs.fr\/","name":"LGO - P\u00f4le UBS","description":"Une expertise durable des milieux marins et c\u00f4tiers","publisher":{"@id":"https:\/\/www.laboratoire-geosciences-ocean-ubs.fr\/#organization"},"potentialAction":[{"@type":"SearchAction","target":{"@type":"EntryPoint","urlTemplate":"https:\/\/www.laboratoire-geosciences-ocean-ubs.fr\/?s={search_term_string}"},"query-input":{"@type":"PropertyValueSpecification","valueRequired":true,"valueName":"search_term_string"}}],"inLanguage":"en-GB"},{"@type":"Organization","@id":"https:\/\/www.laboratoire-geosciences-ocean-ubs.fr\/#organization","name":"OCLM","url":"https:\/\/www.laboratoire-geosciences-ocean-ubs.fr\/","logo":{"@type":"ImageObject","inLanguage":"en-GB","@id":"https:\/\/www.laboratoire-geosciences-ocean-ubs.fr\/#\/schema\/logo\/image\/","url":"https:\/\/www.laboratoire-geosciences-ocean-ubs.fr\/wp-content\/uploads\/2021\/12\/cropped-cropped-goo-hd-geo-ocean-tutelles-noir.png","contentUrl":"https:\/\/www.laboratoire-geosciences-ocean-ubs.fr\/wp-content\/uploads\/2021\/12\/cropped-cropped-goo-hd-geo-ocean-tutelles-noir.png","width":2887,"height":1485,"caption":"OCLM"},"image":{"@id":"https:\/\/www.laboratoire-geosciences-ocean-ubs.fr\/#\/schema\/logo\/image\/"},"sameAs":["https:\/\/www.facebook.com\/search\/top\/?q=algobox :un outil \u00e9cologique de r\u00e9g\u00e9n\u00e9ration des dunes"]}]}},"_links":{"self":[{"href":"https:\/\/www.laboratoire-geosciences-ocean-ubs.fr\/en\/wp-json\/wp\/v2\/pages\/37706","targetHints":{"allow":["GET"]}}],"collection":[{"href":"https:\/\/www.laboratoire-geosciences-ocean-ubs.fr\/en\/wp-json\/wp\/v2\/pages"}],"about":[{"href":"https:\/\/www.laboratoire-geosciences-ocean-ubs.fr\/en\/wp-json\/wp\/v2\/types\/page"}],"author":[{"embeddable":true,"href":"https:\/\/www.laboratoire-geosciences-ocean-ubs.fr\/en\/wp-json\/wp\/v2\/users\/9"}],"replies":[{"embeddable":true,"href":"https:\/\/www.laboratoire-geosciences-ocean-ubs.fr\/en\/wp-json\/wp\/v2\/comments?post=37706"}],"version-history":[{"count":0,"href":"https:\/\/www.laboratoire-geosciences-ocean-ubs.fr\/en\/wp-json\/wp\/v2\/pages\/37706\/revisions"}],"wp:featuredmedia":[{"embeddable":true,"href":"https:\/\/www.laboratoire-geosciences-ocean-ubs.fr\/en\/wp-json\/wp\/v2\/media\/5513"}],"wp:attachment":[{"href":"https:\/\/www.laboratoire-geosciences-ocean-ubs.fr\/en\/wp-json\/wp\/v2\/media?parent=37706"}],"curies":[{"name":"wp","href":"https:\/\/api.w.org\/{rel}","templated":true}]}}