{"id":37653,"date":"2023-09-07T15:16:26","date_gmt":"2023-09-07T13:16:26","guid":{"rendered":"https:\/\/www.laboratoire-geosciences-ocean-ubs.fr\/?page_id=37653"},"modified":"2024-01-15T11:16:18","modified_gmt":"2024-01-15T10:16:18","slug":"ophelie-david-v2","status":"publish","type":"page","link":"https:\/\/www.laboratoire-geosciences-ocean-ubs.fr\/en\/ophelie-david-v2\/","title":{"rendered":"Oph\u00e9lie David"},"content":{"rendered":"<div id=\"pl-37653\"  class=\"panel-layout\" ><div id=\"pg-37653-0\"  class=\"panel-grid panel-no-style\" ><div id=\"pgc-37653-0-0\"  class=\"panel-grid-cell\" ><div id=\"panel-37653-0-0-0\" class=\"so-panel widget widget_sow-image panel-first-child panel-last-child\" data-index=\"0\" ><div\n\t\t\t\n\t\t\tclass=\"so-widget-sow-image so-widget-sow-image-default-c67d20f9f743-37653\"\n\t\t\t\n\t\t><\/div><\/div><\/div><div id=\"pgc-37653-0-1\"  class=\"panel-grid-cell panel-grid-cell-empty\" ><\/div><div id=\"pgc-37653-0-2\"  class=\"panel-grid-cell\" ><div id=\"panel-37653-0-2-0\" class=\"so-panel widget widget_sow-editor panel-first-child\" data-index=\"1\" ><div\n\t\t\t\n\t\t\tclass=\"so-widget-sow-editor so-widget-sow-editor-base\"\n\t\t\t\n\t\t>\n<div class=\"siteorigin-widget-tinymce textwidget\">\n\t<h2 class=\"cvGsUA direction-ltr align-start para-style-body\"><strong><span class=\"OYPEnA text-decoration-none text-strikethrough-none\" style=\"font-size: 32px; color: #1269b0;\">Oph\u00e9lie David<\/span><\/strong><\/h2>\n<h2 class=\"cvGsUA direction-ltr align-start para-style-body\"><strong><span class=\"OYPEnA text-decoration-none text-strikethrough-none\" style=\"font-size: 28px; color: #1269b0;\">Doctorante Pal\u00e9oclimatologie<\/span><\/strong><\/h2>\n<\/div>\n<\/div><\/div><div id=\"panel-37653-0-2-1\" class=\"so-panel widget widget_sow-editor panel-last-child\" data-index=\"2\" ><div class=\"panel-widget-style panel-widget-style-for-37653-0-2-1\" ><div\n\t\t\t\n\t\t\tclass=\"so-widget-sow-editor so-widget-sow-editor-base\"\n\t\t\t\n\t\t>\n<div class=\"siteorigin-widget-tinymce textwidget\">\n\t<p>&nbsp;<\/p>\n<p style=\"font-size: 20px; color: #1269b0; text-align: justify; padding-left: 40px;\"><span style=\"color: #ffffff;\"><strong>Contact et r\u00e9seaux :<\/strong><\/span><\/p>\n<p>&nbsp;<\/p>\n<p style=\"font-size: 18px; color: #1269b0; text-align: justify; padding-left: 80px;\"><span style=\"color: #ffffff;\">ophelie.david@univ-ubs.fr\u00a0 \u00a0 \u00a0 \u00a0 \u00a0<\/span><\/p>\n<p style=\"font-size: 18px; color: #1269b0; text-align: justify; padding-left: 80px;\"><span style=\"color: #ffffff;\"> ophelie.david@univ-brest.fr<\/span><\/p>\n<p style=\"font-size: 18px; color: #1269b0; text-align: justify; padding-left: 80px;\"><span style=\"color: #ffffff;\"><a style=\"color: #ffffff;\" href=\"https:\/\/www.linkedin.com\/in\/oph%C3%A9lie-david-325a381a5\/\">Linkedin<\/a>\u00a0 \u00a0 \u00a0 \u00a0 \u00a0 <\/span><\/p>\n<p style=\"font-size: 18px; color: #1269b0; text-align: justify; padding-left: 80px;\"><span style=\"color: #ffffff;\"><a style=\"color: #ffffff;\" href=\"https:\/\/www.researchgate.net\/scientific-contributions\/Ophelie-David-2225479618\">Research Gate\u00a0<\/a><\/span><\/p>\n<p>&nbsp;<\/p>\n<\/div>\n<\/div><\/div><\/div><\/div><\/div><div id=\"pg-37653-1\"  class=\"panel-grid panel-no-style\" ><div id=\"pgc-37653-1-0\"  class=\"panel-grid-cell panel-grid-cell-empty\" ><\/div><\/div><div id=\"pg-37653-2\"  class=\"panel-grid panel-no-style\" ><div id=\"pgc-37653-2-0\"  class=\"panel-grid-cell\" ><div id=\"panel-37653-2-0-0\" class=\"so-panel widget widget_sow-editor panel-first-child panel-last-child\" data-index=\"3\" ><div\n\t\t\t\n\t\t\tclass=\"so-widget-sow-editor so-widget-sow-editor-base\"\n\t\t\t\n\t\t>\n<div class=\"siteorigin-widget-tinymce textwidget\">\n\t<h2 class=\"font-size: 22px; color: #1269b0; text-align: justify;\" style=\"text-align: center;\"><strong><span style=\"color: #1269b0;\">Reconstitution des pal\u00e9oenvironnements c\u00f4tiers bretons \u00e0 l\u2019Holoc\u00e8ne : interactions entre dynamiques s\u00e9dimentaires, climatiques et anthropiques<\/span><\/strong><\/h2>\n<\/div>\n<\/div><\/div><\/div><\/div><div id=\"pg-37653-3\"  class=\"panel-grid panel-no-style\" ><div id=\"pgc-37653-3-0\"  class=\"panel-grid-cell panel-grid-cell-empty\" ><\/div><\/div><div id=\"pg-37653-4\"  class=\"panel-grid panel-no-style\" ><div id=\"pgc-37653-4-0\"  class=\"panel-grid-cell\" ><div id=\"panel-37653-4-0-0\" class=\"so-panel widget widget_sow-editor panel-first-child panel-last-child\" data-index=\"4\" ><div\n\t\t\t\n\t\t\tclass=\"so-widget-sow-editor so-widget-sow-editor-base\"\n\t\t\t\n\t\t>\n<div class=\"siteorigin-widget-tinymce textwidget\">\n\t<h3 class=\"font-size: 22px; color: #1269b0; text-align: justify;\"><strong><span style=\"color: #1269b0;\">Encadrants<\/span><\/strong><\/h3>\n<p style=\"font-size: 18px; color: #1269b0; text-align: justify;\">Evelyne Goubert<br \/>\nMuriel Vidal<br \/>\nAur\u00e9lie Penaud<\/p>\n<\/div>\n<\/div><\/div><\/div><\/div><div id=\"pg-37653-5\"  class=\"panel-grid panel-no-style\" ><div id=\"pgc-37653-5-0\"  class=\"panel-grid-cell\" ><div id=\"panel-37653-5-0-0\" class=\"so-panel widget widget_sow-editor panel-first-child panel-last-child\" data-index=\"5\" ><div\n\t\t\t\n\t\t\tclass=\"so-widget-sow-editor so-widget-sow-editor-base\"\n\t\t\t\n\t\t>\n<div class=\"siteorigin-widget-tinymce textwidget\">\n\t<h3><\/h3>\n<h3 class=\"font-size: 22px; color: #1269b0; text-align: justify;\"><strong><span style=\"color: #1269b0;\">R\u00e9sum\u00e9<\/span><\/strong><\/h3>\n<\/div>\n<\/div><\/div><\/div><\/div><div id=\"pg-37653-6\"  class=\"panel-grid panel-no-style\" ><div id=\"pgc-37653-6-0\"  class=\"panel-grid-cell\" ><div id=\"panel-37653-6-0-0\" class=\"so-panel widget widget_sow-editor panel-first-child panel-last-child\" data-index=\"6\" ><div\n\t\t\t\n\t\t\tclass=\"so-widget-sow-editor so-widget-sow-editor-base\"\n\t\t\t\n\t\t>\n<div class=\"siteorigin-widget-tinymce textwidget\">\n\t<p style=\"font-size: 18px; color: #1269b0; text-align: justify;\">Le littoral breton a connu de profondes mutations tout au long de l\u2019Holoc\u00e8ne (i.e., notre interglaciaire ayant d\u00e9but\u00e9 \u00e0 11 700 ans BP) sous l\u2019effet conjugu\u00e9 de la transgression marine post-glaciaire et des changements climatiques, auxquels se superposent l\u2019impact anthropique croissant depuis 7 000 ans BP, associ\u00e9 \u00e0 l\u2019arriv\u00e9e des premiers agro-pasteurs du N\u00e9olithique.<\/p>\n<p style=\"font-size: 18px; color: #1269b0; text-align: justify;\">L\u2019objectif de la th\u00e8se men\u00e9e \u00e9tait de mieux appr\u00e9hender ces changements et d\u2019ainsi \u00e9tablir un canevas historique des dynamiques pal\u00e9oenvironnementales ayant affect\u00e9 les c\u00f4tes bretonnes au cours de l\u2019Holoc\u00e8ne. Pour cela, des \u00e9tudes multiproxies, couplant des analyses s\u00e9dimentologiques, palynologiques (\u00e9tude des grains de pollen et des kystes de dinoflagell\u00e9) et micropal\u00e9ontologiques (\u00e9tude des foraminif\u00e8res benthiques), ont \u00e9t\u00e9 men\u00e9es sur des archives s\u00e9dimentaires pr\u00e9lev\u00e9es le long des c\u00f4tes nord-finist\u00e9rienne (Plouescat) et morbihannaise (B\u00e9tahon et baie de Quiberon).<\/p>\n<p style=\"font-size: 18px; color: #1269b0; text-align: justify;\">Ces donn\u00e9es ont ainsi permis de discuter le mod\u00e8le de remplissage s\u00e9dimentaire des syst\u00e8mes littoraux face \u00e0 la transgression marine ainsi que l\u2019implication des for\u00e7ages climatiques et anthropiques sur l\u2019\u00e9volution des pal\u00e9oenvironnements bretons, et ce, \u00e0 des r\u00e9solutions infra-mill\u00e9naires \u00e0 s\u00e9culaires et sur des \u00e9chelles spatiales macro-r\u00e9gionales \u00e0 locales.<\/p>\n<\/div>\n<\/div><\/div><\/div><\/div><div id=\"pg-37653-7\"  class=\"panel-grid panel-no-style\" ><div id=\"pgc-37653-7-0\"  class=\"panel-grid-cell panel-grid-cell-empty\" ><\/div><\/div><div id=\"pg-37653-8\"  class=\"panel-grid panel-no-style\" ><div id=\"pgc-37653-8-0\"  class=\"panel-grid-cell\" ><div id=\"panel-37653-8-0-0\" class=\"so-panel widget widget_sow-editor panel-first-child panel-last-child\" data-index=\"7\" ><div\n\t\t\t\n\t\t\tclass=\"so-widget-sow-editor so-widget-sow-editor-base\"\n\t\t\t\n\t\t>\n<div class=\"siteorigin-widget-tinymce textwidget\">\n\t<p style=\"text-align: center;\">\n<div class='white' style='border-radius:0px; padding:0px 0px 0px 0px;'>\n<div id='Slider_37652' class='owl-carousel sa_owl_theme owl-pagination-true' data-slider-id='Slider_37652' style='visibility:hidden;'>\n<div id='Slider_37652_slide01' class='sa_hover_container' style='padding:5px 5px; margin:0px 0%; background-image:url(&quot;https:\/\/www.laboratoire-geosciences-ocean-ubs.fr\/wp-content\/uploads\/2021\/05\/ophelie-2.jpg&quot;); background-position:center center; background-size:contain; background-repeat:no-repeat; background-color:rgba(0, 0, 0, 0); '>\n<style>.SliderButton1{background:rgba(0, 0, 0, 0) !important;color:rgba(0, 0, 0, 0) !important}.SliderButton1:hover{background:rgba(0, 0, 0, 0)!important;color:rgba(0, 0, 0, 0)!important}<\/style>\n<div class='textContainer'><\/div>\n<div><a href=' '  type='button'   target='_self' class='btn SliderButton1'><\/a><\/div>\n<\/div>\n<div id='Slider_37652_slide02' class='sa_hover_container' style='padding:5px 5px; margin:0px 0%; background-image:url(&quot;https:\/\/www.laboratoire-geosciences-ocean-ubs.fr\/wp-content\/uploads\/2021\/05\/ophelie-1.jpg&quot;); background-position:center center; background-size:contain; background-repeat:no-repeat; '>\n<style>.SliderButton2{background:rgba(0, 0, 0, 0) !important;color:rgba(0, 0, 0, 0) !important}.SliderButton2:hover{background:rgba(0, 0, 0, 0)!important;color:rgba(0, 0, 0, 0)!important}<\/style>\n<div class='textContainer'><\/div>\n<div><a href=' '  type='button'   target='_self' class='btn SliderButton2'><\/a><\/div>\n<\/div>\n<div id='Slider_37652_slide03' class='sa_hover_container' style='padding:5px 5px; margin:0px 0%; background-image:url(&quot;https:\/\/www.laboratoire-geosciences-ocean-ubs.fr\/wp-content\/uploads\/2020\/12\/Photo-1.png&quot;); background-position:center center; background-size:contain; background-repeat:no-repeat; '>\n<style>.SliderButton3{background:rgba(0, 0, 0, 0) !important;color:rgba(0, 0, 0, 0) !important}.SliderButton3:hover{background:rgba(0, 0, 0, 0)!important;color:rgba(0, 0, 0, 0)!important}<\/style>\n<div class='textContainer'><\/div>\n<div><a href=' '  type='button'   target='_self' class='btn SliderButton3'><\/a><\/div>\n<\/div>\n<\/div>\n<\/div>\n<p><script type='text\/javascript'>\n\tjQuery(document).ready(function() {\n\t\tjQuery('#Slider_37652').owlCarousel({\n\t\t\titems : 1,\n\t\t\tsmartSpeed : 200,\n\t\t\tautoplay : true,\n\t\t\tautoplayTimeout : 10000,\n\t\t\tautoplayHoverPause : true,\n\t\t\tsmartSpeed : 200,\n\t\t\tfluidSpeed : 200,\n\t\t\tautoplaySpeed : 200,\n\t\t\tnavSpeed : 200,\n\t\t\tdotsSpeed : 200,\n\t\t\tdotsEach : 1,\n\t\t\tloop : true,\n\t\t\tnav : true,\n\t\t\tnavText : ['Previous','Next'],\n\t\t\tdots : true,\n\t\t\tresponsiveRefreshRate : 200,\n\t\t\tslideBy : 1,\n\t\t\tmergeFit : true,\n\t\t\tautoHeight : false,\n\t\t\tmouseDrag : true,\n\t\t\ttouchDrag : true\n\t\t});\n\t\tjQuery('#Slider_37652').css('visibility', 'visible');\n\t\tsa_resize_Slider_37652();\n\t\twindow.addEventListener('resize', sa_resize_Slider_37652);\n\t\tfunction sa_resize_Slider_37652() {\n\t\t\tvar min_height = '500';\n\t\t\tvar win_width = jQuery(window).width();\n\t\t\tvar slider_width = jQuery('#Slider_37652').width();\n\t\t\tif (win_width < 480) {\n\t\t\t\tvar slide_width = slider_width \/ 480;\n\t\t\t} else if (win_width < 768) {\n\t\t\t\tvar slide_width = slider_width \/ 768;\n\t\t\t} else if (win_width < 980) {\n\t\t\t\tvar slide_width = slider_width \/ 980;\n\t\t\t} else if (win_width < 1200) {\n\t\t\t\tvar slide_width = slider_width \/ 1200;\n\t\t\t} else if (win_width < 1500) {\n\t\t\t\tvar slide_width = slider_width \/ 1500;\n\t\t\t} else {\n\t\t\t\tvar slide_width = slider_width \/ 1800;\n\t\t\t}\n\t\t\tslide_width = Math.round(slide_width);\n\t\t\tvar slide_height = '500';\n\t\t\tif (min_height == 'aspect43') {\n\t\t\t\tslide_height = (slide_width \/ 4) * 3;\t\t\t\tslide_height = Math.round(slide_height)+'px';\n\t\t\t} else if (min_height == 'aspect169') {\n\t\t\t\tslide_height = (slide_width \/ 16) * 9;\t\t\t\tslide_height = Math.round(slide_height)+'px';\n\t\t\t} else {\n\t\t\t\tslide_height = slide_height;\t\t\t\tslide_height = Math.round(slide_height)+'px';\n\t\t\t}\n\t\t\tjQuery('#Slider_37652 .owl-item .sa_hover_container').css('min-height', slide_height);\n\t\t}\n\t\tvar owl_goto = jQuery('#Slider_37652');\n\t\tjQuery('.Slider_37652_goto1').click(function(event){\n\t\t\towl_goto.trigger('to.owl.carousel', 0);\n\t\t});\n\t\tjQuery('.Slider_37652_goto2').click(function(event){\n\t\t\towl_goto.trigger('to.owl.carousel', 1);\n\t\t});\n\t\tjQuery('.Slider_37652_goto3').click(function(event){\n\t\t\towl_goto.trigger('to.owl.carousel', 2);\n\t\t});\n\t\tvar resize_37652 = jQuery('.owl-carousel');\n\t\tresize_37652.on('initialized.owl.carousel', function(e) {\n\t\t\tif (typeof(Event) === 'function') {\n\t\t\t\twindow.dispatchEvent(new Event('resize'));\n\t\t\t} else {\n\t\t\t\tvar evt = window.document.createEvent('UIEvents');\n\t\t\t\tevt.initUIEvent('resize', true, false, window, 0);\n\t\t\t\twindow.dispatchEvent(evt);\n\t\t\t}\n\t\t});\n\t});\n<\/script><\/p>\n<\/div>\n<\/div><\/div><\/div><\/div><div id=\"pg-37653-9\"  class=\"panel-grid panel-no-style\" ><div id=\"pgc-37653-9-0\"  class=\"panel-grid-cell panel-grid-cell-empty\" ><\/div><\/div><div id=\"pg-37653-10\"  class=\"panel-grid panel-no-style\" ><div id=\"pgc-37653-10-0\"  class=\"panel-grid-cell\" ><div id=\"panel-37653-10-0-0\" class=\"so-panel widget widget_sow-editor panel-first-child panel-last-child\" data-index=\"8\" ><div\n\t\t\t\n\t\t\tclass=\"so-widget-sow-editor so-widget-sow-editor-base\"\n\t\t\t\n\t\t>\n<div class=\"siteorigin-widget-tinymce textwidget\">\n\t<p><div class='embed-container'><iframe loading=\"lazy\" title=\"Capsule vid\u00e9o : ma th\u00e8se en 3 minutes (Pal\u00e9o-reconstructions du littoral breton \u00e0 l&#039;Holoc\u00e8ne)\" width=\"1920\" height=\"1080\" src=\"https:\/\/www.youtube.com\/embed\/J6xWCh5vs3g?start=20&feature=oembed\" frameborder=\"0\" allow=\"accelerometer; autoplay; clipboard-write; encrypted-media; gyroscope; picture-in-picture; web-share\" referrerpolicy=\"strict-origin-when-cross-origin\" allowfullscreen><\/iframe><\/div><\/p>\n<\/div>\n<\/div><\/div><\/div><\/div><div id=\"pg-37653-11\"  class=\"panel-grid panel-no-style\" ><div id=\"pgc-37653-11-0\"  class=\"panel-grid-cell panel-grid-cell-empty\" ><\/div><\/div><\/div>","protected":false},"excerpt":{"rendered":"<p>Oph\u00e9lie David Doctorante Pal\u00e9oclimatologie &nbsp; Contact et r\u00e9seaux : &nbsp; ophelie.david@univ-ubs.fr\u00a0 \u00a0 \u00a0 \u00a0 \u00a0 ophelie.david@univ-brest.fr Linkedin\u00a0 \u00a0 \u00a0 \u00a0 \u00a0 Research Gate\u00a0 &nbsp;<\/p>","protected":false},"author":9,"featured_media":7099,"parent":0,"menu_order":0,"comment_status":"closed","ping_status":"closed","template":"","meta":{"footnotes":""},"class_list":["post-37653","page","type-page","status-publish","has-post-thumbnail","hentry"],"yoast_head":"<!-- This site is optimized with the Yoast SEO plugin v27.4 - https:\/\/yoast.com\/product\/yoast-seo-wordpress\/ -->\n<title>Oph\u00e9lie David - LGO - P\u00f4le UBS<\/title>\n<meta name=\"description\" content=\"Membre permanent au sein de l&#039;Inrap et rattach\u00e9 du LGO UBS, Delphine Barbier-Pain m\u00e8ne des \u00e9tudes palynologiques en contexte arch\u00e9ologique...\" \/>\n<meta name=\"robots\" content=\"index, follow, max-snippet:-1, max-image-preview:large, max-video-preview:-1\" \/>\n<link rel=\"canonical\" href=\"https:\/\/www.laboratoire-geosciences-ocean-ubs.fr\/en\/ophelie-david-v2\/\" \/>\n<meta property=\"og:locale\" content=\"en_GB\" \/>\n<meta property=\"og:type\" content=\"article\" \/>\n<meta property=\"og:title\" content=\"Oph\u00e9lie David - LGO - P\u00f4le UBS\" \/>\n<meta property=\"og:description\" content=\"Membre permanent au sein de l&#039;Inrap et rattach\u00e9 du LGO UBS, Delphine Barbier-Pain m\u00e8ne des \u00e9tudes palynologiques en contexte arch\u00e9ologique...\" \/>\n<meta property=\"og:url\" content=\"https:\/\/www.laboratoire-geosciences-ocean-ubs.fr\/en\/ophelie-david-v2\/\" \/>\n<meta property=\"og:site_name\" content=\"LGO - P\u00f4le UBS\" \/>\n<meta property=\"article:publisher\" content=\"https:\/\/www.facebook.com\/search\/top\/?q=algobox%20%3aun%20outil%20%c3%a9cologique%20de%20r%c3%a9g%c3%a9n%c3%a9ration%20des%20dunes\" \/>\n<meta property=\"article:modified_time\" content=\"2024-01-15T10:16:18+00:00\" \/>\n<meta property=\"og:image\" content=\"https:\/\/www.laboratoire-geosciences-ocean-ubs.fr\/wp-content\/uploads\/2021\/05\/ophelie-1.jpg\" \/>\n\t<meta property=\"og:image:width\" content=\"2000\" \/>\n\t<meta property=\"og:image:height\" content=\"1333\" \/>\n\t<meta property=\"og:image:type\" content=\"image\/jpeg\" \/>\n<meta name=\"twitter:card\" content=\"summary_large_image\" \/>\n<meta name=\"twitter:label1\" content=\"Estimated reading time\" \/>\n\t<meta name=\"twitter:data1\" content=\"2 minutes\" \/>\n<script type=\"application\/ld+json\" class=\"yoast-schema-graph\">{\"@context\":\"https:\\\/\\\/schema.org\",\"@graph\":[{\"@type\":\"WebPage\",\"@id\":\"https:\\\/\\\/www.laboratoire-geosciences-ocean-ubs.fr\\\/ophelie-david-v2\\\/\",\"url\":\"https:\\\/\\\/www.laboratoire-geosciences-ocean-ubs.fr\\\/ophelie-david-v2\\\/\",\"name\":\"Oph\u00e9lie David - LGO - P\u00f4le UBS\",\"isPartOf\":{\"@id\":\"https:\\\/\\\/www.laboratoire-geosciences-ocean-ubs.fr\\\/#website\"},\"primaryImageOfPage\":{\"@id\":\"https:\\\/\\\/www.laboratoire-geosciences-ocean-ubs.fr\\\/ophelie-david-v2\\\/#primaryimage\"},\"image\":{\"@id\":\"https:\\\/\\\/www.laboratoire-geosciences-ocean-ubs.fr\\\/ophelie-david-v2\\\/#primaryimage\"},\"thumbnailUrl\":\"https:\\\/\\\/www.laboratoire-geosciences-ocean-ubs.fr\\\/wp-content\\\/uploads\\\/2021\\\/05\\\/ophelie-1.jpg\",\"datePublished\":\"2023-09-07T13:16:26+00:00\",\"dateModified\":\"2024-01-15T10:16:18+00:00\",\"description\":\"Membre permanent au sein de l'Inrap et rattach\u00e9 du LGO UBS, Delphine Barbier-Pain m\u00e8ne des \u00e9tudes palynologiques en contexte arch\u00e9ologique...\",\"breadcrumb\":{\"@id\":\"https:\\\/\\\/www.laboratoire-geosciences-ocean-ubs.fr\\\/ophelie-david-v2\\\/#breadcrumb\"},\"inLanguage\":\"en-GB\",\"potentialAction\":[{\"@type\":\"ReadAction\",\"target\":[\"https:\\\/\\\/www.laboratoire-geosciences-ocean-ubs.fr\\\/ophelie-david-v2\\\/\"]}]},{\"@type\":\"ImageObject\",\"inLanguage\":\"en-GB\",\"@id\":\"https:\\\/\\\/www.laboratoire-geosciences-ocean-ubs.fr\\\/ophelie-david-v2\\\/#primaryimage\",\"url\":\"https:\\\/\\\/www.laboratoire-geosciences-ocean-ubs.fr\\\/wp-content\\\/uploads\\\/2021\\\/05\\\/ophelie-1.jpg\",\"contentUrl\":\"https:\\\/\\\/www.laboratoire-geosciences-ocean-ubs.fr\\\/wp-content\\\/uploads\\\/2021\\\/05\\\/ophelie-1.jpg\",\"width\":2000,\"height\":1333},{\"@type\":\"BreadcrumbList\",\"@id\":\"https:\\\/\\\/www.laboratoire-geosciences-ocean-ubs.fr\\\/ophelie-david-v2\\\/#breadcrumb\",\"itemListElement\":[{\"@type\":\"ListItem\",\"position\":1,\"name\":\"Accueil\",\"item\":\"https:\\\/\\\/www.laboratoire-geosciences-ocean-ubs.fr\\\/\"},{\"@type\":\"ListItem\",\"position\":2,\"name\":\"Oph\u00e9lie David\"}]},{\"@type\":\"WebSite\",\"@id\":\"https:\\\/\\\/www.laboratoire-geosciences-ocean-ubs.fr\\\/#website\",\"url\":\"https:\\\/\\\/www.laboratoire-geosciences-ocean-ubs.fr\\\/\",\"name\":\"LGO - P\u00f4le UBS\",\"description\":\"Une expertise durable des milieux marins et c\u00f4tiers\",\"publisher\":{\"@id\":\"https:\\\/\\\/www.laboratoire-geosciences-ocean-ubs.fr\\\/#organization\"},\"potentialAction\":[{\"@type\":\"SearchAction\",\"target\":{\"@type\":\"EntryPoint\",\"urlTemplate\":\"https:\\\/\\\/www.laboratoire-geosciences-ocean-ubs.fr\\\/?s={search_term_string}\"},\"query-input\":{\"@type\":\"PropertyValueSpecification\",\"valueRequired\":true,\"valueName\":\"search_term_string\"}}],\"inLanguage\":\"en-GB\"},{\"@type\":\"Organization\",\"@id\":\"https:\\\/\\\/www.laboratoire-geosciences-ocean-ubs.fr\\\/#organization\",\"name\":\"OCLM\",\"url\":\"https:\\\/\\\/www.laboratoire-geosciences-ocean-ubs.fr\\\/\",\"logo\":{\"@type\":\"ImageObject\",\"inLanguage\":\"en-GB\",\"@id\":\"https:\\\/\\\/www.laboratoire-geosciences-ocean-ubs.fr\\\/#\\\/schema\\\/logo\\\/image\\\/\",\"url\":\"https:\\\/\\\/www.laboratoire-geosciences-ocean-ubs.fr\\\/wp-content\\\/uploads\\\/2021\\\/12\\\/cropped-cropped-goo-hd-geo-ocean-tutelles-noir.png\",\"contentUrl\":\"https:\\\/\\\/www.laboratoire-geosciences-ocean-ubs.fr\\\/wp-content\\\/uploads\\\/2021\\\/12\\\/cropped-cropped-goo-hd-geo-ocean-tutelles-noir.png\",\"width\":2887,\"height\":1485,\"caption\":\"OCLM\"},\"image\":{\"@id\":\"https:\\\/\\\/www.laboratoire-geosciences-ocean-ubs.fr\\\/#\\\/schema\\\/logo\\\/image\\\/\"},\"sameAs\":[\"https:\\\/\\\/www.facebook.com\\\/search\\\/top\\\/?q=algobox :un outil \u00e9cologique de r\u00e9g\u00e9n\u00e9ration des dunes\"]}]}<\/script>\n<!-- \/ Yoast SEO plugin. -->","yoast_head_json":{"title":"Oph\u00e9lie David - LGO - P\u00f4le UBS","description":"Membre permanent au sein de l'Inrap et rattach\u00e9 du LGO UBS, Delphine Barbier-Pain m\u00e8ne des \u00e9tudes palynologiques en contexte arch\u00e9ologique...","robots":{"index":"index","follow":"follow","max-snippet":"max-snippet:-1","max-image-preview":"max-image-preview:large","max-video-preview":"max-video-preview:-1"},"canonical":"https:\/\/www.laboratoire-geosciences-ocean-ubs.fr\/en\/ophelie-david-v2\/","og_locale":"en_GB","og_type":"article","og_title":"Oph\u00e9lie David - LGO - P\u00f4le UBS","og_description":"Membre permanent au sein de l'Inrap et rattach\u00e9 du LGO UBS, Delphine Barbier-Pain m\u00e8ne des \u00e9tudes palynologiques en contexte arch\u00e9ologique...","og_url":"https:\/\/www.laboratoire-geosciences-ocean-ubs.fr\/en\/ophelie-david-v2\/","og_site_name":"LGO - P\u00f4le UBS","article_publisher":"https:\/\/www.facebook.com\/search\/top\/?q=algobox%20%3aun%20outil%20%c3%a9cologique%20de%20r%c3%a9g%c3%a9n%c3%a9ration%20des%20dunes","article_modified_time":"2024-01-15T10:16:18+00:00","og_image":[{"width":2000,"height":1333,"url":"https:\/\/www.laboratoire-geosciences-ocean-ubs.fr\/wp-content\/uploads\/2021\/05\/ophelie-1.jpg","type":"image\/jpeg"}],"twitter_card":"summary_large_image","twitter_misc":{"Estimated reading time":"2 minutes"},"schema":{"@context":"https:\/\/schema.org","@graph":[{"@type":"WebPage","@id":"https:\/\/www.laboratoire-geosciences-ocean-ubs.fr\/ophelie-david-v2\/","url":"https:\/\/www.laboratoire-geosciences-ocean-ubs.fr\/ophelie-david-v2\/","name":"Oph\u00e9lie David - LGO - P\u00f4le UBS","isPartOf":{"@id":"https:\/\/www.laboratoire-geosciences-ocean-ubs.fr\/#website"},"primaryImageOfPage":{"@id":"https:\/\/www.laboratoire-geosciences-ocean-ubs.fr\/ophelie-david-v2\/#primaryimage"},"image":{"@id":"https:\/\/www.laboratoire-geosciences-ocean-ubs.fr\/ophelie-david-v2\/#primaryimage"},"thumbnailUrl":"https:\/\/www.laboratoire-geosciences-ocean-ubs.fr\/wp-content\/uploads\/2021\/05\/ophelie-1.jpg","datePublished":"2023-09-07T13:16:26+00:00","dateModified":"2024-01-15T10:16:18+00:00","description":"Membre permanent au sein de l'Inrap et rattach\u00e9 du LGO UBS, Delphine Barbier-Pain m\u00e8ne des \u00e9tudes palynologiques en contexte arch\u00e9ologique...","breadcrumb":{"@id":"https:\/\/www.laboratoire-geosciences-ocean-ubs.fr\/ophelie-david-v2\/#breadcrumb"},"inLanguage":"en-GB","potentialAction":[{"@type":"ReadAction","target":["https:\/\/www.laboratoire-geosciences-ocean-ubs.fr\/ophelie-david-v2\/"]}]},{"@type":"ImageObject","inLanguage":"en-GB","@id":"https:\/\/www.laboratoire-geosciences-ocean-ubs.fr\/ophelie-david-v2\/#primaryimage","url":"https:\/\/www.laboratoire-geosciences-ocean-ubs.fr\/wp-content\/uploads\/2021\/05\/ophelie-1.jpg","contentUrl":"https:\/\/www.laboratoire-geosciences-ocean-ubs.fr\/wp-content\/uploads\/2021\/05\/ophelie-1.jpg","width":2000,"height":1333},{"@type":"BreadcrumbList","@id":"https:\/\/www.laboratoire-geosciences-ocean-ubs.fr\/ophelie-david-v2\/#breadcrumb","itemListElement":[{"@type":"ListItem","position":1,"name":"Accueil","item":"https:\/\/www.laboratoire-geosciences-ocean-ubs.fr\/"},{"@type":"ListItem","position":2,"name":"Oph\u00e9lie David"}]},{"@type":"WebSite","@id":"https:\/\/www.laboratoire-geosciences-ocean-ubs.fr\/#website","url":"https:\/\/www.laboratoire-geosciences-ocean-ubs.fr\/","name":"LGO - P\u00f4le UBS","description":"Une expertise durable des milieux marins et c\u00f4tiers","publisher":{"@id":"https:\/\/www.laboratoire-geosciences-ocean-ubs.fr\/#organization"},"potentialAction":[{"@type":"SearchAction","target":{"@type":"EntryPoint","urlTemplate":"https:\/\/www.laboratoire-geosciences-ocean-ubs.fr\/?s={search_term_string}"},"query-input":{"@type":"PropertyValueSpecification","valueRequired":true,"valueName":"search_term_string"}}],"inLanguage":"en-GB"},{"@type":"Organization","@id":"https:\/\/www.laboratoire-geosciences-ocean-ubs.fr\/#organization","name":"OCLM","url":"https:\/\/www.laboratoire-geosciences-ocean-ubs.fr\/","logo":{"@type":"ImageObject","inLanguage":"en-GB","@id":"https:\/\/www.laboratoire-geosciences-ocean-ubs.fr\/#\/schema\/logo\/image\/","url":"https:\/\/www.laboratoire-geosciences-ocean-ubs.fr\/wp-content\/uploads\/2021\/12\/cropped-cropped-goo-hd-geo-ocean-tutelles-noir.png","contentUrl":"https:\/\/www.laboratoire-geosciences-ocean-ubs.fr\/wp-content\/uploads\/2021\/12\/cropped-cropped-goo-hd-geo-ocean-tutelles-noir.png","width":2887,"height":1485,"caption":"OCLM"},"image":{"@id":"https:\/\/www.laboratoire-geosciences-ocean-ubs.fr\/#\/schema\/logo\/image\/"},"sameAs":["https:\/\/www.facebook.com\/search\/top\/?q=algobox :un outil \u00e9cologique de r\u00e9g\u00e9n\u00e9ration des dunes"]}]}},"_links":{"self":[{"href":"https:\/\/www.laboratoire-geosciences-ocean-ubs.fr\/en\/wp-json\/wp\/v2\/pages\/37653","targetHints":{"allow":["GET"]}}],"collection":[{"href":"https:\/\/www.laboratoire-geosciences-ocean-ubs.fr\/en\/wp-json\/wp\/v2\/pages"}],"about":[{"href":"https:\/\/www.laboratoire-geosciences-ocean-ubs.fr\/en\/wp-json\/wp\/v2\/types\/page"}],"author":[{"embeddable":true,"href":"https:\/\/www.laboratoire-geosciences-ocean-ubs.fr\/en\/wp-json\/wp\/v2\/users\/9"}],"replies":[{"embeddable":true,"href":"https:\/\/www.laboratoire-geosciences-ocean-ubs.fr\/en\/wp-json\/wp\/v2\/comments?post=37653"}],"version-history":[{"count":0,"href":"https:\/\/www.laboratoire-geosciences-ocean-ubs.fr\/en\/wp-json\/wp\/v2\/pages\/37653\/revisions"}],"wp:featuredmedia":[{"embeddable":true,"href":"https:\/\/www.laboratoire-geosciences-ocean-ubs.fr\/en\/wp-json\/wp\/v2\/media\/7099"}],"wp:attachment":[{"href":"https:\/\/www.laboratoire-geosciences-ocean-ubs.fr\/en\/wp-json\/wp\/v2\/media?parent=37653"}],"curies":[{"name":"wp","href":"https:\/\/api.w.org\/{rel}","templated":true}]}}