{"id":37014,"date":"2023-08-28T16:12:41","date_gmt":"2023-08-28T14:12:41","guid":{"rendered":"https:\/\/www.laboratoire-geosciences-ocean-ubs.fr\/?page_id=37014"},"modified":"2023-09-01T10:51:21","modified_gmt":"2023-09-01T08:51:21","slug":"projet-malaisie-monsoon","status":"publish","type":"page","link":"https:\/\/www.laboratoire-geosciences-ocean-ubs.fr\/en\/projet-malaisie-monsoon\/","title":{"rendered":"Projet Malaisie \u2013 Monsoon"},"content":{"rendered":"<div id=\"pl-37014\"  class=\"panel-layout\" ><div id=\"pg-37014-0\"  class=\"panel-grid panel-no-style\" ><div id=\"pgc-37014-0-0\"  class=\"panel-grid-cell\" ><div id=\"panel-37014-0-0-0\" class=\"so-panel widget widget_sow-editor panel-first-child panel-last-child\" data-index=\"0\" ><div\n\t\t\t\n\t\t\tclass=\"so-widget-sow-editor so-widget-sow-editor-base\"\n\t\t\t\n\t\t>\n<div class=\"siteorigin-widget-tinymce textwidget\">\n\t<h1 class=\"col-xs bottom-xs flexbox image-group-bottom-3-img space-bottom-xs center-xs\"><img loading=\"lazy\" decoding=\"async\" class=\"wp-image-4511\" style=\"color: #1269b0; font-size: 30px;\" src=\"http:\/\/www.laboratoire-geosciences-ocean-ubs.fr\/wp-content\/uploads\/2020\/04\/trait-1-300x34.png\" alt=\"\" width=\"150\" height=\"17\" srcset=\"https:\/\/www.laboratoire-geosciences-ocean-ubs.fr\/wp-content\/uploads\/2020\/04\/trait-1-300x34.png 300w, https:\/\/www.laboratoire-geosciences-ocean-ubs.fr\/wp-content\/uploads\/2020\/04\/trait-1.png 331w\" sizes=\"auto, (max-width: 150px) 100vw, 150px\" \/><br \/>\n<span style=\"color: #1269b0; font-size: 2.2rem; background-color: #e6e9ed;\">Projet Malaisie - Monsoon<\/span><img loading=\"lazy\" decoding=\"async\" class=\"wp-image-4511\" style=\"color: #1269b0; font-size: 30px;\" src=\"http:\/\/www.laboratoire-geosciences-ocean-ubs.fr\/wp-content\/uploads\/2020\/04\/trait-1-300x34.png\" alt=\"\" width=\"150\" height=\"17\" srcset=\"https:\/\/www.laboratoire-geosciences-ocean-ubs.fr\/wp-content\/uploads\/2020\/04\/trait-1-300x34.png 300w, https:\/\/www.laboratoire-geosciences-ocean-ubs.fr\/wp-content\/uploads\/2020\/04\/trait-1.png 331w\" sizes=\"auto, (max-width: 150px) 100vw, 150px\" \/><\/h1>\n<p>&nbsp;<\/p>\n<p style=\"font-size: 22px; color: #1269b0; text-align: justify;\"><strong>Effect on Beach Morphodynamics and Sediment Transport along the East Coast of Peninsular MALAYSIA: Erosion, Risks and Vulnerability<\/strong><\/p>\n<p style=\"font-size: 18px; color: #1269b0; text-align: justify;\"><strong>Project managers\u00a0<\/strong>:\u00a0 Effi Helmy Ariffin (UMT-Malaisie), Mohd Fadzil Akhir (UMT - Malaisie), Mouncef Sedrati (LGO-UBS)<\/p>\n<p style=\"font-size: 18px; color: #1269b0; text-align: justify;\"><strong>Project leaders<\/strong> : University Malaysia Terengganu<\/p>\n<p style=\"font-size: 18px; color: #1269b0; text-align: justify;\"><strong>Funding\u00a0<\/strong>: University Malaysia Terengganu &amp; Campus France.<\/p>\n<p style=\"font-size: 18px; color: #1269b0; text-align: justify;\"><strong>Length of the project <\/strong>:<\/p>\n<\/div>\n<\/div><\/div><\/div><\/div><div id=\"pg-37014-1\"  class=\"panel-grid panel-no-style\" ><div id=\"pgc-37014-1-0\"  class=\"panel-grid-cell panel-grid-cell-empty\" ><\/div><\/div><div id=\"pg-37014-2\"  class=\"panel-grid panel-no-style\" ><div id=\"pgc-37014-2-0\"  class=\"panel-grid-cell\" ><div id=\"panel-37014-2-0-0\" class=\"so-panel widget widget_sow-editor panel-first-child panel-last-child\" data-index=\"1\" ><div\n\t\t\t\n\t\t\tclass=\"so-widget-sow-editor so-widget-sow-editor-base\"\n\t\t\t\n\t\t>\n<div class=\"siteorigin-widget-tinymce textwidget\">\n\t<h3><strong><span style=\"color: #1269b0;\"><strong>Presentation<\/strong><\/span><\/strong><\/h3>\n<p style=\"font-size: 18px; color: #1269b0; text-align: justify;\">The rapid erosion along the Terengganu coast is caused by several processes acting in concert. These are natural processes that occur frequently (monsoon storm), and anthropogenic activities such as airport runaway and coastal defences. This coast has experienced two monsoon periods per year, the northeast monsoon (monsoon storm) and the southwest monsoon.<\/p>\n<\/div>\n<\/div><\/div><\/div><\/div><div id=\"pg-37014-3\"  class=\"panel-grid panel-no-style\" ><div id=\"pgc-37014-3-0\"  class=\"panel-grid-cell\" ><div id=\"panel-37014-3-0-0\" class=\"so-panel widget widget_sow-image panel-first-child panel-last-child\" data-index=\"2\" ><div\n\t\t\t\n\t\t\tclass=\"so-widget-sow-image so-widget-sow-image-default-c67d20f9f743-37014\"\n\t\t\t\n\t\t>\n<div class=\"sow-image-container\">\n\t\t<img \n\tsrc=\"https:\/\/www.laboratoire-geosciences-ocean-ubs.fr\/wp-content\/uploads\/2023\/08\/Malaisie-mousson-image-1-768x543.png\" width=\"768\" height=\"543\" srcset=\"https:\/\/www.laboratoire-geosciences-ocean-ubs.fr\/wp-content\/uploads\/2023\/08\/Malaisie-mousson-image-1-768x543.png 768w, https:\/\/www.laboratoire-geosciences-ocean-ubs.fr\/wp-content\/uploads\/2023\/08\/Malaisie-mousson-image-1-300x212.png 300w, https:\/\/www.laboratoire-geosciences-ocean-ubs.fr\/wp-content\/uploads\/2023\/08\/Malaisie-mousson-image-1-1024x724.png 1024w, https:\/\/www.laboratoire-geosciences-ocean-ubs.fr\/wp-content\/uploads\/2023\/08\/Malaisie-mousson-image-1-18x12.png 18w, https:\/\/www.laboratoire-geosciences-ocean-ubs.fr\/wp-content\/uploads\/2023\/08\/Malaisie-mousson-image-1.png 1385w\" sizes=\"(max-width: 768px) 100vw, 768px\" alt=\"\" \t\tclass=\"so-widget-image\"\/>\n\t<\/div>\n\n<\/div><\/div><\/div><\/div><div id=\"pg-37014-4\"  class=\"panel-grid panel-no-style\" ><div id=\"pgc-37014-4-0\"  class=\"panel-grid-cell\" ><div id=\"panel-37014-4-0-0\" class=\"so-panel widget widget_sow-editor panel-first-child panel-last-child\" data-index=\"3\" ><div\n\t\t\t\n\t\t\tclass=\"so-widget-sow-editor so-widget-sow-editor-base\"\n\t\t\t\n\t\t>\n<div class=\"siteorigin-widget-tinymce textwidget\">\n\t<p style=\"font-size: 16px; color: #1269b0; text-align: center;\"><strong>Location of the studied areas<\/strong><\/p>\n<\/div>\n<\/div><\/div><\/div><\/div><div id=\"pg-37014-5\"  class=\"panel-grid panel-no-style\" ><div id=\"pgc-37014-5-0\"  class=\"panel-grid-cell\" ><div id=\"panel-37014-5-0-0\" class=\"so-panel widget widget_sow-image panel-first-child panel-last-child\" data-index=\"4\" ><div\n\t\t\t\n\t\t\tclass=\"so-widget-sow-image so-widget-sow-image-default-c67d20f9f743-37014\"\n\t\t\t\n\t\t>\n<div class=\"sow-image-container\">\n\t\t<img \n\tsrc=\"https:\/\/www.laboratoire-geosciences-ocean-ubs.fr\/wp-content\/uploads\/2023\/08\/Malaisie-mousson-image-4-768x578.jpg\" width=\"768\" height=\"578\" srcset=\"https:\/\/www.laboratoire-geosciences-ocean-ubs.fr\/wp-content\/uploads\/2023\/08\/Malaisie-mousson-image-4-768x578.jpg 768w, https:\/\/www.laboratoire-geosciences-ocean-ubs.fr\/wp-content\/uploads\/2023\/08\/Malaisie-mousson-image-4-300x226.jpg 300w, https:\/\/www.laboratoire-geosciences-ocean-ubs.fr\/wp-content\/uploads\/2023\/08\/Malaisie-mousson-image-4-1024x771.jpg 1024w, https:\/\/www.laboratoire-geosciences-ocean-ubs.fr\/wp-content\/uploads\/2023\/08\/Malaisie-mousson-image-4-16x12.jpg 16w, https:\/\/www.laboratoire-geosciences-ocean-ubs.fr\/wp-content\/uploads\/2023\/08\/Malaisie-mousson-image-4.jpg 1176w\" sizes=\"(max-width: 768px) 100vw, 768px\" alt=\"\" \t\tclass=\"so-widget-image\"\/>\n\t<\/div>\n\n<\/div><\/div><\/div><div id=\"pgc-37014-5-1\"  class=\"panel-grid-cell\" ><div id=\"panel-37014-5-1-0\" class=\"so-panel widget widget_sow-image panel-first-child panel-last-child\" data-index=\"5\" ><div\n\t\t\t\n\t\t\tclass=\"so-widget-sow-image so-widget-sow-image-default-c67d20f9f743-37014\"\n\t\t\t\n\t\t>\n<div class=\"sow-image-container\">\n\t\t<img \n\tsrc=\"https:\/\/www.laboratoire-geosciences-ocean-ubs.fr\/wp-content\/uploads\/2023\/08\/Malaisie-mousson-image-3-225x300.jpg\" width=\"225\" height=\"300\" srcset=\"https:\/\/www.laboratoire-geosciences-ocean-ubs.fr\/wp-content\/uploads\/2023\/08\/Malaisie-mousson-image-3-225x300.jpg 225w, https:\/\/www.laboratoire-geosciences-ocean-ubs.fr\/wp-content\/uploads\/2023\/08\/Malaisie-mousson-image-3-9x12.jpg 9w, https:\/\/www.laboratoire-geosciences-ocean-ubs.fr\/wp-content\/uploads\/2023\/08\/Malaisie-mousson-image-3.jpg 646w\" sizes=\"(max-width: 225px) 100vw, 225px\" alt=\"\" \t\tclass=\"so-widget-image\"\/>\n\t<\/div>\n\n<\/div><\/div><\/div><div id=\"pgc-37014-5-2\"  class=\"panel-grid-cell\" ><div id=\"panel-37014-5-2-0\" class=\"so-panel widget widget_sow-image panel-first-child panel-last-child\" data-index=\"6\" ><div\n\t\t\t\n\t\t\tclass=\"so-widget-sow-image so-widget-sow-image-default-c67d20f9f743-37014\"\n\t\t\t\n\t\t>\n<div class=\"sow-image-container\">\n\t\t<img \n\tsrc=\"https:\/\/www.laboratoire-geosciences-ocean-ubs.fr\/wp-content\/uploads\/2023\/08\/Malaisie-mousson-image-2-768x577.png\" width=\"768\" height=\"577\" srcset=\"https:\/\/www.laboratoire-geosciences-ocean-ubs.fr\/wp-content\/uploads\/2023\/08\/Malaisie-mousson-image-2-768x577.png 768w, https:\/\/www.laboratoire-geosciences-ocean-ubs.fr\/wp-content\/uploads\/2023\/08\/Malaisie-mousson-image-2-300x226.png 300w, https:\/\/www.laboratoire-geosciences-ocean-ubs.fr\/wp-content\/uploads\/2023\/08\/Malaisie-mousson-image-2-16x12.png 16w, https:\/\/www.laboratoire-geosciences-ocean-ubs.fr\/wp-content\/uploads\/2023\/08\/Malaisie-mousson-image-2.png 774w\" sizes=\"(max-width: 768px) 100vw, 768px\" alt=\"\" \t\tclass=\"so-widget-image\"\/>\n\t<\/div>\n\n<\/div><\/div><\/div><\/div><div id=\"pg-37014-6\"  class=\"panel-grid panel-no-style\" ><div id=\"pgc-37014-6-0\"  class=\"panel-grid-cell\" ><div id=\"panel-37014-6-0-0\" class=\"so-panel widget widget_sow-editor panel-first-child panel-last-child\" data-index=\"7\" ><div\n\t\t\t\n\t\t\tclass=\"so-widget-sow-editor so-widget-sow-editor-base\"\n\t\t\t\n\t\t>\n<div class=\"siteorigin-widget-tinymce textwidget\">\n\t<p style=\"font-size: 16px; color: #1269b0; text-align: center;\"><strong>Photographs of the different acquisition campaigns in the studied areas (beaches : UMT, Teluk Ketapung, Kuala Ibai &amp; Marang)\u00a0<\/strong><\/p>\n<\/div>\n<\/div><\/div><\/div><\/div><div id=\"pg-37014-7\"  class=\"panel-grid panel-no-style\" ><div id=\"pgc-37014-7-0\"  class=\"panel-grid-cell panel-grid-cell-empty\" ><\/div><\/div><div id=\"pg-37014-8\"  class=\"panel-grid panel-no-style\" ><div id=\"pgc-37014-8-0\"  class=\"panel-grid-cell\" ><div id=\"panel-37014-8-0-0\" class=\"so-panel widget widget_sow-editor panel-first-child panel-last-child\" data-index=\"8\" ><div\n\t\t\t\n\t\t\tclass=\"so-widget-sow-editor so-widget-sow-editor-base\"\n\t\t\t\n\t\t>\n<div class=\"siteorigin-widget-tinymce textwidget\">\n\t<h3><\/h3>\n<h3><strong><span style=\"color: #1269b0;\"><strong>Monsoon Project Partners<\/strong><\/span><\/strong><\/h3>\n<p>&nbsp;<\/p>\n<p>&nbsp;<\/p>\n<\/div>\n<\/div><\/div><\/div><\/div><div id=\"pg-37014-9\"  class=\"panel-grid panel-no-style\" ><div id=\"pgc-37014-9-0\"  class=\"panel-grid-cell\" ><div id=\"panel-37014-9-0-0\" class=\"so-panel widget widget_sow-image panel-first-child panel-last-child\" data-index=\"9\" ><div\n\t\t\t\n\t\t\tclass=\"so-widget-sow-image so-widget-sow-image-default-c67d20f9f743-37014\"\n\t\t\t\n\t\t>\n<div class=\"sow-image-container\">\n\t\t<img \n\tsrc=\"https:\/\/www.laboratoire-geosciences-ocean-ubs.fr\/wp-content\/uploads\/2023\/08\/Universiti-Malaysia-Terengganu-UMT-300x152.png\" width=\"300\" height=\"152\" srcset=\"https:\/\/www.laboratoire-geosciences-ocean-ubs.fr\/wp-content\/uploads\/2023\/08\/Universiti-Malaysia-Terengganu-UMT-300x152.png 300w, https:\/\/www.laboratoire-geosciences-ocean-ubs.fr\/wp-content\/uploads\/2023\/08\/Universiti-Malaysia-Terengganu-UMT-1024x518.png 1024w, https:\/\/www.laboratoire-geosciences-ocean-ubs.fr\/wp-content\/uploads\/2023\/08\/Universiti-Malaysia-Terengganu-UMT-768x388.png 768w, https:\/\/www.laboratoire-geosciences-ocean-ubs.fr\/wp-content\/uploads\/2023\/08\/Universiti-Malaysia-Terengganu-UMT-18x9.png 18w, https:\/\/www.laboratoire-geosciences-ocean-ubs.fr\/wp-content\/uploads\/2023\/08\/Universiti-Malaysia-Terengganu-UMT.png 1499w\" sizes=\"(max-width: 300px) 100vw, 300px\" title=\"Universiti Malaysia Terengganu (UMT)\" alt=\"\" \t\tclass=\"so-widget-image\"\/>\n\t<\/div>\n\n<\/div><\/div><\/div><\/div><\/div>","protected":false},"excerpt":{"rendered":"<p>Projet Malaisie &#8211; Monsoon &nbsp; Effect on Beach Morphodynamics and Sediment Transport along the East Coast of Peninsular MALAYSIA: Erosion, Risks and Vulnerability Reponsable du projet\u00a0:\u00a0 Effi Helmy Ariffin (UMT-Malaisie), Mohd Fadzil Akhir (UMT &#8211; Malaisie), Mouncef Sedrati (LGO-UBS) Porteurs du projet : University Malaysia Terengganu Financement\u00a0: University Malaysia Terengganu &amp; Campus France. Dur\u00e9e du&hellip; <br \/> <a class=\"read-more\" href=\"https:\/\/www.laboratoire-geosciences-ocean-ubs.fr\/en\/projet-malaisie-monsoon\/\">Read more<\/a><\/p>","protected":false},"author":9,"featured_media":37021,"parent":0,"menu_order":0,"comment_status":"closed","ping_status":"closed","template":"","meta":{"footnotes":""},"class_list":["post-37014","page","type-page","status-publish","has-post-thumbnail","hentry"],"yoast_head":"<!-- This site is optimized with the Yoast SEO plugin v27.4 - https:\/\/yoast.com\/product\/yoast-seo-wordpress\/ -->\n<title>Projet Malaisie \u2013 Monsoon - LGO - P\u00f4le UBS<\/title>\n<meta name=\"description\" content=\"Le projet Monsoon \u00e9tudie l&#039;\u00e9rosion rapide le long de la c\u00f4te du Terengganu, caus\u00e9e par plusieurs processus qui agissent de concert...\" \/>\n<meta name=\"robots\" content=\"index, follow, max-snippet:-1, max-image-preview:large, max-video-preview:-1\" \/>\n<link rel=\"canonical\" href=\"https:\/\/www.laboratoire-geosciences-ocean-ubs.fr\/en\/projet-malaisie-monsoon\/\" \/>\n<meta property=\"og:locale\" content=\"en_GB\" \/>\n<meta property=\"og:type\" content=\"article\" \/>\n<meta property=\"og:title\" content=\"Projet Malaisie \u2013 Monsoon - LGO - P\u00f4le UBS\" \/>\n<meta property=\"og:description\" content=\"Le projet Monsoon \u00e9tudie l&#039;\u00e9rosion rapide le long de la c\u00f4te du Terengganu, caus\u00e9e par plusieurs processus qui agissent de concert...\" \/>\n<meta property=\"og:url\" content=\"https:\/\/www.laboratoire-geosciences-ocean-ubs.fr\/en\/projet-malaisie-monsoon\/\" \/>\n<meta property=\"og:site_name\" content=\"LGO - P\u00f4le UBS\" \/>\n<meta property=\"article:publisher\" content=\"https:\/\/www.facebook.com\/search\/top\/?q=algobox%20%3aun%20outil%20%c3%a9cologique%20de%20r%c3%a9g%c3%a9n%c3%a9ration%20des%20dunes\" \/>\n<meta property=\"article:modified_time\" content=\"2023-09-01T08:51:21+00:00\" \/>\n<meta property=\"og:image\" content=\"https:\/\/www.laboratoire-geosciences-ocean-ubs.fr\/wp-content\/uploads\/2023\/08\/Malaisie-mousson-image-2.png\" \/>\n\t<meta property=\"og:image:width\" content=\"774\" \/>\n\t<meta property=\"og:image:height\" content=\"582\" \/>\n\t<meta property=\"og:image:type\" content=\"image\/png\" \/>\n<meta name=\"twitter:card\" content=\"summary_large_image\" \/>\n<meta name=\"twitter:label1\" content=\"Estimated reading time\" \/>\n\t<meta name=\"twitter:data1\" content=\"2 minutes\" \/>\n<script type=\"application\/ld+json\" class=\"yoast-schema-graph\">{\"@context\":\"https:\\\/\\\/schema.org\",\"@graph\":[{\"@type\":\"WebPage\",\"@id\":\"https:\\\/\\\/www.laboratoire-geosciences-ocean-ubs.fr\\\/projet-malaisie-monsoon\\\/\",\"url\":\"https:\\\/\\\/www.laboratoire-geosciences-ocean-ubs.fr\\\/projet-malaisie-monsoon\\\/\",\"name\":\"Projet Malaisie \u2013 Monsoon - LGO - P\u00f4le UBS\",\"isPartOf\":{\"@id\":\"https:\\\/\\\/www.laboratoire-geosciences-ocean-ubs.fr\\\/#website\"},\"primaryImageOfPage\":{\"@id\":\"https:\\\/\\\/www.laboratoire-geosciences-ocean-ubs.fr\\\/projet-malaisie-monsoon\\\/#primaryimage\"},\"image\":{\"@id\":\"https:\\\/\\\/www.laboratoire-geosciences-ocean-ubs.fr\\\/projet-malaisie-monsoon\\\/#primaryimage\"},\"thumbnailUrl\":\"https:\\\/\\\/www.laboratoire-geosciences-ocean-ubs.fr\\\/wp-content\\\/uploads\\\/2023\\\/08\\\/Malaisie-mousson-image-2.png\",\"datePublished\":\"2023-08-28T14:12:41+00:00\",\"dateModified\":\"2023-09-01T08:51:21+00:00\",\"description\":\"Le projet Monsoon \u00e9tudie l'\u00e9rosion rapide le long de la c\u00f4te du Terengganu, caus\u00e9e par plusieurs processus qui agissent de concert...\",\"breadcrumb\":{\"@id\":\"https:\\\/\\\/www.laboratoire-geosciences-ocean-ubs.fr\\\/projet-malaisie-monsoon\\\/#breadcrumb\"},\"inLanguage\":\"en-GB\",\"potentialAction\":[{\"@type\":\"ReadAction\",\"target\":[\"https:\\\/\\\/www.laboratoire-geosciences-ocean-ubs.fr\\\/projet-malaisie-monsoon\\\/\"]}]},{\"@type\":\"ImageObject\",\"inLanguage\":\"en-GB\",\"@id\":\"https:\\\/\\\/www.laboratoire-geosciences-ocean-ubs.fr\\\/projet-malaisie-monsoon\\\/#primaryimage\",\"url\":\"https:\\\/\\\/www.laboratoire-geosciences-ocean-ubs.fr\\\/wp-content\\\/uploads\\\/2023\\\/08\\\/Malaisie-mousson-image-2.png\",\"contentUrl\":\"https:\\\/\\\/www.laboratoire-geosciences-ocean-ubs.fr\\\/wp-content\\\/uploads\\\/2023\\\/08\\\/Malaisie-mousson-image-2.png\",\"width\":774,\"height\":582},{\"@type\":\"BreadcrumbList\",\"@id\":\"https:\\\/\\\/www.laboratoire-geosciences-ocean-ubs.fr\\\/projet-malaisie-monsoon\\\/#breadcrumb\",\"itemListElement\":[{\"@type\":\"ListItem\",\"position\":1,\"name\":\"Accueil\",\"item\":\"https:\\\/\\\/www.laboratoire-geosciences-ocean-ubs.fr\\\/\"},{\"@type\":\"ListItem\",\"position\":2,\"name\":\"Projet Malaisie \u2013 Monsoon\"}]},{\"@type\":\"WebSite\",\"@id\":\"https:\\\/\\\/www.laboratoire-geosciences-ocean-ubs.fr\\\/#website\",\"url\":\"https:\\\/\\\/www.laboratoire-geosciences-ocean-ubs.fr\\\/\",\"name\":\"LGO - P\u00f4le UBS\",\"description\":\"Une expertise durable des milieux marins et c\u00f4tiers\",\"publisher\":{\"@id\":\"https:\\\/\\\/www.laboratoire-geosciences-ocean-ubs.fr\\\/#organization\"},\"potentialAction\":[{\"@type\":\"SearchAction\",\"target\":{\"@type\":\"EntryPoint\",\"urlTemplate\":\"https:\\\/\\\/www.laboratoire-geosciences-ocean-ubs.fr\\\/?s={search_term_string}\"},\"query-input\":{\"@type\":\"PropertyValueSpecification\",\"valueRequired\":true,\"valueName\":\"search_term_string\"}}],\"inLanguage\":\"en-GB\"},{\"@type\":\"Organization\",\"@id\":\"https:\\\/\\\/www.laboratoire-geosciences-ocean-ubs.fr\\\/#organization\",\"name\":\"OCLM\",\"url\":\"https:\\\/\\\/www.laboratoire-geosciences-ocean-ubs.fr\\\/\",\"logo\":{\"@type\":\"ImageObject\",\"inLanguage\":\"en-GB\",\"@id\":\"https:\\\/\\\/www.laboratoire-geosciences-ocean-ubs.fr\\\/#\\\/schema\\\/logo\\\/image\\\/\",\"url\":\"https:\\\/\\\/www.laboratoire-geosciences-ocean-ubs.fr\\\/wp-content\\\/uploads\\\/2021\\\/12\\\/cropped-cropped-goo-hd-geo-ocean-tutelles-noir.png\",\"contentUrl\":\"https:\\\/\\\/www.laboratoire-geosciences-ocean-ubs.fr\\\/wp-content\\\/uploads\\\/2021\\\/12\\\/cropped-cropped-goo-hd-geo-ocean-tutelles-noir.png\",\"width\":2887,\"height\":1485,\"caption\":\"OCLM\"},\"image\":{\"@id\":\"https:\\\/\\\/www.laboratoire-geosciences-ocean-ubs.fr\\\/#\\\/schema\\\/logo\\\/image\\\/\"},\"sameAs\":[\"https:\\\/\\\/www.facebook.com\\\/search\\\/top\\\/?q=algobox :un outil \u00e9cologique de r\u00e9g\u00e9n\u00e9ration des dunes\"]}]}<\/script>\n<!-- \/ Yoast SEO plugin. -->","yoast_head_json":{"title":"Projet Malaisie \u2013 Monsoon - LGO - P\u00f4le UBS","description":"Le projet Monsoon \u00e9tudie l'\u00e9rosion rapide le long de la c\u00f4te du Terengganu, caus\u00e9e par plusieurs processus qui agissent de concert...","robots":{"index":"index","follow":"follow","max-snippet":"max-snippet:-1","max-image-preview":"max-image-preview:large","max-video-preview":"max-video-preview:-1"},"canonical":"https:\/\/www.laboratoire-geosciences-ocean-ubs.fr\/en\/projet-malaisie-monsoon\/","og_locale":"en_GB","og_type":"article","og_title":"Projet Malaisie \u2013 Monsoon - LGO - P\u00f4le UBS","og_description":"Le projet Monsoon \u00e9tudie l'\u00e9rosion rapide le long de la c\u00f4te du Terengganu, caus\u00e9e par plusieurs processus qui agissent de concert...","og_url":"https:\/\/www.laboratoire-geosciences-ocean-ubs.fr\/en\/projet-malaisie-monsoon\/","og_site_name":"LGO - P\u00f4le UBS","article_publisher":"https:\/\/www.facebook.com\/search\/top\/?q=algobox%20%3aun%20outil%20%c3%a9cologique%20de%20r%c3%a9g%c3%a9n%c3%a9ration%20des%20dunes","article_modified_time":"2023-09-01T08:51:21+00:00","og_image":[{"width":774,"height":582,"url":"https:\/\/www.laboratoire-geosciences-ocean-ubs.fr\/wp-content\/uploads\/2023\/08\/Malaisie-mousson-image-2.png","type":"image\/png"}],"twitter_card":"summary_large_image","twitter_misc":{"Estimated reading time":"2 minutes"},"schema":{"@context":"https:\/\/schema.org","@graph":[{"@type":"WebPage","@id":"https:\/\/www.laboratoire-geosciences-ocean-ubs.fr\/projet-malaisie-monsoon\/","url":"https:\/\/www.laboratoire-geosciences-ocean-ubs.fr\/projet-malaisie-monsoon\/","name":"Projet Malaisie \u2013 Monsoon - LGO - P\u00f4le UBS","isPartOf":{"@id":"https:\/\/www.laboratoire-geosciences-ocean-ubs.fr\/#website"},"primaryImageOfPage":{"@id":"https:\/\/www.laboratoire-geosciences-ocean-ubs.fr\/projet-malaisie-monsoon\/#primaryimage"},"image":{"@id":"https:\/\/www.laboratoire-geosciences-ocean-ubs.fr\/projet-malaisie-monsoon\/#primaryimage"},"thumbnailUrl":"https:\/\/www.laboratoire-geosciences-ocean-ubs.fr\/wp-content\/uploads\/2023\/08\/Malaisie-mousson-image-2.png","datePublished":"2023-08-28T14:12:41+00:00","dateModified":"2023-09-01T08:51:21+00:00","description":"Le projet Monsoon \u00e9tudie l'\u00e9rosion rapide le long de la c\u00f4te du Terengganu, caus\u00e9e par plusieurs processus qui agissent de concert...","breadcrumb":{"@id":"https:\/\/www.laboratoire-geosciences-ocean-ubs.fr\/projet-malaisie-monsoon\/#breadcrumb"},"inLanguage":"en-GB","potentialAction":[{"@type":"ReadAction","target":["https:\/\/www.laboratoire-geosciences-ocean-ubs.fr\/projet-malaisie-monsoon\/"]}]},{"@type":"ImageObject","inLanguage":"en-GB","@id":"https:\/\/www.laboratoire-geosciences-ocean-ubs.fr\/projet-malaisie-monsoon\/#primaryimage","url":"https:\/\/www.laboratoire-geosciences-ocean-ubs.fr\/wp-content\/uploads\/2023\/08\/Malaisie-mousson-image-2.png","contentUrl":"https:\/\/www.laboratoire-geosciences-ocean-ubs.fr\/wp-content\/uploads\/2023\/08\/Malaisie-mousson-image-2.png","width":774,"height":582},{"@type":"BreadcrumbList","@id":"https:\/\/www.laboratoire-geosciences-ocean-ubs.fr\/projet-malaisie-monsoon\/#breadcrumb","itemListElement":[{"@type":"ListItem","position":1,"name":"Accueil","item":"https:\/\/www.laboratoire-geosciences-ocean-ubs.fr\/"},{"@type":"ListItem","position":2,"name":"Projet Malaisie \u2013 Monsoon"}]},{"@type":"WebSite","@id":"https:\/\/www.laboratoire-geosciences-ocean-ubs.fr\/#website","url":"https:\/\/www.laboratoire-geosciences-ocean-ubs.fr\/","name":"LGO - P\u00f4le UBS","description":"Une expertise durable des milieux marins et c\u00f4tiers","publisher":{"@id":"https:\/\/www.laboratoire-geosciences-ocean-ubs.fr\/#organization"},"potentialAction":[{"@type":"SearchAction","target":{"@type":"EntryPoint","urlTemplate":"https:\/\/www.laboratoire-geosciences-ocean-ubs.fr\/?s={search_term_string}"},"query-input":{"@type":"PropertyValueSpecification","valueRequired":true,"valueName":"search_term_string"}}],"inLanguage":"en-GB"},{"@type":"Organization","@id":"https:\/\/www.laboratoire-geosciences-ocean-ubs.fr\/#organization","name":"OCLM","url":"https:\/\/www.laboratoire-geosciences-ocean-ubs.fr\/","logo":{"@type":"ImageObject","inLanguage":"en-GB","@id":"https:\/\/www.laboratoire-geosciences-ocean-ubs.fr\/#\/schema\/logo\/image\/","url":"https:\/\/www.laboratoire-geosciences-ocean-ubs.fr\/wp-content\/uploads\/2021\/12\/cropped-cropped-goo-hd-geo-ocean-tutelles-noir.png","contentUrl":"https:\/\/www.laboratoire-geosciences-ocean-ubs.fr\/wp-content\/uploads\/2021\/12\/cropped-cropped-goo-hd-geo-ocean-tutelles-noir.png","width":2887,"height":1485,"caption":"OCLM"},"image":{"@id":"https:\/\/www.laboratoire-geosciences-ocean-ubs.fr\/#\/schema\/logo\/image\/"},"sameAs":["https:\/\/www.facebook.com\/search\/top\/?q=algobox :un outil \u00e9cologique de r\u00e9g\u00e9n\u00e9ration des dunes"]}]}},"_links":{"self":[{"href":"https:\/\/www.laboratoire-geosciences-ocean-ubs.fr\/en\/wp-json\/wp\/v2\/pages\/37014","targetHints":{"allow":["GET"]}}],"collection":[{"href":"https:\/\/www.laboratoire-geosciences-ocean-ubs.fr\/en\/wp-json\/wp\/v2\/pages"}],"about":[{"href":"https:\/\/www.laboratoire-geosciences-ocean-ubs.fr\/en\/wp-json\/wp\/v2\/types\/page"}],"author":[{"embeddable":true,"href":"https:\/\/www.laboratoire-geosciences-ocean-ubs.fr\/en\/wp-json\/wp\/v2\/users\/9"}],"replies":[{"embeddable":true,"href":"https:\/\/www.laboratoire-geosciences-ocean-ubs.fr\/en\/wp-json\/wp\/v2\/comments?post=37014"}],"version-history":[{"count":0,"href":"https:\/\/www.laboratoire-geosciences-ocean-ubs.fr\/en\/wp-json\/wp\/v2\/pages\/37014\/revisions"}],"wp:featuredmedia":[{"embeddable":true,"href":"https:\/\/www.laboratoire-geosciences-ocean-ubs.fr\/en\/wp-json\/wp\/v2\/media\/37021"}],"wp:attachment":[{"href":"https:\/\/www.laboratoire-geosciences-ocean-ubs.fr\/en\/wp-json\/wp\/v2\/media?parent=37014"}],"curies":[{"name":"wp","href":"https:\/\/api.w.org\/{rel}","templated":true}]}}