{"id":36963,"date":"2023-08-28T15:14:10","date_gmt":"2023-08-28T13:14:10","guid":{"rendered":"https:\/\/www.laboratoire-geosciences-ocean-ubs.fr\/?page_id=36963"},"modified":"2023-09-04T10:01:12","modified_gmt":"2023-09-04T08:01:12","slug":"tifond","status":"publish","type":"page","link":"https:\/\/www.laboratoire-geosciences-ocean-ubs.fr\/en\/tifond\/","title":{"rendered":"Projet TI&rsquo;FOND"},"content":{"rendered":"<div id=\"pl-36963\"  class=\"panel-layout\" ><div id=\"pg-36963-0\"  class=\"panel-grid panel-no-style\" ><div id=\"pgc-36963-0-0\"  class=\"panel-grid-cell\" ><div id=\"panel-36963-0-0-0\" class=\"so-panel widget widget_sow-editor panel-first-child panel-last-child\" data-index=\"0\" ><div\n\t\t\t\n\t\t\tclass=\"so-widget-sow-editor so-widget-sow-editor-base\"\n\t\t\t\n\t\t>\n<div class=\"siteorigin-widget-tinymce textwidget\">\n\t<h1 class=\"col-xs bottom-xs flexbox image-group-bottom-3-img space-bottom-xs center-xs\"><img loading=\"lazy\" decoding=\"async\" class=\"wp-image-4511\" style=\"color: #1269b0; font-size: 30px;\" src=\"http:\/\/www.laboratoire-geosciences-ocean-ubs.fr\/wp-content\/uploads\/2020\/04\/trait-1-300x34.png\" alt=\"\" width=\"150\" height=\"17\" srcset=\"https:\/\/www.laboratoire-geosciences-ocean-ubs.fr\/wp-content\/uploads\/2020\/04\/trait-1-300x34.png 300w, https:\/\/www.laboratoire-geosciences-ocean-ubs.fr\/wp-content\/uploads\/2020\/04\/trait-1.png 331w\" sizes=\"auto, (max-width: 150px) 100vw, 150px\" \/><br \/>\n<span style=\"color: #1269b0; font-size: 2.2rem; background-color: #e6e9ed;\">Projet Ti'Fond<\/span><img loading=\"lazy\" decoding=\"async\" class=\"wp-image-4511\" style=\"color: #1269b0; font-size: 30px;\" src=\"http:\/\/www.laboratoire-geosciences-ocean-ubs.fr\/wp-content\/uploads\/2020\/04\/trait-1-300x34.png\" alt=\"\" width=\"150\" height=\"17\" srcset=\"https:\/\/www.laboratoire-geosciences-ocean-ubs.fr\/wp-content\/uploads\/2020\/04\/trait-1-300x34.png 300w, https:\/\/www.laboratoire-geosciences-ocean-ubs.fr\/wp-content\/uploads\/2020\/04\/trait-1.png 331w\" sizes=\"auto, (max-width: 150px) 100vw, 150px\" \/><\/h1>\n<p>&nbsp;<\/p>\n<p><strong style=\"color: #1269b0; font-size: 22px; text-align: justify; background-color: transparent;\">Hydro-sedimentary dynamics of the shallow waters in the vicinity of the Guadeloupe harbour (GPM)<\/strong><\/p>\n<p style=\"font-size: 18px; color: #1269b0; text-align: justify;\"><strong>Project managers\u00a0<\/strong>: Franck Dolique (BOREA \u2013 Universit\u00e9 des Antilles) &amp;\u00a0Mouncef Sedrati (LGO-UBS)<\/p>\n<p style=\"font-size: 18px; color: #1269b0; text-align: justify;\"><strong>Project leaders<\/strong> : BOREA MHNN &amp; LGO UMR CNRS 6538 \u2013 UBS<\/p>\n<p style=\"font-size: 18px; color: #1269b0; text-align: justify;\"><strong>Funding\u00a0<\/strong>: LabEx DRIIHM (Dispositif de Recherche Interdisciplinaire sur les Interactions Hommes-Milieux)<\/p>\n<p style=\"font-size: 18px; color: #1269b0; text-align: justify;\"><strong>Length of the project <\/strong>:<\/p>\n<\/div>\n<\/div><\/div><\/div><\/div><div id=\"pg-36963-1\"  class=\"panel-grid panel-no-style\" ><div id=\"pgc-36963-1-0\"  class=\"panel-grid-cell panel-grid-cell-empty\" ><\/div><\/div><div id=\"pg-36963-2\"  class=\"panel-grid panel-no-style\" ><div id=\"pgc-36963-2-0\"  class=\"panel-grid-cell\" ><div id=\"panel-36963-2-0-0\" class=\"so-panel widget widget_sow-editor panel-first-child panel-last-child\" data-index=\"1\" ><div\n\t\t\t\n\t\t\tclass=\"so-widget-sow-editor so-widget-sow-editor-base\"\n\t\t\t\n\t\t>\n<div class=\"siteorigin-widget-tinymce textwidget\">\n\t<h3><strong><span style=\"color: #1269b0;\"><strong>Presentation<\/strong><\/span><\/strong><\/h3>\n<p style=\"font-size: 18px; color: #1269b0; text-align: justify;\" class=\"translation-block\">The implementation of <strong>heavy port infrastructures<\/strong> systematically induces a certain number of functional impacts on its <strong>immediate environment<\/strong>. This is the case of the hydrodynamics and especially current modifications generated by the construction of piers and docks.<\/p>\n<p style=\"font-size: 18px; color: #1269b0; text-align: justify;\">The port of Guadeloupe <strong>Guadeloupe<\/strong> is no exception to the rule and its establishment has contributed to significantly modify the marine environment of the northern part of the bay of Petit cul-de-sac Marin.<br \/>\nThe Jarry pier, located at the outlet of the Salt River, has certainly contributed to modify the natural hydrodynamic flows. The access channel to the port, fitted out to receive very large tonnage ships (container ships, ore carriers...) has undoubtedly generated a <strong>priority channeling of currents<\/strong> and induced effects on the immediate marine and coastal environment (silting zones, erosion zones, sedimentary flows, sedimentary reorganization...).<\/p>\n<p style=\"font-size: 18px; color: #1269b0; text-align: justify;\">The study aims to identify the <strong>main impacts of the port infrastructures<\/strong> on the immediate coastline and the shallow waters of the northern part of the bay of Petit Cul-de-sac Marin, and to evaluate the effects of the port channel on the nearby submarine sedimentary dynamics, leading to the implementation of a protocol for the observation of these dynamics.<\/p>\n<\/div>\n<\/div><\/div><\/div><\/div><div id=\"pg-36963-3\"  class=\"panel-grid panel-no-style\" ><div id=\"pgc-36963-3-0\"  class=\"panel-grid-cell\" ><div id=\"panel-36963-3-0-0\" class=\"so-panel widget widget_sow-image panel-first-child\" data-index=\"2\" ><div\n\t\t\t\n\t\t\tclass=\"so-widget-sow-image so-widget-sow-image-default-c67d20f9f743-36963\"\n\t\t\t\n\t\t>\n<div class=\"sow-image-container\">\n\t\t<img \n\tsrc=\"https:\/\/www.laboratoire-geosciences-ocean-ubs.fr\/wp-content\/uploads\/2023\/08\/Tifond-image-1-768x496.png\" width=\"768\" height=\"496\" srcset=\"https:\/\/www.laboratoire-geosciences-ocean-ubs.fr\/wp-content\/uploads\/2023\/08\/Tifond-image-1-768x496.png 768w, https:\/\/www.laboratoire-geosciences-ocean-ubs.fr\/wp-content\/uploads\/2023\/08\/Tifond-image-1-300x194.png 300w, https:\/\/www.laboratoire-geosciences-ocean-ubs.fr\/wp-content\/uploads\/2023\/08\/Tifond-image-1-1024x661.png 1024w, https:\/\/www.laboratoire-geosciences-ocean-ubs.fr\/wp-content\/uploads\/2023\/08\/Tifond-image-1-1536x991.png 1536w, https:\/\/www.laboratoire-geosciences-ocean-ubs.fr\/wp-content\/uploads\/2023\/08\/Tifond-image-1-18x12.png 18w, https:\/\/www.laboratoire-geosciences-ocean-ubs.fr\/wp-content\/uploads\/2023\/08\/Tifond-image-1-1674x1080.png 1674w, https:\/\/www.laboratoire-geosciences-ocean-ubs.fr\/wp-content\/uploads\/2023\/08\/Tifond-image-1.png 1751w\" sizes=\"(max-width: 768px) 100vw, 768px\" title=\"Experimental device of the TI&#039;FOND project\" alt=\"\" \t\tclass=\"so-widget-image\"\/>\n\t<\/div>\n\n<\/div><\/div><div id=\"panel-36963-3-0-1\" class=\"so-panel widget widget_sow-editor\" data-index=\"3\" ><div\n\t\t\t\n\t\t\tclass=\"so-widget-sow-editor so-widget-sow-editor-base\"\n\t\t\t\n\t\t>\n<div class=\"siteorigin-widget-tinymce textwidget\">\n\t<p style=\"font-size: 16px; color: #1269b0; text-align: center;\"><strong>Experimental device of the TI'FOND project<\/strong><\/p>\n<\/div>\n<\/div><\/div><div id=\"panel-36963-3-0-2\" class=\"so-panel widget widget_sow-image\" data-index=\"4\" ><div\n\t\t\t\n\t\t\tclass=\"so-widget-sow-image so-widget-sow-image-default-c67d20f9f743-36963\"\n\t\t\t\n\t\t>\n<div class=\"sow-image-container\">\n\t\t<img \n\tsrc=\"https:\/\/www.laboratoire-geosciences-ocean-ubs.fr\/wp-content\/uploads\/2023\/08\/Tifond-image-3-768x576.jpg\" width=\"768\" height=\"576\" srcset=\"https:\/\/www.laboratoire-geosciences-ocean-ubs.fr\/wp-content\/uploads\/2023\/08\/Tifond-image-3-768x576.jpg 768w, https:\/\/www.laboratoire-geosciences-ocean-ubs.fr\/wp-content\/uploads\/2023\/08\/Tifond-image-3-300x225.jpg 300w, https:\/\/www.laboratoire-geosciences-ocean-ubs.fr\/wp-content\/uploads\/2023\/08\/Tifond-image-3-1024x768.jpg 1024w, https:\/\/www.laboratoire-geosciences-ocean-ubs.fr\/wp-content\/uploads\/2023\/08\/Tifond-image-3-16x12.jpg 16w, https:\/\/www.laboratoire-geosciences-ocean-ubs.fr\/wp-content\/uploads\/2023\/08\/Tifond-image-3.jpg 1280w\" sizes=\"(max-width: 768px) 100vw, 768px\" alt=\"\" \t\tclass=\"so-widget-image\"\/>\n\t<\/div>\n\n<\/div><\/div><div id=\"panel-36963-3-0-3\" class=\"so-panel widget widget_sow-editor panel-last-child\" data-index=\"5\" ><div\n\t\t\t\n\t\t\tclass=\"so-widget-sow-editor so-widget-sow-editor-base\"\n\t\t\t\n\t\t>\n<div class=\"siteorigin-widget-tinymce textwidget\">\n\t<p style=\"font-size: 16px; color: #1269b0; text-align: center;\"><strong>Preparation for the deployment of an Aquadopp Profiler on the edge of the access channel to the port (May 2018)<\/strong><\/p>\n<\/div>\n<\/div><\/div><\/div><div id=\"pgc-36963-3-1\"  class=\"panel-grid-cell\" ><div id=\"panel-36963-3-1-0\" class=\"so-panel widget widget_sow-image panel-first-child\" data-index=\"6\" ><div\n\t\t\t\n\t\t\tclass=\"so-widget-sow-image so-widget-sow-image-default-c67d20f9f743-36963\"\n\t\t\t\n\t\t>\n<div class=\"sow-image-container\">\n\t\t<img \n\tsrc=\"https:\/\/www.laboratoire-geosciences-ocean-ubs.fr\/wp-content\/uploads\/2020\/07\/Tifond-image-2-e1593977494295-768x1024.jpg\" width=\"768\" height=\"1024\" srcset=\"https:\/\/www.laboratoire-geosciences-ocean-ubs.fr\/wp-content\/uploads\/2020\/07\/Tifond-image-2-e1593977494295-768x1024.jpg 768w, https:\/\/www.laboratoire-geosciences-ocean-ubs.fr\/wp-content\/uploads\/2020\/07\/Tifond-image-2-e1593977494295-225x300.jpg 225w, https:\/\/www.laboratoire-geosciences-ocean-ubs.fr\/wp-content\/uploads\/2020\/07\/Tifond-image-2-e1593977494295-1152x1536.jpg 1152w, https:\/\/www.laboratoire-geosciences-ocean-ubs.fr\/wp-content\/uploads\/2020\/07\/Tifond-image-2-e1593977494295-1024x1365.jpg 1024w, https:\/\/www.laboratoire-geosciences-ocean-ubs.fr\/wp-content\/uploads\/2020\/07\/Tifond-image-2-e1593977494295-810x1080.jpg 810w, https:\/\/www.laboratoire-geosciences-ocean-ubs.fr\/wp-content\/uploads\/2020\/07\/Tifond-image-2-e1593977494295.jpg 1224w\" sizes=\"(max-width: 768px) 100vw, 768px\" title=\"Tifond-image-2\" alt=\"\" \t\tclass=\"so-widget-image\"\/>\n\t<\/div>\n\n<\/div><\/div><div id=\"panel-36963-3-1-1\" class=\"so-panel widget widget_sow-editor panel-last-child\" data-index=\"7\" ><div\n\t\t\t\n\t\t\tclass=\"so-widget-sow-editor so-widget-sow-editor-base\"\n\t\t\t\n\t\t>\n<div class=\"siteorigin-widget-tinymce textwidget\">\n\t<p style=\"font-size: 16px; color: #1269b0; text-align: center;\"><strong>Shallow water (Caye) at Grand Cul-de-Sac Marin<\/strong><\/p>\n<\/div>\n<\/div><\/div><\/div><\/div><div id=\"pg-36963-4\"  class=\"panel-grid panel-no-style\" ><div id=\"pgc-36963-4-0\"  class=\"panel-grid-cell panel-grid-cell-empty\" ><\/div><\/div><div id=\"pg-36963-5\"  class=\"panel-grid panel-no-style\" ><div id=\"pgc-36963-5-0\"  class=\"panel-grid-cell panel-grid-cell-empty\" ><\/div><\/div><div id=\"pg-36963-6\"  class=\"panel-grid panel-no-style\" ><div id=\"pgc-36963-6-0\"  class=\"panel-grid-cell\" ><div id=\"panel-36963-6-0-0\" class=\"so-panel widget widget_sow-editor panel-first-child panel-last-child\" data-index=\"8\" ><div\n\t\t\t\n\t\t\tclass=\"so-widget-sow-editor so-widget-sow-editor-base\"\n\t\t\t\n\t\t>\n<div class=\"siteorigin-widget-tinymce textwidget\">\n\t<h3><\/h3>\n<h3><strong><span style=\"color: #1269b0;\"><strong>TI'FOND project partners<\/strong><\/span><\/strong><\/h3>\n<p>&nbsp;<\/p>\n<\/div>\n<\/div><\/div><\/div><\/div><div id=\"pg-36963-7\"  class=\"panel-grid panel-no-style\" ><div id=\"pgc-36963-7-0\"  class=\"panel-grid-cell\" ><div id=\"panel-36963-7-0-0\" class=\"so-panel widget widget_sow-image panel-first-child panel-last-child\" data-index=\"9\" ><div\n\t\t\t\n\t\t\tclass=\"so-widget-sow-image so-widget-sow-image-default-c67d20f9f743-36963\"\n\t\t\t\n\t\t>\n<div class=\"sow-image-container\">\n\t\t<img \n\tsrc=\"https:\/\/www.laboratoire-geosciences-ocean-ubs.fr\/wp-content\/uploads\/2023\/08\/logo.png\" width=\"185\" height=\"186\" srcset=\"https:\/\/www.laboratoire-geosciences-ocean-ubs.fr\/wp-content\/uploads\/2023\/08\/logo.png 185w, https:\/\/www.laboratoire-geosciences-ocean-ubs.fr\/wp-content\/uploads\/2023\/08\/logo-150x150.png 150w, https:\/\/www.laboratoire-geosciences-ocean-ubs.fr\/wp-content\/uploads\/2023\/08\/logo-12x12.png 12w\" sizes=\"(max-width: 185px) 100vw, 185px\" alt=\"\" \t\tclass=\"so-widget-image\"\/>\n\t<\/div>\n\n<\/div><\/div><\/div><\/div><\/div>","protected":false},"excerpt":{"rendered":"<p>Projet Ti&rsquo;Fond &nbsp; Dynamique hydro-se\u0301dimentaire des petits-fonds aux abords du GPM de Guadeloupe Reponsable du projet\u00a0: Franck Dolique (BOREA \u2013 Universit\u00e9 des Antilles) &amp;\u00a0Mouncef Sedrati (LGO-UBS) Porteurs du projet : BOREA MHNN &amp; LGO UMR CNRS 6538 \u2013 UBS Financement\u00a0: LabEx DRIIHM (Dispositif de Recherche Interdisciplinaire sur les Interactions Hommes-Milieux) Dur\u00e9e du projet :<\/p>","protected":false},"author":9,"featured_media":36965,"parent":0,"menu_order":0,"comment_status":"closed","ping_status":"closed","template":"","meta":{"footnotes":""},"class_list":["post-36963","page","type-page","status-publish","has-post-thumbnail","hentry"],"yoast_head":"<!-- This site is optimized with the Yoast SEO plugin v27.4 - https:\/\/yoast.com\/product\/yoast-seo-wordpress\/ -->\n<title>Projet TI&rsquo;FOND - LGO - P\u00f4le UBS<\/title>\n<meta name=\"description\" content=\"Le GPM (Grand Port Maritime) de Guadeloupe n&#039;e\u0301chappe pas a\u0300 la re\u0300gle et sa mise en place a contribue\u0301 a\u0300 modifier de mani\u00e8re ...\" \/>\n<meta name=\"robots\" content=\"index, follow, max-snippet:-1, max-image-preview:large, max-video-preview:-1\" \/>\n<link rel=\"canonical\" href=\"https:\/\/www.laboratoire-geosciences-ocean-ubs.fr\/en\/tifond\/\" \/>\n<meta property=\"og:locale\" content=\"en_GB\" \/>\n<meta property=\"og:type\" content=\"article\" \/>\n<meta property=\"og:title\" content=\"Projet TI&rsquo;FOND - LGO - P\u00f4le UBS\" \/>\n<meta property=\"og:description\" content=\"Le GPM (Grand Port Maritime) de Guadeloupe n&#039;e\u0301chappe pas a\u0300 la re\u0300gle et sa mise en place a contribue\u0301 a\u0300 modifier de mani\u00e8re ...\" \/>\n<meta property=\"og:url\" content=\"https:\/\/www.laboratoire-geosciences-ocean-ubs.fr\/en\/tifond\/\" \/>\n<meta property=\"og:site_name\" content=\"LGO - P\u00f4le UBS\" \/>\n<meta property=\"article:publisher\" content=\"https:\/\/www.facebook.com\/search\/top\/?q=algobox%20%3aun%20outil%20%c3%a9cologique%20de%20r%c3%a9g%c3%a9n%c3%a9ration%20des%20dunes\" \/>\n<meta property=\"article:modified_time\" content=\"2023-09-04T08:01:12+00:00\" \/>\n<meta property=\"og:image\" content=\"https:\/\/www.laboratoire-geosciences-ocean-ubs.fr\/wp-content\/uploads\/2023\/08\/Tifond-image-3.jpg\" \/>\n\t<meta property=\"og:image:width\" content=\"1280\" \/>\n\t<meta property=\"og:image:height\" content=\"960\" \/>\n\t<meta property=\"og:image:type\" content=\"image\/jpeg\" \/>\n<meta name=\"twitter:card\" content=\"summary_large_image\" \/>\n<meta name=\"twitter:label1\" content=\"Estimated reading time\" \/>\n\t<meta name=\"twitter:data1\" content=\"2 minutes\" \/>\n<script type=\"application\/ld+json\" class=\"yoast-schema-graph\">{\"@context\":\"https:\\\/\\\/schema.org\",\"@graph\":[{\"@type\":\"WebPage\",\"@id\":\"https:\\\/\\\/www.laboratoire-geosciences-ocean-ubs.fr\\\/tifond\\\/\",\"url\":\"https:\\\/\\\/www.laboratoire-geosciences-ocean-ubs.fr\\\/tifond\\\/\",\"name\":\"Projet TI&rsquo;FOND - LGO - P\u00f4le UBS\",\"isPartOf\":{\"@id\":\"https:\\\/\\\/www.laboratoire-geosciences-ocean-ubs.fr\\\/#website\"},\"primaryImageOfPage\":{\"@id\":\"https:\\\/\\\/www.laboratoire-geosciences-ocean-ubs.fr\\\/tifond\\\/#primaryimage\"},\"image\":{\"@id\":\"https:\\\/\\\/www.laboratoire-geosciences-ocean-ubs.fr\\\/tifond\\\/#primaryimage\"},\"thumbnailUrl\":\"https:\\\/\\\/www.laboratoire-geosciences-ocean-ubs.fr\\\/wp-content\\\/uploads\\\/2023\\\/08\\\/Tifond-image-3.jpg\",\"datePublished\":\"2023-08-28T13:14:10+00:00\",\"dateModified\":\"2023-09-04T08:01:12+00:00\",\"description\":\"Le GPM (Grand Port Maritime) de Guadeloupe n'e\u0301chappe pas a\u0300 la re\u0300gle et sa mise en place a contribue\u0301 a\u0300 modifier de mani\u00e8re ...\",\"breadcrumb\":{\"@id\":\"https:\\\/\\\/www.laboratoire-geosciences-ocean-ubs.fr\\\/tifond\\\/#breadcrumb\"},\"inLanguage\":\"en-GB\",\"potentialAction\":[{\"@type\":\"ReadAction\",\"target\":[\"https:\\\/\\\/www.laboratoire-geosciences-ocean-ubs.fr\\\/tifond\\\/\"]}]},{\"@type\":\"ImageObject\",\"inLanguage\":\"en-GB\",\"@id\":\"https:\\\/\\\/www.laboratoire-geosciences-ocean-ubs.fr\\\/tifond\\\/#primaryimage\",\"url\":\"https:\\\/\\\/www.laboratoire-geosciences-ocean-ubs.fr\\\/wp-content\\\/uploads\\\/2023\\\/08\\\/Tifond-image-3.jpg\",\"contentUrl\":\"https:\\\/\\\/www.laboratoire-geosciences-ocean-ubs.fr\\\/wp-content\\\/uploads\\\/2023\\\/08\\\/Tifond-image-3.jpg\",\"width\":1280,\"height\":960},{\"@type\":\"BreadcrumbList\",\"@id\":\"https:\\\/\\\/www.laboratoire-geosciences-ocean-ubs.fr\\\/tifond\\\/#breadcrumb\",\"itemListElement\":[{\"@type\":\"ListItem\",\"position\":1,\"name\":\"Accueil\",\"item\":\"https:\\\/\\\/www.laboratoire-geosciences-ocean-ubs.fr\\\/\"},{\"@type\":\"ListItem\",\"position\":2,\"name\":\"Projet TI&rsquo;FOND\"}]},{\"@type\":\"WebSite\",\"@id\":\"https:\\\/\\\/www.laboratoire-geosciences-ocean-ubs.fr\\\/#website\",\"url\":\"https:\\\/\\\/www.laboratoire-geosciences-ocean-ubs.fr\\\/\",\"name\":\"LGO - P\u00f4le UBS\",\"description\":\"Une expertise durable des milieux marins et c\u00f4tiers\",\"publisher\":{\"@id\":\"https:\\\/\\\/www.laboratoire-geosciences-ocean-ubs.fr\\\/#organization\"},\"potentialAction\":[{\"@type\":\"SearchAction\",\"target\":{\"@type\":\"EntryPoint\",\"urlTemplate\":\"https:\\\/\\\/www.laboratoire-geosciences-ocean-ubs.fr\\\/?s={search_term_string}\"},\"query-input\":{\"@type\":\"PropertyValueSpecification\",\"valueRequired\":true,\"valueName\":\"search_term_string\"}}],\"inLanguage\":\"en-GB\"},{\"@type\":\"Organization\",\"@id\":\"https:\\\/\\\/www.laboratoire-geosciences-ocean-ubs.fr\\\/#organization\",\"name\":\"OCLM\",\"url\":\"https:\\\/\\\/www.laboratoire-geosciences-ocean-ubs.fr\\\/\",\"logo\":{\"@type\":\"ImageObject\",\"inLanguage\":\"en-GB\",\"@id\":\"https:\\\/\\\/www.laboratoire-geosciences-ocean-ubs.fr\\\/#\\\/schema\\\/logo\\\/image\\\/\",\"url\":\"https:\\\/\\\/www.laboratoire-geosciences-ocean-ubs.fr\\\/wp-content\\\/uploads\\\/2021\\\/12\\\/cropped-cropped-goo-hd-geo-ocean-tutelles-noir.png\",\"contentUrl\":\"https:\\\/\\\/www.laboratoire-geosciences-ocean-ubs.fr\\\/wp-content\\\/uploads\\\/2021\\\/12\\\/cropped-cropped-goo-hd-geo-ocean-tutelles-noir.png\",\"width\":2887,\"height\":1485,\"caption\":\"OCLM\"},\"image\":{\"@id\":\"https:\\\/\\\/www.laboratoire-geosciences-ocean-ubs.fr\\\/#\\\/schema\\\/logo\\\/image\\\/\"},\"sameAs\":[\"https:\\\/\\\/www.facebook.com\\\/search\\\/top\\\/?q=algobox :un outil \u00e9cologique de r\u00e9g\u00e9n\u00e9ration des dunes\"]}]}<\/script>\n<!-- \/ Yoast SEO plugin. -->","yoast_head_json":{"title":"Projet TI&rsquo;FOND - LGO - P\u00f4le UBS","description":"Le GPM (Grand Port Maritime) de Guadeloupe n'e\u0301chappe pas a\u0300 la re\u0300gle et sa mise en place a contribue\u0301 a\u0300 modifier de mani\u00e8re ...","robots":{"index":"index","follow":"follow","max-snippet":"max-snippet:-1","max-image-preview":"max-image-preview:large","max-video-preview":"max-video-preview:-1"},"canonical":"https:\/\/www.laboratoire-geosciences-ocean-ubs.fr\/en\/tifond\/","og_locale":"en_GB","og_type":"article","og_title":"Projet TI&rsquo;FOND - LGO - P\u00f4le UBS","og_description":"Le GPM (Grand Port Maritime) de Guadeloupe n'e\u0301chappe pas a\u0300 la re\u0300gle et sa mise en place a contribue\u0301 a\u0300 modifier de mani\u00e8re ...","og_url":"https:\/\/www.laboratoire-geosciences-ocean-ubs.fr\/en\/tifond\/","og_site_name":"LGO - P\u00f4le UBS","article_publisher":"https:\/\/www.facebook.com\/search\/top\/?q=algobox%20%3aun%20outil%20%c3%a9cologique%20de%20r%c3%a9g%c3%a9n%c3%a9ration%20des%20dunes","article_modified_time":"2023-09-04T08:01:12+00:00","og_image":[{"width":1280,"height":960,"url":"https:\/\/www.laboratoire-geosciences-ocean-ubs.fr\/wp-content\/uploads\/2023\/08\/Tifond-image-3.jpg","type":"image\/jpeg"}],"twitter_card":"summary_large_image","twitter_misc":{"Estimated reading time":"2 minutes"},"schema":{"@context":"https:\/\/schema.org","@graph":[{"@type":"WebPage","@id":"https:\/\/www.laboratoire-geosciences-ocean-ubs.fr\/tifond\/","url":"https:\/\/www.laboratoire-geosciences-ocean-ubs.fr\/tifond\/","name":"Projet TI&rsquo;FOND - LGO - P\u00f4le UBS","isPartOf":{"@id":"https:\/\/www.laboratoire-geosciences-ocean-ubs.fr\/#website"},"primaryImageOfPage":{"@id":"https:\/\/www.laboratoire-geosciences-ocean-ubs.fr\/tifond\/#primaryimage"},"image":{"@id":"https:\/\/www.laboratoire-geosciences-ocean-ubs.fr\/tifond\/#primaryimage"},"thumbnailUrl":"https:\/\/www.laboratoire-geosciences-ocean-ubs.fr\/wp-content\/uploads\/2023\/08\/Tifond-image-3.jpg","datePublished":"2023-08-28T13:14:10+00:00","dateModified":"2023-09-04T08:01:12+00:00","description":"Le GPM (Grand Port Maritime) de Guadeloupe n'e\u0301chappe pas a\u0300 la re\u0300gle et sa mise en place a contribue\u0301 a\u0300 modifier de mani\u00e8re ...","breadcrumb":{"@id":"https:\/\/www.laboratoire-geosciences-ocean-ubs.fr\/tifond\/#breadcrumb"},"inLanguage":"en-GB","potentialAction":[{"@type":"ReadAction","target":["https:\/\/www.laboratoire-geosciences-ocean-ubs.fr\/tifond\/"]}]},{"@type":"ImageObject","inLanguage":"en-GB","@id":"https:\/\/www.laboratoire-geosciences-ocean-ubs.fr\/tifond\/#primaryimage","url":"https:\/\/www.laboratoire-geosciences-ocean-ubs.fr\/wp-content\/uploads\/2023\/08\/Tifond-image-3.jpg","contentUrl":"https:\/\/www.laboratoire-geosciences-ocean-ubs.fr\/wp-content\/uploads\/2023\/08\/Tifond-image-3.jpg","width":1280,"height":960},{"@type":"BreadcrumbList","@id":"https:\/\/www.laboratoire-geosciences-ocean-ubs.fr\/tifond\/#breadcrumb","itemListElement":[{"@type":"ListItem","position":1,"name":"Accueil","item":"https:\/\/www.laboratoire-geosciences-ocean-ubs.fr\/"},{"@type":"ListItem","position":2,"name":"Projet TI&rsquo;FOND"}]},{"@type":"WebSite","@id":"https:\/\/www.laboratoire-geosciences-ocean-ubs.fr\/#website","url":"https:\/\/www.laboratoire-geosciences-ocean-ubs.fr\/","name":"LGO - P\u00f4le UBS","description":"Une expertise durable des milieux marins et c\u00f4tiers","publisher":{"@id":"https:\/\/www.laboratoire-geosciences-ocean-ubs.fr\/#organization"},"potentialAction":[{"@type":"SearchAction","target":{"@type":"EntryPoint","urlTemplate":"https:\/\/www.laboratoire-geosciences-ocean-ubs.fr\/?s={search_term_string}"},"query-input":{"@type":"PropertyValueSpecification","valueRequired":true,"valueName":"search_term_string"}}],"inLanguage":"en-GB"},{"@type":"Organization","@id":"https:\/\/www.laboratoire-geosciences-ocean-ubs.fr\/#organization","name":"OCLM","url":"https:\/\/www.laboratoire-geosciences-ocean-ubs.fr\/","logo":{"@type":"ImageObject","inLanguage":"en-GB","@id":"https:\/\/www.laboratoire-geosciences-ocean-ubs.fr\/#\/schema\/logo\/image\/","url":"https:\/\/www.laboratoire-geosciences-ocean-ubs.fr\/wp-content\/uploads\/2021\/12\/cropped-cropped-goo-hd-geo-ocean-tutelles-noir.png","contentUrl":"https:\/\/www.laboratoire-geosciences-ocean-ubs.fr\/wp-content\/uploads\/2021\/12\/cropped-cropped-goo-hd-geo-ocean-tutelles-noir.png","width":2887,"height":1485,"caption":"OCLM"},"image":{"@id":"https:\/\/www.laboratoire-geosciences-ocean-ubs.fr\/#\/schema\/logo\/image\/"},"sameAs":["https:\/\/www.facebook.com\/search\/top\/?q=algobox :un outil \u00e9cologique de r\u00e9g\u00e9n\u00e9ration des dunes"]}]}},"_links":{"self":[{"href":"https:\/\/www.laboratoire-geosciences-ocean-ubs.fr\/en\/wp-json\/wp\/v2\/pages\/36963","targetHints":{"allow":["GET"]}}],"collection":[{"href":"https:\/\/www.laboratoire-geosciences-ocean-ubs.fr\/en\/wp-json\/wp\/v2\/pages"}],"about":[{"href":"https:\/\/www.laboratoire-geosciences-ocean-ubs.fr\/en\/wp-json\/wp\/v2\/types\/page"}],"author":[{"embeddable":true,"href":"https:\/\/www.laboratoire-geosciences-ocean-ubs.fr\/en\/wp-json\/wp\/v2\/users\/9"}],"replies":[{"embeddable":true,"href":"https:\/\/www.laboratoire-geosciences-ocean-ubs.fr\/en\/wp-json\/wp\/v2\/comments?post=36963"}],"version-history":[{"count":0,"href":"https:\/\/www.laboratoire-geosciences-ocean-ubs.fr\/en\/wp-json\/wp\/v2\/pages\/36963\/revisions"}],"wp:featuredmedia":[{"embeddable":true,"href":"https:\/\/www.laboratoire-geosciences-ocean-ubs.fr\/en\/wp-json\/wp\/v2\/media\/36965"}],"wp:attachment":[{"href":"https:\/\/www.laboratoire-geosciences-ocean-ubs.fr\/en\/wp-json\/wp\/v2\/media?parent=36963"}],"curies":[{"name":"wp","href":"https:\/\/api.w.org\/{rel}","templated":true}]}}