{"id":5119,"date":"2020-04-18T03:21:51","date_gmt":"2020-04-18T01:21:51","guid":{"rendered":"http:\/\/www.laboratoire-geosciences-ocean-ubs.fr\/?page_id=5119"},"modified":"2020-12-05T21:35:13","modified_gmt":"2020-12-05T20:35:13","slug":"guilhem-estournes-these","status":"publish","type":"page","link":"http:\/\/www.laboratoire-geosciences-ocean-ubs.fr\/en\/theses-post-docs\/guilhem-estournes-these\/","title":{"rendered":"Guilhem Estourn\u00e8s (PhD)"},"content":{"rendered":"<div id=\"pl-5119\"  class=\"panel-layout\" ><div id=\"pg-5119-0\"  class=\"panel-grid panel-no-style\" ><div id=\"pgc-5119-0-0\"  class=\"panel-grid-cell\" ><div id=\"panel-5119-0-0-0\" class=\"so-panel widget widget_sow-editor panel-first-child panel-last-child\" data-index=\"0\" ><div class=\"panel-widget-style panel-widget-style-for-5119-0-0-0\" ><div\n\t\t\t\n\t\t\tclass=\"so-widget-sow-editor so-widget-sow-editor-base\"\n\t\t\t\n\t\t>\n<div class=\"siteorigin-widget-tinymce textwidget\">\n\t<p style=\"text-align: left;\"><img loading=\"lazy\" decoding=\"async\" class=\"wp-image-5120 size-medium alignleft\" src=\"http:\/\/www.laboratoire-geosciences-ocean-ubs.fr\/wp-content\/uploads\/2020\/04\/Guilhem_Estournes-300x300.jpg\" alt=\"\" width=\"300\" height=\"300\" srcset=\"https:\/\/www.laboratoire-geosciences-ocean-ubs.fr\/wp-content\/uploads\/2020\/04\/Guilhem_Estournes-300x300.jpg 300w, https:\/\/www.laboratoire-geosciences-ocean-ubs.fr\/wp-content\/uploads\/2020\/04\/Guilhem_Estournes-1024x1024.jpg 1024w, https:\/\/www.laboratoire-geosciences-ocean-ubs.fr\/wp-content\/uploads\/2020\/04\/Guilhem_Estournes-150x150.jpg 150w, https:\/\/www.laboratoire-geosciences-ocean-ubs.fr\/wp-content\/uploads\/2020\/04\/Guilhem_Estournes-768x768.jpg 768w, https:\/\/www.laboratoire-geosciences-ocean-ubs.fr\/wp-content\/uploads\/2020\/04\/Guilhem_Estournes-1536x1536.jpg 1536w, https:\/\/www.laboratoire-geosciences-ocean-ubs.fr\/wp-content\/uploads\/2020\/04\/Guilhem_Estournes-2048x2048.jpg 2048w, https:\/\/www.laboratoire-geosciences-ocean-ubs.fr\/wp-content\/uploads\/2020\/04\/Guilhem_Estournes-1080x1080.jpg 1080w\" sizes=\"auto, (max-width: 300px) 100vw, 300px\" \/><\/p>\n<h3 style=\"text-align: center;\"><span style=\"color: #ffffff;\">Guilhem Estourn\u00e8s<\/span><\/h3>\n<p>&nbsp;<\/p>\n<p style=\"text-align: left;\">Thesis defended in 2011<br \/>\nin Lorient<br \/>\nGeology<\/p>\n<\/div>\n<\/div><\/div><\/div><\/div><\/div><div id=\"pg-5119-1\"  class=\"panel-grid panel-no-style\" ><div id=\"pgc-5119-1-0\"  class=\"panel-grid-cell\" ><div id=\"panel-5119-1-0-0\" class=\"so-panel widget widget_sow-editor panel-first-child panel-last-child\" data-index=\"1\" ><div\n\t\t\t\n\t\t\tclass=\"so-widget-sow-editor so-widget-sow-editor-base\"\n\t\t\t\n\t\t>\n<div class=\"siteorigin-widget-tinymce textwidget\">\n\t<h3 style=\"text-align: center;\">Architectures and control factors of the drowned quaternary basins on the armorican inner shelf : the palaeo Etel Valley (southern Brittany) and the Ecrehou Basin examples<\/h3>\n<\/div>\n<\/div><\/div><\/div><\/div><div id=\"pg-5119-2\"  class=\"panel-grid panel-no-style\" ><div id=\"pgc-5119-2-0\"  class=\"panel-grid-cell\" ><div id=\"panel-5119-2-0-0\" class=\"so-panel widget widget_sow-editor panel-first-child panel-last-child\" data-index=\"2\" ><div\n\t\t\t\n\t\t\tclass=\"so-widget-sow-editor so-widget-sow-editor-base\"\n\t\t\t\n\t\t>\n<div class=\"siteorigin-widget-tinymce textwidget\">\n\t<h4 style=\"text-align: left;\"><span style=\"color: #1269b0;\">Abstract<\/span><\/h4>\n<p style=\"text-align: justify;\"><span style=\"color: #4b4b4c;\">The shortage of local aggragate ores (more particularily from alluvial origines) leads industrial companies to prospect for new potential ores including marine areas. The inner continental shelf (0-60 m) corresponds to the offshore extension of continental landscapes, reworked by eustatic, climatic and tectonic variations during the Quaternary (2. 6 Myrs-Today). The objective of this thesis is to characterize both the morphology and sedimentary filling of these basins, making the part of eustatic, climatic and tectonic influences on sediments onset. Two areas, chosen because of their good geological context representativeness, have been studied by seismic reflexion, surfacial coring and 3D topographic and sedimlentary reconstitutions. These two areas are 1) the Palaeo Valley of the Etel River (Southern Brittany) and 2) the Ecrehou Basin in the Normand-Breton Gulf. This study consists in an exploration of poorly known areas, carrying interests for both academic research (continental margins knowledge) and industrial sector (new potential material ores). It appaears that Atlantic inner shelf morphology corresponds to the remnant of fluvial topographies (Mid Pleistocene) several times reused since their onset and showing a poor sediments preservation capacity. The Etel Palaeo valley is only filled with transgressive tidal to marine deposits dated between 9 Kyrs BP to present. The onset of these valleys seems to respond to the evolution of quaternary climate dynamic (Mid Pleistocene Transition) and high frenquency eustatic variations since this period. In the Normand-Breton Gulf, the basin sedimentary filling presents a far better preservation capacity (preserving Early and Late Pleistocene deposits) associated to more active tectonic pattern than the Atlantique margin. This filling is dominated by tidal environnements. Basically, at the scale of the whole Armorican Massif, the tectonic forcing seems to modulate the effect of eustatic variations on sediment preservation. This latter is in any case maximum during transgressions and minimum or negative during sea lowstand periodes.<\/span><\/p>\n<\/div>\n<\/div><\/div><\/div><div id=\"pgc-5119-2-1\"  class=\"panel-grid-cell\" ><div id=\"panel-5119-2-1-0\" class=\"so-panel widget widget_sow-editor panel-first-child panel-last-child\" data-index=\"3\" ><div\n\t\t\t\n\t\t\tclass=\"so-widget-sow-editor so-widget-sow-editor-base\"\n\t\t\t\n\t\t>\n<div class=\"siteorigin-widget-tinymce textwidget\">\n\t<p style=\"text-align: left; padding-left: 40px;\"><span style=\"color: #1269b0;\"><strong>Supervisors<\/strong><br \/>\n<\/span><span style=\"color: #4b4b4c;\">David Menier<\/span><\/p>\n<p style=\"text-align: left; padding-left: 40px;\"><strong><span style=\"color: #1269b0;\">Keywords<br \/>\n<\/span><\/strong><span style=\"color: #4b4b4c;\">HR sparker seismic system<br \/>\nSedimentary basins<br \/>\nStratigraphy<br \/>\nQuaternary (geological era)<br \/>\nArmorican massif<br \/>\nEtel river<br \/>\nFrance<\/span><\/p>\n<\/div>\n<\/div><\/div><\/div><\/div><\/div>","protected":false},"excerpt":{"rendered":"<p>Guilhem Estourn\u00e8s &nbsp; Th\u00e8se soutenue en 2011 \u00e0 Lorient Domaine : G\u00e9ologie Architectures et facteurs de contr\u00f4le des bassins quaternaires immerg\u00e9s du pr\u00e9continent armoricain : exemples de la pal\u00e9ovall\u00e9e d&rsquo;\u00c9tel (Bretagne Sud) et du bassin des Ecrehou (Golfe normand Breton)<\/p>","protected":false},"author":9,"featured_media":5121,"parent":3951,"menu_order":0,"comment_status":"closed","ping_status":"closed","template":"","meta":{"footnotes":""},"class_list":["post-5119","page","type-page","status-publish","has-post-thumbnail","hentry"],"yoast_head":"<!-- This site is optimized with the Yoast SEO plugin v27.4 - https:\/\/yoast.com\/product\/yoast-seo-wordpress\/ -->\n<title>Guilhem Estourn\u00e8s (Th\u00e8se) - LGO - P\u00f4le UBS<\/title>\n<meta name=\"description\" content=\"La p\u00e9nurie de granulats \u00e0 terre (en particulier d\u2019origine alluvionnaire) en r\u00e9gion Bretagne conduit les industriels \u00e0 prospecter dans de nouvelles zones de gisements potentiels. Le plateau continental interne (0-60 m) correspond pour partie \u00e0 l\u2019extension des topographies continentales, remani\u00e9es par les variations eustatiques, climatiques et tectoniques au cours du Quaternaire (2. 6 Ma-Actuel).\" \/>\n<meta name=\"robots\" content=\"index, follow, max-snippet:-1, max-image-preview:large, max-video-preview:-1\" \/>\n<link rel=\"canonical\" href=\"https:\/\/www.laboratoire-geosciences-ocean-ubs.fr\/en\/theses-post-docs\/guilhem-estournes-these\/\" \/>\n<meta property=\"og:locale\" content=\"en_GB\" \/>\n<meta property=\"og:type\" content=\"article\" \/>\n<meta property=\"og:title\" content=\"Guilhem Estourn\u00e8s (Th\u00e8se) - LGO - P\u00f4le UBS\" \/>\n<meta property=\"og:description\" content=\"La p\u00e9nurie de granulats \u00e0 terre (en particulier d\u2019origine alluvionnaire) en r\u00e9gion Bretagne conduit les industriels \u00e0 prospecter dans de nouvelles zones de gisements potentiels. Le plateau continental interne (0-60 m) correspond pour partie \u00e0 l\u2019extension des topographies continentales, remani\u00e9es par les variations eustatiques, climatiques et tectoniques au cours du Quaternaire (2. 6 Ma-Actuel).\" \/>\n<meta property=\"og:url\" content=\"https:\/\/www.laboratoire-geosciences-ocean-ubs.fr\/en\/theses-post-docs\/guilhem-estournes-these\/\" \/>\n<meta property=\"og:site_name\" content=\"LGO - P\u00f4le UBS\" \/>\n<meta property=\"article:publisher\" content=\"https:\/\/www.facebook.com\/search\/top\/?q=algobox%20%3aun%20outil%20%c3%a9cologique%20de%20r%c3%a9g%c3%a9n%c3%a9ration%20des%20dunes\" \/>\n<meta property=\"article:modified_time\" content=\"2020-12-05T20:35:13+00:00\" \/>\n<meta property=\"og:image\" content=\"https:\/\/www.laboratoire-geosciences-ocean-ubs.fr\/wp-content\/uploads\/2020\/04\/Guilhem_Estournes_Background-scaled.jpg\" \/>\n\t<meta property=\"og:image:width\" content=\"2560\" \/>\n\t<meta property=\"og:image:height\" content=\"1707\" \/>\n\t<meta property=\"og:image:type\" content=\"image\/jpeg\" \/>\n<meta name=\"twitter:card\" content=\"summary_large_image\" \/>\n<meta name=\"twitter:label1\" content=\"Estimated reading time\" \/>\n\t<meta name=\"twitter:data1\" content=\"2 minutes\" \/>\n<script type=\"application\/ld+json\" class=\"yoast-schema-graph\">{\"@context\":\"https:\\\/\\\/schema.org\",\"@graph\":[{\"@type\":\"WebPage\",\"@id\":\"https:\\\/\\\/www.laboratoire-geosciences-ocean-ubs.fr\\\/theses-post-docs\\\/guilhem-estournes-these\\\/\",\"url\":\"https:\\\/\\\/www.laboratoire-geosciences-ocean-ubs.fr\\\/theses-post-docs\\\/guilhem-estournes-these\\\/\",\"name\":\"Guilhem Estourn\u00e8s (Th\u00e8se) - LGO - P\u00f4le UBS\",\"isPartOf\":{\"@id\":\"https:\\\/\\\/www.laboratoire-geosciences-ocean-ubs.fr\\\/#website\"},\"primaryImageOfPage\":{\"@id\":\"https:\\\/\\\/www.laboratoire-geosciences-ocean-ubs.fr\\\/theses-post-docs\\\/guilhem-estournes-these\\\/#primaryimage\"},\"image\":{\"@id\":\"https:\\\/\\\/www.laboratoire-geosciences-ocean-ubs.fr\\\/theses-post-docs\\\/guilhem-estournes-these\\\/#primaryimage\"},\"thumbnailUrl\":\"https:\\\/\\\/www.laboratoire-geosciences-ocean-ubs.fr\\\/wp-content\\\/uploads\\\/2020\\\/04\\\/Guilhem_Estournes_Background-scaled.jpg\",\"datePublished\":\"2020-04-18T01:21:51+00:00\",\"dateModified\":\"2020-12-05T20:35:13+00:00\",\"description\":\"La p\u00e9nurie de granulats \u00e0 terre (en particulier d\u2019origine alluvionnaire) en r\u00e9gion Bretagne conduit les industriels \u00e0 prospecter dans de nouvelles zones de gisements potentiels. Le plateau continental interne (0-60 m) correspond pour partie \u00e0 l\u2019extension des topographies continentales, remani\u00e9es par les variations eustatiques, climatiques et tectoniques au cours du Quaternaire (2. 6 Ma-Actuel).\",\"breadcrumb\":{\"@id\":\"https:\\\/\\\/www.laboratoire-geosciences-ocean-ubs.fr\\\/theses-post-docs\\\/guilhem-estournes-these\\\/#breadcrumb\"},\"inLanguage\":\"en-GB\",\"potentialAction\":[{\"@type\":\"ReadAction\",\"target\":[\"https:\\\/\\\/www.laboratoire-geosciences-ocean-ubs.fr\\\/theses-post-docs\\\/guilhem-estournes-these\\\/\"]}]},{\"@type\":\"ImageObject\",\"inLanguage\":\"en-GB\",\"@id\":\"https:\\\/\\\/www.laboratoire-geosciences-ocean-ubs.fr\\\/theses-post-docs\\\/guilhem-estournes-these\\\/#primaryimage\",\"url\":\"https:\\\/\\\/www.laboratoire-geosciences-ocean-ubs.fr\\\/wp-content\\\/uploads\\\/2020\\\/04\\\/Guilhem_Estournes_Background-scaled.jpg\",\"contentUrl\":\"https:\\\/\\\/www.laboratoire-geosciences-ocean-ubs.fr\\\/wp-content\\\/uploads\\\/2020\\\/04\\\/Guilhem_Estournes_Background-scaled.jpg\",\"width\":2560,\"height\":1707},{\"@type\":\"BreadcrumbList\",\"@id\":\"https:\\\/\\\/www.laboratoire-geosciences-ocean-ubs.fr\\\/theses-post-docs\\\/guilhem-estournes-these\\\/#breadcrumb\",\"itemListElement\":[{\"@type\":\"ListItem\",\"position\":1,\"name\":\"Accueil\",\"item\":\"https:\\\/\\\/www.laboratoire-geosciences-ocean-ubs.fr\\\/\"},{\"@type\":\"ListItem\",\"position\":2,\"name\":\"Th\u00e8ses et Post-docs\",\"item\":\"https:\\\/\\\/www.laboratoire-geosciences-ocean-ubs.fr\\\/theses-post-docs\\\/\"},{\"@type\":\"ListItem\",\"position\":3,\"name\":\"Guilhem Estourn\u00e8s (Th\u00e8se)\"}]},{\"@type\":\"WebSite\",\"@id\":\"https:\\\/\\\/www.laboratoire-geosciences-ocean-ubs.fr\\\/#website\",\"url\":\"https:\\\/\\\/www.laboratoire-geosciences-ocean-ubs.fr\\\/\",\"name\":\"LGO - P\u00f4le UBS\",\"description\":\"Une expertise durable des milieux marins et c\u00f4tiers\",\"publisher\":{\"@id\":\"https:\\\/\\\/www.laboratoire-geosciences-ocean-ubs.fr\\\/#organization\"},\"potentialAction\":[{\"@type\":\"SearchAction\",\"target\":{\"@type\":\"EntryPoint\",\"urlTemplate\":\"https:\\\/\\\/www.laboratoire-geosciences-ocean-ubs.fr\\\/?s={search_term_string}\"},\"query-input\":{\"@type\":\"PropertyValueSpecification\",\"valueRequired\":true,\"valueName\":\"search_term_string\"}}],\"inLanguage\":\"en-GB\"},{\"@type\":\"Organization\",\"@id\":\"https:\\\/\\\/www.laboratoire-geosciences-ocean-ubs.fr\\\/#organization\",\"name\":\"OCLM\",\"url\":\"https:\\\/\\\/www.laboratoire-geosciences-ocean-ubs.fr\\\/\",\"logo\":{\"@type\":\"ImageObject\",\"inLanguage\":\"en-GB\",\"@id\":\"https:\\\/\\\/www.laboratoire-geosciences-ocean-ubs.fr\\\/#\\\/schema\\\/logo\\\/image\\\/\",\"url\":\"https:\\\/\\\/www.laboratoire-geosciences-ocean-ubs.fr\\\/wp-content\\\/uploads\\\/2021\\\/12\\\/cropped-cropped-goo-hd-geo-ocean-tutelles-noir.png\",\"contentUrl\":\"https:\\\/\\\/www.laboratoire-geosciences-ocean-ubs.fr\\\/wp-content\\\/uploads\\\/2021\\\/12\\\/cropped-cropped-goo-hd-geo-ocean-tutelles-noir.png\",\"width\":2887,\"height\":1485,\"caption\":\"OCLM\"},\"image\":{\"@id\":\"https:\\\/\\\/www.laboratoire-geosciences-ocean-ubs.fr\\\/#\\\/schema\\\/logo\\\/image\\\/\"},\"sameAs\":[\"https:\\\/\\\/www.facebook.com\\\/search\\\/top\\\/?q=algobox :un outil \u00e9cologique de r\u00e9g\u00e9n\u00e9ration des dunes\"]}]}<\/script>\n<!-- \/ Yoast SEO plugin. -->","yoast_head_json":{"title":"Guilhem Estourn\u00e8s (Th\u00e8se) - LGO - P\u00f4le UBS","description":"La p\u00e9nurie de granulats \u00e0 terre (en particulier d\u2019origine alluvionnaire) en r\u00e9gion Bretagne conduit les industriels \u00e0 prospecter dans de nouvelles zones de gisements potentiels. Le plateau continental interne (0-60 m) correspond pour partie \u00e0 l\u2019extension des topographies continentales, remani\u00e9es par les variations eustatiques, climatiques et tectoniques au cours du Quaternaire (2. 6 Ma-Actuel).","robots":{"index":"index","follow":"follow","max-snippet":"max-snippet:-1","max-image-preview":"max-image-preview:large","max-video-preview":"max-video-preview:-1"},"canonical":"https:\/\/www.laboratoire-geosciences-ocean-ubs.fr\/en\/theses-post-docs\/guilhem-estournes-these\/","og_locale":"en_GB","og_type":"article","og_title":"Guilhem Estourn\u00e8s (Th\u00e8se) - LGO - P\u00f4le UBS","og_description":"La p\u00e9nurie de granulats \u00e0 terre (en particulier d\u2019origine alluvionnaire) en r\u00e9gion Bretagne conduit les industriels \u00e0 prospecter dans de nouvelles zones de gisements potentiels. Le plateau continental interne (0-60 m) correspond pour partie \u00e0 l\u2019extension des topographies continentales, remani\u00e9es par les variations eustatiques, climatiques et tectoniques au cours du Quaternaire (2. 6 Ma-Actuel).","og_url":"https:\/\/www.laboratoire-geosciences-ocean-ubs.fr\/en\/theses-post-docs\/guilhem-estournes-these\/","og_site_name":"LGO - P\u00f4le UBS","article_publisher":"https:\/\/www.facebook.com\/search\/top\/?q=algobox%20%3aun%20outil%20%c3%a9cologique%20de%20r%c3%a9g%c3%a9n%c3%a9ration%20des%20dunes","article_modified_time":"2020-12-05T20:35:13+00:00","og_image":[{"width":2560,"height":1707,"url":"https:\/\/www.laboratoire-geosciences-ocean-ubs.fr\/wp-content\/uploads\/2020\/04\/Guilhem_Estournes_Background-scaled.jpg","type":"image\/jpeg"}],"twitter_card":"summary_large_image","twitter_misc":{"Estimated reading time":"2 minutes"},"schema":{"@context":"https:\/\/schema.org","@graph":[{"@type":"WebPage","@id":"https:\/\/www.laboratoire-geosciences-ocean-ubs.fr\/theses-post-docs\/guilhem-estournes-these\/","url":"https:\/\/www.laboratoire-geosciences-ocean-ubs.fr\/theses-post-docs\/guilhem-estournes-these\/","name":"Guilhem Estourn\u00e8s (Th\u00e8se) - LGO - P\u00f4le UBS","isPartOf":{"@id":"https:\/\/www.laboratoire-geosciences-ocean-ubs.fr\/#website"},"primaryImageOfPage":{"@id":"https:\/\/www.laboratoire-geosciences-ocean-ubs.fr\/theses-post-docs\/guilhem-estournes-these\/#primaryimage"},"image":{"@id":"https:\/\/www.laboratoire-geosciences-ocean-ubs.fr\/theses-post-docs\/guilhem-estournes-these\/#primaryimage"},"thumbnailUrl":"https:\/\/www.laboratoire-geosciences-ocean-ubs.fr\/wp-content\/uploads\/2020\/04\/Guilhem_Estournes_Background-scaled.jpg","datePublished":"2020-04-18T01:21:51+00:00","dateModified":"2020-12-05T20:35:13+00:00","description":"La p\u00e9nurie de granulats \u00e0 terre (en particulier d\u2019origine alluvionnaire) en r\u00e9gion Bretagne conduit les industriels \u00e0 prospecter dans de nouvelles zones de gisements potentiels. Le plateau continental interne (0-60 m) correspond pour partie \u00e0 l\u2019extension des topographies continentales, remani\u00e9es par les variations eustatiques, climatiques et tectoniques au cours du Quaternaire (2. 6 Ma-Actuel).","breadcrumb":{"@id":"https:\/\/www.laboratoire-geosciences-ocean-ubs.fr\/theses-post-docs\/guilhem-estournes-these\/#breadcrumb"},"inLanguage":"en-GB","potentialAction":[{"@type":"ReadAction","target":["https:\/\/www.laboratoire-geosciences-ocean-ubs.fr\/theses-post-docs\/guilhem-estournes-these\/"]}]},{"@type":"ImageObject","inLanguage":"en-GB","@id":"https:\/\/www.laboratoire-geosciences-ocean-ubs.fr\/theses-post-docs\/guilhem-estournes-these\/#primaryimage","url":"https:\/\/www.laboratoire-geosciences-ocean-ubs.fr\/wp-content\/uploads\/2020\/04\/Guilhem_Estournes_Background-scaled.jpg","contentUrl":"https:\/\/www.laboratoire-geosciences-ocean-ubs.fr\/wp-content\/uploads\/2020\/04\/Guilhem_Estournes_Background-scaled.jpg","width":2560,"height":1707},{"@type":"BreadcrumbList","@id":"https:\/\/www.laboratoire-geosciences-ocean-ubs.fr\/theses-post-docs\/guilhem-estournes-these\/#breadcrumb","itemListElement":[{"@type":"ListItem","position":1,"name":"Accueil","item":"https:\/\/www.laboratoire-geosciences-ocean-ubs.fr\/"},{"@type":"ListItem","position":2,"name":"Th\u00e8ses et Post-docs","item":"https:\/\/www.laboratoire-geosciences-ocean-ubs.fr\/theses-post-docs\/"},{"@type":"ListItem","position":3,"name":"Guilhem Estourn\u00e8s (Th\u00e8se)"}]},{"@type":"WebSite","@id":"https:\/\/www.laboratoire-geosciences-ocean-ubs.fr\/#website","url":"https:\/\/www.laboratoire-geosciences-ocean-ubs.fr\/","name":"LGO - P\u00f4le UBS","description":"Une expertise durable des milieux marins et c\u00f4tiers","publisher":{"@id":"https:\/\/www.laboratoire-geosciences-ocean-ubs.fr\/#organization"},"potentialAction":[{"@type":"SearchAction","target":{"@type":"EntryPoint","urlTemplate":"https:\/\/www.laboratoire-geosciences-ocean-ubs.fr\/?s={search_term_string}"},"query-input":{"@type":"PropertyValueSpecification","valueRequired":true,"valueName":"search_term_string"}}],"inLanguage":"en-GB"},{"@type":"Organization","@id":"https:\/\/www.laboratoire-geosciences-ocean-ubs.fr\/#organization","name":"OCLM","url":"https:\/\/www.laboratoire-geosciences-ocean-ubs.fr\/","logo":{"@type":"ImageObject","inLanguage":"en-GB","@id":"https:\/\/www.laboratoire-geosciences-ocean-ubs.fr\/#\/schema\/logo\/image\/","url":"https:\/\/www.laboratoire-geosciences-ocean-ubs.fr\/wp-content\/uploads\/2021\/12\/cropped-cropped-goo-hd-geo-ocean-tutelles-noir.png","contentUrl":"https:\/\/www.laboratoire-geosciences-ocean-ubs.fr\/wp-content\/uploads\/2021\/12\/cropped-cropped-goo-hd-geo-ocean-tutelles-noir.png","width":2887,"height":1485,"caption":"OCLM"},"image":{"@id":"https:\/\/www.laboratoire-geosciences-ocean-ubs.fr\/#\/schema\/logo\/image\/"},"sameAs":["https:\/\/www.facebook.com\/search\/top\/?q=algobox :un outil \u00e9cologique de r\u00e9g\u00e9n\u00e9ration des dunes"]}]}},"_links":{"self":[{"href":"http:\/\/www.laboratoire-geosciences-ocean-ubs.fr\/en\/wp-json\/wp\/v2\/pages\/5119","targetHints":{"allow":["GET"]}}],"collection":[{"href":"http:\/\/www.laboratoire-geosciences-ocean-ubs.fr\/en\/wp-json\/wp\/v2\/pages"}],"about":[{"href":"http:\/\/www.laboratoire-geosciences-ocean-ubs.fr\/en\/wp-json\/wp\/v2\/types\/page"}],"author":[{"embeddable":true,"href":"http:\/\/www.laboratoire-geosciences-ocean-ubs.fr\/en\/wp-json\/wp\/v2\/users\/9"}],"replies":[{"embeddable":true,"href":"http:\/\/www.laboratoire-geosciences-ocean-ubs.fr\/en\/wp-json\/wp\/v2\/comments?post=5119"}],"version-history":[{"count":0,"href":"http:\/\/www.laboratoire-geosciences-ocean-ubs.fr\/en\/wp-json\/wp\/v2\/pages\/5119\/revisions"}],"up":[{"embeddable":true,"href":"http:\/\/www.laboratoire-geosciences-ocean-ubs.fr\/en\/wp-json\/wp\/v2\/pages\/3951"}],"wp:featuredmedia":[{"embeddable":true,"href":"http:\/\/www.laboratoire-geosciences-ocean-ubs.fr\/en\/wp-json\/wp\/v2\/media\/5121"}],"wp:attachment":[{"href":"http:\/\/www.laboratoire-geosciences-ocean-ubs.fr\/en\/wp-json\/wp\/v2\/media?parent=5119"}],"curies":[{"name":"wp","href":"https:\/\/api.w.org\/{rel}","templated":true}]}}