{"id":4838,"date":"2020-04-12T18:31:33","date_gmt":"2020-04-12T16:31:33","guid":{"rendered":"http:\/\/www.laboratoire-geosciences-ocean-ubs.fr\/?page_id=4838"},"modified":"2020-12-05T17:16:07","modified_gmt":"2020-12-05T16:16:07","slug":"soizig-pian-these","status":"publish","type":"page","link":"http:\/\/www.laboratoire-geosciences-ocean-ubs.fr\/en\/theses-post-docs\/soizig-pian-these\/","title":{"rendered":"Soizig Pian (PhD)"},"content":{"rendered":"<div id=\"pl-4838\"  class=\"panel-layout\" ><div id=\"pg-4838-0\"  class=\"panel-grid panel-no-style\" ><div id=\"pgc-4838-0-0\"  class=\"panel-grid-cell\" ><div id=\"panel-4838-0-0-0\" class=\"so-panel widget widget_sow-editor panel-first-child panel-last-child\" data-index=\"0\" ><div class=\"panel-widget-style panel-widget-style-for-4838-0-0-0\" ><div\n\t\t\t\n\t\t\tclass=\"so-widget-sow-editor so-widget-sow-editor-base\"\n\t\t\t\n\t\t>\n<div class=\"siteorigin-widget-tinymce textwidget\">\n\t<p style=\"text-align: left;\"><span style=\"color: #ffffff;\"><img loading=\"lazy\" decoding=\"async\" class=\"alignleft wp-image-5146 size-medium\" src=\"https:\/\/www.laboratoire-geosciences-ocean-ubs.fr\/wp-content\/uploads\/2020\/04\/Soazig_Pian-300x300.jpg\" alt=\"\" width=\"300\" height=\"300\" srcset=\"https:\/\/www.laboratoire-geosciences-ocean-ubs.fr\/wp-content\/uploads\/2020\/04\/Soazig_Pian-300x300.jpg 300w, https:\/\/www.laboratoire-geosciences-ocean-ubs.fr\/wp-content\/uploads\/2020\/04\/Soazig_Pian-150x150.jpg 150w, https:\/\/www.laboratoire-geosciences-ocean-ubs.fr\/wp-content\/uploads\/2020\/04\/Soazig_Pian.jpg 562w\" sizes=\"auto, (max-width: 300px) 100vw, 300px\" \/><\/span><\/p>\n<h3 style=\"text-align: center;\"><span style=\"color: #ffffff;\">Soizig Pian<\/span><\/h3>\n<p>&nbsp;<\/p>\n<p style=\"text-align: left;\">Thesis defended in 2010<br \/>\nin Rennes 2<br \/>\nGeography<\/p>\n<\/div>\n<\/div><\/div><\/div><\/div><\/div><div id=\"pg-4838-1\"  class=\"panel-grid panel-no-style\" ><div id=\"pgc-4838-1-0\"  class=\"panel-grid-cell\" ><div id=\"panel-4838-1-0-0\" class=\"so-panel widget widget_sow-editor panel-first-child panel-last-child\" data-index=\"1\" ><div\n\t\t\t\n\t\t\tclass=\"so-widget-sow-editor so-widget-sow-editor-base\"\n\t\t\t\n\t\t>\n<div class=\"siteorigin-widget-tinymce textwidget\">\n\t<h3 style=\"text-align: center;\">Multiscalar and multifactorial analysis of the evolution and geomorphological behaviour of the coastal systems of Southern Brittany<\/h3>\n<\/div>\n<\/div><\/div><\/div><\/div><div id=\"pg-4838-2\"  class=\"panel-grid panel-no-style\" ><div id=\"pgc-4838-2-0\"  class=\"panel-grid-cell\" ><div id=\"panel-4838-2-0-0\" class=\"so-panel widget widget_sow-editor panel-first-child panel-last-child\" data-index=\"2\" ><div\n\t\t\t\n\t\t\tclass=\"so-widget-sow-editor so-widget-sow-editor-base\"\n\t\t\t\n\t\t>\n<div class=\"siteorigin-widget-tinymce textwidget\">\n\t<h4 style=\"text-align: left;\"><span style=\"color: #1269b0;\">Abstract<\/span><\/h4>\n<p style=\"text-align: justify;\"><span style=\"color: #4b4b4c;\">The work carried out through this PhD thesis focused on the geomorphological behavior of the South Brittany coasts, located between the Talut tip (Lorient) and the Vilaine estuary (Penestin). Mainly made up of low coastlines, composed of altered cliffs or dune-beach systems, these coasts are sensitive to erosion processes favouring the retreat of the coastline. In addition, anthropic pressures exerted on the coastal fringe have increased sharply since the 1950s and favour an increasing artificialisation of coastal spaces. In this context, this work has sought to understand the impact of the complexity of \"nature\" - \"society\" relations in the geomorphological functioning of these coasts, with a particular interest in the occurrence of erosive processes. The analysis is based on a multiscalar and multifactorial approach, based on three years of fieldwork, as well as on a spatial and statistical analysis of coastline variations over different time steps. Over the long term (multi-decadal time scale), the analysis consisted in relating the coastline variations measured from aerial photographs to a GIS database describing the factors controlling the evolution of the coastline. In this way, spatial and statistical dependency relationships between coastline movements and these factors could be established in order to prioritize their respective roles. The analysis was carried out over several time steps according to the availability of aerial photographs. It focused on five coastal systems : the G\u00e2vres-Penthi\u00e8vre dune system, the rocky peninsula of Quiberon, the Bay of Quiberon, the Gulf of Morbihan and the south-eastern beaches of the Rhuys peninsula. In the short term (biannual time scale), the analysis sought to characterize the morphodynamic behavior of 25 beaches located within the G\u00e2vres-Penthi\u00e8vre dune system, the Bay of Quiberon and the Rhuys peninsula, based on granulometric data, topographic data and modeled swell data from the offshore and the coast. The results obtained were compared in order to establish a typology of morphodynamic and geomorphological behaviours. The combination of the results obtained made it possible to propose conceptual models of the geomorphological functioning of these coastal systems and to analyse the complexity of the relationships between \"natural forcing\" and \"anthropogenic forcing\". At the scale of coastal systems, the coastline variations, on the long and medium term, are mainly explained by morphological and hydrodynamic forcing. On certain time steps, the protection measures of the coastal dunes favour the programming of the dune front. On a finer scale, the retreat of the coastline is controlled by accelerated erosion processes or by anthropic erosion processes. The analysis of these interactions has enabled us to propose a typology of the forms of vulnerability affecting the coasts of Southern Brittany, integrating the relative importance of the control of the anthropic element in the occurrence and location of erosive processes.<\/span><\/p>\n<\/div>\n<\/div><\/div><\/div><div id=\"pgc-4838-2-1\"  class=\"panel-grid-cell\" ><div id=\"panel-4838-2-1-0\" class=\"so-panel widget widget_sow-editor panel-first-child panel-last-child\" data-index=\"3\" ><div\n\t\t\t\n\t\t\tclass=\"so-widget-sow-editor so-widget-sow-editor-base\"\n\t\t\t\n\t\t>\n<div class=\"siteorigin-widget-tinymce textwidget\">\n\t<h4 style=\"padding-left: 40px;\"><a href=\"https:\/\/tel.archives-ouvertes.fr\/tel-00747056\/file\/2010thesePianS.pdf\" target=\"_blank\" rel=\"noopener noreferrer\"><img loading=\"lazy\" decoding=\"async\" class=\"alignnone wp-image-4805\" src=\"https:\/\/www.laboratoire-geosciences-ocean-ubs.fr\/wp-content\/uploads\/2020\/04\/icons8-document-500_blue-1-300x300.png\" alt=\"\" width=\"100\" height=\"100\" srcset=\"https:\/\/www.laboratoire-geosciences-ocean-ubs.fr\/wp-content\/uploads\/2020\/04\/icons8-document-500_blue-1-300x300.png 300w, https:\/\/www.laboratoire-geosciences-ocean-ubs.fr\/wp-content\/uploads\/2020\/04\/icons8-document-500_blue-1-150x150.png 150w, https:\/\/www.laboratoire-geosciences-ocean-ubs.fr\/wp-content\/uploads\/2020\/04\/icons8-document-500_blue-1.png 500w\" sizes=\"auto, (max-width: 100px) 100vw, 100px\" \/><\/a><\/h4>\n<p style=\"text-align: left; padding-left: 40px;\"><span style=\"color: #1269b0;\"><strong>Supervisors<\/strong><br \/>\n<\/span><span style=\"color: #4b4b4c;\">Herv\u00e9 Regnauld<br \/>\nDavid Menier<\/span><\/p>\n<p style=\"text-align: left; padding-left: 40px;\"><strong><span style=\"color: #1269b0;\">Keywords<br \/>\n<\/span><\/strong><span style=\"color: #4b4b4c;\">Scouring (geomorphology)<br \/>\nPhoto-interpretation<br \/>\nBeach<br \/>\nErosion<br \/>\nLittorals<br \/>\nModifications<br \/>\nFrance<br \/>\nMorbihan<br \/>\nXXIst century<\/span><\/p>\n<\/div>\n<\/div><\/div><\/div><\/div><\/div>","protected":false},"excerpt":{"rendered":"<p>Soizig Pian &nbsp; Th\u00e8se soutenue en 2010 \u00e0 Rennes 2 Domaine de la G\u00e9ographie Analyse multiscalaire et multifactorielle de l\u2019\u00e9volution et du comportement g\u00e9omorphologique des syst\u00e8mes c\u00f4tiers sud bretons<\/p>","protected":false},"author":9,"featured_media":5147,"parent":3951,"menu_order":0,"comment_status":"closed","ping_status":"closed","template":"","meta":{"footnotes":""},"class_list":["post-4838","page","type-page","status-publish","has-post-thumbnail","hentry"],"yoast_head":"<!-- This site is optimized with the Yoast SEO plugin v27.4 - https:\/\/yoast.com\/product\/yoast-seo-wordpress\/ -->\n<title>Soizig Pian (Th\u00e8se) - LGO - P\u00f4le UBS<\/title>\n<meta name=\"description\" content=\"Retrouvez ici la th\u00e8se de Soazig Pian sur l&#039;analyse multiscalaire et multifactorielle de l\u2019\u00e9volution et du comportement g\u00e9omorphologique des syst\u00e8mes c\u00f4tiers sud bretons\" \/>\n<meta name=\"robots\" content=\"index, follow, max-snippet:-1, max-image-preview:large, max-video-preview:-1\" \/>\n<link rel=\"canonical\" href=\"https:\/\/www.laboratoire-geosciences-ocean-ubs.fr\/en\/theses-post-docs\/soizig-pian-these\/\" \/>\n<meta property=\"og:locale\" content=\"en_GB\" \/>\n<meta property=\"og:type\" content=\"article\" \/>\n<meta property=\"og:title\" content=\"Soizig Pian (Th\u00e8se) - LGO - P\u00f4le UBS\" \/>\n<meta property=\"og:description\" content=\"Retrouvez ici la th\u00e8se de Soazig Pian sur l&#039;analyse multiscalaire et multifactorielle de l\u2019\u00e9volution et du comportement g\u00e9omorphologique des syst\u00e8mes c\u00f4tiers sud bretons\" \/>\n<meta property=\"og:url\" content=\"https:\/\/www.laboratoire-geosciences-ocean-ubs.fr\/en\/theses-post-docs\/soizig-pian-these\/\" \/>\n<meta property=\"og:site_name\" content=\"LGO - P\u00f4le UBS\" \/>\n<meta property=\"article:publisher\" content=\"https:\/\/www.facebook.com\/search\/top\/?q=algobox%20%3aun%20outil%20%c3%a9cologique%20de%20r%c3%a9g%c3%a9n%c3%a9ration%20des%20dunes\" \/>\n<meta property=\"article:modified_time\" content=\"2020-12-05T16:16:07+00:00\" \/>\n<meta property=\"og:image\" content=\"https:\/\/www.laboratoire-geosciences-ocean-ubs.fr\/wp-content\/uploads\/2020\/04\/Soazig_Pian_Background-scaled.jpg\" \/>\n\t<meta property=\"og:image:width\" content=\"2560\" \/>\n\t<meta property=\"og:image:height\" content=\"1707\" \/>\n\t<meta property=\"og:image:type\" content=\"image\/jpeg\" \/>\n<meta name=\"twitter:card\" content=\"summary_large_image\" \/>\n<meta name=\"twitter:label1\" content=\"Estimated reading time\" \/>\n\t<meta name=\"twitter:data1\" content=\"3 minutes\" \/>\n<script type=\"application\/ld+json\" class=\"yoast-schema-graph\">{\"@context\":\"https:\\\/\\\/schema.org\",\"@graph\":[{\"@type\":\"WebPage\",\"@id\":\"https:\\\/\\\/www.laboratoire-geosciences-ocean-ubs.fr\\\/theses-post-docs\\\/soizig-pian-these\\\/\",\"url\":\"https:\\\/\\\/www.laboratoire-geosciences-ocean-ubs.fr\\\/theses-post-docs\\\/soizig-pian-these\\\/\",\"name\":\"Soizig Pian (Th\u00e8se) - LGO - P\u00f4le UBS\",\"isPartOf\":{\"@id\":\"https:\\\/\\\/www.laboratoire-geosciences-ocean-ubs.fr\\\/#website\"},\"primaryImageOfPage\":{\"@id\":\"https:\\\/\\\/www.laboratoire-geosciences-ocean-ubs.fr\\\/theses-post-docs\\\/soizig-pian-these\\\/#primaryimage\"},\"image\":{\"@id\":\"https:\\\/\\\/www.laboratoire-geosciences-ocean-ubs.fr\\\/theses-post-docs\\\/soizig-pian-these\\\/#primaryimage\"},\"thumbnailUrl\":\"https:\\\/\\\/www.laboratoire-geosciences-ocean-ubs.fr\\\/wp-content\\\/uploads\\\/2020\\\/04\\\/Soazig_Pian_Background-scaled.jpg\",\"datePublished\":\"2020-04-12T16:31:33+00:00\",\"dateModified\":\"2020-12-05T16:16:07+00:00\",\"description\":\"Retrouvez ici la th\u00e8se de Soazig Pian sur l'analyse multiscalaire et multifactorielle de l\u2019\u00e9volution et du comportement g\u00e9omorphologique des syst\u00e8mes c\u00f4tiers sud bretons\",\"breadcrumb\":{\"@id\":\"https:\\\/\\\/www.laboratoire-geosciences-ocean-ubs.fr\\\/theses-post-docs\\\/soizig-pian-these\\\/#breadcrumb\"},\"inLanguage\":\"en-GB\",\"potentialAction\":[{\"@type\":\"ReadAction\",\"target\":[\"https:\\\/\\\/www.laboratoire-geosciences-ocean-ubs.fr\\\/theses-post-docs\\\/soizig-pian-these\\\/\"]}]},{\"@type\":\"ImageObject\",\"inLanguage\":\"en-GB\",\"@id\":\"https:\\\/\\\/www.laboratoire-geosciences-ocean-ubs.fr\\\/theses-post-docs\\\/soizig-pian-these\\\/#primaryimage\",\"url\":\"https:\\\/\\\/www.laboratoire-geosciences-ocean-ubs.fr\\\/wp-content\\\/uploads\\\/2020\\\/04\\\/Soazig_Pian_Background-scaled.jpg\",\"contentUrl\":\"https:\\\/\\\/www.laboratoire-geosciences-ocean-ubs.fr\\\/wp-content\\\/uploads\\\/2020\\\/04\\\/Soazig_Pian_Background-scaled.jpg\",\"width\":2560,\"height\":1707},{\"@type\":\"BreadcrumbList\",\"@id\":\"https:\\\/\\\/www.laboratoire-geosciences-ocean-ubs.fr\\\/theses-post-docs\\\/soizig-pian-these\\\/#breadcrumb\",\"itemListElement\":[{\"@type\":\"ListItem\",\"position\":1,\"name\":\"Accueil\",\"item\":\"https:\\\/\\\/www.laboratoire-geosciences-ocean-ubs.fr\\\/\"},{\"@type\":\"ListItem\",\"position\":2,\"name\":\"Th\u00e8ses et Post-docs\",\"item\":\"https:\\\/\\\/www.laboratoire-geosciences-ocean-ubs.fr\\\/theses-post-docs\\\/\"},{\"@type\":\"ListItem\",\"position\":3,\"name\":\"Soizig Pian (Th\u00e8se)\"}]},{\"@type\":\"WebSite\",\"@id\":\"https:\\\/\\\/www.laboratoire-geosciences-ocean-ubs.fr\\\/#website\",\"url\":\"https:\\\/\\\/www.laboratoire-geosciences-ocean-ubs.fr\\\/\",\"name\":\"LGO - P\u00f4le UBS\",\"description\":\"Une expertise durable des milieux marins et c\u00f4tiers\",\"publisher\":{\"@id\":\"https:\\\/\\\/www.laboratoire-geosciences-ocean-ubs.fr\\\/#organization\"},\"potentialAction\":[{\"@type\":\"SearchAction\",\"target\":{\"@type\":\"EntryPoint\",\"urlTemplate\":\"https:\\\/\\\/www.laboratoire-geosciences-ocean-ubs.fr\\\/?s={search_term_string}\"},\"query-input\":{\"@type\":\"PropertyValueSpecification\",\"valueRequired\":true,\"valueName\":\"search_term_string\"}}],\"inLanguage\":\"en-GB\"},{\"@type\":\"Organization\",\"@id\":\"https:\\\/\\\/www.laboratoire-geosciences-ocean-ubs.fr\\\/#organization\",\"name\":\"OCLM\",\"url\":\"https:\\\/\\\/www.laboratoire-geosciences-ocean-ubs.fr\\\/\",\"logo\":{\"@type\":\"ImageObject\",\"inLanguage\":\"en-GB\",\"@id\":\"https:\\\/\\\/www.laboratoire-geosciences-ocean-ubs.fr\\\/#\\\/schema\\\/logo\\\/image\\\/\",\"url\":\"https:\\\/\\\/www.laboratoire-geosciences-ocean-ubs.fr\\\/wp-content\\\/uploads\\\/2021\\\/12\\\/cropped-cropped-goo-hd-geo-ocean-tutelles-noir.png\",\"contentUrl\":\"https:\\\/\\\/www.laboratoire-geosciences-ocean-ubs.fr\\\/wp-content\\\/uploads\\\/2021\\\/12\\\/cropped-cropped-goo-hd-geo-ocean-tutelles-noir.png\",\"width\":2887,\"height\":1485,\"caption\":\"OCLM\"},\"image\":{\"@id\":\"https:\\\/\\\/www.laboratoire-geosciences-ocean-ubs.fr\\\/#\\\/schema\\\/logo\\\/image\\\/\"},\"sameAs\":[\"https:\\\/\\\/www.facebook.com\\\/search\\\/top\\\/?q=algobox :un outil \u00e9cologique de r\u00e9g\u00e9n\u00e9ration des dunes\"]}]}<\/script>\n<!-- \/ Yoast SEO plugin. -->","yoast_head_json":{"title":"Soizig Pian (Th\u00e8se) - LGO - P\u00f4le UBS","description":"Retrouvez ici la th\u00e8se de Soazig Pian sur l'analyse multiscalaire et multifactorielle de l\u2019\u00e9volution et du comportement g\u00e9omorphologique des syst\u00e8mes c\u00f4tiers sud bretons","robots":{"index":"index","follow":"follow","max-snippet":"max-snippet:-1","max-image-preview":"max-image-preview:large","max-video-preview":"max-video-preview:-1"},"canonical":"https:\/\/www.laboratoire-geosciences-ocean-ubs.fr\/en\/theses-post-docs\/soizig-pian-these\/","og_locale":"en_GB","og_type":"article","og_title":"Soizig Pian (Th\u00e8se) - LGO - P\u00f4le UBS","og_description":"Retrouvez ici la th\u00e8se de Soazig Pian sur l'analyse multiscalaire et multifactorielle de l\u2019\u00e9volution et du comportement g\u00e9omorphologique des syst\u00e8mes c\u00f4tiers sud bretons","og_url":"https:\/\/www.laboratoire-geosciences-ocean-ubs.fr\/en\/theses-post-docs\/soizig-pian-these\/","og_site_name":"LGO - P\u00f4le UBS","article_publisher":"https:\/\/www.facebook.com\/search\/top\/?q=algobox%20%3aun%20outil%20%c3%a9cologique%20de%20r%c3%a9g%c3%a9n%c3%a9ration%20des%20dunes","article_modified_time":"2020-12-05T16:16:07+00:00","og_image":[{"width":2560,"height":1707,"url":"https:\/\/www.laboratoire-geosciences-ocean-ubs.fr\/wp-content\/uploads\/2020\/04\/Soazig_Pian_Background-scaled.jpg","type":"image\/jpeg"}],"twitter_card":"summary_large_image","twitter_misc":{"Estimated reading time":"3 minutes"},"schema":{"@context":"https:\/\/schema.org","@graph":[{"@type":"WebPage","@id":"https:\/\/www.laboratoire-geosciences-ocean-ubs.fr\/theses-post-docs\/soizig-pian-these\/","url":"https:\/\/www.laboratoire-geosciences-ocean-ubs.fr\/theses-post-docs\/soizig-pian-these\/","name":"Soizig Pian (Th\u00e8se) - LGO - P\u00f4le UBS","isPartOf":{"@id":"https:\/\/www.laboratoire-geosciences-ocean-ubs.fr\/#website"},"primaryImageOfPage":{"@id":"https:\/\/www.laboratoire-geosciences-ocean-ubs.fr\/theses-post-docs\/soizig-pian-these\/#primaryimage"},"image":{"@id":"https:\/\/www.laboratoire-geosciences-ocean-ubs.fr\/theses-post-docs\/soizig-pian-these\/#primaryimage"},"thumbnailUrl":"https:\/\/www.laboratoire-geosciences-ocean-ubs.fr\/wp-content\/uploads\/2020\/04\/Soazig_Pian_Background-scaled.jpg","datePublished":"2020-04-12T16:31:33+00:00","dateModified":"2020-12-05T16:16:07+00:00","description":"Retrouvez ici la th\u00e8se de Soazig Pian sur l'analyse multiscalaire et multifactorielle de l\u2019\u00e9volution et du comportement g\u00e9omorphologique des syst\u00e8mes c\u00f4tiers sud bretons","breadcrumb":{"@id":"https:\/\/www.laboratoire-geosciences-ocean-ubs.fr\/theses-post-docs\/soizig-pian-these\/#breadcrumb"},"inLanguage":"en-GB","potentialAction":[{"@type":"ReadAction","target":["https:\/\/www.laboratoire-geosciences-ocean-ubs.fr\/theses-post-docs\/soizig-pian-these\/"]}]},{"@type":"ImageObject","inLanguage":"en-GB","@id":"https:\/\/www.laboratoire-geosciences-ocean-ubs.fr\/theses-post-docs\/soizig-pian-these\/#primaryimage","url":"https:\/\/www.laboratoire-geosciences-ocean-ubs.fr\/wp-content\/uploads\/2020\/04\/Soazig_Pian_Background-scaled.jpg","contentUrl":"https:\/\/www.laboratoire-geosciences-ocean-ubs.fr\/wp-content\/uploads\/2020\/04\/Soazig_Pian_Background-scaled.jpg","width":2560,"height":1707},{"@type":"BreadcrumbList","@id":"https:\/\/www.laboratoire-geosciences-ocean-ubs.fr\/theses-post-docs\/soizig-pian-these\/#breadcrumb","itemListElement":[{"@type":"ListItem","position":1,"name":"Accueil","item":"https:\/\/www.laboratoire-geosciences-ocean-ubs.fr\/"},{"@type":"ListItem","position":2,"name":"Th\u00e8ses et Post-docs","item":"https:\/\/www.laboratoire-geosciences-ocean-ubs.fr\/theses-post-docs\/"},{"@type":"ListItem","position":3,"name":"Soizig Pian (Th\u00e8se)"}]},{"@type":"WebSite","@id":"https:\/\/www.laboratoire-geosciences-ocean-ubs.fr\/#website","url":"https:\/\/www.laboratoire-geosciences-ocean-ubs.fr\/","name":"LGO - P\u00f4le UBS","description":"Une expertise durable des milieux marins et c\u00f4tiers","publisher":{"@id":"https:\/\/www.laboratoire-geosciences-ocean-ubs.fr\/#organization"},"potentialAction":[{"@type":"SearchAction","target":{"@type":"EntryPoint","urlTemplate":"https:\/\/www.laboratoire-geosciences-ocean-ubs.fr\/?s={search_term_string}"},"query-input":{"@type":"PropertyValueSpecification","valueRequired":true,"valueName":"search_term_string"}}],"inLanguage":"en-GB"},{"@type":"Organization","@id":"https:\/\/www.laboratoire-geosciences-ocean-ubs.fr\/#organization","name":"OCLM","url":"https:\/\/www.laboratoire-geosciences-ocean-ubs.fr\/","logo":{"@type":"ImageObject","inLanguage":"en-GB","@id":"https:\/\/www.laboratoire-geosciences-ocean-ubs.fr\/#\/schema\/logo\/image\/","url":"https:\/\/www.laboratoire-geosciences-ocean-ubs.fr\/wp-content\/uploads\/2021\/12\/cropped-cropped-goo-hd-geo-ocean-tutelles-noir.png","contentUrl":"https:\/\/www.laboratoire-geosciences-ocean-ubs.fr\/wp-content\/uploads\/2021\/12\/cropped-cropped-goo-hd-geo-ocean-tutelles-noir.png","width":2887,"height":1485,"caption":"OCLM"},"image":{"@id":"https:\/\/www.laboratoire-geosciences-ocean-ubs.fr\/#\/schema\/logo\/image\/"},"sameAs":["https:\/\/www.facebook.com\/search\/top\/?q=algobox :un outil \u00e9cologique de r\u00e9g\u00e9n\u00e9ration des dunes"]}]}},"_links":{"self":[{"href":"http:\/\/www.laboratoire-geosciences-ocean-ubs.fr\/en\/wp-json\/wp\/v2\/pages\/4838","targetHints":{"allow":["GET"]}}],"collection":[{"href":"http:\/\/www.laboratoire-geosciences-ocean-ubs.fr\/en\/wp-json\/wp\/v2\/pages"}],"about":[{"href":"http:\/\/www.laboratoire-geosciences-ocean-ubs.fr\/en\/wp-json\/wp\/v2\/types\/page"}],"author":[{"embeddable":true,"href":"http:\/\/www.laboratoire-geosciences-ocean-ubs.fr\/en\/wp-json\/wp\/v2\/users\/9"}],"replies":[{"embeddable":true,"href":"http:\/\/www.laboratoire-geosciences-ocean-ubs.fr\/en\/wp-json\/wp\/v2\/comments?post=4838"}],"version-history":[{"count":0,"href":"http:\/\/www.laboratoire-geosciences-ocean-ubs.fr\/en\/wp-json\/wp\/v2\/pages\/4838\/revisions"}],"up":[{"embeddable":true,"href":"http:\/\/www.laboratoire-geosciences-ocean-ubs.fr\/en\/wp-json\/wp\/v2\/pages\/3951"}],"wp:featuredmedia":[{"embeddable":true,"href":"http:\/\/www.laboratoire-geosciences-ocean-ubs.fr\/en\/wp-json\/wp\/v2\/media\/5147"}],"wp:attachment":[{"href":"http:\/\/www.laboratoire-geosciences-ocean-ubs.fr\/en\/wp-json\/wp\/v2\/media?parent=4838"}],"curies":[{"name":"wp","href":"https:\/\/api.w.org\/{rel}","templated":true}]}}