{"id":4809,"date":"2020-04-12T00:00:12","date_gmt":"2020-04-11T22:00:12","guid":{"rendered":"http:\/\/www.laboratoire-geosciences-ocean-ubs.fr\/?page_id=4809"},"modified":"2020-12-05T00:52:28","modified_gmt":"2020-12-04T23:52:28","slug":"benjamin-sautter-these","status":"publish","type":"page","link":"http:\/\/www.laboratoire-geosciences-ocean-ubs.fr\/en\/theses-post-docs\/benjamin-sautter-these\/","title":{"rendered":"Benjamin Sautter (PhD)"},"content":{"rendered":"<div id=\"pl-4809\"  class=\"panel-layout\" ><div id=\"pg-4809-0\"  class=\"panel-grid panel-no-style\" ><div id=\"pgc-4809-0-0\"  class=\"panel-grid-cell\" ><div id=\"panel-4809-0-0-0\" class=\"so-panel widget widget_sow-editor panel-first-child panel-last-child\" data-index=\"0\" ><div class=\"panel-widget-style panel-widget-style-for-4809-0-0-0\" ><div\n\t\t\t\n\t\t\tclass=\"so-widget-sow-editor so-widget-sow-editor-base\"\n\t\t\t\n\t\t>\n<div class=\"siteorigin-widget-tinymce textwidget\">\n\t<p style=\"text-align: left;\"><span style=\"color: #ffffff;\"><img loading=\"lazy\" decoding=\"async\" class=\"alignleft wp-image-4724\" src=\"http:\/\/www.laboratoire-geosciences-ocean-ubs.fr\/wp-content\/uploads\/2020\/04\/BenjaminSautter.jpg\" alt=\"\" width=\"300\" height=\"300\" srcset=\"https:\/\/www.laboratoire-geosciences-ocean-ubs.fr\/wp-content\/uploads\/2020\/04\/BenjaminSautter.jpg 225w, https:\/\/www.laboratoire-geosciences-ocean-ubs.fr\/wp-content\/uploads\/2020\/04\/BenjaminSautter-150x150.jpg 150w\" sizes=\"auto, (max-width: 300px) 100vw, 300px\" \/><\/span><\/p>\n<h3 style=\"text-align: center;\"><span style=\"color: #ffffff;\">Benjamin Sautter<\/span><\/h3>\n<p>&nbsp;<\/p>\n<p style=\"text-align: left;\"><span style=\"color: #ffffff;\">Thesis defended on March 3rd 2017<br \/>\nat Paris Sciences et Lettres<br \/>\nEarth and Environment Sciences<\/span><\/p>\n<\/div>\n<\/div><\/div><\/div><\/div><\/div><div id=\"pg-4809-1\"  class=\"panel-grid panel-no-style\" ><div id=\"pgc-4809-1-0\"  class=\"panel-grid-cell\" ><div id=\"panel-4809-1-0-0\" class=\"so-panel widget widget_sow-editor panel-first-child panel-last-child\" data-index=\"1\" ><div\n\t\t\t\n\t\t\tclass=\"so-widget-sow-editor so-widget-sow-editor-base\"\n\t\t\t\n\t\t>\n<div class=\"siteorigin-widget-tinymce textwidget\">\n\t<h3 style=\"text-align: center;\">Influence of pre-existing fabrics in the structures and Evolution of the Rifting : insights from the western margin of Sunda Plate<\/h3>\n<\/div>\n<\/div><\/div><\/div><\/div><div id=\"pg-4809-2\"  class=\"panel-grid panel-no-style\" ><div id=\"pgc-4809-2-0\"  class=\"panel-grid-cell\" ><div id=\"panel-4809-2-0-0\" class=\"so-panel widget widget_sow-editor panel-first-child panel-last-child\" data-index=\"2\" ><div\n\t\t\t\n\t\t\tclass=\"so-widget-sow-editor so-widget-sow-editor-base\"\n\t\t\t\n\t\t>\n<div class=\"siteorigin-widget-tinymce textwidget\">\n\t<h4 style=\"text-align: left;\"><span style=\"color: #1269b0;\">Abstract<\/span><\/h4>\n<p style=\"text-align: justify;\"><span style=\"color: #4b4b4c;\">Sedimentary basins often develop above internal zones of former orogenic belts. We hereafter consider the Malay Peninsula (Western Sunda) as a crustal high separating two regions of stretched continental crust; the Andaman\/Malacca basins in the western side and the Thai\/Malay basins in the east. Several stages of rifting have been documented thanks to extensive geophysical exploration. However, little is known on the correlation between offshore rifted basins and the onshore continental core. In this paper, we explore through mapping and seismic data, how these structures reactivate pre-existing Mesozoic basement heterogeneities. The continental core appears to be relatively undeformed after the Triassic Indosinian orogeny. The thick crustal mega-horst is bounded by complex shear zones (Ranong, Klong Marui and Main Range Batholith Fault Zones) inititiated during the Late Cretaceous\/Early Paleogene during a thick-skin transpressional deformation and later reactivated in the Late Paleogene. The extension is localized on the sides of this crustal backbone along a strip where earlier Late Cretaceous deformation is well expressed. To the west, the continental shelf is underlain by three major crustal steps which correspond to wide crustal-scale tilted blocks bounded by deep rooted counter regional normal faults (Mergui Basin). To the east, some pronounced rift systems are also present, with large tilted blocks (Western Thai, Songkhla and Chumphon basins) which may reflect large crustal boudins. In the central domain, the extension is limited to isolated narrow N-S half grabens developed on a thick continental crust, controlled by shallow rooted normal faults, which develop often at the contact between granitoids and the host-rocks. The outer limits of the areas affected by the crustal boudinage mark the boundary toward the large and deeper Andaman basin in the west and the Malay and Pattani basins in the east. At a regional scale, the rifted basins resemble N-S en-echelon structures along large NW-SE shear bands. The rifting is accommodated by large low angle normal faults (LANF) running along crustal morphostructures such as broad folds and Mesozoic batholiths. The deep Andaman, Malay and Pattani basins seem to sit on weaker crust inherited from Gondwana-derived continental blocks (Burma, Sibumasu, and Indochina). The set of narrow elongated basins in the core of the Region (Khien Sa, Krabi, and Malacca basins) suffered from a relatively lesser extension. This work shows that the core of the late Cretaceous Orogeny is weakly reactivated during the subsequent rifting with only few evidences of stretching whereas its sides are thinned with large tilted blocks. The rifting migrates and localizes on the external regions and its geometry appears more ductile suggesting the influence of a thermal activity in the process. The coexistence of both geometries in a single rifting cycle makes the western margin of Sundaland an enlightening example.<\/span><\/p>\n<\/div>\n<\/div><\/div><\/div><div id=\"pgc-4809-2-1\"  class=\"panel-grid-cell\" ><div id=\"panel-4809-2-1-0\" class=\"so-panel widget widget_sow-editor panel-first-child panel-last-child\" data-index=\"3\" ><div\n\t\t\t\n\t\t\tclass=\"so-widget-sow-editor so-widget-sow-editor-base\"\n\t\t\t\n\t\t>\n<div class=\"siteorigin-widget-tinymce textwidget\">\n\t<p style=\"text-align: left; padding-left: 40px;\"><span style=\"color: #1269b0;\"><strong>Supervisors<\/strong><br \/>\n<\/span><span style=\"color: #4b4b4c;\">Manuel Pubellier<br \/>\nDavid Menier<\/span><\/p>\n<p style=\"padding-left: 40px;\"><span style=\"color: #1269b0;\"><strong>President of the jury<\/strong><br \/>\n<\/span><span style=\"color: #4b4b4c;\">Robin Lacassin<\/span><\/p>\n<p style=\"padding-left: 40px;\"><strong><span style=\"color: #1269b0;\">Members of the jury<br \/>\n<\/span><\/strong><span style=\"color: #4b4b4c;\">Manuel Pubellier<br \/>\nDavid Menier<br \/>\nRobin Lacassin<br \/>\nDominique Frizon de Lamotte<br \/>\nJulia De Sigoyer.<\/span><\/p>\n<p style=\"padding-left: 40px;\"><strong><span style=\"color: #1269b0;\">Rapporteurs<\/span><\/strong><br \/>\n<span style=\"color: #4b4b4c;\">Dominique Frizon de Lamotte<\/span><br \/>\n<span style=\"color: #4b4b4c;\">Liviu Matenco<\/span><\/p>\n<p style=\"text-align: left; padding-left: 40px;\"><strong><span style=\"color: #1269b0;\">Keywords<br \/>\n<\/span><\/strong><span style=\"color: #4b4b4c;\">Rifting<br \/>\nReactivation of Orogen<br \/>\nBassins Cr\u00e9tac\u00e9 \/ Tertiaire<br \/>\nGranite exhumation<br \/>\nP\u00e9ninsule Malaise<br \/>\nSundaland<\/span><\/p>\n<\/div>\n<\/div><\/div><\/div><\/div><\/div>","protected":false},"excerpt":{"rendered":"<p>Benjamin Sautter &nbsp; Th\u00e8se soutenue le 14-03-2017 \u00e0 Paris Sciences et Lettres Domaine Sciences de la Terre et de l&rsquo;environnement Influence de l\u2019h\u00e9ritage structural sur le rifting : exemple de la marge Ouest de La Sonde<\/p>","protected":false},"author":9,"featured_media":5555,"parent":3951,"menu_order":0,"comment_status":"closed","ping_status":"closed","template":"","meta":{"footnotes":""},"class_list":["post-4809","page","type-page","status-publish","has-post-thumbnail","hentry"],"yoast_head":"<!-- This site is optimized with the Yoast SEO plugin v27.4 - https:\/\/yoast.com\/product\/yoast-seo-wordpress\/ -->\n<title>Benjamin Sautter (Th\u00e8se) - LGO - P\u00f4le UBS<\/title>\n<meta name=\"description\" content=\"Retrouvez ici la th\u00e8se de Benjamin Sautter sur l&#039;influence de l\u2019h\u00e9ritage structural sur le rifting : exemple de la marge Ouest de La Sonde\" \/>\n<meta name=\"robots\" content=\"index, follow, max-snippet:-1, max-image-preview:large, max-video-preview:-1\" \/>\n<link rel=\"canonical\" href=\"https:\/\/www.laboratoire-geosciences-ocean-ubs.fr\/en\/theses-post-docs\/benjamin-sautter-these\/\" \/>\n<meta property=\"og:locale\" content=\"en_GB\" \/>\n<meta property=\"og:type\" content=\"article\" \/>\n<meta property=\"og:title\" content=\"Benjamin Sautter (Th\u00e8se) - LGO - P\u00f4le UBS\" \/>\n<meta property=\"og:description\" content=\"Retrouvez ici la th\u00e8se de Benjamin Sautter sur l&#039;influence de l\u2019h\u00e9ritage structural sur le rifting : exemple de la marge Ouest de La Sonde\" \/>\n<meta property=\"og:url\" content=\"https:\/\/www.laboratoire-geosciences-ocean-ubs.fr\/en\/theses-post-docs\/benjamin-sautter-these\/\" \/>\n<meta property=\"og:site_name\" content=\"LGO - P\u00f4le UBS\" \/>\n<meta property=\"article:publisher\" content=\"https:\/\/www.facebook.com\/search\/top\/?q=algobox%20%3aun%20outil%20%c3%a9cologique%20de%20r%c3%a9g%c3%a9n%c3%a9ration%20des%20dunes\" \/>\n<meta property=\"article:modified_time\" content=\"2020-12-04T23:52:28+00:00\" \/>\n<meta property=\"og:image\" content=\"https:\/\/www.laboratoire-geosciences-ocean-ubs.fr\/wp-content\/uploads\/2020\/04\/Port-Lenn_2-scaled.jpg\" \/>\n\t<meta property=\"og:image:width\" content=\"2560\" \/>\n\t<meta property=\"og:image:height\" content=\"1707\" \/>\n\t<meta property=\"og:image:type\" content=\"image\/jpeg\" \/>\n<meta name=\"twitter:card\" content=\"summary_large_image\" \/>\n<meta name=\"twitter:label1\" content=\"Estimated reading time\" \/>\n\t<meta name=\"twitter:data1\" content=\"4 minutes\" \/>\n<script type=\"application\/ld+json\" class=\"yoast-schema-graph\">{\"@context\":\"https:\\\/\\\/schema.org\",\"@graph\":[{\"@type\":\"WebPage\",\"@id\":\"https:\\\/\\\/www.laboratoire-geosciences-ocean-ubs.fr\\\/theses-post-docs\\\/benjamin-sautter-these\\\/\",\"url\":\"https:\\\/\\\/www.laboratoire-geosciences-ocean-ubs.fr\\\/theses-post-docs\\\/benjamin-sautter-these\\\/\",\"name\":\"Benjamin Sautter (Th\u00e8se) - LGO - P\u00f4le UBS\",\"isPartOf\":{\"@id\":\"https:\\\/\\\/www.laboratoire-geosciences-ocean-ubs.fr\\\/#website\"},\"primaryImageOfPage\":{\"@id\":\"https:\\\/\\\/www.laboratoire-geosciences-ocean-ubs.fr\\\/theses-post-docs\\\/benjamin-sautter-these\\\/#primaryimage\"},\"image\":{\"@id\":\"https:\\\/\\\/www.laboratoire-geosciences-ocean-ubs.fr\\\/theses-post-docs\\\/benjamin-sautter-these\\\/#primaryimage\"},\"thumbnailUrl\":\"https:\\\/\\\/www.laboratoire-geosciences-ocean-ubs.fr\\\/wp-content\\\/uploads\\\/2020\\\/04\\\/Port-Lenn_2-scaled.jpg\",\"datePublished\":\"2020-04-11T22:00:12+00:00\",\"dateModified\":\"2020-12-04T23:52:28+00:00\",\"description\":\"Retrouvez ici la th\u00e8se de Benjamin Sautter sur l'influence de l\u2019h\u00e9ritage structural sur le rifting : exemple de la marge Ouest de La Sonde\",\"breadcrumb\":{\"@id\":\"https:\\\/\\\/www.laboratoire-geosciences-ocean-ubs.fr\\\/theses-post-docs\\\/benjamin-sautter-these\\\/#breadcrumb\"},\"inLanguage\":\"en-GB\",\"potentialAction\":[{\"@type\":\"ReadAction\",\"target\":[\"https:\\\/\\\/www.laboratoire-geosciences-ocean-ubs.fr\\\/theses-post-docs\\\/benjamin-sautter-these\\\/\"]}]},{\"@type\":\"ImageObject\",\"inLanguage\":\"en-GB\",\"@id\":\"https:\\\/\\\/www.laboratoire-geosciences-ocean-ubs.fr\\\/theses-post-docs\\\/benjamin-sautter-these\\\/#primaryimage\",\"url\":\"https:\\\/\\\/www.laboratoire-geosciences-ocean-ubs.fr\\\/wp-content\\\/uploads\\\/2020\\\/04\\\/Port-Lenn_2-scaled.jpg\",\"contentUrl\":\"https:\\\/\\\/www.laboratoire-geosciences-ocean-ubs.fr\\\/wp-content\\\/uploads\\\/2020\\\/04\\\/Port-Lenn_2-scaled.jpg\",\"width\":2560,\"height\":1707,\"caption\":\"DCIMSURVEY100_0049100_0\"},{\"@type\":\"BreadcrumbList\",\"@id\":\"https:\\\/\\\/www.laboratoire-geosciences-ocean-ubs.fr\\\/theses-post-docs\\\/benjamin-sautter-these\\\/#breadcrumb\",\"itemListElement\":[{\"@type\":\"ListItem\",\"position\":1,\"name\":\"Accueil\",\"item\":\"https:\\\/\\\/www.laboratoire-geosciences-ocean-ubs.fr\\\/\"},{\"@type\":\"ListItem\",\"position\":2,\"name\":\"Th\u00e8ses et Post-docs\",\"item\":\"https:\\\/\\\/www.laboratoire-geosciences-ocean-ubs.fr\\\/theses-post-docs\\\/\"},{\"@type\":\"ListItem\",\"position\":3,\"name\":\"Benjamin Sautter (Th\u00e8se)\"}]},{\"@type\":\"WebSite\",\"@id\":\"https:\\\/\\\/www.laboratoire-geosciences-ocean-ubs.fr\\\/#website\",\"url\":\"https:\\\/\\\/www.laboratoire-geosciences-ocean-ubs.fr\\\/\",\"name\":\"LGO - P\u00f4le UBS\",\"description\":\"Une expertise durable des milieux marins et c\u00f4tiers\",\"publisher\":{\"@id\":\"https:\\\/\\\/www.laboratoire-geosciences-ocean-ubs.fr\\\/#organization\"},\"potentialAction\":[{\"@type\":\"SearchAction\",\"target\":{\"@type\":\"EntryPoint\",\"urlTemplate\":\"https:\\\/\\\/www.laboratoire-geosciences-ocean-ubs.fr\\\/?s={search_term_string}\"},\"query-input\":{\"@type\":\"PropertyValueSpecification\",\"valueRequired\":true,\"valueName\":\"search_term_string\"}}],\"inLanguage\":\"en-GB\"},{\"@type\":\"Organization\",\"@id\":\"https:\\\/\\\/www.laboratoire-geosciences-ocean-ubs.fr\\\/#organization\",\"name\":\"OCLM\",\"url\":\"https:\\\/\\\/www.laboratoire-geosciences-ocean-ubs.fr\\\/\",\"logo\":{\"@type\":\"ImageObject\",\"inLanguage\":\"en-GB\",\"@id\":\"https:\\\/\\\/www.laboratoire-geosciences-ocean-ubs.fr\\\/#\\\/schema\\\/logo\\\/image\\\/\",\"url\":\"https:\\\/\\\/www.laboratoire-geosciences-ocean-ubs.fr\\\/wp-content\\\/uploads\\\/2021\\\/12\\\/cropped-cropped-goo-hd-geo-ocean-tutelles-noir.png\",\"contentUrl\":\"https:\\\/\\\/www.laboratoire-geosciences-ocean-ubs.fr\\\/wp-content\\\/uploads\\\/2021\\\/12\\\/cropped-cropped-goo-hd-geo-ocean-tutelles-noir.png\",\"width\":2887,\"height\":1485,\"caption\":\"OCLM\"},\"image\":{\"@id\":\"https:\\\/\\\/www.laboratoire-geosciences-ocean-ubs.fr\\\/#\\\/schema\\\/logo\\\/image\\\/\"},\"sameAs\":[\"https:\\\/\\\/www.facebook.com\\\/search\\\/top\\\/?q=algobox :un outil \u00e9cologique de r\u00e9g\u00e9n\u00e9ration des dunes\"]}]}<\/script>\n<!-- \/ Yoast SEO plugin. -->","yoast_head_json":{"title":"Benjamin Sautter (Th\u00e8se) - LGO - P\u00f4le UBS","description":"Retrouvez ici la th\u00e8se de Benjamin Sautter sur l'influence de l\u2019h\u00e9ritage structural sur le rifting : exemple de la marge Ouest de La Sonde","robots":{"index":"index","follow":"follow","max-snippet":"max-snippet:-1","max-image-preview":"max-image-preview:large","max-video-preview":"max-video-preview:-1"},"canonical":"https:\/\/www.laboratoire-geosciences-ocean-ubs.fr\/en\/theses-post-docs\/benjamin-sautter-these\/","og_locale":"en_GB","og_type":"article","og_title":"Benjamin Sautter (Th\u00e8se) - LGO - P\u00f4le UBS","og_description":"Retrouvez ici la th\u00e8se de Benjamin Sautter sur l'influence de l\u2019h\u00e9ritage structural sur le rifting : exemple de la marge Ouest de La Sonde","og_url":"https:\/\/www.laboratoire-geosciences-ocean-ubs.fr\/en\/theses-post-docs\/benjamin-sautter-these\/","og_site_name":"LGO - P\u00f4le UBS","article_publisher":"https:\/\/www.facebook.com\/search\/top\/?q=algobox%20%3aun%20outil%20%c3%a9cologique%20de%20r%c3%a9g%c3%a9n%c3%a9ration%20des%20dunes","article_modified_time":"2020-12-04T23:52:28+00:00","og_image":[{"width":2560,"height":1707,"url":"https:\/\/www.laboratoire-geosciences-ocean-ubs.fr\/wp-content\/uploads\/2020\/04\/Port-Lenn_2-scaled.jpg","type":"image\/jpeg"}],"twitter_card":"summary_large_image","twitter_misc":{"Estimated reading time":"4 minutes"},"schema":{"@context":"https:\/\/schema.org","@graph":[{"@type":"WebPage","@id":"https:\/\/www.laboratoire-geosciences-ocean-ubs.fr\/theses-post-docs\/benjamin-sautter-these\/","url":"https:\/\/www.laboratoire-geosciences-ocean-ubs.fr\/theses-post-docs\/benjamin-sautter-these\/","name":"Benjamin Sautter (Th\u00e8se) - LGO - P\u00f4le UBS","isPartOf":{"@id":"https:\/\/www.laboratoire-geosciences-ocean-ubs.fr\/#website"},"primaryImageOfPage":{"@id":"https:\/\/www.laboratoire-geosciences-ocean-ubs.fr\/theses-post-docs\/benjamin-sautter-these\/#primaryimage"},"image":{"@id":"https:\/\/www.laboratoire-geosciences-ocean-ubs.fr\/theses-post-docs\/benjamin-sautter-these\/#primaryimage"},"thumbnailUrl":"https:\/\/www.laboratoire-geosciences-ocean-ubs.fr\/wp-content\/uploads\/2020\/04\/Port-Lenn_2-scaled.jpg","datePublished":"2020-04-11T22:00:12+00:00","dateModified":"2020-12-04T23:52:28+00:00","description":"Retrouvez ici la th\u00e8se de Benjamin Sautter sur l'influence de l\u2019h\u00e9ritage structural sur le rifting : exemple de la marge Ouest de La Sonde","breadcrumb":{"@id":"https:\/\/www.laboratoire-geosciences-ocean-ubs.fr\/theses-post-docs\/benjamin-sautter-these\/#breadcrumb"},"inLanguage":"en-GB","potentialAction":[{"@type":"ReadAction","target":["https:\/\/www.laboratoire-geosciences-ocean-ubs.fr\/theses-post-docs\/benjamin-sautter-these\/"]}]},{"@type":"ImageObject","inLanguage":"en-GB","@id":"https:\/\/www.laboratoire-geosciences-ocean-ubs.fr\/theses-post-docs\/benjamin-sautter-these\/#primaryimage","url":"https:\/\/www.laboratoire-geosciences-ocean-ubs.fr\/wp-content\/uploads\/2020\/04\/Port-Lenn_2-scaled.jpg","contentUrl":"https:\/\/www.laboratoire-geosciences-ocean-ubs.fr\/wp-content\/uploads\/2020\/04\/Port-Lenn_2-scaled.jpg","width":2560,"height":1707,"caption":"DCIMSURVEY100_0049100_0"},{"@type":"BreadcrumbList","@id":"https:\/\/www.laboratoire-geosciences-ocean-ubs.fr\/theses-post-docs\/benjamin-sautter-these\/#breadcrumb","itemListElement":[{"@type":"ListItem","position":1,"name":"Accueil","item":"https:\/\/www.laboratoire-geosciences-ocean-ubs.fr\/"},{"@type":"ListItem","position":2,"name":"Th\u00e8ses et Post-docs","item":"https:\/\/www.laboratoire-geosciences-ocean-ubs.fr\/theses-post-docs\/"},{"@type":"ListItem","position":3,"name":"Benjamin Sautter (Th\u00e8se)"}]},{"@type":"WebSite","@id":"https:\/\/www.laboratoire-geosciences-ocean-ubs.fr\/#website","url":"https:\/\/www.laboratoire-geosciences-ocean-ubs.fr\/","name":"LGO - P\u00f4le UBS","description":"Une expertise durable des milieux marins et c\u00f4tiers","publisher":{"@id":"https:\/\/www.laboratoire-geosciences-ocean-ubs.fr\/#organization"},"potentialAction":[{"@type":"SearchAction","target":{"@type":"EntryPoint","urlTemplate":"https:\/\/www.laboratoire-geosciences-ocean-ubs.fr\/?s={search_term_string}"},"query-input":{"@type":"PropertyValueSpecification","valueRequired":true,"valueName":"search_term_string"}}],"inLanguage":"en-GB"},{"@type":"Organization","@id":"https:\/\/www.laboratoire-geosciences-ocean-ubs.fr\/#organization","name":"OCLM","url":"https:\/\/www.laboratoire-geosciences-ocean-ubs.fr\/","logo":{"@type":"ImageObject","inLanguage":"en-GB","@id":"https:\/\/www.laboratoire-geosciences-ocean-ubs.fr\/#\/schema\/logo\/image\/","url":"https:\/\/www.laboratoire-geosciences-ocean-ubs.fr\/wp-content\/uploads\/2021\/12\/cropped-cropped-goo-hd-geo-ocean-tutelles-noir.png","contentUrl":"https:\/\/www.laboratoire-geosciences-ocean-ubs.fr\/wp-content\/uploads\/2021\/12\/cropped-cropped-goo-hd-geo-ocean-tutelles-noir.png","width":2887,"height":1485,"caption":"OCLM"},"image":{"@id":"https:\/\/www.laboratoire-geosciences-ocean-ubs.fr\/#\/schema\/logo\/image\/"},"sameAs":["https:\/\/www.facebook.com\/search\/top\/?q=algobox :un outil \u00e9cologique de r\u00e9g\u00e9n\u00e9ration des dunes"]}]}},"_links":{"self":[{"href":"http:\/\/www.laboratoire-geosciences-ocean-ubs.fr\/en\/wp-json\/wp\/v2\/pages\/4809","targetHints":{"allow":["GET"]}}],"collection":[{"href":"http:\/\/www.laboratoire-geosciences-ocean-ubs.fr\/en\/wp-json\/wp\/v2\/pages"}],"about":[{"href":"http:\/\/www.laboratoire-geosciences-ocean-ubs.fr\/en\/wp-json\/wp\/v2\/types\/page"}],"author":[{"embeddable":true,"href":"http:\/\/www.laboratoire-geosciences-ocean-ubs.fr\/en\/wp-json\/wp\/v2\/users\/9"}],"replies":[{"embeddable":true,"href":"http:\/\/www.laboratoire-geosciences-ocean-ubs.fr\/en\/wp-json\/wp\/v2\/comments?post=4809"}],"version-history":[{"count":0,"href":"http:\/\/www.laboratoire-geosciences-ocean-ubs.fr\/en\/wp-json\/wp\/v2\/pages\/4809\/revisions"}],"up":[{"embeddable":true,"href":"http:\/\/www.laboratoire-geosciences-ocean-ubs.fr\/en\/wp-json\/wp\/v2\/pages\/3951"}],"wp:featuredmedia":[{"embeddable":true,"href":"http:\/\/www.laboratoire-geosciences-ocean-ubs.fr\/en\/wp-json\/wp\/v2\/media\/5555"}],"wp:attachment":[{"href":"http:\/\/www.laboratoire-geosciences-ocean-ubs.fr\/en\/wp-json\/wp\/v2\/media?parent=4809"}],"curies":[{"name":"wp","href":"https:\/\/api.w.org\/{rel}","templated":true}]}}