{"id":4681,"date":"2020-04-11T21:15:49","date_gmt":"2020-04-11T19:15:49","guid":{"rendered":"http:\/\/www.laboratoire-geosciences-ocean-ubs.fr\/?page_id=4681"},"modified":"2020-12-05T21:31:29","modified_gmt":"2020-12-05T20:31:29","slug":"kalil-traore-these","status":"publish","type":"page","link":"http:\/\/www.laboratoire-geosciences-ocean-ubs.fr\/en\/theses-post-docs\/kalil-traore-these\/","title":{"rendered":"Kalil Traor\u00e9 (PhD)"},"content":{"rendered":"<div id=\"pl-4681\"  class=\"panel-layout\" ><div id=\"pg-4681-0\"  class=\"panel-grid panel-no-style\" ><div id=\"pgc-4681-0-0\"  class=\"panel-grid-cell\" ><div id=\"panel-4681-0-0-0\" class=\"so-panel widget widget_siteorigin-panels-builder panel-first-child panel-last-child\" data-index=\"0\" ><div class=\"panel-widget-style panel-widget-style-for-4681-0-0-0\" ><div id=\"pl-w5fcbee215dae8\"  class=\"panel-layout\" ><div id=\"pg-w5fcbee215dae8-0\"  class=\"panel-grid panel-no-style\" ><div id=\"pgc-w5fcbee215dae8-0-0\"  class=\"panel-grid-cell\" ><div id=\"panel-w5fcbee215dae8-0-0-0\" class=\"so-panel widget widget_sow-editor panel-first-child panel-last-child\" data-index=\"0\" ><div class=\"panel-widget-style panel-widget-style-for-w5fcbee215dae8-0-0-0\" ><div\n\t\t\t\n\t\t\tclass=\"so-widget-sow-editor so-widget-sow-editor-base\"\n\t\t\t\n\t\t>\n<div class=\"siteorigin-widget-tinymce textwidget\">\n\t<p style=\"text-align: left;\"><span style=\"color: #ffffff;\"><img loading=\"lazy\" decoding=\"async\" class=\"alignleft wp-image-3931\" src=\"https:\/\/www.laboratoire-geosciences-ocean-ubs.fr\/wp-content\/uploads\/2020\/03\/IMG_9904-1-300x200.jpg\" alt=\"\" width=\"450\" height=\"300\" srcset=\"https:\/\/www.laboratoire-geosciences-ocean-ubs.fr\/wp-content\/uploads\/2020\/03\/IMG_9904-1-300x200.jpg 300w, https:\/\/www.laboratoire-geosciences-ocean-ubs.fr\/wp-content\/uploads\/2020\/03\/IMG_9904-1-1024x683.jpg 1024w, https:\/\/www.laboratoire-geosciences-ocean-ubs.fr\/wp-content\/uploads\/2020\/03\/IMG_9904-1-768x512.jpg 768w, https:\/\/www.laboratoire-geosciences-ocean-ubs.fr\/wp-content\/uploads\/2020\/03\/IMG_9904-1-1536x1024.jpg 1536w, https:\/\/www.laboratoire-geosciences-ocean-ubs.fr\/wp-content\/uploads\/2020\/03\/IMG_9904-1-2048x1365.jpg 2048w, https:\/\/www.laboratoire-geosciences-ocean-ubs.fr\/wp-content\/uploads\/2020\/03\/IMG_9904-1-1620x1080.jpg 1620w, https:\/\/www.laboratoire-geosciences-ocean-ubs.fr\/wp-content\/uploads\/2020\/03\/IMG_9904-1-272x182.jpg 272w\" sizes=\"auto, (max-width: 450px) 100vw, 450px\" \/><\/span><\/p>\n<h3 style=\"text-align: center;\"><span style=\"color: #ffffff;\">Kalil Traor\u00e9<br \/>\nPhD student<\/span><\/h3>\n<p>University of Southern Brittany - Tohannic Campus<br \/>\nYves Coppens Building<br \/>\nC048 office<\/p>\n<p>kalil.traore@univ-ubs.fr<\/p>\n<\/div>\n<\/div><\/div><\/div><\/div><\/div><\/div><\/div><\/div><\/div><\/div><div id=\"pg-4681-1\"  class=\"panel-grid panel-no-style\" ><div id=\"pgc-4681-1-0\"  class=\"panel-grid-cell\" ><div id=\"panel-4681-1-0-0\" class=\"so-panel widget widget_sow-editor panel-first-child panel-last-child\" data-index=\"1\" ><div\n\t\t\t\n\t\t\tclass=\"so-widget-sow-editor so-widget-sow-editor-base\"\n\t\t\t\n\t\t>\n<div class=\"siteorigin-widget-tinymce textwidget\">\n\t<h3 style=\"text-align: center;\" xml:lang=\"fr\"><span style=\"color: #4b4b4c;\">Sedimentary deposits architecture and recording of climatic variations : Bay of St Brieuc<\/span><\/h3>\n<\/div>\n<\/div><\/div><\/div><\/div><div id=\"pg-4681-2\"  class=\"panel-grid panel-no-style\" ><div id=\"pgc-4681-2-0\"  class=\"panel-grid-cell\" ><div id=\"panel-4681-2-0-0\" class=\"so-panel widget widget_sow-editor panel-first-child panel-last-child\" data-index=\"2\" ><div\n\t\t\t\n\t\t\tclass=\"so-widget-sow-editor so-widget-sow-editor-base\"\n\t\t\t\n\t\t>\n<div class=\"siteorigin-widget-tinymce textwidget\">\n\t<h4><span style=\"color: #1269b0;\">Abstract<\/span><\/h4>\n<p><span style=\"color: #4b4b4c;\">...<\/span><\/p>\n<\/div>\n<\/div><\/div><\/div><div id=\"pgc-4681-2-1\"  class=\"panel-grid-cell\" ><div id=\"panel-4681-2-1-0\" class=\"so-panel widget widget_sow-editor panel-first-child panel-last-child\" data-index=\"3\" ><div\n\t\t\t\n\t\t\tclass=\"so-widget-sow-editor so-widget-sow-editor-base\"\n\t\t\t\n\t\t>\n<div class=\"siteorigin-widget-tinymce textwidget\">\n\t<h4 style=\"padding-left: 40px;\"><span style=\"color: #1269b0;\">Supervisors<\/span><\/h4>\n<p style=\"padding-left: 40px;\"><span style=\"color: #4b4b4c;\">David Menier<br \/>\n<\/span><span style=\"color: #4b4b4c;\">Erwan Gensac<\/span><\/p>\n<h4 style=\"padding-left: 40px;\"><span style=\"color: #1269b0;\">Keywords<\/span><\/h4>\n<p style=\"padding-left: 40px;\">\n<\/div>\n<\/div><\/div><\/div><\/div><div id=\"pg-4681-3\"  class=\"panel-grid panel-no-style\" ><div id=\"pgc-4681-3-0\"  class=\"panel-grid-cell\" ><div id=\"panel-4681-3-0-0\" class=\"so-panel widget widget_sow-editor panel-first-child panel-last-child\" data-index=\"4\" ><div\n\t\t\t\n\t\t\tclass=\"so-widget-sow-editor so-widget-sow-editor-base\"\n\t\t\t\n\t\t>\n<div class=\"siteorigin-widget-tinymce textwidget\">\n\t<p><div class='embed-container'><iframe loading=\"lazy\" title=\"Passe ta Th\u00e8se d&#039;abord : Kalil Traore, doctorant au laboratoire G\u00e9osciences Oc\u00e9an\" width=\"1920\" height=\"1080\" src=\"https:\/\/www.youtube.com\/embed\/wh0kPE4qzBQ?feature=oembed\" frameborder=\"0\" allow=\"accelerometer; autoplay; clipboard-write; encrypted-media; gyroscope; picture-in-picture; web-share\" referrerpolicy=\"strict-origin-when-cross-origin\" allowfullscreen><\/iframe><\/div><\/p>\n<\/div>\n<\/div><\/div><\/div><\/div><\/div>","protected":false},"excerpt":{"rendered":"<p>Sedimentary deposits architecture and recording of climatic variations : Bay of St Brieuc<\/p>","protected":false},"author":9,"featured_media":4683,"parent":3951,"menu_order":0,"comment_status":"closed","ping_status":"closed","template":"","meta":{"footnotes":""},"class_list":["post-4681","page","type-page","status-publish","has-post-thumbnail","hentry"],"yoast_head":"<!-- This site is optimized with the Yoast SEO plugin v27.4 - https:\/\/yoast.com\/product\/yoast-seo-wordpress\/ -->\n<title>Kalil Traor\u00e9 (Th\u00e8se) - LGO - P\u00f4le UBS<\/title>\n<meta name=\"description\" content=\"Retrouvez ici la th\u00e8se de Kalil Traor\u00e9 sur l&#039;architecture de couverture s\u00e9dimentaire et enregistrement des fluidations climatiques : Baie de St Brieuc\" \/>\n<meta name=\"robots\" content=\"index, follow, max-snippet:-1, max-image-preview:large, max-video-preview:-1\" \/>\n<link rel=\"canonical\" href=\"https:\/\/www.laboratoire-geosciences-ocean-ubs.fr\/en\/theses-post-docs\/kalil-traore-these\/\" \/>\n<meta property=\"og:locale\" content=\"en_GB\" \/>\n<meta property=\"og:type\" content=\"article\" \/>\n<meta property=\"og:title\" content=\"Kalil Traor\u00e9 (Th\u00e8se) - LGO - P\u00f4le UBS\" \/>\n<meta property=\"og:description\" content=\"Retrouvez ici la th\u00e8se de Kalil Traor\u00e9 sur l&#039;architecture de couverture s\u00e9dimentaire et enregistrement des fluidations climatiques : Baie de St Brieuc\" \/>\n<meta property=\"og:url\" content=\"https:\/\/www.laboratoire-geosciences-ocean-ubs.fr\/en\/theses-post-docs\/kalil-traore-these\/\" \/>\n<meta property=\"og:site_name\" content=\"LGO - P\u00f4le UBS\" \/>\n<meta property=\"article:publisher\" content=\"https:\/\/www.facebook.com\/search\/top\/?q=algobox%20%3aun%20outil%20%c3%a9cologique%20de%20r%c3%a9g%c3%a9n%c3%a9ration%20des%20dunes\" \/>\n<meta property=\"article:modified_time\" content=\"2020-12-05T20:31:29+00:00\" \/>\n<meta property=\"og:image\" content=\"https:\/\/www.laboratoire-geosciences-ocean-ubs.fr\/wp-content\/uploads\/2020\/04\/Hillion_4-scaled.jpg\" \/>\n\t<meta property=\"og:image:width\" content=\"2560\" \/>\n\t<meta property=\"og:image:height\" content=\"1707\" \/>\n\t<meta property=\"og:image:type\" content=\"image\/jpeg\" \/>\n<meta name=\"twitter:card\" content=\"summary_large_image\" \/>\n<script type=\"application\/ld+json\" class=\"yoast-schema-graph\">{\"@context\":\"https:\\\/\\\/schema.org\",\"@graph\":[{\"@type\":\"WebPage\",\"@id\":\"https:\\\/\\\/www.laboratoire-geosciences-ocean-ubs.fr\\\/theses-post-docs\\\/kalil-traore-these\\\/\",\"url\":\"https:\\\/\\\/www.laboratoire-geosciences-ocean-ubs.fr\\\/theses-post-docs\\\/kalil-traore-these\\\/\",\"name\":\"Kalil Traor\u00e9 (Th\u00e8se) - LGO - P\u00f4le UBS\",\"isPartOf\":{\"@id\":\"https:\\\/\\\/www.laboratoire-geosciences-ocean-ubs.fr\\\/#website\"},\"primaryImageOfPage\":{\"@id\":\"https:\\\/\\\/www.laboratoire-geosciences-ocean-ubs.fr\\\/theses-post-docs\\\/kalil-traore-these\\\/#primaryimage\"},\"image\":{\"@id\":\"https:\\\/\\\/www.laboratoire-geosciences-ocean-ubs.fr\\\/theses-post-docs\\\/kalil-traore-these\\\/#primaryimage\"},\"thumbnailUrl\":\"https:\\\/\\\/www.laboratoire-geosciences-ocean-ubs.fr\\\/wp-content\\\/uploads\\\/2020\\\/04\\\/Hillion_4-scaled.jpg\",\"datePublished\":\"2020-04-11T19:15:49+00:00\",\"dateModified\":\"2020-12-05T20:31:29+00:00\",\"description\":\"Retrouvez ici la th\u00e8se de Kalil Traor\u00e9 sur l'architecture de couverture s\u00e9dimentaire et enregistrement des fluidations climatiques : Baie de St Brieuc\",\"breadcrumb\":{\"@id\":\"https:\\\/\\\/www.laboratoire-geosciences-ocean-ubs.fr\\\/theses-post-docs\\\/kalil-traore-these\\\/#breadcrumb\"},\"inLanguage\":\"en-GB\",\"potentialAction\":[{\"@type\":\"ReadAction\",\"target\":[\"https:\\\/\\\/www.laboratoire-geosciences-ocean-ubs.fr\\\/theses-post-docs\\\/kalil-traore-these\\\/\"]}]},{\"@type\":\"ImageObject\",\"inLanguage\":\"en-GB\",\"@id\":\"https:\\\/\\\/www.laboratoire-geosciences-ocean-ubs.fr\\\/theses-post-docs\\\/kalil-traore-these\\\/#primaryimage\",\"url\":\"https:\\\/\\\/www.laboratoire-geosciences-ocean-ubs.fr\\\/wp-content\\\/uploads\\\/2020\\\/04\\\/Hillion_4-scaled.jpg\",\"contentUrl\":\"https:\\\/\\\/www.laboratoire-geosciences-ocean-ubs.fr\\\/wp-content\\\/uploads\\\/2020\\\/04\\\/Hillion_4-scaled.jpg\",\"width\":2560,\"height\":1707},{\"@type\":\"BreadcrumbList\",\"@id\":\"https:\\\/\\\/www.laboratoire-geosciences-ocean-ubs.fr\\\/theses-post-docs\\\/kalil-traore-these\\\/#breadcrumb\",\"itemListElement\":[{\"@type\":\"ListItem\",\"position\":1,\"name\":\"Accueil\",\"item\":\"https:\\\/\\\/www.laboratoire-geosciences-ocean-ubs.fr\\\/\"},{\"@type\":\"ListItem\",\"position\":2,\"name\":\"Th\u00e8ses et Post-docs\",\"item\":\"https:\\\/\\\/www.laboratoire-geosciences-ocean-ubs.fr\\\/theses-post-docs\\\/\"},{\"@type\":\"ListItem\",\"position\":3,\"name\":\"Kalil Traor\u00e9 (Th\u00e8se)\"}]},{\"@type\":\"WebSite\",\"@id\":\"https:\\\/\\\/www.laboratoire-geosciences-ocean-ubs.fr\\\/#website\",\"url\":\"https:\\\/\\\/www.laboratoire-geosciences-ocean-ubs.fr\\\/\",\"name\":\"LGO - P\u00f4le UBS\",\"description\":\"Une expertise durable des milieux marins et c\u00f4tiers\",\"publisher\":{\"@id\":\"https:\\\/\\\/www.laboratoire-geosciences-ocean-ubs.fr\\\/#organization\"},\"potentialAction\":[{\"@type\":\"SearchAction\",\"target\":{\"@type\":\"EntryPoint\",\"urlTemplate\":\"https:\\\/\\\/www.laboratoire-geosciences-ocean-ubs.fr\\\/?s={search_term_string}\"},\"query-input\":{\"@type\":\"PropertyValueSpecification\",\"valueRequired\":true,\"valueName\":\"search_term_string\"}}],\"inLanguage\":\"en-GB\"},{\"@type\":\"Organization\",\"@id\":\"https:\\\/\\\/www.laboratoire-geosciences-ocean-ubs.fr\\\/#organization\",\"name\":\"OCLM\",\"url\":\"https:\\\/\\\/www.laboratoire-geosciences-ocean-ubs.fr\\\/\",\"logo\":{\"@type\":\"ImageObject\",\"inLanguage\":\"en-GB\",\"@id\":\"https:\\\/\\\/www.laboratoire-geosciences-ocean-ubs.fr\\\/#\\\/schema\\\/logo\\\/image\\\/\",\"url\":\"https:\\\/\\\/www.laboratoire-geosciences-ocean-ubs.fr\\\/wp-content\\\/uploads\\\/2021\\\/12\\\/cropped-cropped-goo-hd-geo-ocean-tutelles-noir.png\",\"contentUrl\":\"https:\\\/\\\/www.laboratoire-geosciences-ocean-ubs.fr\\\/wp-content\\\/uploads\\\/2021\\\/12\\\/cropped-cropped-goo-hd-geo-ocean-tutelles-noir.png\",\"width\":2887,\"height\":1485,\"caption\":\"OCLM\"},\"image\":{\"@id\":\"https:\\\/\\\/www.laboratoire-geosciences-ocean-ubs.fr\\\/#\\\/schema\\\/logo\\\/image\\\/\"},\"sameAs\":[\"https:\\\/\\\/www.facebook.com\\\/search\\\/top\\\/?q=algobox :un outil \u00e9cologique de r\u00e9g\u00e9n\u00e9ration des dunes\"]}]}<\/script>\n<!-- \/ Yoast SEO plugin. -->","yoast_head_json":{"title":"Kalil Traor\u00e9 (Th\u00e8se) - LGO - P\u00f4le UBS","description":"Retrouvez ici la th\u00e8se de Kalil Traor\u00e9 sur l'architecture de couverture s\u00e9dimentaire et enregistrement des fluidations climatiques : Baie de St Brieuc","robots":{"index":"index","follow":"follow","max-snippet":"max-snippet:-1","max-image-preview":"max-image-preview:large","max-video-preview":"max-video-preview:-1"},"canonical":"https:\/\/www.laboratoire-geosciences-ocean-ubs.fr\/en\/theses-post-docs\/kalil-traore-these\/","og_locale":"en_GB","og_type":"article","og_title":"Kalil Traor\u00e9 (Th\u00e8se) - LGO - P\u00f4le UBS","og_description":"Retrouvez ici la th\u00e8se de Kalil Traor\u00e9 sur l'architecture de couverture s\u00e9dimentaire et enregistrement des fluidations climatiques : Baie de St Brieuc","og_url":"https:\/\/www.laboratoire-geosciences-ocean-ubs.fr\/en\/theses-post-docs\/kalil-traore-these\/","og_site_name":"LGO - P\u00f4le UBS","article_publisher":"https:\/\/www.facebook.com\/search\/top\/?q=algobox%20%3aun%20outil%20%c3%a9cologique%20de%20r%c3%a9g%c3%a9n%c3%a9ration%20des%20dunes","article_modified_time":"2020-12-05T20:31:29+00:00","og_image":[{"width":2560,"height":1707,"url":"https:\/\/www.laboratoire-geosciences-ocean-ubs.fr\/wp-content\/uploads\/2020\/04\/Hillion_4-scaled.jpg","type":"image\/jpeg"}],"twitter_card":"summary_large_image","schema":{"@context":"https:\/\/schema.org","@graph":[{"@type":"WebPage","@id":"https:\/\/www.laboratoire-geosciences-ocean-ubs.fr\/theses-post-docs\/kalil-traore-these\/","url":"https:\/\/www.laboratoire-geosciences-ocean-ubs.fr\/theses-post-docs\/kalil-traore-these\/","name":"Kalil Traor\u00e9 (Th\u00e8se) - LGO - P\u00f4le UBS","isPartOf":{"@id":"https:\/\/www.laboratoire-geosciences-ocean-ubs.fr\/#website"},"primaryImageOfPage":{"@id":"https:\/\/www.laboratoire-geosciences-ocean-ubs.fr\/theses-post-docs\/kalil-traore-these\/#primaryimage"},"image":{"@id":"https:\/\/www.laboratoire-geosciences-ocean-ubs.fr\/theses-post-docs\/kalil-traore-these\/#primaryimage"},"thumbnailUrl":"https:\/\/www.laboratoire-geosciences-ocean-ubs.fr\/wp-content\/uploads\/2020\/04\/Hillion_4-scaled.jpg","datePublished":"2020-04-11T19:15:49+00:00","dateModified":"2020-12-05T20:31:29+00:00","description":"Retrouvez ici la th\u00e8se de Kalil Traor\u00e9 sur l'architecture de couverture s\u00e9dimentaire et enregistrement des fluidations climatiques : Baie de St Brieuc","breadcrumb":{"@id":"https:\/\/www.laboratoire-geosciences-ocean-ubs.fr\/theses-post-docs\/kalil-traore-these\/#breadcrumb"},"inLanguage":"en-GB","potentialAction":[{"@type":"ReadAction","target":["https:\/\/www.laboratoire-geosciences-ocean-ubs.fr\/theses-post-docs\/kalil-traore-these\/"]}]},{"@type":"ImageObject","inLanguage":"en-GB","@id":"https:\/\/www.laboratoire-geosciences-ocean-ubs.fr\/theses-post-docs\/kalil-traore-these\/#primaryimage","url":"https:\/\/www.laboratoire-geosciences-ocean-ubs.fr\/wp-content\/uploads\/2020\/04\/Hillion_4-scaled.jpg","contentUrl":"https:\/\/www.laboratoire-geosciences-ocean-ubs.fr\/wp-content\/uploads\/2020\/04\/Hillion_4-scaled.jpg","width":2560,"height":1707},{"@type":"BreadcrumbList","@id":"https:\/\/www.laboratoire-geosciences-ocean-ubs.fr\/theses-post-docs\/kalil-traore-these\/#breadcrumb","itemListElement":[{"@type":"ListItem","position":1,"name":"Accueil","item":"https:\/\/www.laboratoire-geosciences-ocean-ubs.fr\/"},{"@type":"ListItem","position":2,"name":"Th\u00e8ses et Post-docs","item":"https:\/\/www.laboratoire-geosciences-ocean-ubs.fr\/theses-post-docs\/"},{"@type":"ListItem","position":3,"name":"Kalil Traor\u00e9 (Th\u00e8se)"}]},{"@type":"WebSite","@id":"https:\/\/www.laboratoire-geosciences-ocean-ubs.fr\/#website","url":"https:\/\/www.laboratoire-geosciences-ocean-ubs.fr\/","name":"LGO - P\u00f4le UBS","description":"Une expertise durable des milieux marins et c\u00f4tiers","publisher":{"@id":"https:\/\/www.laboratoire-geosciences-ocean-ubs.fr\/#organization"},"potentialAction":[{"@type":"SearchAction","target":{"@type":"EntryPoint","urlTemplate":"https:\/\/www.laboratoire-geosciences-ocean-ubs.fr\/?s={search_term_string}"},"query-input":{"@type":"PropertyValueSpecification","valueRequired":true,"valueName":"search_term_string"}}],"inLanguage":"en-GB"},{"@type":"Organization","@id":"https:\/\/www.laboratoire-geosciences-ocean-ubs.fr\/#organization","name":"OCLM","url":"https:\/\/www.laboratoire-geosciences-ocean-ubs.fr\/","logo":{"@type":"ImageObject","inLanguage":"en-GB","@id":"https:\/\/www.laboratoire-geosciences-ocean-ubs.fr\/#\/schema\/logo\/image\/","url":"https:\/\/www.laboratoire-geosciences-ocean-ubs.fr\/wp-content\/uploads\/2021\/12\/cropped-cropped-goo-hd-geo-ocean-tutelles-noir.png","contentUrl":"https:\/\/www.laboratoire-geosciences-ocean-ubs.fr\/wp-content\/uploads\/2021\/12\/cropped-cropped-goo-hd-geo-ocean-tutelles-noir.png","width":2887,"height":1485,"caption":"OCLM"},"image":{"@id":"https:\/\/www.laboratoire-geosciences-ocean-ubs.fr\/#\/schema\/logo\/image\/"},"sameAs":["https:\/\/www.facebook.com\/search\/top\/?q=algobox :un outil \u00e9cologique de r\u00e9g\u00e9n\u00e9ration des dunes"]}]}},"_links":{"self":[{"href":"http:\/\/www.laboratoire-geosciences-ocean-ubs.fr\/en\/wp-json\/wp\/v2\/pages\/4681","targetHints":{"allow":["GET"]}}],"collection":[{"href":"http:\/\/www.laboratoire-geosciences-ocean-ubs.fr\/en\/wp-json\/wp\/v2\/pages"}],"about":[{"href":"http:\/\/www.laboratoire-geosciences-ocean-ubs.fr\/en\/wp-json\/wp\/v2\/types\/page"}],"author":[{"embeddable":true,"href":"http:\/\/www.laboratoire-geosciences-ocean-ubs.fr\/en\/wp-json\/wp\/v2\/users\/9"}],"replies":[{"embeddable":true,"href":"http:\/\/www.laboratoire-geosciences-ocean-ubs.fr\/en\/wp-json\/wp\/v2\/comments?post=4681"}],"version-history":[{"count":0,"href":"http:\/\/www.laboratoire-geosciences-ocean-ubs.fr\/en\/wp-json\/wp\/v2\/pages\/4681\/revisions"}],"up":[{"embeddable":true,"href":"http:\/\/www.laboratoire-geosciences-ocean-ubs.fr\/en\/wp-json\/wp\/v2\/pages\/3951"}],"wp:featuredmedia":[{"embeddable":true,"href":"http:\/\/www.laboratoire-geosciences-ocean-ubs.fr\/en\/wp-json\/wp\/v2\/media\/4683"}],"wp:attachment":[{"href":"http:\/\/www.laboratoire-geosciences-ocean-ubs.fr\/en\/wp-json\/wp\/v2\/media?parent=4681"}],"curies":[{"name":"wp","href":"https:\/\/api.w.org\/{rel}","templated":true}]}}